{"id":10697,"date":"2021-02-09T17:09:21","date_gmt":"2021-02-09T16:09:21","guid":{"rendered":"http:\/\/agora.xtec.cat\/inslacetania\/?page_id=10697"},"modified":"2021-02-25T11:01:31","modified_gmt":"2021-02-25T10:01:31","slug":"jornades-de-portes-obertes-21-22-eso","status":"publish","type":"page","link":"https:\/\/agora.xtec.cat\/inslacetania\/portes-obertes\/jornades-de-portes-obertes-21-22-eso\/","title":{"rendered":"Jornades de Portes Obertes 21-22. ESO."},"content":{"rendered":"<p style=\"text-align: justify;\">Esteu a punt de superar una etapa: aviat acabareu la prim\u00e0ria per comen\u00e7ar un per\u00edode\u00a0 apassionant de 4 cursos, que \u00e9s l&#8217;ESO. Es va fent cam\u00ed de mica en mica, amb l&#8217;acompanyament de tota la comunitat educativa, incloses les fam\u00edlies, un pilar fonamental. Per ajudar-vos a triar el vostre institut, \u00e9s un plaer, com sempre, obrir el nostre centre perqu\u00e8 ens pugueu visitar i coneixe&#8217;ns de m\u00e9s a prop, i \u00e9s per aix\u00f2 que ja tenim en marxa les nostres jornades de portes obertes. Aquest curs amb un doble format, virtual i presencial, perqu\u00e8 pugueu triar la modalitat que m\u00e9s us encaixi (o, si ho desitgeu, triar-les totes dues).\u00a0 Us animem a visitar-nos!<\/p>\n<div align=\"center\">\n<table>\n<tbody>\n<tr>\n<td><a href=\"https:\/\/agora.xtec.cat\/inslacetania\/portes-obertes\/jornades-de-portes-obertes-21-22-eso\/jornada-de-portes-obertes-21-22-eso-sessions-virtuals\/\"><img loading=\"lazy\" decoding=\"async\" class=\"aligncenter\" src=\"https:\/\/www.uc3m.es\/sdic\/media\/informatica\/img\/mediana\/original\/im_hangouts-meet\/logohangouts.png\" alt=\"\" width=\"195\" height=\"195\" \/><\/a><\/p>\n<p style=\"text-align: center;\"><strong>Sessions virtuals<\/strong><br \/>\nSessions per a escoles adscrites<br \/>\nSessions per a la resta d&#8217;escoles<br \/>\nSessi\u00f3 general<\/p>\n<p style=\"text-align: center;\"><a href=\"https:\/\/agora.xtec.cat\/inslacetania\/portes-obertes\/jornades-de-portes-obertes-21-22-eso\/jornada-de-portes-obertes-21-22-eso-sessions-virtuals\/\" target=\"_blank\" rel=\"noopener noreferrer\">entra<\/a><\/p>\n<\/td>\n<td style=\"vertical-align: top;\"><img loading=\"lazy\" decoding=\"async\" class=\"alignnone \" src=\"http:\/\/www.centrecatalabasilea.ch\/wp-content\/uploads\/2014\/04\/descarga.jpg\" width=\"252\" height=\"189\" \/><\/p>\n<p style=\"text-align: center;\"><strong>Sessions presencials<\/strong><br \/>\nAmb cita pr\u00e8via<\/p>\n<p style=\"text-align: center;\"><a href=\"https:\/\/aplicacions.gestioeducativa.gencat.cat\/pls\/apex\/f?p=CITA_PREVIA:4::::4:P4_TIPUS_CALENDARI,P4_DOMINI:01_JPO_O,08020462\" target=\"_blank\" rel=\"noopener noreferrer\">cita pr\u00e8via<\/a><\/p>\n<p style=\"text-align: center;\"><strong>*llegiu les instruccions a sota<\/strong><\/p>\n<\/td>\n<\/tr>\n<\/tbody>\n<\/table>\n<p>&nbsp;<\/p>\n<\/div>\n<p><strong>* Cal buscar el mes de mar\u00e7 i emplenar un formulari per cadascun dels membres de la fam\u00edlia que tinguin pensat venir, amb un m\u00e0xim de tres. Per demanar cita el dissabte 13 de mar\u00e7, heu de trucar a l&#8217;institut, tel\u00e8fon 93 877 37 50.<\/strong><\/p>\n<p style=\"text-align: justify;\">Si teniu qualsevol dubte, suggeriment o necessiteu algun aclariment, podeu contactar amb nosaltres a trav\u00e9s dels correus electr\u00f2nics de coordinaci\u00f3.<\/p>\n<ul>\n<li>Coordinadora Pedag\u00f2gica. Anna Carbonell. coord.pedagogica<span class=\"\">@lacetania.ca<\/span>t<\/li>\n<li>Coordinadora d&#8217;ESO. Pilar Coma. coord.eso@lacetania.cat<\/li>\n<\/ul>\n<p style=\"text-align: justify;\">Us esperem al Lacet\u00e0nia.<\/p>\n","protected":false},"excerpt":{"rendered":"<p>Esteu a punt de superar una etapa: aviat acabareu la prim\u00e0ria per comen\u00e7ar un per\u00edode\u00a0 apassionant de 4 cursos, que \u00e9s l&#8217;ESO. Es va fent cam\u00ed de mica en mica, amb l&#8217;acompanyament de tota la comunitat educativa, incloses les fam\u00edlies, un pilar fonamental. Per ajudar-vos a triar el vostre institut, \u00e9s un plaer, com sempre, [&hellip;]<\/p>\n","protected":false},"author":4,"featured_media":0,"parent":10709,"menu_order":0,"comment_status":"closed","ping_status":"closed","template":"page-templates\/side-menu.php","meta":{"_bbp_topic_count":0,"_bbp_reply_count":0,"_bbp_total_topic_count":0,"_bbp_total_reply_count":0,"_bbp_voice_count":0,"_bbp_anonymous_reply_count":0,"_bbp_topic_count_hidden":0,"_bbp_reply_count_hidden":0,"_bbp_forum_subforum_count":0,"site-sidebar-layout":"default","site-content-layout":"","ast-site-content-layout":"","site-content-style":"default","site-sidebar-style":"default","ast-global-header-display":"","ast-banner-title-visibility":"","ast-main-header-display":"","ast-hfb-above-header-display":"","ast-hfb-below-header-display":"","ast-hfb-mobile-header-display":"","site-post-title":"","ast-breadcrumbs-content":"","ast-featured-img":"","footer-sml-layout":"","theme-transparent-header-meta":"","adv-header-id-meta":"","stick-header-meta":"","header-above-stick-meta":"","header-main-stick-meta":"","header-below-stick-meta":"","astra-migrate-meta-layouts":"default","ast-page-background-enabled":"default","ast-page-background-meta":{"desktop":{"background-color":"var(--ast-global-color-4)","background-image":"","background-repeat":"repeat","background-position":"center center","background-size":"auto","background-attachment":"scroll","background-type":"","background-media":"","overlay-type":"","overlay-color":"","overlay-opacity":"","overlay-gradient":""},"tablet":{"background-color":"","background-image":"","background-repeat":"repeat","background-position":"center center","background-size":"auto","background-attachment":"scroll","background-type":"","background-media":"","overlay-type":"","overlay-color":"","overlay-opacity":"","overlay-gradient":""},"mobile":{"background-color":"","background-image":"","background-repeat":"repeat","background-position":"center center","background-size":"auto","background-attachment":"scroll","background-type":"","background-media":"","overlay-type":"","overlay-color":"","overlay-opacity":"","overlay-gradient":""}},"ast-content-background-meta":{"desktop":{"background-color":"var(--ast-global-color-5)","background-image":"","background-repeat":"repeat","background-position":"center center","background-size":"auto","background-attachment":"scroll","background-type":"","background-media":"","overlay-type":"","overlay-color":"","overlay-opacity":"","overlay-gradient":""},"tablet":{"background-color":"var(--ast-global-color-5)","background-image":"","background-repeat":"repeat","background-position":"center center","background-size":"auto","background-attachment":"scroll","background-type":"","background-media":"","overlay-type":"","overlay-color":"","overlay-opacity":"","overlay-gradient":""},"mobile":{"background-color":"var(--ast-global-color-5)","background-image":"","background-repeat":"repeat","background-position":"center center","background-size":"auto","background-attachment":"scroll","background-type":"","background-media":"","overlay-type":"","overlay-color":"","overlay-opacity":"","overlay-gradient":""}},"footnotes":""},"class_list":["post-10697","page","type-page","status-publish","hentry"],"post_mailing_queue_ids":[],"_links":{"self":[{"href":"https:\/\/agora.xtec.cat\/inslacetania\/wp-json\/wp\/v2\/pages\/10697","targetHints":{"allow":["GET"]}}],"collection":[{"href":"https:\/\/agora.xtec.cat\/inslacetania\/wp-json\/wp\/v2\/pages"}],"about":[{"href":"https:\/\/agora.xtec.cat\/inslacetania\/wp-json\/wp\/v2\/types\/page"}],"author":[{"embeddable":true,"href":"https:\/\/agora.xtec.cat\/inslacetania\/wp-json\/wp\/v2\/users\/4"}],"replies":[{"embeddable":true,"href":"https:\/\/agora.xtec.cat\/inslacetania\/wp-json\/wp\/v2\/comments?post=10697"}],"version-history":[{"count":4,"href":"https:\/\/agora.xtec.cat\/inslacetania\/wp-json\/wp\/v2\/pages\/10697\/revisions"}],"predecessor-version":[{"id":10876,"href":"https:\/\/agora.xtec.cat\/inslacetania\/wp-json\/wp\/v2\/pages\/10697\/revisions\/10876"}],"up":[{"embeddable":true,"href":"https:\/\/agora.xtec.cat\/inslacetania\/wp-json\/wp\/v2\/pages\/10709"}],"wp:attachment":[{"href":"https:\/\/agora.xtec.cat\/inslacetania\/wp-json\/wp\/v2\/media?parent=10697"}],"curies":[{"name":"wp","href":"https:\/\/api.w.org\/{rel}","templated":true}]}}