{"id":10647,"date":"2021-02-03T19:03:30","date_gmt":"2021-02-03T18:03:30","guid":{"rendered":"http:\/\/agora.xtec.cat\/inslacetania\/?page_id=10647"},"modified":"2025-03-21T22:15:52","modified_gmt":"2025-03-21T21:15:52","slug":"fp-dual","status":"publish","type":"page","link":"https:\/\/agora.xtec.cat\/inslacetania\/estudis\/fp\/fp-dual\/","title":{"rendered":"FP Dual: General i Intensiva"},"content":{"rendered":"<p>Als cicles formatius la formaci\u00f3 en un entorn professional \u00e9s una part molt important dins la seva estructura. D&#8217;aquesta manera, es combinen els ensenyaments als tallers de l&#8217;institut amb una pres\u00e8ncia important a les empreses. Aquesta doble vessant en la formaci\u00f3 \u00e9s el que anomenem formaci\u00f3 dual.<\/p>\n<p>Aquesta formaci\u00f3 dual pot ser de dos tipus:<\/p>\n<p><strong>Formaci\u00f3 dual en r\u00e8gim general<\/strong><\/p>\n<ul>\n<li>Entre el 25% i 35% de la durada total del curr\u00edculum.<\/li>\n<li>Entre el 10% i el 20% dels resultats d\u2019aprenentatge dels MPs.<\/li>\n<li>Durada: 515 hores, sumant els diferents MPs.<\/li>\n<li>Integrada en cadascun dels MP<\/li>\n<li>Contribuir\u00e0 a la qualificaci\u00f3 final del MP en un 10%.<\/li>\n<\/ul>\n<p><strong>Formaci\u00f3 dual en r\u00e8gim intensiu<\/strong><\/p>\n<ul>\n<li>Entre el 35% i 50% de la durada total del curr\u00edculum.<\/li>\n<li>El 30% dels resultats d\u2019aprenentatge dels MPs com a m\u00ednim.<\/li>\n<li>Durada: 713 hores, sumant els diferents MPs.<\/li>\n<li>Consistir\u00e0 en la suma de:\n<ul>\n<li>estada a l\u2019empresa de la dual general<\/li>\n<li>el Projecte Intermodular<\/li>\n<\/ul>\n<\/li>\n<\/ul>\n<p style=\"text-align: justify;\">En la majoria de casos l\u2019estada a l\u2019empresa es fa de forma simult\u00e0nia amb l\u2019assist\u00e8ncia a les classes, en un horari compatible, sense que es donin solapaments entre les dues activitats. En els per\u00edodes de vacances escolars es poden incrementar les hores d\u2019estada a l\u2019empresa.<\/p>\n<p style=\"text-align: justify;\">Pel que fa a l\u2019avaluaci\u00f3, es fa de forma conjunta i pactada entre el tutor o tutora de l\u2019alumne\/a a l\u2019empresa i el tutor o tutora de l\u2019alumne\/a a l\u2019institut. Aquest\/a darrer haur\u00e0 fet un seguiment peri\u00f2dic del noi o noia mentre ha estat a l\u2019empresa. Aquest seguiment es fa mitjan\u00e7ant visites i reunions presencials o virtuals amb els representants de l\u2019empresa, aix\u00ed com a trav\u00e9s de correus electr\u00f2nics i trucades. En els seguiments es valoren diferents aspectes, tant d\u2019estrictament acad\u00e8mics i professionals (les anomenades hardskills) com altres m\u00e9s actitudinals, com ara puntualitat, grau de responsabilitat que vol assumir, inter\u00e8s per la feina, respecte als companys, la capacitat de resoluci\u00f3 de problemes, el treball en equip o l&#8217;autonomia (les anomenades Softskills).<\/p>\n<p style=\"text-align: justify;\">A la <strong>formaci\u00f3 professional dual en r\u00e8gim intensiu<\/strong>, l&#8217;alumnat t\u00e9 que una pres\u00e8ncia molt m\u00e9s important a les empreses que a la general. La relaci\u00f3 legal entre alumnat i empreses es duu a terme mitjan\u00e7ant la formalitzaci\u00f3 d\u2019un contracte laboral o b\u00e9 d\u2019una beca formativa. Aquesta modalitat aporta avantatges tant a estudiants com a empreses.<\/p>\n<ul>\n<li style=\"text-align: justify;\">Pel que fa a l&#8217;alumnat, m\u00e9s temps de formaci\u00f3 a les empreses els hi permet completar a nivell pr\u00e0ctic i en un entorn real els coneixements adquirits a l\u2019institut, aix\u00ed com introduir-se en el m\u00f3n laboral. Est\u00e0 comprovat que els i les estudiants que han cursat un CF en dual intensiva tenen un grau d\u2019inserci\u00f3 laboral molt alt.<\/li>\n<li style=\"text-align: justify;\">Pel que fa a les empreses, els hi permet incorporar joves que estan en formaci\u00f3 per\u00f2 que ja disposen d\u2019una base acad\u00e8mica i pr\u00e0ctica important que han rebut en els mesos anteriors a la seva incorporaci\u00f3 a l\u2019empresa. A m\u00e9s, aquests nois o noies han hagut de mostrar un bon rendiment acad\u00e8mic i una actitud positiva a l&#8217;institut abans d&#8217;incorporar-se a les empreses per a completar la seva formaci\u00f3 en aquesta modalitat. Tamb\u00e9 els hi aporta una pedrera de joves aprenents en uns llocs de treball o oficis on sovint \u00e9s molt complicat trobar personal capacitat.<\/li>\n<\/ul>\n<p style=\"text-align: center;\"><a href=\"https:\/\/agora.xtec.cat\/inslacetania\/wp-content\/uploads\/usu1045\/2021\/02\/GraficDual-1.png\"><img loading=\"lazy\" decoding=\"async\" class=\"alignnone size-full wp-image-10771\" src=\"https:\/\/agora.xtec.cat\/inslacetania\/wp-content\/uploads\/usu1045\/2021\/02\/GraficDual-1.png\" alt=\"\" width=\"693\" height=\"433\" srcset=\"https:\/\/agora.xtec.cat\/inslacetania\/wp-content\/uploads\/usu1045\/2021\/02\/GraficDual-1.png 693w, https:\/\/agora.xtec.cat\/inslacetania\/wp-content\/uploads\/usu1045\/2021\/02\/GraficDual-1-300x187.png 300w\" sizes=\"auto, (max-width: 693px) 100vw, 693px\" \/><\/a><\/p>\n<div align=\"center\">\n<table>\n<tbody>\n<tr>\n<td><a href=\"https:\/\/agora.xtec.cat\/inslacetania\/wp-content\/uploads\/usu1045\/2016\/11\/00000000025_1_24_1_fp_dual-e1484855632702.jpg\"><img loading=\"lazy\" decoding=\"async\" class=\"alignnone size-full wp-image-809\" src=\"https:\/\/agora.xtec.cat\/inslacetania\/wp-content\/uploads\/usu1045\/2016\/11\/00000000025_1_24_1_fp_dual-e1484855632702.jpg\" alt=\"\" width=\"65\" height=\"65\" \/><\/a><\/td>\n<td><a href=\"https:\/\/agora.xtec.cat\/inslacetania\/fp\/fp-dual\/fp-dual-empreses-collaboradores\/\" target=\"_blank\" rel=\"noopener noreferrer\">Empreses que col\u00b7laboren amb Lacet\u00e0nia en la Formaci\u00f3 Dual Intensiva.<\/a><\/td>\n<\/tr>\n<\/tbody>\n<\/table>\n<p style=\"text-align: justify;\">Un gran nombre d&#8217;empreses confia en Lacet\u00e0nia i en la Formaci\u00f3 Dual Intensiva. I el nombre d&#8217;elles va augmentant cada dia ja que poden experimentar en primera persona els beneficis que els representa aquest tipus de formaci\u00f3.<\/p>\n<\/div>\n<table style=\"width: 100%;\">\n<tbody>\n<tr>\n<td style=\"width: 47.0352%;\"><a href=\"https:\/\/agora.xtec.cat\/inslacetania\/wp-content\/uploads\/usu1045\/2021\/02\/DE_2l_vermell-LOGO-GENE-EDUCACIO-II.jpg\"><img loading=\"lazy\" decoding=\"async\" class=\"wp-image-10740 size-medium alignleft\" src=\"https:\/\/agora.xtec.cat\/inslacetania\/wp-content\/uploads\/usu1045\/2021\/02\/DE_2l_vermell-LOGO-GENE-EDUCACIO-II-300x49.jpg\" alt=\"\" width=\"300\" height=\"49\" srcset=\"https:\/\/agora.xtec.cat\/inslacetania\/wp-content\/uploads\/usu1045\/2021\/02\/DE_2l_vermell-LOGO-GENE-EDUCACIO-II-300x49.jpg 300w, https:\/\/agora.xtec.cat\/inslacetania\/wp-content\/uploads\/usu1045\/2021\/02\/DE_2l_vermell-LOGO-GENE-EDUCACIO-II-768x125.jpg 768w, https:\/\/agora.xtec.cat\/inslacetania\/wp-content\/uploads\/usu1045\/2021\/02\/DE_2l_vermell-LOGO-GENE-EDUCACIO-II.jpg 769w\" sizes=\"auto, (max-width: 300px) 100vw, 300px\" \/><\/a><\/td>\n<td style=\"width: 52.3618%;\"><a href=\"https:\/\/agora.xtec.cat\/inslacetania\/wp-content\/uploads\/usu1045\/2021\/02\/Logo-Ministeri-i-Fons.png\"><img loading=\"lazy\" decoding=\"async\" class=\"wp-image-10741 alignright\" src=\"https:\/\/agora.xtec.cat\/inslacetania\/wp-content\/uploads\/usu1045\/2021\/02\/Logo-Ministeri-i-Fons-300x37.png\" alt=\"\" width=\"397\" height=\"49\" srcset=\"https:\/\/agora.xtec.cat\/inslacetania\/wp-content\/uploads\/usu1045\/2021\/02\/Logo-Ministeri-i-Fons-300x37.png 300w, https:\/\/agora.xtec.cat\/inslacetania\/wp-content\/uploads\/usu1045\/2021\/02\/Logo-Ministeri-i-Fons.png 594w\" sizes=\"auto, (max-width: 397px) 100vw, 397px\" \/><\/a><\/td>\n<\/tr>\n<\/tbody>\n<\/table>\n","protected":false},"excerpt":{"rendered":"<p>Als cicles formatius la formaci\u00f3 en un entorn professional \u00e9s una part molt important dins la seva estructura. D&#8217;aquesta manera, es combinen els ensenyaments als tallers de l&#8217;institut amb una pres\u00e8ncia important a les empreses. Aquesta doble vessant en la formaci\u00f3 \u00e9s el que anomenem formaci\u00f3 dual. Aquesta formaci\u00f3 dual pot ser de dos tipus: [&hellip;]<\/p>\n","protected":false},"author":4,"featured_media":0,"parent":531,"menu_order":90,"comment_status":"closed","ping_status":"closed","template":"page-templates\/side-menu.php","meta":{"_bbp_topic_count":0,"_bbp_reply_count":0,"_bbp_total_topic_count":0,"_bbp_total_reply_count":0,"_bbp_voice_count":0,"_bbp_anonymous_reply_count":0,"_bbp_topic_count_hidden":0,"_bbp_reply_count_hidden":0,"_bbp_forum_subforum_count":0,"site-sidebar-layout":"default","site-content-layout":"","ast-site-content-layout":"","site-content-style":"default","site-sidebar-style":"default","ast-global-header-display":"","ast-banner-title-visibility":"","ast-main-header-display":"","ast-hfb-above-header-display":"","ast-hfb-below-header-display":"","ast-hfb-mobile-header-display":"","site-post-title":"","ast-breadcrumbs-content":"","ast-featured-img":"","footer-sml-layout":"","theme-transparent-header-meta":"","adv-header-id-meta":"","stick-header-meta":"","header-above-stick-meta":"","header-main-stick-meta":"","header-below-stick-meta":"","astra-migrate-meta-layouts":"default","ast-page-background-enabled":"default","ast-page-background-meta":{"desktop":{"background-color":"var(--ast-global-color-4)","background-image":"","background-repeat":"repeat","background-position":"center center","background-size":"auto","background-attachment":"scroll","background-type":"","background-media":"","overlay-type":"","overlay-color":"","overlay-opacity":"","overlay-gradient":""},"tablet":{"background-color":"","background-image":"","background-repeat":"repeat","background-position":"center center","background-size":"auto","background-attachment":"scroll","background-type":"","background-media":"","overlay-type":"","overlay-color":"","overlay-opacity":"","overlay-gradient":""},"mobile":{"background-color":"","background-image":"","background-repeat":"repeat","background-position":"center center","background-size":"auto","background-attachment":"scroll","background-type":"","background-media":"","overlay-type":"","overlay-color":"","overlay-opacity":"","overlay-gradient":""}},"ast-content-background-meta":{"desktop":{"background-color":"var(--ast-global-color-5)","background-image":"","background-repeat":"repeat","background-position":"center center","background-size":"auto","background-attachment":"scroll","background-type":"","background-media":"","overlay-type":"","overlay-color":"","overlay-opacity":"","overlay-gradient":""},"tablet":{"background-color":"var(--ast-global-color-5)","background-image":"","background-repeat":"repeat","background-position":"center center","background-size":"auto","background-attachment":"scroll","background-type":"","background-media":"","overlay-type":"","overlay-color":"","overlay-opacity":"","overlay-gradient":""},"mobile":{"background-color":"var(--ast-global-color-5)","background-image":"","background-repeat":"repeat","background-position":"center center","background-size":"auto","background-attachment":"scroll","background-type":"","background-media":"","overlay-type":"","overlay-color":"","overlay-opacity":"","overlay-gradient":""}},"footnotes":""},"class_list":["post-10647","page","type-page","status-publish","hentry"],"post_mailing_queue_ids":[],"_links":{"self":[{"href":"https:\/\/agora.xtec.cat\/inslacetania\/wp-json\/wp\/v2\/pages\/10647","targetHints":{"allow":["GET"]}}],"collection":[{"href":"https:\/\/agora.xtec.cat\/inslacetania\/wp-json\/wp\/v2\/pages"}],"about":[{"href":"https:\/\/agora.xtec.cat\/inslacetania\/wp-json\/wp\/v2\/types\/page"}],"author":[{"embeddable":true,"href":"https:\/\/agora.xtec.cat\/inslacetania\/wp-json\/wp\/v2\/users\/4"}],"replies":[{"embeddable":true,"href":"https:\/\/agora.xtec.cat\/inslacetania\/wp-json\/wp\/v2\/comments?post=10647"}],"version-history":[{"count":6,"href":"https:\/\/agora.xtec.cat\/inslacetania\/wp-json\/wp\/v2\/pages\/10647\/revisions"}],"predecessor-version":[{"id":25773,"href":"https:\/\/agora.xtec.cat\/inslacetania\/wp-json\/wp\/v2\/pages\/10647\/revisions\/25773"}],"up":[{"embeddable":true,"href":"https:\/\/agora.xtec.cat\/inslacetania\/wp-json\/wp\/v2\/pages\/531"}],"wp:attachment":[{"href":"https:\/\/agora.xtec.cat\/inslacetania\/wp-json\/wp\/v2\/media?parent=10647"}],"curies":[{"name":"wp","href":"https:\/\/api.w.org\/{rel}","templated":true}]}}