{"id":1023,"date":"2016-12-28T16:21:29","date_gmt":"2016-12-28T15:21:29","guid":{"rendered":"http:\/\/agora.xtec.cat\/inslacetania\/?page_id=1023"},"modified":"2016-12-28T16:23:24","modified_gmt":"2016-12-28T15:23:24","slug":"bat-posteriors","status":"publish","type":"page","link":"https:\/\/agora.xtec.cat\/inslacetania\/batxillerat\/bat-posteriors\/","title":{"rendered":"BAT. Acc\u00e9s a estudis posteriors"},"content":{"rendered":"<p>Els\/Les estudiants que, en acabar el Batxillerat, hagueu rebut una qualificaci\u00f3 positiva en totes les mat\u00e8ries cursades rebreu\u00a0<strong>el t\u00edtol de batxiller<\/strong>. Aquest t\u00edtol us faculta per accedir a:<\/p>\n<ol>\n<li>Estudis universitaris (pr\u00e8via superaci\u00f3 de les PAU).<\/li>\n<li>Cicles de formaci\u00f3 professional de grau superior.<\/li>\n<li>Estudis superiors d\u2019ensenyaments art\u00edstics (pr\u00e8via superaci\u00f3 de les proves corresponents).<\/li>\n<\/ol>\n<h2>1. Acc\u00e9s a la Universitat<\/h2>\n<p>Per a obtenir una informaci\u00f3 acurada i actualitzada sobre els estudis universitaris a Catalunya recomanem la seg\u00fcent adre\u00e7a electr\u00f2nica, del Departament d\u2019Innovaci\u00f3, Universitats i Empresa de la Generalitat de Catalunya:<\/p>\n<p><a href=\"http:\/\/www.gencat.cat\/universitats\">http:\/\/estudisuniversitaris.gencat.cat\/<\/a><\/p>\n<p>Hi trobar\u00e0s informaci\u00f3 general i enlla\u00e7os a les universitats catalanes i sobre l\u2019acc\u00e9s a la universitat (PAU).<\/p>\n<p>A l\u2019enlla\u00e7 \u201d<a href=\"http:\/\/aplicacions.universitats.gencat.cat\/qpq\/AppJava\/real\/iniciar.do?idioma=ca\" target=\"_blank\">Qu\u00e8 i perqu\u00e8 estudiar a les universitats catalanes<\/a>\u201d, hi trobar\u00e0s informaci\u00f3 detallada sobre cadascun dels Graus actuals.<\/p>\n<p>Les proves d\u2019acc\u00e9s a la Universitat (PAU) 2013 previsiblement seguiran el model implantat a partir de la LOE (llei de l\u2019Educaci\u00f3). Pots consultar l\u2019estructura de les proves a l\u2019adre\u00e7a electr\u00f2nica indicada m\u00e9s avall.<\/p>\n<p><strong>Hi ha un aspecte\u00a0molt important\u00a0a l\u2019hora de triar les mat\u00e8ries de modalitat i optatives ja a 1r de Batxillerat: l\u2019adscripci\u00f3 de mat\u00e8ries de modalitat a les branques de coneixement. Aquestes mat\u00e8ries, a la pr\u00e0ctica, tindran un valor diferent a l\u2019hora de puntuar a la fase espec\u00edfica de les PAU, en funci\u00f3 de la branca de coneixement a qu\u00e8 es vinculen en els estudis universitaris.\u00a0<\/strong><strong>Aix\u00f2 vol dir que si vols accedir a una universitat on hi hagi m\u00e9s demanda que oferta, necessitar\u00e0s una nota d\u2019admissi\u00f3 m\u00ednima, i segons les mat\u00e8ries que tri\u00efs, tindran m\u00e9s o menys puntuaci\u00f3. El valor de les mat\u00e8ries de modalitat, el trobar\u00e0s al quadre de ponderacions seg\u00fcent:<\/strong><\/p>\n<ul>\n<li><a href=\"http:\/\/www.gencat.cat\/diue\/ambits\/ur\/universitats\/acces\/prein\/info\/admissio\/index.html\" target=\"_blank\">http:\/\/www.gencat.cat\/diue\/ambits\/ur\/universitats\/acces\/prein\/info\/admissio\/index.html<\/a><\/li>\n<li><a style=\"font-family: inherit; font-size: 1em;\" href=\"http:\/\/www.gencat.cat\/diue\/doc\/doc_39631929_1.pdf\" target=\"_blank\">http:\/\/www.gencat.cat\/diue\/doc\/doc_39631929_1.pdf<\/a><span style=\"font-family: inherit; font-size: 1em;\">\u00a0(ponderacions 2012)<\/span><\/li>\n<\/ul>\n<p>Pots adre\u00e7ar-te al teu tutor\/a o al coordinador de batxillerat si tens algun dubte.<\/p>\n<h2>2. Acc\u00e9s a la Formaci\u00f3 professional de grau superior<\/h2>\n<p>Qualsevol batxillerat LOE\u00a0 permet l\u2019acc\u00e9s a qualsevol cicle. No obstant, haver-ne cursat una modalitat \u00a0determinada d\u00f3na m\u00e9s punts en la baremaci\u00f3 de la prematr\u00edcula. Tamb\u00e9, el fet d\u2019haver cursat determinades mat\u00e8ries de batxillerat t\u00e9 la consideraci\u00f3 de criteri de prioritat en l\u2019admissi\u00f3 d\u2019alumnes d\u2019aquests cicles, per\u00f2 no es considera requisit acad\u00e8mic per a l\u2019acc\u00e9s directe.<\/p>\n<p>Pots visitar el web del Departament d\u2019Educaci\u00f3 \u201c<a href=\"http:\/\/queestudiar.gencat.cat\/ca\/\" target=\"_blank\">Estudiar a Catalunya<\/a>\u201d\u00a0per con\u00e8ixer l\u2019oferta de formaci\u00f3 professional de grau superior a Catalunya i concretament a la comarca del Bages.<\/p>\n<p>Pots adre\u00e7ar-te al teu tutor\/a o al coordinador de cicles formatius si tens algun dubte.<\/p>\n<h2>3. Acc\u00e9s a estudis\u00a0superiors d\u2019ensenyaments art\u00edstics<\/h2>\n<p>Igualment a\u00a0l\u2019enlla\u00e7 \u201c<a href=\"http:\/\/queestudiar.gencat.cat\/ca\/\" target=\"_blank\">Estudiar a Catalunya<\/a>\u201d del <a href=\"http:\/\/ensenyament.gencat.cat\/ca\/inici\/\" target=\"_blank\">web\u00a0del Departament d&#8217;Ensenyament<\/a>, hi trobar\u00e0s informaci\u00f3 sobre estudis d\u2019arts pl\u00e0stiques i disseny, m\u00fasica, dansa i ensenyaments superiors d\u2019art dram\u00e0tic.<\/p>\n","protected":false},"excerpt":{"rendered":"<p>Els\/Les estudiants que, en acabar el Batxillerat, hagueu rebut una qualificaci\u00f3 positiva en totes les mat\u00e8ries cursades rebreu\u00a0el t\u00edtol de batxiller. Aquest t\u00edtol us faculta per accedir a: Estudis universitaris (pr\u00e8via superaci\u00f3 de les PAU). Cicles de formaci\u00f3 professional de grau superior. Estudis superiors d\u2019ensenyaments art\u00edstics (pr\u00e8via superaci\u00f3 de les proves corresponents). 1. Acc\u00e9s a [&hellip;]<\/p>\n","protected":false},"author":4,"featured_media":0,"parent":993,"menu_order":70,"comment_status":"closed","ping_status":"closed","template":"page-templates\/side-menu.php","meta":{"_bbp_topic_count":0,"_bbp_reply_count":0,"_bbp_total_topic_count":0,"_bbp_total_reply_count":0,"_bbp_voice_count":0,"_bbp_anonymous_reply_count":0,"_bbp_topic_count_hidden":0,"_bbp_reply_count_hidden":0,"_bbp_forum_subforum_count":0,"site-sidebar-layout":"default","site-content-layout":"","ast-site-content-layout":"","site-content-style":"default","site-sidebar-style":"default","ast-global-header-display":"","ast-banner-title-visibility":"","ast-main-header-display":"","ast-hfb-above-header-display":"","ast-hfb-below-header-display":"","ast-hfb-mobile-header-display":"","site-post-title":"","ast-breadcrumbs-content":"","ast-featured-img":"","footer-sml-layout":"","theme-transparent-header-meta":"","adv-header-id-meta":"","stick-header-meta":"","header-above-stick-meta":"","header-main-stick-meta":"","header-below-stick-meta":"","astra-migrate-meta-layouts":"default","ast-page-background-enabled":"default","ast-page-background-meta":{"desktop":{"background-color":"var(--ast-global-color-4)","background-image":"","background-repeat":"repeat","background-position":"center center","background-size":"auto","background-attachment":"scroll","background-type":"","background-media":"","overlay-type":"","overlay-color":"","overlay-opacity":"","overlay-gradient":""},"tablet":{"background-color":"","background-image":"","background-repeat":"repeat","background-position":"center center","background-size":"auto","background-attachment":"scroll","background-type":"","background-media":"","overlay-type":"","overlay-color":"","overlay-opacity":"","overlay-gradient":""},"mobile":{"background-color":"","background-image":"","background-repeat":"repeat","background-position":"center center","background-size":"auto","background-attachment":"scroll","background-type":"","background-media":"","overlay-type":"","overlay-color":"","overlay-opacity":"","overlay-gradient":""}},"ast-content-background-meta":{"desktop":{"background-color":"var(--ast-global-color-5)","background-image":"","background-repeat":"repeat","background-position":"center center","background-size":"auto","background-attachment":"scroll","background-type":"","background-media":"","overlay-type":"","overlay-color":"","overlay-opacity":"","overlay-gradient":""},"tablet":{"background-color":"var(--ast-global-color-5)","background-image":"","background-repeat":"repeat","background-position":"center center","background-size":"auto","background-attachment":"scroll","background-type":"","background-media":"","overlay-type":"","overlay-color":"","overlay-opacity":"","overlay-gradient":""},"mobile":{"background-color":"var(--ast-global-color-5)","background-image":"","background-repeat":"repeat","background-position":"center center","background-size":"auto","background-attachment":"scroll","background-type":"","background-media":"","overlay-type":"","overlay-color":"","overlay-opacity":"","overlay-gradient":""}},"footnotes":""},"class_list":["post-1023","page","type-page","status-publish","hentry"],"post_mailing_queue_ids":[],"_links":{"self":[{"href":"https:\/\/agora.xtec.cat\/inslacetania\/wp-json\/wp\/v2\/pages\/1023","targetHints":{"allow":["GET"]}}],"collection":[{"href":"https:\/\/agora.xtec.cat\/inslacetania\/wp-json\/wp\/v2\/pages"}],"about":[{"href":"https:\/\/agora.xtec.cat\/inslacetania\/wp-json\/wp\/v2\/types\/page"}],"author":[{"embeddable":true,"href":"https:\/\/agora.xtec.cat\/inslacetania\/wp-json\/wp\/v2\/users\/4"}],"replies":[{"embeddable":true,"href":"https:\/\/agora.xtec.cat\/inslacetania\/wp-json\/wp\/v2\/comments?post=1023"}],"version-history":[{"count":2,"href":"https:\/\/agora.xtec.cat\/inslacetania\/wp-json\/wp\/v2\/pages\/1023\/revisions"}],"predecessor-version":[{"id":1031,"href":"https:\/\/agora.xtec.cat\/inslacetania\/wp-json\/wp\/v2\/pages\/1023\/revisions\/1031"}],"up":[{"embeddable":true,"href":"https:\/\/agora.xtec.cat\/inslacetania\/wp-json\/wp\/v2\/pages\/993"}],"wp:attachment":[{"href":"https:\/\/agora.xtec.cat\/inslacetania\/wp-json\/wp\/v2\/media?parent=1023"}],"curies":[{"name":"wp","href":"https:\/\/api.w.org\/{rel}","templated":true}]}}