{"id":1007,"date":"2016-12-28T10:58:36","date_gmt":"2016-12-28T09:58:36","guid":{"rendered":"http:\/\/agora.xtec.cat\/inslacetania\/?page_id=1007"},"modified":"2023-01-28T18:52:02","modified_gmt":"2023-01-28T17:52:02","slug":"bat-promocio","status":"publish","type":"page","link":"https:\/\/agora.xtec.cat\/inslacetania\/batxillerat\/bat-promocio\/","title":{"rendered":"BAT. Promoci\u00f3 de curs i qualificaci\u00f3 final"},"content":{"rendered":"<h2>Quantes mat\u00e8ries es poden suspendre per passar de curs?<\/h2>\n<p style=\"text-align: justify;\">Per poder cursar el segon curs caldr\u00e0 haver superat totes les mat\u00e8ries del primer curs, amb dues excepcions com a m\u00e0xim.<\/p>\n<p style=\"text-align: justify;\">Per a obtenir el t\u00edtol de batxillerat cal aprovar totes les mat\u00e8ries en finalitzar el segon curs. Excepcionalment es podr\u00e0 obtenir el t\u00edtol amb una sola mat\u00e8ria suspesa si es donen unes condicions determinades. Si tens pendents algunes mat\u00e8ries les podr\u00e0s repetir sense necessitat de cursar el 2n curs complet. Malgrat aix\u00f2, si has superat el treball de recerca i l\u2019estada a l\u2019empresa, no els haur\u00e0s de repetir.<\/p>\n<h2>Com s&#8217;obt\u00e9 la qualificaci\u00f3 final?<\/h2>\n<p style=\"text-align: justify;\">El 90 % de la qualificaci\u00f3 final s\u2019obtindr\u00e0 per mitjana aritm\u00e8tica de les qualificacions obtingudes en totes les mat\u00e8ries cursades. Aix\u00f2 vol dir que totes les mat\u00e8ries tenen el mateix pes en la nota final de batxillerat. El 10 % restant correspon al treball de recerca.<\/p>\n","protected":false},"excerpt":{"rendered":"<p>Quantes mat\u00e8ries es poden suspendre per passar de curs? Per poder cursar el segon curs caldr\u00e0 haver superat totes les mat\u00e8ries del primer curs, amb dues excepcions com a m\u00e0xim. Per a obtenir el t\u00edtol de batxillerat cal aprovar totes les mat\u00e8ries en finalitzar el segon curs. Excepcionalment es podr\u00e0 obtenir el t\u00edtol amb una [&hellip;]<\/p>\n","protected":false},"author":4,"featured_media":0,"parent":993,"menu_order":30,"comment_status":"closed","ping_status":"closed","template":"page-templates\/side-menu.php","meta":{"_bbp_topic_count":0,"_bbp_reply_count":0,"_bbp_total_topic_count":0,"_bbp_total_reply_count":0,"_bbp_voice_count":0,"_bbp_anonymous_reply_count":0,"_bbp_topic_count_hidden":0,"_bbp_reply_count_hidden":0,"_bbp_forum_subforum_count":0,"site-sidebar-layout":"default","site-content-layout":"","ast-site-content-layout":"","site-content-style":"default","site-sidebar-style":"default","ast-global-header-display":"","ast-banner-title-visibility":"","ast-main-header-display":"","ast-hfb-above-header-display":"","ast-hfb-below-header-display":"","ast-hfb-mobile-header-display":"","site-post-title":"","ast-breadcrumbs-content":"","ast-featured-img":"","footer-sml-layout":"","theme-transparent-header-meta":"","adv-header-id-meta":"","stick-header-meta":"","header-above-stick-meta":"","header-main-stick-meta":"","header-below-stick-meta":"","astra-migrate-meta-layouts":"default","ast-page-background-enabled":"default","ast-page-background-meta":{"desktop":{"background-color":"var(--ast-global-color-4)","background-image":"","background-repeat":"repeat","background-position":"center center","background-size":"auto","background-attachment":"scroll","background-type":"","background-media":"","overlay-type":"","overlay-color":"","overlay-opacity":"","overlay-gradient":""},"tablet":{"background-color":"","background-image":"","background-repeat":"repeat","background-position":"center center","background-size":"auto","background-attachment":"scroll","background-type":"","background-media":"","overlay-type":"","overlay-color":"","overlay-opacity":"","overlay-gradient":""},"mobile":{"background-color":"","background-image":"","background-repeat":"repeat","background-position":"center center","background-size":"auto","background-attachment":"scroll","background-type":"","background-media":"","overlay-type":"","overlay-color":"","overlay-opacity":"","overlay-gradient":""}},"ast-content-background-meta":{"desktop":{"background-color":"var(--ast-global-color-5)","background-image":"","background-repeat":"repeat","background-position":"center center","background-size":"auto","background-attachment":"scroll","background-type":"","background-media":"","overlay-type":"","overlay-color":"","overlay-opacity":"","overlay-gradient":""},"tablet":{"background-color":"var(--ast-global-color-5)","background-image":"","background-repeat":"repeat","background-position":"center center","background-size":"auto","background-attachment":"scroll","background-type":"","background-media":"","overlay-type":"","overlay-color":"","overlay-opacity":"","overlay-gradient":""},"mobile":{"background-color":"var(--ast-global-color-5)","background-image":"","background-repeat":"repeat","background-position":"center center","background-size":"auto","background-attachment":"scroll","background-type":"","background-media":"","overlay-type":"","overlay-color":"","overlay-opacity":"","overlay-gradient":""}},"footnotes":""},"class_list":["post-1007","page","type-page","status-publish","hentry"],"post_mailing_queue_ids":[],"_links":{"self":[{"href":"https:\/\/agora.xtec.cat\/inslacetania\/wp-json\/wp\/v2\/pages\/1007","targetHints":{"allow":["GET"]}}],"collection":[{"href":"https:\/\/agora.xtec.cat\/inslacetania\/wp-json\/wp\/v2\/pages"}],"about":[{"href":"https:\/\/agora.xtec.cat\/inslacetania\/wp-json\/wp\/v2\/types\/page"}],"author":[{"embeddable":true,"href":"https:\/\/agora.xtec.cat\/inslacetania\/wp-json\/wp\/v2\/users\/4"}],"replies":[{"embeddable":true,"href":"https:\/\/agora.xtec.cat\/inslacetania\/wp-json\/wp\/v2\/comments?post=1007"}],"version-history":[{"count":3,"href":"https:\/\/agora.xtec.cat\/inslacetania\/wp-json\/wp\/v2\/pages\/1007\/revisions"}],"predecessor-version":[{"id":16824,"href":"https:\/\/agora.xtec.cat\/inslacetania\/wp-json\/wp\/v2\/pages\/1007\/revisions\/16824"}],"up":[{"embeddable":true,"href":"https:\/\/agora.xtec.cat\/inslacetania\/wp-json\/wp\/v2\/pages\/993"}],"wp:attachment":[{"href":"https:\/\/agora.xtec.cat\/inslacetania\/wp-json\/wp\/v2\/media?parent=1007"}],"curies":[{"name":"wp","href":"https:\/\/api.w.org\/{rel}","templated":true}]}}