{"id":5150,"date":"2017-12-01T11:20:43","date_gmt":"2017-12-01T10:20:43","guid":{"rendered":"http:\/\/agora.xtec.cat\/insjvfoix\/?page_id=5150"},"modified":"2018-02-20T10:45:06","modified_gmt":"2018-02-20T09:45:06","slug":"publicacio-de-la-licitacio-servei-bar-cantina-any-2018","status":"publish","type":"page","link":"https:\/\/agora.xtec.cat\/insjvfoix\/publicacio-de-la-licitacio-servei-bar-cantina-any-2018\/","title":{"rendered":"Publicaci\u00f3 de la licitaci\u00f3 servei bar-cantina per a l&#8217;any 2018"},"content":{"rendered":"<h4>Calendari:<\/h4>\n<p>01 \/12\/2017\u00a0\u00a0\u00a0 Inici del concurs d\u2019adjudicaci\u00f3 del servei de bar-cantina: publicaci\u00f3 al web del centre i comunicaci\u00f3 per correu electr\u00f2nic a les empreses\/aut\u00f2noms que ho sol\u00b7licitin<\/p>\n<p>15\/12\/2017\u00a0\u00a0\u00a0\u00a0 Darrer dia de presentaci\u00f3 de les propostes a la secretaria del centre, abans de les 14 hores.<\/p>\n<p>18\/12\/2017\u00a0\u00a0\u00a0\u00a0 Comunicaci\u00f3 de la proposta d\u2019 adjudicaci\u00f3 a totes les empreses\/aut\u00f2noms que participants en la licitaci\u00f3, i requeriment de documentaci\u00f3.<\/p>\n<p>22\/12\/2017\u00a0\u00a0\u00a0\u00a0 Darrer dia\u00a0 per a la presentaci\u00f3 de la documentaci\u00f3 requerida previ a la signatura del contracte.<\/p>\n<p>08\/01\/2018\u00a0\u00a0\u00a0\u00a0 Formalitzaci\u00f3 del contracte i inici de la prestaci\u00f3 del servei<\/p>\n<h5>Documents que regeixen la licitaci\u00f3:<\/h5>\n<ul>\n<li><a href=\"https:\/\/drive.google.com\/file\/d\/1l5PACJ9vr8iRzmtMY2btSSLRGxuVnhBe\/view?usp=sharing\">Resoluci\u00f3 d\u2019inici i d\u2019aprovaci\u00f3 d\u2019un expedient de contractaci\u00f3 de serveis<\/a><\/li>\n<li><a href=\"https:\/\/drive.google.com\/file\/d\/1pIq50h74uEg_lXakUaWBE7IsCn4ee_w-\/view?usp=sharing\">Plec de prescripcions t\u00e8cniques per a la contractaci\u00f3 del servei<\/a>.<\/li>\n<\/ul>\n<p>Per a qualsevol aclariment poseu-vos en contacte amb la <a href=\"http:\/\/agora.xtec.cat\/insjvfoix\/secretaria\/\">secretaria <\/a>del centre.<\/p>\n","protected":false},"excerpt":{"rendered":"<p>Calendari: 01 \/12\/2017\u00a0\u00a0\u00a0 Inici del concurs d\u2019adjudicaci\u00f3 del servei de bar-cantina: publicaci\u00f3 al web del centre i comunicaci\u00f3 per correu electr\u00f2nic a les empreses\/aut\u00f2noms que ho sol\u00b7licitin 15\/12\/2017\u00a0\u00a0\u00a0\u00a0 Darrer dia de presentaci\u00f3 de les propostes a la secretaria del centre, abans de les 14 hores. 18\/12\/2017\u00a0\u00a0\u00a0\u00a0 Comunicaci\u00f3 de la proposta d\u2019 adjudicaci\u00f3 a totes les [&hellip;]<\/p>\n","protected":false},"author":1,"featured_media":0,"parent":0,"menu_order":0,"comment_status":"closed","ping_status":"closed","template":"","meta":{"_bbp_topic_count":0,"_bbp_reply_count":0,"_bbp_total_topic_count":0,"_bbp_total_reply_count":0,"_bbp_voice_count":0,"_bbp_anonymous_reply_count":0,"_bbp_topic_count_hidden":0,"_bbp_reply_count_hidden":0,"_bbp_forum_subforum_count":0,"site-sidebar-layout":"default","site-content-layout":"","ast-site-content-layout":"","site-content-style":"default","site-sidebar-style":"default","ast-global-header-display":"","ast-banner-title-visibility":"","ast-main-header-display":"","ast-hfb-above-header-display":"","ast-hfb-below-header-display":"","ast-hfb-mobile-header-display":"","site-post-title":"","ast-breadcrumbs-content":"","ast-featured-img":"","footer-sml-layout":"","theme-transparent-header-meta":"","adv-header-id-meta":"","stick-header-meta":"","header-above-stick-meta":"","header-main-stick-meta":"","header-below-stick-meta":"","astra-migrate-meta-layouts":"default","ast-page-background-enabled":"default","ast-page-background-meta":{"desktop":{"background-color":"var(--ast-global-color-5)","background-image":"","background-repeat":"repeat","background-position":"center center","background-size":"auto","background-attachment":"scroll","background-type":"","background-media":"","overlay-type":"","overlay-color":"","overlay-opacity":"","overlay-gradient":""},"tablet":{"background-color":"","background-image":"","background-repeat":"repeat","background-position":"center center","background-size":"auto","background-attachment":"scroll","background-type":"","background-media":"","overlay-type":"","overlay-color":"","overlay-opacity":"","overlay-gradient":""},"mobile":{"background-color":"","background-image":"","background-repeat":"repeat","background-position":"center center","background-size":"auto","background-attachment":"scroll","background-type":"","background-media":"","overlay-type":"","overlay-color":"","overlay-opacity":"","overlay-gradient":""}},"ast-content-background-meta":{"desktop":{"background-color":"var(--ast-global-color-4)","background-image":"","background-repeat":"repeat","background-position":"center center","background-size":"auto","background-attachment":"scroll","background-type":"","background-media":"","overlay-type":"","overlay-color":"","overlay-opacity":"","overlay-gradient":""},"tablet":{"background-color":"var(--ast-global-color-4)","background-image":"","background-repeat":"repeat","background-position":"center center","background-size":"auto","background-attachment":"scroll","background-type":"","background-media":"","overlay-type":"","overlay-color":"","overlay-opacity":"","overlay-gradient":""},"mobile":{"background-color":"var(--ast-global-color-4)","background-image":"","background-repeat":"repeat","background-position":"center center","background-size":"auto","background-attachment":"scroll","background-type":"","background-media":"","overlay-type":"","overlay-color":"","overlay-opacity":"","overlay-gradient":""}},"footnotes":""},"class_list":["post-5150","page","type-page","status-publish","hentry"],"post_mailing_queue_ids":[],"_links":{"self":[{"href":"https:\/\/agora.xtec.cat\/insjvfoix\/wp-json\/wp\/v2\/pages\/5150","targetHints":{"allow":["GET"]}}],"collection":[{"href":"https:\/\/agora.xtec.cat\/insjvfoix\/wp-json\/wp\/v2\/pages"}],"about":[{"href":"https:\/\/agora.xtec.cat\/insjvfoix\/wp-json\/wp\/v2\/types\/page"}],"author":[{"embeddable":true,"href":"https:\/\/agora.xtec.cat\/insjvfoix\/wp-json\/wp\/v2\/users\/1"}],"replies":[{"embeddable":true,"href":"https:\/\/agora.xtec.cat\/insjvfoix\/wp-json\/wp\/v2\/comments?post=5150"}],"version-history":[{"count":3,"href":"https:\/\/agora.xtec.cat\/insjvfoix\/wp-json\/wp\/v2\/pages\/5150\/revisions"}],"predecessor-version":[{"id":5362,"href":"https:\/\/agora.xtec.cat\/insjvfoix\/wp-json\/wp\/v2\/pages\/5150\/revisions\/5362"}],"wp:attachment":[{"href":"https:\/\/agora.xtec.cat\/insjvfoix\/wp-json\/wp\/v2\/media?parent=5150"}],"curies":[{"name":"wp","href":"https:\/\/api.w.org\/{rel}","templated":true}]}}