{"id":4614,"date":"2017-06-20T16:05:14","date_gmt":"2017-06-20T14:05:14","guid":{"rendered":"http:\/\/agora.xtec.cat\/insjvfoix\/?page_id=4614"},"modified":"2017-06-20T16:06:29","modified_gmt":"2017-06-20T14:06:29","slug":"servei-de-neteja-2016-2017","status":"publish","type":"page","link":"https:\/\/agora.xtec.cat\/insjvfoix\/concurs-servei-de-neteja\/servei-de-neteja-2016-2017\/","title":{"rendered":"Servei de Neteja 2016-2017"},"content":{"rendered":"<h5>CONVOCAT\u00d2RIA :<\/h5>\n<p>L\u2019institut\u00a0 ha de contractar, mitjan\u00e7ant procediment negociat, el servei de neteja de les seves instal\u00b7lacions (expedient n\u00famero: 01\/2016).<\/p>\n<p>Aqu\u00ed hi podeu trobar el <a href=\"https:\/\/dl.dropboxusercontent.com\/u\/62563975\/curs%202016_2017\/Neteja\/PlecCl%C3%A0usulesAdminnistatives_juny%202016.pdf\">Plec de cl\u00e0usules administratives particulars <\/a>i el <a href=\"https:\/\/dl.dropboxusercontent.com\/u\/62563975\/curs%202016_2017\/Neteja\/PlecPrescripcionsT%C3%A8cniques2_juny2016.pdf\">Plec de prescripcions t\u00e8cniques<\/a> que regeixen aquesta contractaci\u00f3.<\/p>\n<p>Si voleu participar-hi, poseu-vos en contacte amb nosaltres fent refer\u00e8ncia al n\u00famero d\u2019expedient per correu electr\u00f2nic a l\u2019adre\u00e7a <a href=\"mailto:a8054186@xtec.cat\">a8054186@xtec.cat<\/a> o per fax <span id=\"yui_3_13_0_2_1466414866701_150\" data-mce-mark=\"1\">935880193<\/span><\/p>\n<p>El termini per presentar la documentaci\u00f3 finalitza el dia 8 de juliol de 2016, a les 14:00 hores.<\/p>\n<p><a href=\"https:\/\/dl.dropboxusercontent.com\/u\/62563975\/curs%202016_2017\/Neteja\/PlecCl%C3%A0usulesAdminnistatives_juny%202016.pdf\" rel=\"attachment wp-att-1567\"><img loading=\"lazy\" decoding=\"async\" class=\"alignnone size-full wp-image-1567\" src=\"http:\/\/agora.xtec.cat\/insjvfoix\/wp-content\/uploads\/usu394\/2016\/02\/icono-descarga.jpg\" alt=\"icono-descarga\" width=\"22\" height=\"22\" \/><\/a><a href=\"https:\/\/dl.dropboxusercontent.com\/u\/62563975\/curs%202016_2017\/Neteja\/PlecCl%C3%A0usulesAdminnistatives_juny%202016.pdf\">Plec cl\u00e0usules administratives<\/a><\/p>\n<p><a href=\"https:\/\/dl.dropboxusercontent.com\/u\/62563975\/curs%202016_2017\/Neteja\/PlecPrescripcionsT%C3%A8cniques2_juny2016.pdf\" rel=\"attachment wp-att-1567\"><img loading=\"lazy\" decoding=\"async\" class=\"alignnone size-full wp-image-1567\" src=\"http:\/\/agora.xtec.cat\/insjvfoix\/wp-content\/uploads\/usu394\/2016\/02\/icono-descarga.jpg\" alt=\"icono-descarga\" width=\"22\" height=\"22\" \/><\/a><a href=\"https:\/\/dl.dropboxusercontent.com\/u\/62563975\/curs%202016_2017\/Neteja\/PlecPrescripcionsT%C3%A8cniques2_juny2016.pdf\">Plec de prescripcions t\u00e8cniques<\/a><\/p>\n<h5>RESOLUCI\u00d3:<\/h5>\n<p>L&#8217;empresa Higserguiss \u00a0S.L ha estat guanyadora del concurs de neteja de les nostres instal\u00b7lacions per al curs 2016-2017.<\/p>\n<p><a href=\"https:\/\/dl.dropboxusercontent.com\/u\/62563975\/curs%202016_2017\/Neteja\/Resoluci%C3%B3ConcursNeteja.pdf\" rel=\"attachment wp-att-1567\"><img loading=\"lazy\" decoding=\"async\" class=\"alignnone size-full wp-image-1567\" src=\"http:\/\/agora.xtec.cat\/insjvfoix\/wp-content\/uploads\/usu394\/2016\/02\/icono-descarga.jpg\" alt=\"icono-descarga\" width=\"22\" height=\"22\" \/><\/a>\u00a0<a href=\"https:\/\/dl.dropboxusercontent.com\/u\/62563975\/curs%202016_2017\/Neteja\/Resoluci%C3%B3ConcursNeteja.pdf\">Notificaci\u00f3 de la formalitzaci\u00f3 del contracte de l&#8217;expedient 01\/2016<\/a><\/p>\n","protected":false},"excerpt":{"rendered":"<p>CONVOCAT\u00d2RIA : L\u2019institut\u00a0 ha de contractar, mitjan\u00e7ant procediment negociat, el servei de neteja de les seves instal\u00b7lacions (expedient n\u00famero: 01\/2016). Aqu\u00ed hi podeu trobar el Plec de cl\u00e0usules administratives particulars i el Plec de prescripcions t\u00e8cniques que regeixen aquesta contractaci\u00f3. Si voleu participar-hi, poseu-vos en contacte amb nosaltres fent refer\u00e8ncia al n\u00famero d\u2019expedient per correu [&hellip;]<\/p>\n","protected":false},"author":1,"featured_media":0,"parent":2723,"menu_order":0,"comment_status":"closed","ping_status":"closed","template":"","meta":{"_bbp_topic_count":0,"_bbp_reply_count":0,"_bbp_total_topic_count":0,"_bbp_total_reply_count":0,"_bbp_voice_count":0,"_bbp_anonymous_reply_count":0,"_bbp_topic_count_hidden":0,"_bbp_reply_count_hidden":0,"_bbp_forum_subforum_count":0,"site-sidebar-layout":"default","site-content-layout":"","ast-site-content-layout":"","site-content-style":"default","site-sidebar-style":"default","ast-global-header-display":"","ast-banner-title-visibility":"","ast-main-header-display":"","ast-hfb-above-header-display":"","ast-hfb-below-header-display":"","ast-hfb-mobile-header-display":"","site-post-title":"","ast-breadcrumbs-content":"","ast-featured-img":"","footer-sml-layout":"","theme-transparent-header-meta":"","adv-header-id-meta":"","stick-header-meta":"","header-above-stick-meta":"","header-main-stick-meta":"","header-below-stick-meta":"","astra-migrate-meta-layouts":"default","ast-page-background-enabled":"default","ast-page-background-meta":{"desktop":{"background-color":"var(--ast-global-color-5)","background-image":"","background-repeat":"repeat","background-position":"center center","background-size":"auto","background-attachment":"scroll","background-type":"","background-media":"","overlay-type":"","overlay-color":"","overlay-opacity":"","overlay-gradient":""},"tablet":{"background-color":"","background-image":"","background-repeat":"repeat","background-position":"center center","background-size":"auto","background-attachment":"scroll","background-type":"","background-media":"","overlay-type":"","overlay-color":"","overlay-opacity":"","overlay-gradient":""},"mobile":{"background-color":"","background-image":"","background-repeat":"repeat","background-position":"center center","background-size":"auto","background-attachment":"scroll","background-type":"","background-media":"","overlay-type":"","overlay-color":"","overlay-opacity":"","overlay-gradient":""}},"ast-content-background-meta":{"desktop":{"background-color":"var(--ast-global-color-4)","background-image":"","background-repeat":"repeat","background-position":"center center","background-size":"auto","background-attachment":"scroll","background-type":"","background-media":"","overlay-type":"","overlay-color":"","overlay-opacity":"","overlay-gradient":""},"tablet":{"background-color":"var(--ast-global-color-4)","background-image":"","background-repeat":"repeat","background-position":"center center","background-size":"auto","background-attachment":"scroll","background-type":"","background-media":"","overlay-type":"","overlay-color":"","overlay-opacity":"","overlay-gradient":""},"mobile":{"background-color":"var(--ast-global-color-4)","background-image":"","background-repeat":"repeat","background-position":"center center","background-size":"auto","background-attachment":"scroll","background-type":"","background-media":"","overlay-type":"","overlay-color":"","overlay-opacity":"","overlay-gradient":""}},"footnotes":""},"class_list":["post-4614","page","type-page","status-publish","hentry"],"post_mailing_queue_ids":[],"_links":{"self":[{"href":"https:\/\/agora.xtec.cat\/insjvfoix\/wp-json\/wp\/v2\/pages\/4614","targetHints":{"allow":["GET"]}}],"collection":[{"href":"https:\/\/agora.xtec.cat\/insjvfoix\/wp-json\/wp\/v2\/pages"}],"about":[{"href":"https:\/\/agora.xtec.cat\/insjvfoix\/wp-json\/wp\/v2\/types\/page"}],"author":[{"embeddable":true,"href":"https:\/\/agora.xtec.cat\/insjvfoix\/wp-json\/wp\/v2\/users\/1"}],"replies":[{"embeddable":true,"href":"https:\/\/agora.xtec.cat\/insjvfoix\/wp-json\/wp\/v2\/comments?post=4614"}],"version-history":[{"count":2,"href":"https:\/\/agora.xtec.cat\/insjvfoix\/wp-json\/wp\/v2\/pages\/4614\/revisions"}],"predecessor-version":[{"id":4616,"href":"https:\/\/agora.xtec.cat\/insjvfoix\/wp-json\/wp\/v2\/pages\/4614\/revisions\/4616"}],"up":[{"embeddable":true,"href":"https:\/\/agora.xtec.cat\/insjvfoix\/wp-json\/wp\/v2\/pages\/2723"}],"wp:attachment":[{"href":"https:\/\/agora.xtec.cat\/insjvfoix\/wp-json\/wp\/v2\/media?parent=4614"}],"curies":[{"name":"wp","href":"https:\/\/api.w.org\/{rel}","templated":true}]}}