{"id":43,"date":"2014-09-17T16:45:07","date_gmt":"2014-09-17T16:45:07","guid":{"rendered":"http:\/\/agora.xtec.cat\/insjvfoix\/?page_id=43"},"modified":"2020-11-11T17:11:23","modified_gmt":"2020-11-11T16:11:23","slug":"consell-escolar","status":"publish","type":"page","link":"https:\/\/agora.xtec.cat\/insjvfoix\/linstitut\/consell-escolar\/","title":{"rendered":"Consell escolar"},"content":{"rendered":"<p>El Consell Escolar \u00a0\u00e9s l&#8217;\u00f2rgan de :<\/p>\n<ul>\n<li>Participaci\u00f3 de la comunitat escolar en el govern de l&#8217;Institut;<\/li>\n<li>Programaci\u00f3, seguiment i avaluaci\u00f3 general de les \u00a0activitats de l&#8217;institut.<\/li>\n<\/ul>\n<p>Els membres, amb dret de vot, s\u00f3n:<\/p>\n<ul>\n<li>el director o directora de l&#8217;Institut, que n\u2019\u00e9s el president\/a;<\/li>\n<li>el o la cap d\u2019estudis;<\/li>\n<li>un regidor o regidora o un representant de l\u2019Ajuntament;<\/li>\n<li>vuit professors o professores;<\/li>\n<li>quatre alumnes;<\/li>\n<li>tres pares o mares;<\/li>\n<li>un o una representant de l&#8217;Associaci\u00f3 de Fam\u00edlies de l&#8217;Alumnat (AFA);<\/li>\n<li>un o una representant del Personal d&#8217;Administraci\u00f3 i Serveis del centre (PAS).<\/li>\n<\/ul>\n<p>El secretari o secret\u00e0ria del centre actua de secretari del Consell i t\u00e9 veu a les reunions per\u00f2 no vot.<\/p>\n<p>La renovaci\u00f3 dels membres s&#8217;efectua per mitj\u00e0 d&#8217;unes eleccions en qu\u00e8 participen tots els sectors representats al si del consell.<\/p>\n<p>&nbsp;<\/p>\n<p>&nbsp;<\/p>\n<p>&nbsp;<\/p>\n<p>&nbsp;<\/p>\n","protected":false},"excerpt":{"rendered":"<p>El Consell Escolar \u00a0\u00e9s l&#8217;\u00f2rgan de : Participaci\u00f3 de la comunitat escolar en el govern de l&#8217;Institut; Programaci\u00f3, seguiment i avaluaci\u00f3 general de les \u00a0activitats de l&#8217;institut. Els membres, amb dret de vot, s\u00f3n: el director o directora de l&#8217;Institut, que n\u2019\u00e9s el president\/a; el o la cap d\u2019estudis; un regidor o regidora o un [&hellip;]<\/p>\n","protected":false},"author":1,"featured_media":0,"parent":19,"menu_order":40,"comment_status":"closed","ping_status":"closed","template":"page-templates\/side-menu.php","meta":{"_bbp_topic_count":0,"_bbp_reply_count":0,"_bbp_total_topic_count":0,"_bbp_total_reply_count":0,"_bbp_voice_count":0,"_bbp_anonymous_reply_count":0,"_bbp_topic_count_hidden":0,"_bbp_reply_count_hidden":0,"_bbp_forum_subforum_count":0,"site-sidebar-layout":"default","site-content-layout":"","ast-site-content-layout":"","site-content-style":"default","site-sidebar-style":"default","ast-global-header-display":"","ast-banner-title-visibility":"","ast-main-header-display":"","ast-hfb-above-header-display":"","ast-hfb-below-header-display":"","ast-hfb-mobile-header-display":"","site-post-title":"","ast-breadcrumbs-content":"","ast-featured-img":"","footer-sml-layout":"","theme-transparent-header-meta":"","adv-header-id-meta":"","stick-header-meta":"","header-above-stick-meta":"","header-main-stick-meta":"","header-below-stick-meta":"","astra-migrate-meta-layouts":"default","ast-page-background-enabled":"default","ast-page-background-meta":{"desktop":{"background-color":"var(--ast-global-color-5)","background-image":"","background-repeat":"repeat","background-position":"center center","background-size":"auto","background-attachment":"scroll","background-type":"","background-media":"","overlay-type":"","overlay-color":"","overlay-opacity":"","overlay-gradient":""},"tablet":{"background-color":"","background-image":"","background-repeat":"repeat","background-position":"center center","background-size":"auto","background-attachment":"scroll","background-type":"","background-media":"","overlay-type":"","overlay-color":"","overlay-opacity":"","overlay-gradient":""},"mobile":{"background-color":"","background-image":"","background-repeat":"repeat","background-position":"center center","background-size":"auto","background-attachment":"scroll","background-type":"","background-media":"","overlay-type":"","overlay-color":"","overlay-opacity":"","overlay-gradient":""}},"ast-content-background-meta":{"desktop":{"background-color":"var(--ast-global-color-4)","background-image":"","background-repeat":"repeat","background-position":"center center","background-size":"auto","background-attachment":"scroll","background-type":"","background-media":"","overlay-type":"","overlay-color":"","overlay-opacity":"","overlay-gradient":""},"tablet":{"background-color":"var(--ast-global-color-4)","background-image":"","background-repeat":"repeat","background-position":"center center","background-size":"auto","background-attachment":"scroll","background-type":"","background-media":"","overlay-type":"","overlay-color":"","overlay-opacity":"","overlay-gradient":""},"mobile":{"background-color":"var(--ast-global-color-4)","background-image":"","background-repeat":"repeat","background-position":"center center","background-size":"auto","background-attachment":"scroll","background-type":"","background-media":"","overlay-type":"","overlay-color":"","overlay-opacity":"","overlay-gradient":""}},"footnotes":""},"class_list":["post-43","page","type-page","status-publish","hentry"],"post_mailing_queue_ids":[],"_links":{"self":[{"href":"https:\/\/agora.xtec.cat\/insjvfoix\/wp-json\/wp\/v2\/pages\/43","targetHints":{"allow":["GET"]}}],"collection":[{"href":"https:\/\/agora.xtec.cat\/insjvfoix\/wp-json\/wp\/v2\/pages"}],"about":[{"href":"https:\/\/agora.xtec.cat\/insjvfoix\/wp-json\/wp\/v2\/types\/page"}],"author":[{"embeddable":true,"href":"https:\/\/agora.xtec.cat\/insjvfoix\/wp-json\/wp\/v2\/users\/1"}],"replies":[{"embeddable":true,"href":"https:\/\/agora.xtec.cat\/insjvfoix\/wp-json\/wp\/v2\/comments?post=43"}],"version-history":[{"count":3,"href":"https:\/\/agora.xtec.cat\/insjvfoix\/wp-json\/wp\/v2\/pages\/43\/revisions"}],"predecessor-version":[{"id":7549,"href":"https:\/\/agora.xtec.cat\/insjvfoix\/wp-json\/wp\/v2\/pages\/43\/revisions\/7549"}],"up":[{"embeddable":true,"href":"https:\/\/agora.xtec.cat\/insjvfoix\/wp-json\/wp\/v2\/pages\/19"}],"wp:attachment":[{"href":"https:\/\/agora.xtec.cat\/insjvfoix\/wp-json\/wp\/v2\/media?parent=43"}],"curies":[{"name":"wp","href":"https:\/\/api.w.org\/{rel}","templated":true}]}}