{"id":374,"date":"2020-07-25T21:56:17","date_gmt":"2020-07-25T19:56:17","guid":{"rendered":"http:\/\/agora.xtec.cat\/insjvfoix\/?page_id=374"},"modified":"2026-03-11T11:31:38","modified_gmt":"2026-03-11T10:31:38","slug":"llibres-de-text","status":"publish","type":"page","link":"https:\/\/agora.xtec.cat\/insjvfoix\/llibres-de-text\/","title":{"rendered":"Llibres de text"},"content":{"rendered":"<p style=\"text-align: center;\"><strong>Llibres de text i recomanacions sobre ordinadors i tauletes.<\/strong><\/p>\n<p style=\"text-align: center;\"><strong>NO V\u00c0LID<\/strong><\/p>\n<p>Seleccioneu el curs i descarregueu el document en versi\u00f3 .pdf que cont\u00e9 el llistat dels llibres:<\/p>\n<table>\n<tbody>\n<tr>\n<td style=\"width: 147.5px;\"><strong>ESO:<\/strong><\/td>\n<td style=\"width: 416px;\">\n<ul>\n<li><a title=\"Ordinadors i taules per a l\u2019ESO\" href=\"http:\/\/agora.xtec.cat\/insjvfoix\/llibres-de-text\/ordinadors-i-taules-per-a-leso\/\" target=\"_blank\" rel=\"noopener\">Ordinadors i tauletes per a l&#8217;ESO.<\/a><\/li>\n<li><a href=\"https:\/\/agora.xtec.cat\/insjvfoix\/wp-content\/uploads\/usu394\/2022\/07\/LLIBRES-DE-LECTURA-ESO.pdf\" target=\"_blank\" rel=\"noopener\">Llibres de lectura d&#8217;ESO<\/a><\/li>\n<li>1r ESO: No hi ha llibres de text.<\/li>\n<li>2n ESO:\u00a0No hi ha llibres de text.<\/li>\n<li>3r ESO: No hi ha llibres de text.<\/li>\n<li>4t ESO:\u00a0No hi ha llibres de text.<\/li>\n<li><a href=\"https:\/\/agora.xtec.cat\/insjvfoix\/wp-content\/uploads\/usu394\/2022\/07\/Material-EVIP-ESO-1.pdf\" target=\"_blank\" rel=\"noopener\">Material EVIP d&#8217;ESO<\/a><\/li>\n<\/ul>\n<\/td>\n<\/tr>\n<tr>\n<td style=\"width: 147.5px;\"><strong>Batxillerat<\/strong><\/td>\n<td style=\"width: 416px;\">\n<ul>\n<li><a href=\"https:\/\/agora.xtec.cat\/insjvfoix\/wp-content\/uploads\/usu394\/2022\/07\/LLIBRES-DE-TEXT-1r-BATX.pdf\" target=\"_blank\" rel=\"noopener\">Llibres de text 1r de Batxillerat<\/a><\/li>\n<li><a href=\"https:\/\/agora.xtec.cat\/insjvfoix\/wp-content\/uploads\/usu394\/2022\/07\/llibres-de-2n-batxillerat-def.pdf\" target=\"_blank\" rel=\"noopener\">Llibres de text 2n de Batxillerat<\/a><\/li>\n<li><a href=\"https:\/\/agora.xtec.cat\/insjvfoix\/wp-content\/uploads\/usu394\/2022\/07\/llibres-de-lectures1r-2n-batxillerat.pdf\" target=\"_blank\" rel=\"noopener\">Llibres de lectura de Batxillerat (1r i 2n de Batxillerat)<\/a><\/li>\n<\/ul>\n<\/td>\n<\/tr>\n<tr>\n<td style=\"width: 147.5px;\"><strong>CFGM<br \/>\n<\/strong><\/td>\n<td style=\"width: 416px;\">\n<ul>\n<li><a href=\"https:\/\/agora.xtec.cat\/insjvfoix\/wp-content\/uploads\/usu394\/2022\/07\/LLIBRES-CFGM-CURS-22-23.pdf\" target=\"_blank\" rel=\"noopener\">Llibres CFGM.<\/a><\/li>\n<\/ul>\n<\/td>\n<\/tr>\n<tr>\n<td style=\"width: 147.5px;\"><strong>CFGS d&#8217;automoci\u00f3<\/strong><\/td>\n<td style=\"width: 416px;\">\n<ul>\n<li><a href=\"https:\/\/agora.xtec.cat\/insjvfoix\/wp-content\/uploads\/usu394\/2022\/07\/LLIBRES-CFGS-CURS-22-23.pdf\" target=\"_blank\" rel=\"noopener\">Llibres CFGS<\/a>.<\/li>\n<\/ul>\n<\/td>\n<\/tr>\n<\/tbody>\n<\/table>\n","protected":false},"excerpt":{"rendered":"<p>Llibres de text i recomanacions sobre ordinadors i tauletes. NO V\u00c0LID Seleccioneu el curs i descarregueu el document en versi\u00f3 .pdf que cont\u00e9 el llistat dels llibres: ESO: Ordinadors i tauletes per a l&#8217;ESO. Llibres de lectura d&#8217;ESO 1r ESO: No hi ha llibres de text. 2n ESO:\u00a0No hi ha llibres de text. 3r ESO: [&hellip;]<\/p>\n","protected":false},"author":1,"featured_media":0,"parent":0,"menu_order":0,"comment_status":"closed","ping_status":"closed","template":"","meta":{"_bbp_topic_count":0,"_bbp_reply_count":0,"_bbp_total_topic_count":0,"_bbp_total_reply_count":0,"_bbp_voice_count":0,"_bbp_anonymous_reply_count":0,"_bbp_topic_count_hidden":0,"_bbp_reply_count_hidden":0,"_bbp_forum_subforum_count":0,"site-sidebar-layout":"default","site-content-layout":"","ast-site-content-layout":"default","site-content-style":"default","site-sidebar-style":"default","ast-global-header-display":"","ast-banner-title-visibility":"","ast-main-header-display":"","ast-hfb-above-header-display":"","ast-hfb-below-header-display":"","ast-hfb-mobile-header-display":"","site-post-title":"","ast-breadcrumbs-content":"","ast-featured-img":"","footer-sml-layout":"","theme-transparent-header-meta":"","adv-header-id-meta":"","stick-header-meta":"","header-above-stick-meta":"","header-main-stick-meta":"","header-below-stick-meta":"","astra-migrate-meta-layouts":"set","ast-page-background-enabled":"default","ast-page-background-meta":{"desktop":{"background-color":"var(--ast-global-color-5)","background-image":"","background-repeat":"repeat","background-position":"center center","background-size":"auto","background-attachment":"scroll","background-type":"","background-media":"","overlay-type":"","overlay-color":"","overlay-opacity":"","overlay-gradient":""},"tablet":{"background-color":"","background-image":"","background-repeat":"repeat","background-position":"center center","background-size":"auto","background-attachment":"scroll","background-type":"","background-media":"","overlay-type":"","overlay-color":"","overlay-opacity":"","overlay-gradient":""},"mobile":{"background-color":"","background-image":"","background-repeat":"repeat","background-position":"center center","background-size":"auto","background-attachment":"scroll","background-type":"","background-media":"","overlay-type":"","overlay-color":"","overlay-opacity":"","overlay-gradient":""}},"ast-content-background-meta":{"desktop":{"background-color":"var(--ast-global-color-4)","background-image":"","background-repeat":"repeat","background-position":"center center","background-size":"auto","background-attachment":"scroll","background-type":"","background-media":"","overlay-type":"","overlay-color":"","overlay-opacity":"","overlay-gradient":""},"tablet":{"background-color":"var(--ast-global-color-4)","background-image":"","background-repeat":"repeat","background-position":"center center","background-size":"auto","background-attachment":"scroll","background-type":"","background-media":"","overlay-type":"","overlay-color":"","overlay-opacity":"","overlay-gradient":""},"mobile":{"background-color":"var(--ast-global-color-4)","background-image":"","background-repeat":"repeat","background-position":"center center","background-size":"auto","background-attachment":"scroll","background-type":"","background-media":"","overlay-type":"","overlay-color":"","overlay-opacity":"","overlay-gradient":""}},"footnotes":""},"class_list":["post-374","page","type-page","status-publish","hentry"],"post_mailing_queue_ids":[],"_links":{"self":[{"href":"https:\/\/agora.xtec.cat\/insjvfoix\/wp-json\/wp\/v2\/pages\/374","targetHints":{"allow":["GET"]}}],"collection":[{"href":"https:\/\/agora.xtec.cat\/insjvfoix\/wp-json\/wp\/v2\/pages"}],"about":[{"href":"https:\/\/agora.xtec.cat\/insjvfoix\/wp-json\/wp\/v2\/types\/page"}],"author":[{"embeddable":true,"href":"https:\/\/agora.xtec.cat\/insjvfoix\/wp-json\/wp\/v2\/users\/1"}],"replies":[{"embeddable":true,"href":"https:\/\/agora.xtec.cat\/insjvfoix\/wp-json\/wp\/v2\/comments?post=374"}],"version-history":[{"count":7,"href":"https:\/\/agora.xtec.cat\/insjvfoix\/wp-json\/wp\/v2\/pages\/374\/revisions"}],"predecessor-version":[{"id":13314,"href":"https:\/\/agora.xtec.cat\/insjvfoix\/wp-json\/wp\/v2\/pages\/374\/revisions\/13314"}],"wp:attachment":[{"href":"https:\/\/agora.xtec.cat\/insjvfoix\/wp-json\/wp\/v2\/media?parent=374"}],"curies":[{"name":"wp","href":"https:\/\/api.w.org\/{rel}","templated":true}]}}