{"id":370,"date":"2015-06-25T12:42:35","date_gmt":"2015-06-25T11:42:35","guid":{"rendered":"http:\/\/agora.xtec.cat\/insjvfoix\/?page_id=370"},"modified":"2025-03-28T12:57:19","modified_gmt":"2025-03-28T11:57:19","slug":"escola-empresa","status":"publish","type":"page","link":"https:\/\/agora.xtec.cat\/insjvfoix\/estudis\/escola-empresa\/","title":{"rendered":"Escola-empresa"},"content":{"rendered":"<h4 style=\"text-align: justify;\">La Formaci\u00f3 pr\u00e0ctica als centres de treball<\/h4>\n<p style=\"text-align: justify;\">La Formaci\u00f3 Pr\u00e0ctica als Centres de Treball (FPCT) constitueix una plataforma important\u00edssima per a la inserci\u00f3 laboral dels alumnes. La dedicaci\u00f3 que es concedeixi a aquesta fase de la seva formaci\u00f3 ser\u00e0 determinant per ala integraci\u00f3 d&#8217;aquests al m\u00f3n laboral.<\/p>\n<p style=\"text-align: justify;\">La formaci\u00f3 a l\u2019empresa constitueix uns dels indicadors de la qualitat de l\u2019ensenyament de cada centre, la seva projecci\u00f3 sociolaboral i de l&#8217;\u201cestat de salut de cada cicle formatiu\u201d i tamb\u00e9 del centre i els docents responsables.<\/p>\n<p style=\"text-align: justify;\">A L\u2019institut J. V. Foix donem una gran import\u00e0ncia a fer un seguiment del grau d\u2019inserci\u00f3 laboral dels alumnes de FP per poder revisar i actualitzar els plantejaments formatius de les programacions per adaptar-los i aix\u00ed poder millorar.<\/p>\n<p style=\"text-align: justify;\">La gesti\u00f3 de l&#8217;FCT al nostre institut es fa amb l&#8217;aplicatiu\u00a0<a href=\"http:\/\/www.empresaiformacio.org\/sBid\">Sbid<\/a>, en col\u00b7laboraci\u00f3 del consell de Cambres de Comer\u00e7 de Catalunya i el departament d\u2019Educaci\u00f3.<\/p>\n<p style=\"text-align: justify;\">Enlla\u00e7 per accedir al BID (Banc Integrat de Dades).<\/p>\n<p style=\"text-align: justify;\"><a href=\"https:\/\/www.empresaiformacio.org\/sBid\">www.empresaiformacio.org\/sBid<\/a><\/p>\n<p style=\"text-align: justify;\">Agra\u00efm la col\u00b7laboraci\u00f3 a les empreses seg\u00fcents:<\/p>\n<table>\n<tbody>\n<tr>\n<td width=\"178\">BOEHRINGER<\/p>\n<p>TELSTAR<\/p>\n<p>ELECNOR,<\/p>\n<p>APPLUS-LGAI<\/p>\n<p>TOP CABLE<\/p>\n<p>MENGIBAR<\/p>\n<p>FFCC<\/p>\n<p>RENSIKA<\/p>\n<p>INDCRESA<\/p>\n<p>UNIVERSITAT AUTONOMA<\/p>\n<p>ELECTRODIMA<\/td>\n<td width=\"178\">ARIZON<\/p>\n<p>AXIMAL MAQUINARIA<\/p>\n<p>CAROL INDUSTRIAL<\/p>\n<p>GALLINA BLANCA<\/p>\n<p>VAK KIMSA<\/p>\n<p>BJC<\/p>\n<p>LENG DOR<\/p>\n<p>MANE<\/p>\n<p>MAGNETO MARELLI<\/p>\n<p>NORTE EUROCAO<\/p>\n<p>MIMAVEN<\/td>\n<td width=\"178\">MOVENTIA<\/p>\n<p>FEUVERT<\/p>\n<p>PEUGEOT<\/p>\n<p>NORAUTO<\/p>\n<p>SAB AUTO<\/p>\n<p>ROS ROCA<\/p>\n<p>SARSA MOTOR<\/p>\n<p>IVECO<\/p>\n<p>RODI<\/p>\n<p>TOYOTA<\/p>\n<p>STERN MOTOR<\/td>\n<td width=\"178\">ALMIRALL<\/p>\n<p>ATP<\/p>\n<p>VICOSYSTEMS<\/p>\n<p>JOVI<\/p>\n<p>MOTOR MUNICH<\/td>\n<\/tr>\n<\/tbody>\n<\/table>\n","protected":false},"excerpt":{"rendered":"<p>La Formaci\u00f3 pr\u00e0ctica als centres de treball La Formaci\u00f3 Pr\u00e0ctica als Centres de Treball (FPCT) constitueix una plataforma important\u00edssima per a la inserci\u00f3 laboral dels alumnes. La dedicaci\u00f3 que es concedeixi a aquesta fase de la seva formaci\u00f3 ser\u00e0 determinant per ala integraci\u00f3 d&#8217;aquests al m\u00f3n laboral. La formaci\u00f3 a l\u2019empresa constitueix uns dels indicadors [&hellip;]<\/p>\n","protected":false},"author":1,"featured_media":0,"parent":195,"menu_order":0,"comment_status":"closed","ping_status":"closed","template":"","meta":{"_bbp_topic_count":0,"_bbp_reply_count":0,"_bbp_total_topic_count":0,"_bbp_total_reply_count":0,"_bbp_voice_count":0,"_bbp_anonymous_reply_count":0,"_bbp_topic_count_hidden":0,"_bbp_reply_count_hidden":0,"_bbp_forum_subforum_count":0,"site-sidebar-layout":"default","site-content-layout":"","ast-site-content-layout":"","site-content-style":"default","site-sidebar-style":"default","ast-global-header-display":"","ast-banner-title-visibility":"","ast-main-header-display":"","ast-hfb-above-header-display":"","ast-hfb-below-header-display":"","ast-hfb-mobile-header-display":"","site-post-title":"","ast-breadcrumbs-content":"","ast-featured-img":"","footer-sml-layout":"","theme-transparent-header-meta":"","adv-header-id-meta":"","stick-header-meta":"","header-above-stick-meta":"","header-main-stick-meta":"","header-below-stick-meta":"","astra-migrate-meta-layouts":"default","ast-page-background-enabled":"default","ast-page-background-meta":{"desktop":{"background-color":"var(--ast-global-color-5)","background-image":"","background-repeat":"repeat","background-position":"center center","background-size":"auto","background-attachment":"scroll","background-type":"","background-media":"","overlay-type":"","overlay-color":"","overlay-opacity":"","overlay-gradient":""},"tablet":{"background-color":"","background-image":"","background-repeat":"repeat","background-position":"center center","background-size":"auto","background-attachment":"scroll","background-type":"","background-media":"","overlay-type":"","overlay-color":"","overlay-opacity":"","overlay-gradient":""},"mobile":{"background-color":"","background-image":"","background-repeat":"repeat","background-position":"center center","background-size":"auto","background-attachment":"scroll","background-type":"","background-media":"","overlay-type":"","overlay-color":"","overlay-opacity":"","overlay-gradient":""}},"ast-content-background-meta":{"desktop":{"background-color":"var(--ast-global-color-4)","background-image":"","background-repeat":"repeat","background-position":"center center","background-size":"auto","background-attachment":"scroll","background-type":"","background-media":"","overlay-type":"","overlay-color":"","overlay-opacity":"","overlay-gradient":""},"tablet":{"background-color":"var(--ast-global-color-4)","background-image":"","background-repeat":"repeat","background-position":"center center","background-size":"auto","background-attachment":"scroll","background-type":"","background-media":"","overlay-type":"","overlay-color":"","overlay-opacity":"","overlay-gradient":""},"mobile":{"background-color":"var(--ast-global-color-4)","background-image":"","background-repeat":"repeat","background-position":"center center","background-size":"auto","background-attachment":"scroll","background-type":"","background-media":"","overlay-type":"","overlay-color":"","overlay-opacity":"","overlay-gradient":""}},"footnotes":""},"class_list":["post-370","page","type-page","status-publish","hentry"],"post_mailing_queue_ids":[],"_links":{"self":[{"href":"https:\/\/agora.xtec.cat\/insjvfoix\/wp-json\/wp\/v2\/pages\/370","targetHints":{"allow":["GET"]}}],"collection":[{"href":"https:\/\/agora.xtec.cat\/insjvfoix\/wp-json\/wp\/v2\/pages"}],"about":[{"href":"https:\/\/agora.xtec.cat\/insjvfoix\/wp-json\/wp\/v2\/types\/page"}],"author":[{"embeddable":true,"href":"https:\/\/agora.xtec.cat\/insjvfoix\/wp-json\/wp\/v2\/users\/1"}],"replies":[{"embeddable":true,"href":"https:\/\/agora.xtec.cat\/insjvfoix\/wp-json\/wp\/v2\/comments?post=370"}],"version-history":[{"count":4,"href":"https:\/\/agora.xtec.cat\/insjvfoix\/wp-json\/wp\/v2\/pages\/370\/revisions"}],"predecessor-version":[{"id":12410,"href":"https:\/\/agora.xtec.cat\/insjvfoix\/wp-json\/wp\/v2\/pages\/370\/revisions\/12410"}],"up":[{"embeddable":true,"href":"https:\/\/agora.xtec.cat\/insjvfoix\/wp-json\/wp\/v2\/pages\/195"}],"wp:attachment":[{"href":"https:\/\/agora.xtec.cat\/insjvfoix\/wp-json\/wp\/v2\/media?parent=370"}],"curies":[{"name":"wp","href":"https:\/\/api.w.org\/{rel}","templated":true}]}}