{"id":353,"date":"2015-06-19T12:31:58","date_gmt":"2015-06-19T10:31:58","guid":{"rendered":"http:\/\/agora.xtec.cat\/insjvfoix\/?page_id=353"},"modified":"2025-02-28T17:25:01","modified_gmt":"2025-02-28T16:25:01","slug":"contacte","status":"publish","type":"page","link":"https:\/\/agora.xtec.cat\/insjvfoix\/linstitut\/contacte\/","title":{"rendered":"Contacte"},"content":{"rendered":"<p>Podeu comunicar-vos amb nosaltres usant un dels formularis seg\u00fcents:<\/p>\n<ul>\n<li><a href=\"http:\/\/agora.xtec.cat\/insjvfoix\/?p=622\">B\u00fastia de Queixes i Suggeriments,<\/a><\/li>\n<li><a href=\"http:\/\/agora.xtec.cat\/insjvfoix\/?p=636\">Secretaria,<\/a><\/li>\n<li><a title=\"Contacte ESO\" href=\"https:\/\/agora.xtec.cat\/insjvfoix\/linstitut\/contacte\/contacte-amb-els-tutors-de-leso\/\">Tutors d&#8217;ESO,<\/a><\/li>\n<li><a title=\"Contacte Batxillerat\" href=\"https:\/\/agora.xtec.cat\/insjvfoix\/linstitut\/contacte\/contacte-amb-els-tutors-de-batxillerat\/\">Tutors de Batxillerat,<\/a><\/li>\n<li><a title=\"Moduls\" href=\"https:\/\/agora.xtec.cat\/insjvfoix\/linstitut\/contacte\/contacte-amb-els-tutors-de-cicles-formatius\/\">Tutors de Cicles Formatius,<\/a><\/li>\n<li><a href=\"https:\/\/agora.xtec.cat\/insjvfoix\/linstitut\/contacte\/contacte-amb-els-coordinadors\/\">Coordinadors i coordinadores,<\/a><\/li>\n<li><a href=\"https:\/\/agora.xtec.cat\/insjvfoix\/linstitut\/contacte\/contacte-amb-els-caps-de-departament\/\">Caps de departament.<\/a><\/li>\n<\/ul>\n<p>O b\u00e9 a:<\/p>\n<ul>\n<li>Correu electr\u00f2nic: a8036330@xtec.cat<\/li>\n<li>Tel\u00e8fon: 935880089.<\/li>\n<\/ul>\n<p>&nbsp;<\/p>\n<p>&nbsp;<\/p>\n<p>&nbsp;<\/p>\n<p>&nbsp;<\/p>\n","protected":false},"excerpt":{"rendered":"<p>Podeu comunicar-vos amb nosaltres usant un dels formularis seg\u00fcents: B\u00fastia de Queixes i Suggeriments, Secretaria, Tutors d&#8217;ESO, Tutors de Batxillerat, Tutors de Cicles Formatius, Coordinadors i coordinadores, Caps de departament. O b\u00e9 a: Correu electr\u00f2nic: a8036330@xtec.cat Tel\u00e8fon: 935880089. &nbsp; &nbsp; &nbsp; &nbsp;<\/p>\n","protected":false},"author":1,"featured_media":0,"parent":19,"menu_order":20,"comment_status":"closed","ping_status":"closed","template":"","meta":{"_bbp_topic_count":0,"_bbp_reply_count":0,"_bbp_total_topic_count":0,"_bbp_total_reply_count":0,"_bbp_voice_count":0,"_bbp_anonymous_reply_count":0,"_bbp_topic_count_hidden":0,"_bbp_reply_count_hidden":0,"_bbp_forum_subforum_count":0,"site-sidebar-layout":"default","site-content-layout":"","ast-site-content-layout":"","site-content-style":"default","site-sidebar-style":"default","ast-global-header-display":"","ast-banner-title-visibility":"","ast-main-header-display":"","ast-hfb-above-header-display":"","ast-hfb-below-header-display":"","ast-hfb-mobile-header-display":"","site-post-title":"","ast-breadcrumbs-content":"","ast-featured-img":"","footer-sml-layout":"","theme-transparent-header-meta":"","adv-header-id-meta":"","stick-header-meta":"","header-above-stick-meta":"","header-main-stick-meta":"","header-below-stick-meta":"","astra-migrate-meta-layouts":"default","ast-page-background-enabled":"default","ast-page-background-meta":{"desktop":{"background-color":"var(--ast-global-color-5)","background-image":"","background-repeat":"repeat","background-position":"center center","background-size":"auto","background-attachment":"scroll","background-type":"","background-media":"","overlay-type":"","overlay-color":"","overlay-opacity":"","overlay-gradient":""},"tablet":{"background-color":"","background-image":"","background-repeat":"repeat","background-position":"center center","background-size":"auto","background-attachment":"scroll","background-type":"","background-media":"","overlay-type":"","overlay-color":"","overlay-opacity":"","overlay-gradient":""},"mobile":{"background-color":"","background-image":"","background-repeat":"repeat","background-position":"center center","background-size":"auto","background-attachment":"scroll","background-type":"","background-media":"","overlay-type":"","overlay-color":"","overlay-opacity":"","overlay-gradient":""}},"ast-content-background-meta":{"desktop":{"background-color":"var(--ast-global-color-4)","background-image":"","background-repeat":"repeat","background-position":"center center","background-size":"auto","background-attachment":"scroll","background-type":"","background-media":"","overlay-type":"","overlay-color":"","overlay-opacity":"","overlay-gradient":""},"tablet":{"background-color":"var(--ast-global-color-4)","background-image":"","background-repeat":"repeat","background-position":"center center","background-size":"auto","background-attachment":"scroll","background-type":"","background-media":"","overlay-type":"","overlay-color":"","overlay-opacity":"","overlay-gradient":""},"mobile":{"background-color":"var(--ast-global-color-4)","background-image":"","background-repeat":"repeat","background-position":"center center","background-size":"auto","background-attachment":"scroll","background-type":"","background-media":"","overlay-type":"","overlay-color":"","overlay-opacity":"","overlay-gradient":""}},"footnotes":""},"class_list":["post-353","page","type-page","status-publish","hentry"],"post_mailing_queue_ids":[],"_links":{"self":[{"href":"https:\/\/agora.xtec.cat\/insjvfoix\/wp-json\/wp\/v2\/pages\/353","targetHints":{"allow":["GET"]}}],"collection":[{"href":"https:\/\/agora.xtec.cat\/insjvfoix\/wp-json\/wp\/v2\/pages"}],"about":[{"href":"https:\/\/agora.xtec.cat\/insjvfoix\/wp-json\/wp\/v2\/types\/page"}],"author":[{"embeddable":true,"href":"https:\/\/agora.xtec.cat\/insjvfoix\/wp-json\/wp\/v2\/users\/1"}],"replies":[{"embeddable":true,"href":"https:\/\/agora.xtec.cat\/insjvfoix\/wp-json\/wp\/v2\/comments?post=353"}],"version-history":[{"count":5,"href":"https:\/\/agora.xtec.cat\/insjvfoix\/wp-json\/wp\/v2\/pages\/353\/revisions"}],"predecessor-version":[{"id":364,"href":"https:\/\/agora.xtec.cat\/insjvfoix\/wp-json\/wp\/v2\/pages\/353\/revisions\/364"}],"up":[{"embeddable":true,"href":"https:\/\/agora.xtec.cat\/insjvfoix\/wp-json\/wp\/v2\/pages\/19"}],"wp:attachment":[{"href":"https:\/\/agora.xtec.cat\/insjvfoix\/wp-json\/wp\/v2\/media?parent=353"}],"curies":[{"name":"wp","href":"https:\/\/api.w.org\/{rel}","templated":true}]}}