{"id":3031,"date":"2016-10-06T08:09:55","date_gmt":"2016-10-06T07:09:55","guid":{"rendered":"http:\/\/agora.xtec.cat\/insjvfoix\/?page_id=3031"},"modified":"2021-05-16T20:15:54","modified_gmt":"2021-05-16T18:15:54","slug":"escola-verda","status":"publish","type":"page","link":"https:\/\/agora.xtec.cat\/insjvfoix\/documentacio-de-centre\/escola-verda\/","title":{"rendered":"Escola Verda"},"content":{"rendered":"<p class=\"western\"><span style=\"font-family: Arial,serif;\">El projecte Escola Verda respon a una intenci\u00f3 d\u2019innovar <\/span><span style=\"font-family: Arial,serif;\">incloure, avan\u00e7ar, sistematitzar i organitzar accions educatives que tinguin la finalitat d&#8217;afrontar, des de l&#8217;educaci\u00f3, els nous reptes i valors de la sostenibilitat.<\/span><\/p>\n<p class=\"western\"><a href=\"http:\/\/agora.xtec.cat\/insjvfoix\/wp-content\/uploads\/usu394\/2016\/10\/escolaverda.jpg\"><img loading=\"lazy\" decoding=\"async\" class=\"alignleft wp-image-3236\" src=\"http:\/\/agora.xtec.cat\/insjvfoix\/wp-content\/uploads\/usu394\/2016\/10\/escolaverda.jpg\" alt=\"escolaverda\" width=\"277\" height=\"284\" \/><\/a><\/p>\n<p class=\"western\"><span style=\"font-family: Arial,serif;\">Els objectius principals s\u00f3n p<\/span><span style=\"font-family: Arial,serif;\">romoure la participaci\u00f3 i la implicaci\u00f3 activa de la comunitat educativa en la millora del seu entorn. <\/span><\/p>\n<p class=\"western\"><span style=\"font-family: Arial,serif;\">Els eixos d\u2019acci\u00f3 se centren en:<\/span><\/p>\n<ul>\n<li class=\"western\"><span style=\"font-family: Arial,serif;\">Fomentar la recollida selectiva. Al centre es fa la recollida selectiva del paper, envasos, oli, piles i taps.<\/span><\/li>\n<li class=\"western\"><span style=\"font-family: Arial,serif;\">Dies senyalats verds. Per treballar la conscienciaci\u00f3, la protecci\u00f3 pel mediambient i la preocupaci\u00f3 per temes de sostenibilitat. Al centre es preparen activitats concretes per la setmana de la prevenci\u00f3 de residus (primera quinzena de novembre), el dia de l&#8217;aigua (21 de mar\u00e7) i al juny fem una jornada on treballem algun aspectes concret.<\/span><\/li>\n<li class=\"western\"><span style=\"font-family: Arial,serif;\">\u00a0A m\u00e9s a m\u00e9s, el treball en mediambient i sostenibilitat es treballa de manera transversal des de tots els departaments.<\/span><\/li>\n<\/ul>\n<p class=\"western\">\n","protected":false},"excerpt":{"rendered":"<p>El projecte Escola Verda respon a una intenci\u00f3 d\u2019innovar incloure, avan\u00e7ar, sistematitzar i organitzar accions educatives que tinguin la finalitat d&#8217;afrontar, des de l&#8217;educaci\u00f3, els nous reptes i valors de la sostenibilitat. Els objectius principals s\u00f3n promoure la participaci\u00f3 i la implicaci\u00f3 activa de la comunitat educativa en la millora del seu entorn. Els eixos [&hellip;]<\/p>\n","protected":false},"author":1,"featured_media":0,"parent":2638,"menu_order":0,"comment_status":"closed","ping_status":"closed","template":"","meta":{"_bbp_topic_count":0,"_bbp_reply_count":0,"_bbp_total_topic_count":0,"_bbp_total_reply_count":0,"_bbp_voice_count":0,"_bbp_anonymous_reply_count":0,"_bbp_topic_count_hidden":0,"_bbp_reply_count_hidden":0,"_bbp_forum_subforum_count":0,"site-sidebar-layout":"default","site-content-layout":"","ast-site-content-layout":"","site-content-style":"default","site-sidebar-style":"default","ast-global-header-display":"","ast-banner-title-visibility":"","ast-main-header-display":"","ast-hfb-above-header-display":"","ast-hfb-below-header-display":"","ast-hfb-mobile-header-display":"","site-post-title":"","ast-breadcrumbs-content":"","ast-featured-img":"","footer-sml-layout":"","theme-transparent-header-meta":"","adv-header-id-meta":"","stick-header-meta":"","header-above-stick-meta":"","header-main-stick-meta":"","header-below-stick-meta":"","astra-migrate-meta-layouts":"default","ast-page-background-enabled":"default","ast-page-background-meta":{"desktop":{"background-color":"var(--ast-global-color-5)","background-image":"","background-repeat":"repeat","background-position":"center center","background-size":"auto","background-attachment":"scroll","background-type":"","background-media":"","overlay-type":"","overlay-color":"","overlay-opacity":"","overlay-gradient":""},"tablet":{"background-color":"","background-image":"","background-repeat":"repeat","background-position":"center center","background-size":"auto","background-attachment":"scroll","background-type":"","background-media":"","overlay-type":"","overlay-color":"","overlay-opacity":"","overlay-gradient":""},"mobile":{"background-color":"","background-image":"","background-repeat":"repeat","background-position":"center center","background-size":"auto","background-attachment":"scroll","background-type":"","background-media":"","overlay-type":"","overlay-color":"","overlay-opacity":"","overlay-gradient":""}},"ast-content-background-meta":{"desktop":{"background-color":"var(--ast-global-color-4)","background-image":"","background-repeat":"repeat","background-position":"center center","background-size":"auto","background-attachment":"scroll","background-type":"","background-media":"","overlay-type":"","overlay-color":"","overlay-opacity":"","overlay-gradient":""},"tablet":{"background-color":"var(--ast-global-color-4)","background-image":"","background-repeat":"repeat","background-position":"center center","background-size":"auto","background-attachment":"scroll","background-type":"","background-media":"","overlay-type":"","overlay-color":"","overlay-opacity":"","overlay-gradient":""},"mobile":{"background-color":"var(--ast-global-color-4)","background-image":"","background-repeat":"repeat","background-position":"center center","background-size":"auto","background-attachment":"scroll","background-type":"","background-media":"","overlay-type":"","overlay-color":"","overlay-opacity":"","overlay-gradient":""}},"footnotes":""},"class_list":["post-3031","page","type-page","status-publish","hentry"],"post_mailing_queue_ids":[],"_links":{"self":[{"href":"https:\/\/agora.xtec.cat\/insjvfoix\/wp-json\/wp\/v2\/pages\/3031","targetHints":{"allow":["GET"]}}],"collection":[{"href":"https:\/\/agora.xtec.cat\/insjvfoix\/wp-json\/wp\/v2\/pages"}],"about":[{"href":"https:\/\/agora.xtec.cat\/insjvfoix\/wp-json\/wp\/v2\/types\/page"}],"author":[{"embeddable":true,"href":"https:\/\/agora.xtec.cat\/insjvfoix\/wp-json\/wp\/v2\/users\/1"}],"replies":[{"embeddable":true,"href":"https:\/\/agora.xtec.cat\/insjvfoix\/wp-json\/wp\/v2\/comments?post=3031"}],"version-history":[{"count":3,"href":"https:\/\/agora.xtec.cat\/insjvfoix\/wp-json\/wp\/v2\/pages\/3031\/revisions"}],"predecessor-version":[{"id":8564,"href":"https:\/\/agora.xtec.cat\/insjvfoix\/wp-json\/wp\/v2\/pages\/3031\/revisions\/8564"}],"up":[{"embeddable":true,"href":"https:\/\/agora.xtec.cat\/insjvfoix\/wp-json\/wp\/v2\/pages\/2638"}],"wp:attachment":[{"href":"https:\/\/agora.xtec.cat\/insjvfoix\/wp-json\/wp\/v2\/media?parent=3031"}],"curies":[{"name":"wp","href":"https:\/\/api.w.org\/{rel}","templated":true}]}}