{"id":3024,"date":"2016-10-06T08:01:12","date_gmt":"2016-10-06T07:01:12","guid":{"rendered":"http:\/\/agora.xtec.cat\/insjvfoix\/?page_id=3024"},"modified":"2016-10-06T08:08:58","modified_gmt":"2016-10-06T07:08:58","slug":"p-biblioteca","status":"publish","type":"page","link":"https:\/\/agora.xtec.cat\/insjvfoix\/documentacio-de-centre\/p-biblioteca\/","title":{"rendered":"P. Biblioteca"},"content":{"rendered":"<p>Amb aquest projecte es pret\u00e9n potenciar la compet\u00e8ncia lectora i les habilitats en l\u2019acc\u00e9s a les fonts, aix\u00ed com desenvolupar\u00a0 la\u00a0comprensi\u00f3 i optimitzaci\u00f3 de la informaci\u00f3.<\/p>\n<p>Volem fer que la biblioteca sigui un\u00a0 espai actiu i din\u00e0mic, que utilitza entorns f\u00edsics i virtuals per posar a l\u2019abast de la comunitat educativa recursos en tot tipus de suport per a l\u2019aprenentatge i la recerca. \u00a0Aix\u00ed com activar el servei de pr\u00e9stec.<\/p>\n<p><a href=\"http:\/\/agora.xtec.cat\/insjvfoix\/wp-content\/uploads\/usu394\/2016\/10\/Proj_bilio.png\"><br \/>\n<img loading=\"lazy\" decoding=\"async\" class=\"alignleft wp-image-3027\" src=\"http:\/\/agora.xtec.cat\/insjvfoix\/wp-content\/uploads\/usu394\/2016\/10\/Proj_bilio-300x169.png\" alt=\"proj_bilio\" width=\"398\" height=\"224\" srcset=\"https:\/\/agora.xtec.cat\/insjvfoix\/wp-content\/uploads\/usu394\/2016\/10\/Proj_bilio-300x169.png 300w, https:\/\/agora.xtec.cat\/insjvfoix\/wp-content\/uploads\/usu394\/2016\/10\/Proj_bilio-768x432.png 768w, https:\/\/agora.xtec.cat\/insjvfoix\/wp-content\/uploads\/usu394\/2016\/10\/Proj_bilio-1024x576.png 1024w, https:\/\/agora.xtec.cat\/insjvfoix\/wp-content\/uploads\/usu394\/2016\/10\/Proj_bilio.png 1366w\" sizes=\"auto, (max-width: 398px) 100vw, 398px\" \/><\/a><\/p>\n","protected":false},"excerpt":{"rendered":"<p>Amb aquest projecte es pret\u00e9n potenciar la compet\u00e8ncia lectora i les habilitats en l\u2019acc\u00e9s a les fonts, aix\u00ed com desenvolupar\u00a0 la\u00a0comprensi\u00f3 i optimitzaci\u00f3 de la informaci\u00f3. Volem fer que la biblioteca sigui un\u00a0 espai actiu i din\u00e0mic, que utilitza entorns f\u00edsics i virtuals per posar a l\u2019abast de la comunitat educativa recursos en tot tipus [&hellip;]<\/p>\n","protected":false},"author":1,"featured_media":0,"parent":2638,"menu_order":0,"comment_status":"closed","ping_status":"closed","template":"","meta":{"_bbp_topic_count":0,"_bbp_reply_count":0,"_bbp_total_topic_count":0,"_bbp_total_reply_count":0,"_bbp_voice_count":0,"_bbp_anonymous_reply_count":0,"_bbp_topic_count_hidden":0,"_bbp_reply_count_hidden":0,"_bbp_forum_subforum_count":0,"site-sidebar-layout":"default","site-content-layout":"","ast-site-content-layout":"","site-content-style":"default","site-sidebar-style":"default","ast-global-header-display":"","ast-banner-title-visibility":"","ast-main-header-display":"","ast-hfb-above-header-display":"","ast-hfb-below-header-display":"","ast-hfb-mobile-header-display":"","site-post-title":"","ast-breadcrumbs-content":"","ast-featured-img":"","footer-sml-layout":"","theme-transparent-header-meta":"","adv-header-id-meta":"","stick-header-meta":"","header-above-stick-meta":"","header-main-stick-meta":"","header-below-stick-meta":"","astra-migrate-meta-layouts":"default","ast-page-background-enabled":"default","ast-page-background-meta":{"desktop":{"background-color":"var(--ast-global-color-5)","background-image":"","background-repeat":"repeat","background-position":"center center","background-size":"auto","background-attachment":"scroll","background-type":"","background-media":"","overlay-type":"","overlay-color":"","overlay-opacity":"","overlay-gradient":""},"tablet":{"background-color":"","background-image":"","background-repeat":"repeat","background-position":"center center","background-size":"auto","background-attachment":"scroll","background-type":"","background-media":"","overlay-type":"","overlay-color":"","overlay-opacity":"","overlay-gradient":""},"mobile":{"background-color":"","background-image":"","background-repeat":"repeat","background-position":"center center","background-size":"auto","background-attachment":"scroll","background-type":"","background-media":"","overlay-type":"","overlay-color":"","overlay-opacity":"","overlay-gradient":""}},"ast-content-background-meta":{"desktop":{"background-color":"var(--ast-global-color-4)","background-image":"","background-repeat":"repeat","background-position":"center center","background-size":"auto","background-attachment":"scroll","background-type":"","background-media":"","overlay-type":"","overlay-color":"","overlay-opacity":"","overlay-gradient":""},"tablet":{"background-color":"var(--ast-global-color-4)","background-image":"","background-repeat":"repeat","background-position":"center center","background-size":"auto","background-attachment":"scroll","background-type":"","background-media":"","overlay-type":"","overlay-color":"","overlay-opacity":"","overlay-gradient":""},"mobile":{"background-color":"var(--ast-global-color-4)","background-image":"","background-repeat":"repeat","background-position":"center center","background-size":"auto","background-attachment":"scroll","background-type":"","background-media":"","overlay-type":"","overlay-color":"","overlay-opacity":"","overlay-gradient":""}},"footnotes":""},"class_list":["post-3024","page","type-page","status-publish","hentry"],"post_mailing_queue_ids":[],"_links":{"self":[{"href":"https:\/\/agora.xtec.cat\/insjvfoix\/wp-json\/wp\/v2\/pages\/3024","targetHints":{"allow":["GET"]}}],"collection":[{"href":"https:\/\/agora.xtec.cat\/insjvfoix\/wp-json\/wp\/v2\/pages"}],"about":[{"href":"https:\/\/agora.xtec.cat\/insjvfoix\/wp-json\/wp\/v2\/types\/page"}],"author":[{"embeddable":true,"href":"https:\/\/agora.xtec.cat\/insjvfoix\/wp-json\/wp\/v2\/users\/1"}],"replies":[{"embeddable":true,"href":"https:\/\/agora.xtec.cat\/insjvfoix\/wp-json\/wp\/v2\/comments?post=3024"}],"version-history":[{"count":2,"href":"https:\/\/agora.xtec.cat\/insjvfoix\/wp-json\/wp\/v2\/pages\/3024\/revisions"}],"predecessor-version":[{"id":5398,"href":"https:\/\/agora.xtec.cat\/insjvfoix\/wp-json\/wp\/v2\/pages\/3024\/revisions\/5398"}],"up":[{"embeddable":true,"href":"https:\/\/agora.xtec.cat\/insjvfoix\/wp-json\/wp\/v2\/pages\/2638"}],"wp:attachment":[{"href":"https:\/\/agora.xtec.cat\/insjvfoix\/wp-json\/wp\/v2\/media?parent=3024"}],"curies":[{"name":"wp","href":"https:\/\/api.w.org\/{rel}","templated":true}]}}