{"id":3019,"date":"2016-10-06T08:08:04","date_gmt":"2016-10-06T07:08:04","guid":{"rendered":"http:\/\/agora.xtec.cat\/insjvfoix\/?page_id=3019"},"modified":"2025-03-16T16:51:07","modified_gmt":"2025-03-16T15:51:07","slug":"servei-comunitari","status":"publish","type":"page","link":"https:\/\/agora.xtec.cat\/insjvfoix\/documentacio-de-centre\/servei-comunitari\/","title":{"rendered":"Servei Comunitari"},"content":{"rendered":"<p style=\"text-align: left;\">El servei comunitari s\u2019aplica a l\u2019alumnat de 4t d\u2019ESO amb la finalitat de garantir que els estudiants experimentin i protagonitzin accions de comprom\u00eds c\u00edvic, aprenguin en l\u2019exercici actiu de la ciutadania, i posin en joc els seus coneixements i capacitats al servei de la comunitat.<br \/>\nAquest\u00a0projecte \u00a0respon a la idea que l\u2019educaci\u00f3 \u00e9s una eina de millora <a href=\"http:\/\/agora.xtec.cat\/insjvfoix\/wp-content\/uploads\/usu394\/2016\/10\/proj_servei.jpg\"><img loading=\"lazy\" decoding=\"async\" class=\"alignleft wp-image-3020\" src=\"http:\/\/agora.xtec.cat\/insjvfoix\/wp-content\/uploads\/usu394\/2016\/10\/proj_servei-300x169.jpg\" alt=\"proj_servei\" width=\"363\" height=\"205\" srcset=\"https:\/\/agora.xtec.cat\/insjvfoix\/wp-content\/uploads\/usu394\/2016\/10\/proj_servei-300x169.jpg 300w, https:\/\/agora.xtec.cat\/insjvfoix\/wp-content\/uploads\/usu394\/2016\/10\/proj_servei.jpg 743w\" sizes=\"auto, (max-width: 363px) 100vw, 363px\" \/><\/a>social, orientada a formar \u00e9ssers complets, amb una dimensi\u00f3 tant intel\u00b7lectual com humana i moral.<br \/>\nEl nostre alumnat realitza intercanvi generacional, apropant-se a col\u00b7lectius de gent gran per facilitar l&#8217;intercanvi de coneixements, sabers i habilitats. Tamb\u00e9 fan acompanyament i suport a l\u2019escolaritzaci\u00f3 tot fent refor\u00e7 de lectoescriptura dels petits de les escoles m\u00e9s properes o col\u00b7laborant-hi a les biblioteques.<\/p>\n<p>&nbsp;<\/p>\n<p>&nbsp;<\/p>\n<p>Agra\u00efm la col\u00b7laboraci\u00f3 a les seg\u00fcents entitats col\u00b7laboradores:<\/p>\n<table>\n<tbody>\n<tr>\n<td width=\"284\">APUNT Centre de Refor\u00e7 i Aprenentatge<\/td>\n<\/tr>\n<tr>\n<td width=\"284\">Associaci\u00f3 Cultural Mube<\/td>\n<\/tr>\n<tr>\n<td width=\"284\">Biblioteca Mart\u00ed i Tauler<\/td>\n<\/tr>\n<tr>\n<td width=\"284\">CFS Molins 99<\/td>\n<\/tr>\n<tr>\n<td width=\"284\">Club Escola de Futbol Can Mir<\/td>\n<\/tr>\n<tr>\n<td width=\"284\">Club Esportiu Maristes Rub\u00ed<\/td>\n<\/tr>\n<tr>\n<td width=\"284\">Club esportiu Sferic Basquet<\/td>\n<\/tr>\n<tr>\n<td width=\"284\">Club Handbol Martorell<\/td>\n<\/tr>\n<tr>\n<td width=\"284\">Escola Joan Maragall<\/td>\n<\/tr>\n<tr>\n<td width=\"284\">Escola Rivo Rubeo<\/td>\n<\/tr>\n<tr>\n<td width=\"284\">Escola Torre de la Llebre<\/td>\n<\/tr>\n<tr>\n<td width=\"284\">Esplai MuBe<\/td>\n<\/tr>\n<tr>\n<td width=\"284\">Esportiu Rub\u00ed<\/td>\n<\/tr>\n<tr>\n<td width=\"284\">H\u00edpica La Granja<\/td>\n<\/tr>\n<tr>\n<td width=\"284\">H\u00edpica La Vinya<\/td>\n<\/tr>\n<tr>\n<td width=\"284\">Radiof\u00f2nics<\/td>\n<\/tr>\n<tr>\n<td width=\"284\">Rodamons de Rub\u00ed<\/td>\n<\/tr>\n<\/tbody>\n<\/table>\n<p>&nbsp;<\/p>\n","protected":false},"excerpt":{"rendered":"<p>El servei comunitari s\u2019aplica a l\u2019alumnat de 4t d\u2019ESO amb la finalitat de garantir que els estudiants experimentin i protagonitzin accions de comprom\u00eds c\u00edvic, aprenguin en l\u2019exercici actiu de la ciutadania, i posin en joc els seus coneixements i capacitats al servei de la comunitat. Aquest\u00a0projecte \u00a0respon a la idea que l\u2019educaci\u00f3 \u00e9s una eina [&hellip;]<\/p>\n","protected":false},"author":1,"featured_media":0,"parent":2638,"menu_order":0,"comment_status":"closed","ping_status":"closed","template":"","meta":{"_bbp_topic_count":0,"_bbp_reply_count":0,"_bbp_total_topic_count":0,"_bbp_total_reply_count":0,"_bbp_voice_count":0,"_bbp_anonymous_reply_count":0,"_bbp_topic_count_hidden":0,"_bbp_reply_count_hidden":0,"_bbp_forum_subforum_count":0,"site-sidebar-layout":"default","site-content-layout":"","ast-site-content-layout":"","site-content-style":"default","site-sidebar-style":"default","ast-global-header-display":"","ast-banner-title-visibility":"","ast-main-header-display":"","ast-hfb-above-header-display":"","ast-hfb-below-header-display":"","ast-hfb-mobile-header-display":"","site-post-title":"","ast-breadcrumbs-content":"","ast-featured-img":"","footer-sml-layout":"","theme-transparent-header-meta":"","adv-header-id-meta":"","stick-header-meta":"","header-above-stick-meta":"","header-main-stick-meta":"","header-below-stick-meta":"","astra-migrate-meta-layouts":"default","ast-page-background-enabled":"default","ast-page-background-meta":{"desktop":{"background-color":"var(--ast-global-color-5)","background-image":"","background-repeat":"repeat","background-position":"center center","background-size":"auto","background-attachment":"scroll","background-type":"","background-media":"","overlay-type":"","overlay-color":"","overlay-opacity":"","overlay-gradient":""},"tablet":{"background-color":"","background-image":"","background-repeat":"repeat","background-position":"center center","background-size":"auto","background-attachment":"scroll","background-type":"","background-media":"","overlay-type":"","overlay-color":"","overlay-opacity":"","overlay-gradient":""},"mobile":{"background-color":"","background-image":"","background-repeat":"repeat","background-position":"center center","background-size":"auto","background-attachment":"scroll","background-type":"","background-media":"","overlay-type":"","overlay-color":"","overlay-opacity":"","overlay-gradient":""}},"ast-content-background-meta":{"desktop":{"background-color":"var(--ast-global-color-4)","background-image":"","background-repeat":"repeat","background-position":"center center","background-size":"auto","background-attachment":"scroll","background-type":"","background-media":"","overlay-type":"","overlay-color":"","overlay-opacity":"","overlay-gradient":""},"tablet":{"background-color":"var(--ast-global-color-4)","background-image":"","background-repeat":"repeat","background-position":"center center","background-size":"auto","background-attachment":"scroll","background-type":"","background-media":"","overlay-type":"","overlay-color":"","overlay-opacity":"","overlay-gradient":""},"mobile":{"background-color":"var(--ast-global-color-4)","background-image":"","background-repeat":"repeat","background-position":"center center","background-size":"auto","background-attachment":"scroll","background-type":"","background-media":"","overlay-type":"","overlay-color":"","overlay-opacity":"","overlay-gradient":""}},"footnotes":""},"class_list":["post-3019","page","type-page","status-publish","hentry"],"post_mailing_queue_ids":[],"_links":{"self":[{"href":"https:\/\/agora.xtec.cat\/insjvfoix\/wp-json\/wp\/v2\/pages\/3019","targetHints":{"allow":["GET"]}}],"collection":[{"href":"https:\/\/agora.xtec.cat\/insjvfoix\/wp-json\/wp\/v2\/pages"}],"about":[{"href":"https:\/\/agora.xtec.cat\/insjvfoix\/wp-json\/wp\/v2\/types\/page"}],"author":[{"embeddable":true,"href":"https:\/\/agora.xtec.cat\/insjvfoix\/wp-json\/wp\/v2\/users\/1"}],"replies":[{"embeddable":true,"href":"https:\/\/agora.xtec.cat\/insjvfoix\/wp-json\/wp\/v2\/comments?post=3019"}],"version-history":[{"count":6,"href":"https:\/\/agora.xtec.cat\/insjvfoix\/wp-json\/wp\/v2\/pages\/3019\/revisions"}],"predecessor-version":[{"id":12370,"href":"https:\/\/agora.xtec.cat\/insjvfoix\/wp-json\/wp\/v2\/pages\/3019\/revisions\/12370"}],"up":[{"embeddable":true,"href":"https:\/\/agora.xtec.cat\/insjvfoix\/wp-json\/wp\/v2\/pages\/2638"}],"wp:attachment":[{"href":"https:\/\/agora.xtec.cat\/insjvfoix\/wp-json\/wp\/v2\/media?parent=3019"}],"curies":[{"name":"wp","href":"https:\/\/api.w.org\/{rel}","templated":true}]}}