{"id":2638,"date":"2016-06-08T18:22:56","date_gmt":"2016-06-08T17:22:56","guid":{"rendered":"http:\/\/agora.xtec.cat\/insjvfoix\/?page_id=2638"},"modified":"2025-07-24T13:48:48","modified_gmt":"2025-07-24T11:48:48","slug":"documentacio-de-centre","status":"publish","type":"page","link":"https:\/\/agora.xtec.cat\/insjvfoix\/documentacio-de-centre\/","title":{"rendered":"DOCUMENTACI\u00d3 DE CENTRE"},"content":{"rendered":"<p><a href=\"https:\/\/www.dropbox.com\/s\/0ri75vtfl5w6lnt\/DOC_PEC_Projecte_Educatiu_de_Centre.pdf?dl=0\">Projecte Educatiu Institut J.V. Foix<\/a><\/p>\n<p><a href=\"https:\/\/agora.xtec.cat\/insjvfoix\/wp-content\/uploads\/usu394\/2025\/07\/Organigrama-2025.pdf\" target=\"_blank\" rel=\"noopener\">Organigrama<\/a><\/p>\n<p><a href=\"https:\/\/agora.xtec.cat\/insjvfoix\/wp-content\/uploads\/usu394\/2019\/05\/POL\u00cdTICA-DE-QUALITAT.pdf\">Pol\u00edtica de qualitat<\/a><\/p>\n<p><span style=\"color: #00ffff;\"><a style=\"color: #00ffff;\" href=\"https:\/\/drive.google.com\/file\/d\/0BxX6z4WxdgVRMTYyNTJCM0Q4RDAzQjkxNDowLjE\/view?usp=sharing\"><span style=\"color: #00ccff;\"><span style=\"color: #33cccc;\">Projecte Ling\u00fc\u00edstic<\/span><\/span><\/a><\/span><\/p>\n<p><a href=\"https:\/\/agora.xtec.cat\/insjvfoix\/wp-content\/uploads\/usu394\/2020\/11\/DOC_NOFC_2019_4.docx\">NOFC (Normes d&#8217;organitzaci\u00f3 i funcionament del Centre)<\/a><\/p>\n<p>Projectes en marxa:<\/p>\n<ol>\n<li><a href=\"https:\/\/agora.xtec.cat\/insjvfoix\/?page_id=3006\">Pluriling\u00fcsime<\/a><\/li>\n<li><a href=\"http:\/\/agora.xtec.cat\/insjvfoix\/projecte-educatiu-pe\/escola-verda\/\">Escola Verda<\/a><\/li>\n<li><a href=\"https:\/\/agora.xtec.cat\/insjvfoix\/?page_id=3019\">Servei Comunitari<\/a><\/li>\n<li><a href=\"https:\/\/agora.xtec.cat\/insjvfoix\/projecte-educatiu-pe\/p-biblioteca\/\">Biblioteca<\/a><\/li>\n<\/ol>\n","protected":false},"excerpt":{"rendered":"<p>Projecte Educatiu Institut J.V. Foix Organigrama Pol\u00edtica de qualitat Projecte Ling\u00fc\u00edstic NOFC (Normes d&#8217;organitzaci\u00f3 i funcionament del Centre) Projectes en marxa: Pluriling\u00fcsime Escola Verda Servei Comunitari Biblioteca<\/p>\n","protected":false},"author":1,"featured_media":0,"parent":0,"menu_order":0,"comment_status":"closed","ping_status":"closed","template":"","meta":{"_bbp_topic_count":0,"_bbp_reply_count":0,"_bbp_total_topic_count":0,"_bbp_total_reply_count":0,"_bbp_voice_count":0,"_bbp_anonymous_reply_count":0,"_bbp_topic_count_hidden":0,"_bbp_reply_count_hidden":0,"_bbp_forum_subforum_count":0,"site-sidebar-layout":"default","site-content-layout":"","ast-site-content-layout":"default","site-content-style":"default","site-sidebar-style":"default","ast-global-header-display":"","ast-banner-title-visibility":"","ast-main-header-display":"","ast-hfb-above-header-display":"","ast-hfb-below-header-display":"","ast-hfb-mobile-header-display":"","site-post-title":"","ast-breadcrumbs-content":"","ast-featured-img":"","footer-sml-layout":"","theme-transparent-header-meta":"","adv-header-id-meta":"","stick-header-meta":"","header-above-stick-meta":"","header-main-stick-meta":"","header-below-stick-meta":"","astra-migrate-meta-layouts":"set","ast-page-background-enabled":"default","ast-page-background-meta":{"desktop":{"background-color":"var(--ast-global-color-5)","background-image":"","background-repeat":"repeat","background-position":"center center","background-size":"auto","background-attachment":"scroll","background-type":"","background-media":"","overlay-type":"","overlay-color":"","overlay-opacity":"","overlay-gradient":""},"tablet":{"background-color":"","background-image":"","background-repeat":"repeat","background-position":"center center","background-size":"auto","background-attachment":"scroll","background-type":"","background-media":"","overlay-type":"","overlay-color":"","overlay-opacity":"","overlay-gradient":""},"mobile":{"background-color":"","background-image":"","background-repeat":"repeat","background-position":"center center","background-size":"auto","background-attachment":"scroll","background-type":"","background-media":"","overlay-type":"","overlay-color":"","overlay-opacity":"","overlay-gradient":""}},"ast-content-background-meta":{"desktop":{"background-color":"var(--ast-global-color-4)","background-image":"","background-repeat":"repeat","background-position":"center center","background-size":"auto","background-attachment":"scroll","background-type":"","background-media":"","overlay-type":"","overlay-color":"","overlay-opacity":"","overlay-gradient":""},"tablet":{"background-color":"var(--ast-global-color-4)","background-image":"","background-repeat":"repeat","background-position":"center center","background-size":"auto","background-attachment":"scroll","background-type":"","background-media":"","overlay-type":"","overlay-color":"","overlay-opacity":"","overlay-gradient":""},"mobile":{"background-color":"var(--ast-global-color-4)","background-image":"","background-repeat":"repeat","background-position":"center center","background-size":"auto","background-attachment":"scroll","background-type":"","background-media":"","overlay-type":"","overlay-color":"","overlay-opacity":"","overlay-gradient":""}},"footnotes":""},"class_list":["post-2638","page","type-page","status-publish","hentry"],"post_mailing_queue_ids":[],"_links":{"self":[{"href":"https:\/\/agora.xtec.cat\/insjvfoix\/wp-json\/wp\/v2\/pages\/2638","targetHints":{"allow":["GET"]}}],"collection":[{"href":"https:\/\/agora.xtec.cat\/insjvfoix\/wp-json\/wp\/v2\/pages"}],"about":[{"href":"https:\/\/agora.xtec.cat\/insjvfoix\/wp-json\/wp\/v2\/types\/page"}],"author":[{"embeddable":true,"href":"https:\/\/agora.xtec.cat\/insjvfoix\/wp-json\/wp\/v2\/users\/1"}],"replies":[{"embeddable":true,"href":"https:\/\/agora.xtec.cat\/insjvfoix\/wp-json\/wp\/v2\/comments?post=2638"}],"version-history":[{"count":6,"href":"https:\/\/agora.xtec.cat\/insjvfoix\/wp-json\/wp\/v2\/pages\/2638\/revisions"}],"predecessor-version":[{"id":12921,"href":"https:\/\/agora.xtec.cat\/insjvfoix\/wp-json\/wp\/v2\/pages\/2638\/revisions\/12921"}],"wp:attachment":[{"href":"https:\/\/agora.xtec.cat\/insjvfoix\/wp-json\/wp\/v2\/media?parent=2638"}],"curies":[{"name":"wp","href":"https:\/\/api.w.org\/{rel}","templated":true}]}}