{"id":2608,"date":"2016-06-06T22:35:20","date_gmt":"2016-06-06T21:35:20","guid":{"rendered":"http:\/\/agora.xtec.cat\/insjvfoix\/?page_id=2608"},"modified":"2026-02-02T11:04:55","modified_gmt":"2026-02-02T10:04:55","slug":"tramits","status":"publish","type":"page","link":"https:\/\/agora.xtec.cat\/insjvfoix\/secretaria\/tramits\/","title":{"rendered":"Tr\u00e0mits"},"content":{"rendered":"<p>Podeu demanar els documents seg\u00fcents a secretaria. Descarregueu-vos la sol\u00b7licitud, ompliu-la i porteu-la secretaria o envieu-la per correu electr\u00f2nic a: <a href=\"mailto:a8036330@xtec.cat\">a8036330@xtec.cat<\/a><\/p>\n<h6><\/h6>\n<h5>Certificat d&#8217;equival\u00e8ncia de nivell B\/C de catal\u00e0<\/h5>\n<table style=\"height: 179px;\" width=\"934\">\n<tbody>\n<tr>\n<td>Documentaci\u00f3 necess\u00e0ria:<\/p>\n<ul>\n<li>Llibre escolaritat d&#8217;EGB o certificat equivalent,<\/li>\n<li>Llibre escolaritat d&#8217;ESO o certificat equivalent,<\/li>\n<li>Fotoc\u00f2pia del t\u00edtol (FPI, FPII, EGB, ESO, Batxillerat) o certificat equivalent.<\/li>\n<\/ul>\n<\/td>\n<td><a href=\"http:\/\/agora.xtec.cat\/insjvfoix\/wp-content\/uploads\/usu394\/2017\/05\/Sol\u00b7licitud-de-reconeixement-equival\u00e8ncia-catal\u00e0-6.pdf\"><img loading=\"lazy\" decoding=\"async\" class=\"alignnone size-full wp-image-1567\" src=\"http:\/\/agora.xtec.cat\/insjvfoix\/wp-content\/uploads\/usu394\/2016\/02\/icono-descarga.jpg\" alt=\"icono-descarga\" width=\"22\" height=\"22\" \/><\/a>\u00a0 \u00a0 \u00a0 \u00a0\u00a0<a href=\"https:\/\/agora.xtec.cat\/insjvfoix\/wp-content\/uploads\/usu394\/2025\/02\/Sollicitud-del-certificat-dequivalencia-de-nivell-BC-de-catala.pdf\" target=\"_blank\" rel=\"noopener\">Sol\u00b7licitud del certificat d\u2019equival\u00e8ncia de nivell B\/C de catal\u00e0<\/a><\/td>\n<\/tr>\n<\/tbody>\n<\/table>\n<h5>T\u00edtol acad\u00e8mic i professional no universitari<\/h5>\n<table style=\"height: 46px;\" width=\"934\">\n<tbody>\n<tr>\n<td style=\"width: 483px;\">En acabar els estudis corresponents.<\/td>\n<td style=\"width: 443px;\">\u00a0<a href=\"http:\/\/agora.xtec.cat\/insjvfoix\/wp-content\/uploads\/usu394\/2017\/05\/Sol\u00b7licitud-titol.pdf\"><img decoding=\"async\" src=\"http:\/\/agora.xtec.cat\/insjvfoix\/wp-content\/uploads\/usu394\/2016\/02\/icono-descarga.jpg\" alt=\"icono-descarga\" \/><\/a>\u00a0<a href=\"https:\/\/tramits.gencat.cat\/ca\/tramits\/tramits-temes\/titols-academics-no-universitaris\">Cal fer el tr\u00e0mit en l\u00ednia en aquest enlla\u00e7<\/a><\/td>\n<\/tr>\n<\/tbody>\n<\/table>\n<h5>Sol\u00b7licitud duplicat d&#8217;un t\u00edtol acad\u00e8mic i professional no universitari<\/h5>\n<table style=\"height: 287px;\" width=\"934\">\n<tbody>\n<tr>\n<td style=\"width: 479px;\"><strong>Motiu per sol\u00b7licitar un duplicat:<\/strong><\/p>\n<ul style=\"list-style-type: circle;\">\n<li>P\u00e8rdua,<\/li>\n<li>Deteriorament,<\/li>\n<li>Rectificaci\u00f3,<\/li>\n<li>Canvi de dades legals.<\/li>\n<\/ul>\n<\/td>\n<td style=\"width: 447px;\"><a href=\"http:\/\/agora.xtec.cat\/insjvfoix\/wp-content\/uploads\/usu394\/2017\/05\/Sol\u00b7licitud-titol-duplicat.pdf\"><img decoding=\"async\" src=\"http:\/\/agora.xtec.cat\/insjvfoix\/wp-content\/uploads\/usu394\/2016\/02\/icono-descarga.jpg\" alt=\"icono-descarga\" \/><\/a> <a href=\"https:\/\/tramits.gencat.cat\/ca\/tramits\/tramits-temes\/titols-academics-no-universitaris\">Cal fer el tr\u00e0mit en aquest enlla\u00e7<\/a><\/td>\n<\/tr>\n<\/tbody>\n<\/table>\n<h5>Autoritzaci\u00f3 pel lliurament d&#8217;un t\u00edtol<\/h5>\n<table style=\"height: 126px;\" width=\"934\">\n<tbody>\n<tr>\n<td style=\"width: 480px;\"><strong>Documentaci\u00f3 necess\u00e0ria:<\/strong><\/p>\n<ul>\n<li class=\"first\">Fotoc\u00f2pia del DNI\/NIE\/Passaport de la persona autoritzant i de l&#8217;autoritzada.<\/li>\n<li class=\"last\">Resguard del t\u00edtol (RTT).<\/li>\n<\/ul>\n<\/td>\n<td style=\"width: 446px;\"><a href=\"http:\/\/agora.xtec.cat\/insjvfoix\/wp-content\/uploads\/usu394\/2017\/05\/Autoritzacio-recollir-titol.pdf\"><img decoding=\"async\" src=\"http:\/\/agora.xtec.cat\/insjvfoix\/wp-content\/uploads\/usu394\/2016\/02\/icono-descarga.jpg\" alt=\"icono-descarga\" \/><\/a>\u00a0<a href=\"http:\/\/agora.xtec.cat\/insjvfoix\/wp-content\/uploads\/usu394\/2017\/05\/Autoritzacio-recollir-titol.pdf\" target=\"_blank\" rel=\"noopener\">Autoritzaci\u00f3 pel lliurament d&#8217;un t\u00edtol<\/a><\/td>\n<\/tr>\n<\/tbody>\n<\/table>\n<h5>Sol\u00b7licitud<strong>\u00a0de baixa d&#8217;alumnes<\/strong><\/h5>\n<table style=\"height: 59px;\" width=\"934\">\n<tbody>\n<tr>\n<td style=\"width: 482px;\">\n<ul>\n<li class=\"first last\">Alumnat menor de 18 anys. Signatura del pare\/mare\/tutor\/tutora (obligat\u00f2ria).<\/li>\n<\/ul>\n<\/td>\n<td style=\"width: 444px;\"><img decoding=\"async\" src=\"http:\/\/agora.xtec.cat\/insjvfoix\/wp-content\/uploads\/usu394\/2016\/02\/icono-descarga.jpg\" alt=\"icono-descarga\" \/> <a href=\"https:\/\/agora.xtec.cat\/insjvfoix\/wp-content\/uploads\/usu394\/2021\/01\/sol\u00b7licitud-baixa.pdf\" target=\"_blank\" rel=\"noopener\">Sol\u00b7licitud de baixa d&#8217;alumnes<\/a><\/td>\n<\/tr>\n<\/tbody>\n<\/table>\n<h6><\/h6>\n","protected":false},"excerpt":{"rendered":"<p>Podeu demanar els documents seg\u00fcents a secretaria. Descarregueu-vos la sol\u00b7licitud, ompliu-la i porteu-la secretaria o envieu-la per correu electr\u00f2nic a: a8036330@xtec.cat Certificat d&#8217;equival\u00e8ncia de nivell B\/C de catal\u00e0 Documentaci\u00f3 necess\u00e0ria: Llibre escolaritat d&#8217;EGB o certificat equivalent, Llibre escolaritat d&#8217;ESO o certificat equivalent, Fotoc\u00f2pia del t\u00edtol (FPI, FPII, EGB, ESO, Batxillerat) o certificat equivalent. \u00a0 \u00a0 [&hellip;]<\/p>\n","protected":false},"author":1,"featured_media":0,"parent":81,"menu_order":0,"comment_status":"closed","ping_status":"closed","template":"","meta":{"_bbp_topic_count":0,"_bbp_reply_count":0,"_bbp_total_topic_count":0,"_bbp_total_reply_count":0,"_bbp_voice_count":0,"_bbp_anonymous_reply_count":0,"_bbp_topic_count_hidden":0,"_bbp_reply_count_hidden":0,"_bbp_forum_subforum_count":0,"site-sidebar-layout":"default","site-content-layout":"","ast-site-content-layout":"default","site-content-style":"default","site-sidebar-style":"default","ast-global-header-display":"","ast-banner-title-visibility":"","ast-main-header-display":"","ast-hfb-above-header-display":"","ast-hfb-below-header-display":"","ast-hfb-mobile-header-display":"","site-post-title":"","ast-breadcrumbs-content":"","ast-featured-img":"","footer-sml-layout":"","theme-transparent-header-meta":"","adv-header-id-meta":"","stick-header-meta":"","header-above-stick-meta":"","header-main-stick-meta":"","header-below-stick-meta":"","astra-migrate-meta-layouts":"set","ast-page-background-enabled":"default","ast-page-background-meta":{"desktop":{"background-color":"var(--ast-global-color-5)","background-image":"","background-repeat":"repeat","background-position":"center center","background-size":"auto","background-attachment":"scroll","background-type":"","background-media":"","overlay-type":"","overlay-color":"","overlay-opacity":"","overlay-gradient":""},"tablet":{"background-color":"","background-image":"","background-repeat":"repeat","background-position":"center center","background-size":"auto","background-attachment":"scroll","background-type":"","background-media":"","overlay-type":"","overlay-color":"","overlay-opacity":"","overlay-gradient":""},"mobile":{"background-color":"","background-image":"","background-repeat":"repeat","background-position":"center center","background-size":"auto","background-attachment":"scroll","background-type":"","background-media":"","overlay-type":"","overlay-color":"","overlay-opacity":"","overlay-gradient":""}},"ast-content-background-meta":{"desktop":{"background-color":"var(--ast-global-color-4)","background-image":"","background-repeat":"repeat","background-position":"center center","background-size":"auto","background-attachment":"scroll","background-type":"","background-media":"","overlay-type":"","overlay-color":"","overlay-opacity":"","overlay-gradient":""},"tablet":{"background-color":"var(--ast-global-color-4)","background-image":"","background-repeat":"repeat","background-position":"center center","background-size":"auto","background-attachment":"scroll","background-type":"","background-media":"","overlay-type":"","overlay-color":"","overlay-opacity":"","overlay-gradient":""},"mobile":{"background-color":"var(--ast-global-color-4)","background-image":"","background-repeat":"repeat","background-position":"center center","background-size":"auto","background-attachment":"scroll","background-type":"","background-media":"","overlay-type":"","overlay-color":"","overlay-opacity":"","overlay-gradient":""}},"footnotes":""},"class_list":["post-2608","page","type-page","status-publish","hentry"],"post_mailing_queue_ids":[],"_links":{"self":[{"href":"https:\/\/agora.xtec.cat\/insjvfoix\/wp-json\/wp\/v2\/pages\/2608","targetHints":{"allow":["GET"]}}],"collection":[{"href":"https:\/\/agora.xtec.cat\/insjvfoix\/wp-json\/wp\/v2\/pages"}],"about":[{"href":"https:\/\/agora.xtec.cat\/insjvfoix\/wp-json\/wp\/v2\/types\/page"}],"author":[{"embeddable":true,"href":"https:\/\/agora.xtec.cat\/insjvfoix\/wp-json\/wp\/v2\/users\/1"}],"replies":[{"embeddable":true,"href":"https:\/\/agora.xtec.cat\/insjvfoix\/wp-json\/wp\/v2\/comments?post=2608"}],"version-history":[{"count":6,"href":"https:\/\/agora.xtec.cat\/insjvfoix\/wp-json\/wp\/v2\/pages\/2608\/revisions"}],"predecessor-version":[{"id":13112,"href":"https:\/\/agora.xtec.cat\/insjvfoix\/wp-json\/wp\/v2\/pages\/2608\/revisions\/13112"}],"up":[{"embeddable":true,"href":"https:\/\/agora.xtec.cat\/insjvfoix\/wp-json\/wp\/v2\/pages\/81"}],"wp:attachment":[{"href":"https:\/\/agora.xtec.cat\/insjvfoix\/wp-json\/wp\/v2\/media?parent=2608"}],"curies":[{"name":"wp","href":"https:\/\/api.w.org\/{rel}","templated":true}]}}