{"id":2342,"date":"2016-04-29T12:17:42","date_gmt":"2016-04-29T11:17:42","guid":{"rendered":"http:\/\/agora.xtec.cat\/insjvfoix\/?page_id=2342"},"modified":"2026-02-11T11:22:55","modified_gmt":"2026-02-11T10:22:55","slug":"biblioteca-2","status":"publish","type":"page","link":"https:\/\/agora.xtec.cat\/insjvfoix\/serveis\/biblioteca-2\/","title":{"rendered":"Biblioteca"},"content":{"rendered":"\n<p class=\"has-text-align-center\">&nbsp;<\/p>\n\n\n\n<figure class=\"wp-block-image size-full is-resized\"><a href=\"https:\/\/agora.xtec.cat\/insjvfoix\/wp-content\/uploads\/usu394\/2024\/12\/color_rodo.png\"><img loading=\"lazy\" decoding=\"async\" width=\"500\" height=\"500\" src=\"https:\/\/agora.xtec.cat\/insjvfoix\/wp-content\/uploads\/usu394\/2024\/12\/color_rodo.png\" alt=\"\" class=\"wp-image-11899\" style=\"width:294px;height:auto\" srcset=\"https:\/\/agora.xtec.cat\/insjvfoix\/wp-content\/uploads\/usu394\/2024\/12\/color_rodo.png 500w, https:\/\/agora.xtec.cat\/insjvfoix\/wp-content\/uploads\/usu394\/2024\/12\/color_rodo-300x300.png 300w, https:\/\/agora.xtec.cat\/insjvfoix\/wp-content\/uploads\/usu394\/2024\/12\/color_rodo-150x150.png 150w\" sizes=\"auto, (max-width: 500px) 100vw, 500px\" \/><\/a><\/figure>\n\n\n\n<p>La biblioteca escolar de l&#8217;INS J. V. Foix \u00e9s un espai on l&#8217;alumnat, professorat i resta de comunitat pot consultar llibres, treure&#8217;ls en pr\u00e9stec, aix\u00ed com disposar d&#8217;un espai multifuncional on s&#8217;hi fan xerrades, tallers, etc. <\/p>\n\n\n\n<p>L&#8217;INS J. V. Foix participa en el Pla de Millora de Biblioteques escolars (PLAMIB) des del curs 2025-2025. Aquest Pla va ser ideat per impulsar una millora de les biblioteques i del seu fons, aix\u00ed com una formaci\u00f3 de dos cursos vinculada amb l&#8217;\u00fas, aprofitament i dinamitzaci\u00f3 d&#8217;aquest espai. A m\u00e9s, s&#8217;ha impulsat la creaci\u00f3 d&#8217;un nou programari de consulta de cat\u00e0leg, anomenat Vega, que enllacem m\u00e9s avall.<\/p>\n\n\n\n<ol class=\"wp-block-list\"><\/ol>\n\n\n\n<ol class=\"wp-block-list\">\n<li>&nbsp;Normes de funcionament.<\/li>\n\n\n\n<li><a href=\"https:\/\/insjvfoix-genedu.eu.iiivega.com\/\">Acc\u00e9s al servei de consulta i &nbsp;pr\u00e9stec.<\/a><\/li>\n\n\n\n<li><a href=\"https:\/\/sites.google.com\/xtec.cat\/vega-ajuda\/inici?pli=1\">Guia d&#8217;\u00fas del programa Vega.<\/a><\/li>\n\n\n\n<li><a href=\"http:\/\/agora.xtec.cat\/insjvfoix\/categoria\/biblioteca\/fitxa-lectura\/\">Fitxes de lectura.<\/a><\/li>\n\n\n\n<li><a href=\"http:\/\/agora.xtec.cat\/insjvfoix\/categoria\/infofoix\/hemeroteca-infofoix\/\">Hemeroteca InfoFoix.<\/a><\/li>\n<\/ol>\n","protected":false},"excerpt":{"rendered":"<p>&nbsp; La biblioteca escolar de l&#8217;INS J. V. Foix \u00e9s un espai on l&#8217;alumnat, professorat i resta de comunitat pot consultar llibres, treure&#8217;ls en pr\u00e9stec, aix\u00ed com disposar d&#8217;un espai multifuncional on s&#8217;hi fan xerrades, tallers, etc. L&#8217;INS J. V. Foix participa en el Pla de Millora de Biblioteques escolars (PLAMIB) des del curs 2025-2025. [&hellip;]<\/p>\n","protected":false},"author":1,"featured_media":0,"parent":63,"menu_order":0,"comment_status":"closed","ping_status":"closed","template":"","meta":{"_bbp_topic_count":0,"_bbp_reply_count":0,"_bbp_total_topic_count":0,"_bbp_total_reply_count":0,"_bbp_voice_count":0,"_bbp_anonymous_reply_count":0,"_bbp_topic_count_hidden":0,"_bbp_reply_count_hidden":0,"_bbp_forum_subforum_count":0,"site-sidebar-layout":"default","site-content-layout":"","ast-site-content-layout":"default","site-content-style":"default","site-sidebar-style":"default","ast-global-header-display":"","ast-banner-title-visibility":"","ast-main-header-display":"","ast-hfb-above-header-display":"","ast-hfb-below-header-display":"","ast-hfb-mobile-header-display":"","site-post-title":"","ast-breadcrumbs-content":"","ast-featured-img":"","footer-sml-layout":"","theme-transparent-header-meta":"","adv-header-id-meta":"","stick-header-meta":"","header-above-stick-meta":"","header-main-stick-meta":"","header-below-stick-meta":"","astra-migrate-meta-layouts":"set","ast-page-background-enabled":"default","ast-page-background-meta":{"desktop":{"background-color":"var(--ast-global-color-5)","background-image":"","background-repeat":"repeat","background-position":"center center","background-size":"auto","background-attachment":"scroll","background-type":"","background-media":"","overlay-type":"","overlay-color":"","overlay-opacity":"","overlay-gradient":""},"tablet":{"background-color":"","background-image":"","background-repeat":"repeat","background-position":"center center","background-size":"auto","background-attachment":"scroll","background-type":"","background-media":"","overlay-type":"","overlay-color":"","overlay-opacity":"","overlay-gradient":""},"mobile":{"background-color":"","background-image":"","background-repeat":"repeat","background-position":"center center","background-size":"auto","background-attachment":"scroll","background-type":"","background-media":"","overlay-type":"","overlay-color":"","overlay-opacity":"","overlay-gradient":""}},"ast-content-background-meta":{"desktop":{"background-color":"var(--ast-global-color-4)","background-image":"","background-repeat":"repeat","background-position":"center center","background-size":"auto","background-attachment":"scroll","background-type":"","background-media":"","overlay-type":"","overlay-color":"","overlay-opacity":"","overlay-gradient":""},"tablet":{"background-color":"var(--ast-global-color-4)","background-image":"","background-repeat":"repeat","background-position":"center center","background-size":"auto","background-attachment":"scroll","background-type":"","background-media":"","overlay-type":"","overlay-color":"","overlay-opacity":"","overlay-gradient":""},"mobile":{"background-color":"var(--ast-global-color-4)","background-image":"","background-repeat":"repeat","background-position":"center center","background-size":"auto","background-attachment":"scroll","background-type":"","background-media":"","overlay-type":"","overlay-color":"","overlay-opacity":"","overlay-gradient":""}},"footnotes":""},"class_list":["post-2342","page","type-page","status-publish","hentry"],"post_mailing_queue_ids":[],"_links":{"self":[{"href":"https:\/\/agora.xtec.cat\/insjvfoix\/wp-json\/wp\/v2\/pages\/2342","targetHints":{"allow":["GET"]}}],"collection":[{"href":"https:\/\/agora.xtec.cat\/insjvfoix\/wp-json\/wp\/v2\/pages"}],"about":[{"href":"https:\/\/agora.xtec.cat\/insjvfoix\/wp-json\/wp\/v2\/types\/page"}],"author":[{"embeddable":true,"href":"https:\/\/agora.xtec.cat\/insjvfoix\/wp-json\/wp\/v2\/users\/1"}],"replies":[{"embeddable":true,"href":"https:\/\/agora.xtec.cat\/insjvfoix\/wp-json\/wp\/v2\/comments?post=2342"}],"version-history":[{"count":6,"href":"https:\/\/agora.xtec.cat\/insjvfoix\/wp-json\/wp\/v2\/pages\/2342\/revisions"}],"predecessor-version":[{"id":13145,"href":"https:\/\/agora.xtec.cat\/insjvfoix\/wp-json\/wp\/v2\/pages\/2342\/revisions\/13145"}],"up":[{"embeddable":true,"href":"https:\/\/agora.xtec.cat\/insjvfoix\/wp-json\/wp\/v2\/pages\/63"}],"wp:attachment":[{"href":"https:\/\/agora.xtec.cat\/insjvfoix\/wp-json\/wp\/v2\/media?parent=2342"}],"curies":[{"name":"wp","href":"https:\/\/api.w.org\/{rel}","templated":true}]}}