{"id":2079,"date":"2016-03-31T09:50:43","date_gmt":"2016-03-31T08:50:43","guid":{"rendered":"http:\/\/agora.xtec.cat\/insjvfoix\/?page_id=2079"},"modified":"2025-05-07T14:24:49","modified_gmt":"2025-05-07T12:24:49","slug":"oferta-educativa","status":"publish","type":"page","link":"https:\/\/agora.xtec.cat\/insjvfoix\/oferta-educativa\/","title":{"rendered":"Oferta educativa"},"content":{"rendered":"<h5>CURS 2024-2025<\/h5>\n<ol>\n<li>ESO<\/li>\n<li>BATXILLERAT (Ci\u00e8ncies i Tecnologia; Humanitats i Ci\u00e8ncies socials)<\/li>\n<li>CICLES FORMATIUS<\/li>\n<\/ol>\n<ul>\n<li>Fam\u00edlia d&#8217;electricitat i electr\u00f2nica:\n<ul>\n<li>CFGM Instal\u00b7lacions el\u00e8ctriques i autom\u00e0tiques.<\/li>\n<li>CFGS Automatitzaci\u00f3 i rob\u00f2tica industrial.<\/li>\n<\/ul>\n<\/li>\n<\/ul>\n<ul>\n<li>Fam\u00edlia d&#8217;instal\u00b7laci\u00f3 i manteniment:\n<ul>\n<li>CFGM Manteniment electromec\u00e0nic.<\/li>\n<li>CFGS Mecatr\u00f2nica industrial.<\/li>\n<\/ul>\n<\/li>\n<\/ul>\n<ul>\n<li>Fam\u00edlia de transport i manteniment de vehicles:\n<ul>\n<li>PFI de Manteniment i reparaci\u00f3 de vehicles lleugers.<\/li>\n<li>CFGM d&#8217;Electromec\u00e0nica de vehicles (torn mat\u00ed i torn tarda).<\/li>\n<li>CFGS Automoci\u00f3.<\/li>\n<\/ul>\n<\/li>\n<\/ul>\n<p>&nbsp;<\/p>\n<p>&nbsp;<\/p>\n<p>&nbsp;<\/p>\n<p>&nbsp;<\/p>\n","protected":false},"excerpt":{"rendered":"<p>CURS 2024-2025 ESO BATXILLERAT (Ci\u00e8ncies i Tecnologia; Humanitats i Ci\u00e8ncies socials) CICLES FORMATIUS Fam\u00edlia d&#8217;electricitat i electr\u00f2nica: CFGM Instal\u00b7lacions el\u00e8ctriques i autom\u00e0tiques. CFGS Automatitzaci\u00f3 i rob\u00f2tica industrial. Fam\u00edlia d&#8217;instal\u00b7laci\u00f3 i manteniment: CFGM Manteniment electromec\u00e0nic. CFGS Mecatr\u00f2nica industrial. Fam\u00edlia de transport i manteniment de vehicles: PFI de Manteniment i reparaci\u00f3 de vehicles lleugers. CFGM d&#8217;Electromec\u00e0nica de [&hellip;]<\/p>\n","protected":false},"author":1,"featured_media":0,"parent":0,"menu_order":0,"comment_status":"closed","ping_status":"closed","template":"","meta":{"_bbp_topic_count":0,"_bbp_reply_count":0,"_bbp_total_topic_count":0,"_bbp_total_reply_count":0,"_bbp_voice_count":0,"_bbp_anonymous_reply_count":0,"_bbp_topic_count_hidden":0,"_bbp_reply_count_hidden":0,"_bbp_forum_subforum_count":0,"site-sidebar-layout":"default","site-content-layout":"","ast-site-content-layout":"","site-content-style":"default","site-sidebar-style":"default","ast-global-header-display":"","ast-banner-title-visibility":"","ast-main-header-display":"","ast-hfb-above-header-display":"","ast-hfb-below-header-display":"","ast-hfb-mobile-header-display":"","site-post-title":"","ast-breadcrumbs-content":"","ast-featured-img":"","footer-sml-layout":"","theme-transparent-header-meta":"","adv-header-id-meta":"","stick-header-meta":"","header-above-stick-meta":"","header-main-stick-meta":"","header-below-stick-meta":"","astra-migrate-meta-layouts":"default","ast-page-background-enabled":"default","ast-page-background-meta":{"desktop":{"background-color":"var(--ast-global-color-5)","background-image":"","background-repeat":"repeat","background-position":"center center","background-size":"auto","background-attachment":"scroll","background-type":"","background-media":"","overlay-type":"","overlay-color":"","overlay-opacity":"","overlay-gradient":""},"tablet":{"background-color":"","background-image":"","background-repeat":"repeat","background-position":"center center","background-size":"auto","background-attachment":"scroll","background-type":"","background-media":"","overlay-type":"","overlay-color":"","overlay-opacity":"","overlay-gradient":""},"mobile":{"background-color":"","background-image":"","background-repeat":"repeat","background-position":"center center","background-size":"auto","background-attachment":"scroll","background-type":"","background-media":"","overlay-type":"","overlay-color":"","overlay-opacity":"","overlay-gradient":""}},"ast-content-background-meta":{"desktop":{"background-color":"var(--ast-global-color-4)","background-image":"","background-repeat":"repeat","background-position":"center center","background-size":"auto","background-attachment":"scroll","background-type":"","background-media":"","overlay-type":"","overlay-color":"","overlay-opacity":"","overlay-gradient":""},"tablet":{"background-color":"var(--ast-global-color-4)","background-image":"","background-repeat":"repeat","background-position":"center center","background-size":"auto","background-attachment":"scroll","background-type":"","background-media":"","overlay-type":"","overlay-color":"","overlay-opacity":"","overlay-gradient":""},"mobile":{"background-color":"var(--ast-global-color-4)","background-image":"","background-repeat":"repeat","background-position":"center center","background-size":"auto","background-attachment":"scroll","background-type":"","background-media":"","overlay-type":"","overlay-color":"","overlay-opacity":"","overlay-gradient":""}},"footnotes":""},"class_list":["post-2079","page","type-page","status-publish","hentry"],"post_mailing_queue_ids":[],"_links":{"self":[{"href":"https:\/\/agora.xtec.cat\/insjvfoix\/wp-json\/wp\/v2\/pages\/2079","targetHints":{"allow":["GET"]}}],"collection":[{"href":"https:\/\/agora.xtec.cat\/insjvfoix\/wp-json\/wp\/v2\/pages"}],"about":[{"href":"https:\/\/agora.xtec.cat\/insjvfoix\/wp-json\/wp\/v2\/types\/page"}],"author":[{"embeddable":true,"href":"https:\/\/agora.xtec.cat\/insjvfoix\/wp-json\/wp\/v2\/users\/1"}],"replies":[{"embeddable":true,"href":"https:\/\/agora.xtec.cat\/insjvfoix\/wp-json\/wp\/v2\/comments?post=2079"}],"version-history":[{"count":7,"href":"https:\/\/agora.xtec.cat\/insjvfoix\/wp-json\/wp\/v2\/pages\/2079\/revisions"}],"predecessor-version":[{"id":12646,"href":"https:\/\/agora.xtec.cat\/insjvfoix\/wp-json\/wp\/v2\/pages\/2079\/revisions\/12646"}],"wp:attachment":[{"href":"https:\/\/agora.xtec.cat\/insjvfoix\/wp-json\/wp\/v2\/media?parent=2079"}],"curies":[{"name":"wp","href":"https:\/\/api.w.org\/{rel}","templated":true}]}}