{"id":195,"date":"2014-09-22T10:39:39","date_gmt":"2014-09-22T10:39:39","guid":{"rendered":"http:\/\/agora.xtec.cat\/insjvfoix\/?page_id=195"},"modified":"2026-04-04T18:21:17","modified_gmt":"2026-04-04T16:21:17","slug":"estudis","status":"publish","type":"page","link":"https:\/\/agora.xtec.cat\/insjvfoix\/estudis\/","title":{"rendered":"Estudis"},"content":{"rendered":"<h6>ESO<\/h6>\n<h6>BATXILLERAT:<\/h6>\n<ul>\n<li class=\"first\">Ci\u00e8ncies i Tecnologia.<\/li>\n<li class=\"last\">Humanitats i Ci\u00e8ncies socials.<\/li>\n<\/ul>\n<h6>CICLES FORMATIUS DE GRAU MITJ\u00c0:<\/h6>\n<ul>\n<li>CFGM Electromec\u00e0nica de vehicles (mati i tarda)<\/li>\n<li>CFGM Instal\u00b7lacions el\u00e8ctriques.<\/li>\n<li>CFGM Manteniment electromec\u00e0nic.<\/li>\n<\/ul>\n<h6>CICLES FORMATIUS DE GRAU SUPERIOR:<\/h6>\n<ul>\n<li>CFGS Automatitzaci\u00f3 i rob\u00f2tica industrial (Tarda)<\/li>\n<li>CFGS Automoci\u00f3.<\/li>\n<li>CFGS Mecatr\u00f2nica.<\/li>\n<\/ul>\n<h6>PFI:<\/h6>\n<ul>\n<li>Auxiliar de reparaci\u00f3 i manteniment de vehicles lleugers.<\/li>\n<li>Auxiliar de fabricaci\u00f3 mec\u00e0nica.<\/li>\n<li>Auxiliar de muntatges d&#8217;instal\u00b7lacions electrot\u00e8cniques en edificis.<\/li>\n<\/ul>\n<header class=\"entry-header\" style=\"color: #444444;\"><\/header>\n<div class=\"entry-content\" style=\"color: #444444;\">\n<div class=\"entry-content\"><\/div>\n<\/div>\n","protected":false},"excerpt":{"rendered":"<p>ESO BATXILLERAT: Ci\u00e8ncies i Tecnologia. Humanitats i Ci\u00e8ncies socials. CICLES FORMATIUS DE GRAU MITJ\u00c0: CFGM Electromec\u00e0nica de vehicles (mati i tarda) CFGM Instal\u00b7lacions el\u00e8ctriques. CFGM Manteniment electromec\u00e0nic. CICLES FORMATIUS DE GRAU SUPERIOR: CFGS Automatitzaci\u00f3 i rob\u00f2tica industrial (Tarda) CFGS Automoci\u00f3. CFGS Mecatr\u00f2nica. PFI: Auxiliar de reparaci\u00f3 i manteniment de vehicles lleugers. Auxiliar de fabricaci\u00f3 mec\u00e0nica. [&hellip;]<\/p>\n","protected":false},"author":1,"featured_media":0,"parent":0,"menu_order":0,"comment_status":"closed","ping_status":"closed","template":"","meta":{"_bbp_topic_count":0,"_bbp_reply_count":0,"_bbp_total_topic_count":0,"_bbp_total_reply_count":0,"_bbp_voice_count":0,"_bbp_anonymous_reply_count":0,"_bbp_topic_count_hidden":0,"_bbp_reply_count_hidden":0,"_bbp_forum_subforum_count":0,"site-sidebar-layout":"default","site-content-layout":"","ast-site-content-layout":"default","site-content-style":"default","site-sidebar-style":"default","ast-global-header-display":"","ast-banner-title-visibility":"","ast-main-header-display":"","ast-hfb-above-header-display":"","ast-hfb-below-header-display":"","ast-hfb-mobile-header-display":"","site-post-title":"","ast-breadcrumbs-content":"","ast-featured-img":"","footer-sml-layout":"","theme-transparent-header-meta":"","adv-header-id-meta":"","stick-header-meta":"","header-above-stick-meta":"","header-main-stick-meta":"","header-below-stick-meta":"","astra-migrate-meta-layouts":"set","ast-page-background-enabled":"default","ast-page-background-meta":{"desktop":{"background-color":"var(--ast-global-color-5)","background-image":"","background-repeat":"repeat","background-position":"center center","background-size":"auto","background-attachment":"scroll","background-type":"","background-media":"","overlay-type":"","overlay-color":"","overlay-opacity":"","overlay-gradient":""},"tablet":{"background-color":"","background-image":"","background-repeat":"repeat","background-position":"center center","background-size":"auto","background-attachment":"scroll","background-type":"","background-media":"","overlay-type":"","overlay-color":"","overlay-opacity":"","overlay-gradient":""},"mobile":{"background-color":"","background-image":"","background-repeat":"repeat","background-position":"center center","background-size":"auto","background-attachment":"scroll","background-type":"","background-media":"","overlay-type":"","overlay-color":"","overlay-opacity":"","overlay-gradient":""}},"ast-content-background-meta":{"desktop":{"background-color":"var(--ast-global-color-4)","background-image":"","background-repeat":"repeat","background-position":"center center","background-size":"auto","background-attachment":"scroll","background-type":"","background-media":"","overlay-type":"","overlay-color":"","overlay-opacity":"","overlay-gradient":""},"tablet":{"background-color":"var(--ast-global-color-4)","background-image":"","background-repeat":"repeat","background-position":"center center","background-size":"auto","background-attachment":"scroll","background-type":"","background-media":"","overlay-type":"","overlay-color":"","overlay-opacity":"","overlay-gradient":""},"mobile":{"background-color":"var(--ast-global-color-4)","background-image":"","background-repeat":"repeat","background-position":"center center","background-size":"auto","background-attachment":"scroll","background-type":"","background-media":"","overlay-type":"","overlay-color":"","overlay-opacity":"","overlay-gradient":""}},"footnotes":""},"class_list":["post-195","page","type-page","status-publish","hentry"],"post_mailing_queue_ids":[],"_links":{"self":[{"href":"https:\/\/agora.xtec.cat\/insjvfoix\/wp-json\/wp\/v2\/pages\/195","targetHints":{"allow":["GET"]}}],"collection":[{"href":"https:\/\/agora.xtec.cat\/insjvfoix\/wp-json\/wp\/v2\/pages"}],"about":[{"href":"https:\/\/agora.xtec.cat\/insjvfoix\/wp-json\/wp\/v2\/types\/page"}],"author":[{"embeddable":true,"href":"https:\/\/agora.xtec.cat\/insjvfoix\/wp-json\/wp\/v2\/users\/1"}],"replies":[{"embeddable":true,"href":"https:\/\/agora.xtec.cat\/insjvfoix\/wp-json\/wp\/v2\/comments?post=195"}],"version-history":[{"count":6,"href":"https:\/\/agora.xtec.cat\/insjvfoix\/wp-json\/wp\/v2\/pages\/195\/revisions"}],"predecessor-version":[{"id":13380,"href":"https:\/\/agora.xtec.cat\/insjvfoix\/wp-json\/wp\/v2\/pages\/195\/revisions\/13380"}],"wp:attachment":[{"href":"https:\/\/agora.xtec.cat\/insjvfoix\/wp-json\/wp\/v2\/media?parent=195"}],"curies":[{"name":"wp","href":"https:\/\/api.w.org\/{rel}","templated":true}]}}