{"id":1813,"date":"2016-03-09T14:47:59","date_gmt":"2016-03-09T13:47:59","guid":{"rendered":"http:\/\/agora.xtec.cat\/insjvfoix\/?page_id=1813"},"modified":"2020-11-07T20:46:15","modified_gmt":"2020-11-07T19:46:15","slug":"serveis-de-reprografia","status":"publish","type":"page","link":"https:\/\/agora.xtec.cat\/insjvfoix\/serveis\/serveis-de-reprografia\/","title":{"rendered":"Serveis de reprografia"},"content":{"rendered":"<p><a href=\"https:\/\/agora.xtec.cat\/insjvfoix\/wp-content\/uploads\/usu394\/2020\/11\/unnamed.jpg\"><img loading=\"lazy\" decoding=\"async\" class=\"size-full wp-image-7503\" src=\"https:\/\/agora.xtec.cat\/insjvfoix\/wp-content\/uploads\/usu394\/2020\/11\/unnamed.jpg\" alt=\"\" width=\"512\" height=\"251\" srcset=\"https:\/\/agora.xtec.cat\/insjvfoix\/wp-content\/uploads\/usu394\/2020\/11\/unnamed.jpg 512w, https:\/\/agora.xtec.cat\/insjvfoix\/wp-content\/uploads\/usu394\/2020\/11\/unnamed-300x147.jpg 300w\" sizes=\"auto, (max-width: 512px) 100vw, 512px\" \/><\/a><\/p>\n<p>&nbsp;<\/p>\n<p style=\"text-align: justify;\">L&#8217;alumnat del centre pot demanar la impressi\u00f3 i fotoc\u00f2pies dels seus treballs o documents a la consergeria del centre.<\/p>\n<p style=\"text-align: justify;\">Per demanar la impressi\u00f3 d&#8217;un treball, han d&#8217;enviar-lo per correu electr\u00f2nic al correu <a href=\"mailto:consergeria@insjvfoix.cat\">consergeria@insjvfoix.cat<\/a>\u00a0des del seu compte \u00a0@insjvfoix.cat<\/p>\n<p style=\"text-align: justify;\">Tamb\u00e9 poden encarregar l&#8217;enquadernaci\u00f3 de treballs i la plastificaci\u00f3 de documents.<\/p>\n<p style=\"text-align: justify;\">En el moment de recollir-lo, han d&#8217;abonar l&#8217;import del treball sol\u00b7licitat.<\/p>\n<p style=\"text-align: justify;\">La direcci\u00f3 del centre estableix les tarifes del servei.<\/p>\n<p style=\"text-align: justify;\">Les gestions d&#8217;aquest servei nom\u00e9s es poden fer a l&#8217;hora del pati i abans de comen\u00e7ar \u00a0o d&#8217;acabar la jornada escolar.<\/p>\n","protected":false},"excerpt":{"rendered":"<p>&nbsp; L&#8217;alumnat del centre pot demanar la impressi\u00f3 i fotoc\u00f2pies dels seus treballs o documents a la consergeria del centre. Per demanar la impressi\u00f3 d&#8217;un treball, han d&#8217;enviar-lo per correu electr\u00f2nic al correu consergeria@insjvfoix.cat\u00a0des del seu compte \u00a0@insjvfoix.cat Tamb\u00e9 poden encarregar l&#8217;enquadernaci\u00f3 de treballs i la plastificaci\u00f3 de documents. En el moment de recollir-lo, han [&hellip;]<\/p>\n","protected":false},"author":1,"featured_media":0,"parent":63,"menu_order":0,"comment_status":"closed","ping_status":"closed","template":"","meta":{"_bbp_topic_count":0,"_bbp_reply_count":0,"_bbp_total_topic_count":0,"_bbp_total_reply_count":0,"_bbp_voice_count":0,"_bbp_anonymous_reply_count":0,"_bbp_topic_count_hidden":0,"_bbp_reply_count_hidden":0,"_bbp_forum_subforum_count":0,"site-sidebar-layout":"default","site-content-layout":"","ast-site-content-layout":"","site-content-style":"default","site-sidebar-style":"default","ast-global-header-display":"","ast-banner-title-visibility":"","ast-main-header-display":"","ast-hfb-above-header-display":"","ast-hfb-below-header-display":"","ast-hfb-mobile-header-display":"","site-post-title":"","ast-breadcrumbs-content":"","ast-featured-img":"","footer-sml-layout":"","theme-transparent-header-meta":"","adv-header-id-meta":"","stick-header-meta":"","header-above-stick-meta":"","header-main-stick-meta":"","header-below-stick-meta":"","astra-migrate-meta-layouts":"default","ast-page-background-enabled":"default","ast-page-background-meta":{"desktop":{"background-color":"var(--ast-global-color-5)","background-image":"","background-repeat":"repeat","background-position":"center center","background-size":"auto","background-attachment":"scroll","background-type":"","background-media":"","overlay-type":"","overlay-color":"","overlay-opacity":"","overlay-gradient":""},"tablet":{"background-color":"","background-image":"","background-repeat":"repeat","background-position":"center center","background-size":"auto","background-attachment":"scroll","background-type":"","background-media":"","overlay-type":"","overlay-color":"","overlay-opacity":"","overlay-gradient":""},"mobile":{"background-color":"","background-image":"","background-repeat":"repeat","background-position":"center center","background-size":"auto","background-attachment":"scroll","background-type":"","background-media":"","overlay-type":"","overlay-color":"","overlay-opacity":"","overlay-gradient":""}},"ast-content-background-meta":{"desktop":{"background-color":"var(--ast-global-color-4)","background-image":"","background-repeat":"repeat","background-position":"center center","background-size":"auto","background-attachment":"scroll","background-type":"","background-media":"","overlay-type":"","overlay-color":"","overlay-opacity":"","overlay-gradient":""},"tablet":{"background-color":"var(--ast-global-color-4)","background-image":"","background-repeat":"repeat","background-position":"center center","background-size":"auto","background-attachment":"scroll","background-type":"","background-media":"","overlay-type":"","overlay-color":"","overlay-opacity":"","overlay-gradient":""},"mobile":{"background-color":"var(--ast-global-color-4)","background-image":"","background-repeat":"repeat","background-position":"center center","background-size":"auto","background-attachment":"scroll","background-type":"","background-media":"","overlay-type":"","overlay-color":"","overlay-opacity":"","overlay-gradient":""}},"footnotes":""},"class_list":["post-1813","page","type-page","status-publish","hentry"],"post_mailing_queue_ids":[],"_links":{"self":[{"href":"https:\/\/agora.xtec.cat\/insjvfoix\/wp-json\/wp\/v2\/pages\/1813","targetHints":{"allow":["GET"]}}],"collection":[{"href":"https:\/\/agora.xtec.cat\/insjvfoix\/wp-json\/wp\/v2\/pages"}],"about":[{"href":"https:\/\/agora.xtec.cat\/insjvfoix\/wp-json\/wp\/v2\/types\/page"}],"author":[{"embeddable":true,"href":"https:\/\/agora.xtec.cat\/insjvfoix\/wp-json\/wp\/v2\/users\/1"}],"replies":[{"embeddable":true,"href":"https:\/\/agora.xtec.cat\/insjvfoix\/wp-json\/wp\/v2\/comments?post=1813"}],"version-history":[{"count":3,"href":"https:\/\/agora.xtec.cat\/insjvfoix\/wp-json\/wp\/v2\/pages\/1813\/revisions"}],"predecessor-version":[{"id":7506,"href":"https:\/\/agora.xtec.cat\/insjvfoix\/wp-json\/wp\/v2\/pages\/1813\/revisions\/7506"}],"up":[{"embeddable":true,"href":"https:\/\/agora.xtec.cat\/insjvfoix\/wp-json\/wp\/v2\/pages\/63"}],"wp:attachment":[{"href":"https:\/\/agora.xtec.cat\/insjvfoix\/wp-json\/wp\/v2\/media?parent=1813"}],"curies":[{"name":"wp","href":"https:\/\/api.w.org\/{rel}","templated":true}]}}