{"id":1661,"date":"2016-02-17T20:16:16","date_gmt":"2016-02-17T19:16:16","guid":{"rendered":"http:\/\/agora.xtec.cat\/insjvfoix\/?page_id=1661"},"modified":"2025-02-28T17:59:49","modified_gmt":"2025-02-28T16:59:49","slug":"transport-urba","status":"publish","type":"page","link":"https:\/\/agora.xtec.cat\/insjvfoix\/serveis\/transport-escolar\/transport-urba\/","title":{"rendered":"Transport urb\u00e0"},"content":{"rendered":"<p class=\"western\"><span style=\"font-family: Arial, sans-serif;\">La l\u00ednia 3 del bus urb\u00e0 \u00e9s la que us dur\u00e0 fins a l\u2019institut. Dins de l&#8217;horari d&#8217;inici i fi de classes, l&#8217;autob\u00fas passa per la parada de l&#8217;Institut. En les altres hores, haureu de baixar-vos en la parada Cru\u00eflla-Institut. Podeu consultar els horaris a la p\u00e0gina de Rubibus: <a href=\"http:\/\/rubibus.com\/\">rubibus.com<\/a><br \/>\n<\/span><\/p>\n<p class=\"western\"><span style=\"font-family: Arial, sans-serif;\">A l\u2019hora d\u2019entrada i sortida de classes hi ha un bus llan\u00e7adora directe a l\u2019estaci\u00f3 de FGC.<\/span><\/p>\n<p class=\"western\"><strong>TARGETES<\/strong><\/p>\n<p class=\"western\">Els alumnes \u00a0de l&#8217;ESO (fins al 31 de desembre de l&#8217;any que fan els 16 anys) poden usar la<a href=\"http:\/\/www.t-16.cat\/Publica\/T12\/inicio.aspx\"> targeta de transports integrats \u00a0T-16<\/a>.<\/p>\n<p class=\"western\"><a href=\"http:\/\/agora.xtec.cat\/insjvfoix\/wp-content\/uploads\/usu394\/2016\/02\/T-16.jpg\"><img loading=\"lazy\" decoding=\"async\" class=\"alignleft size-full wp-image-4760\" src=\"http:\/\/agora.xtec.cat\/insjvfoix\/wp-content\/uploads\/usu394\/2016\/02\/T-16.jpg\" alt=\"\" width=\"205\" height=\"126\" \/><\/a><\/p>\n<p class=\"western\">Els alumnes dels estudis postobligatoris poden beneficiar-se de la Targeta Estudiant<\/p>\n<p class=\"western\">Per poder tenir-la cal seguir el seg\u00fcent procediment:<\/p>\n<ol>\n<li class=\"western\">Demanar a la secretaria del centre un certificat de matriculaci\u00f3.<\/li>\n<li class=\"western\">Anar a \u00a0una de les oficines d&#8217;atenci\u00f3 al ciutad\u00e0 de l&#8217;Ajuntament de Rub\u00ed amb el certificat de l&#8217;institut i el DNI\/NIE de l&#8217;alumne\/a i demanar que els facin el\u00a0carnet d&#8217;estudiant.<\/li>\n<li class=\"western\">Comprar en qualsevol dels centres acreditats la targeta mensual pagant el preu establert \u00a0i ensenyant el carnet d&#8217;estudiant<\/li>\n<\/ol>\n<p class=\"western\"><a href=\"https:\/\/rubi.avanzagrupo.com\/es\/tarifas-y-bonos\" target=\"_blank\" rel=\"noopener\">M\u00e9s informaci\u00f3 sobre les targetes de transport urbans de Rub\u00ed<\/a><\/p>\n<p class=\"western\"><strong>AJUDES:<\/strong><\/p>\n<p class=\"western\"><span style=\"font-family: Arial, sans-serif;\">A finals de curs, l&#8217;Ajuntament de Rub\u00ed ofereix una ajuda als usuaris del transport urb\u00e0 per accedir a l&#8217;institut (alumnat de 4t i estudis postobligatoris).<\/span><\/p>\n","protected":false},"excerpt":{"rendered":"<p>La l\u00ednia 3 del bus urb\u00e0 \u00e9s la que us dur\u00e0 fins a l\u2019institut. Dins de l&#8217;horari d&#8217;inici i fi de classes, l&#8217;autob\u00fas passa per la parada de l&#8217;Institut. En les altres hores, haureu de baixar-vos en la parada Cru\u00eflla-Institut. Podeu consultar els horaris a la p\u00e0gina de Rubibus: rubibus.com A l\u2019hora d\u2019entrada i sortida [&hellip;]<\/p>\n","protected":false},"author":1,"featured_media":0,"parent":77,"menu_order":0,"comment_status":"closed","ping_status":"closed","template":"","meta":{"_bbp_topic_count":0,"_bbp_reply_count":0,"_bbp_total_topic_count":0,"_bbp_total_reply_count":0,"_bbp_voice_count":0,"_bbp_anonymous_reply_count":0,"_bbp_topic_count_hidden":0,"_bbp_reply_count_hidden":0,"_bbp_forum_subforum_count":0,"site-sidebar-layout":"default","site-content-layout":"","ast-site-content-layout":"","site-content-style":"default","site-sidebar-style":"default","ast-global-header-display":"","ast-banner-title-visibility":"","ast-main-header-display":"","ast-hfb-above-header-display":"","ast-hfb-below-header-display":"","ast-hfb-mobile-header-display":"","site-post-title":"","ast-breadcrumbs-content":"","ast-featured-img":"","footer-sml-layout":"","theme-transparent-header-meta":"","adv-header-id-meta":"","stick-header-meta":"","header-above-stick-meta":"","header-main-stick-meta":"","header-below-stick-meta":"","astra-migrate-meta-layouts":"default","ast-page-background-enabled":"default","ast-page-background-meta":{"desktop":{"background-color":"var(--ast-global-color-5)","background-image":"","background-repeat":"repeat","background-position":"center center","background-size":"auto","background-attachment":"scroll","background-type":"","background-media":"","overlay-type":"","overlay-color":"","overlay-opacity":"","overlay-gradient":""},"tablet":{"background-color":"","background-image":"","background-repeat":"repeat","background-position":"center center","background-size":"auto","background-attachment":"scroll","background-type":"","background-media":"","overlay-type":"","overlay-color":"","overlay-opacity":"","overlay-gradient":""},"mobile":{"background-color":"","background-image":"","background-repeat":"repeat","background-position":"center center","background-size":"auto","background-attachment":"scroll","background-type":"","background-media":"","overlay-type":"","overlay-color":"","overlay-opacity":"","overlay-gradient":""}},"ast-content-background-meta":{"desktop":{"background-color":"var(--ast-global-color-4)","background-image":"","background-repeat":"repeat","background-position":"center center","background-size":"auto","background-attachment":"scroll","background-type":"","background-media":"","overlay-type":"","overlay-color":"","overlay-opacity":"","overlay-gradient":""},"tablet":{"background-color":"var(--ast-global-color-4)","background-image":"","background-repeat":"repeat","background-position":"center center","background-size":"auto","background-attachment":"scroll","background-type":"","background-media":"","overlay-type":"","overlay-color":"","overlay-opacity":"","overlay-gradient":""},"mobile":{"background-color":"var(--ast-global-color-4)","background-image":"","background-repeat":"repeat","background-position":"center center","background-size":"auto","background-attachment":"scroll","background-type":"","background-media":"","overlay-type":"","overlay-color":"","overlay-opacity":"","overlay-gradient":""}},"footnotes":""},"class_list":["post-1661","page","type-page","status-publish","hentry"],"post_mailing_queue_ids":[],"_links":{"self":[{"href":"https:\/\/agora.xtec.cat\/insjvfoix\/wp-json\/wp\/v2\/pages\/1661","targetHints":{"allow":["GET"]}}],"collection":[{"href":"https:\/\/agora.xtec.cat\/insjvfoix\/wp-json\/wp\/v2\/pages"}],"about":[{"href":"https:\/\/agora.xtec.cat\/insjvfoix\/wp-json\/wp\/v2\/types\/page"}],"author":[{"embeddable":true,"href":"https:\/\/agora.xtec.cat\/insjvfoix\/wp-json\/wp\/v2\/users\/1"}],"replies":[{"embeddable":true,"href":"https:\/\/agora.xtec.cat\/insjvfoix\/wp-json\/wp\/v2\/comments?post=1661"}],"version-history":[{"count":5,"href":"https:\/\/agora.xtec.cat\/insjvfoix\/wp-json\/wp\/v2\/pages\/1661\/revisions"}],"predecessor-version":[{"id":12312,"href":"https:\/\/agora.xtec.cat\/insjvfoix\/wp-json\/wp\/v2\/pages\/1661\/revisions\/12312"}],"up":[{"embeddable":true,"href":"https:\/\/agora.xtec.cat\/insjvfoix\/wp-json\/wp\/v2\/pages\/77"}],"wp:attachment":[{"href":"https:\/\/agora.xtec.cat\/insjvfoix\/wp-json\/wp\/v2\/media?parent=1661"}],"curies":[{"name":"wp","href":"https:\/\/api.w.org\/{rel}","templated":true}]}}