{"id":12619,"date":"2025-05-07T12:21:59","date_gmt":"2025-05-07T10:21:59","guid":{"rendered":"https:\/\/agora.xtec.cat\/insjvfoix\/?page_id=12619"},"modified":"2025-06-04T11:04:42","modified_gmt":"2025-06-04T09:04:42","slug":"familia-delectricitat-i-electronica","status":"publish","type":"page","link":"https:\/\/agora.xtec.cat\/insjvfoix\/familia-delectricitat-i-electronica\/","title":{"rendered":"Fam\u00edlia d&#8217;electricitat i electr\u00f2nica"},"content":{"rendered":"<p>&nbsp;<\/p>\n<table style=\"border-collapse: collapse; width: 100%;\">\n<tbody>\n<tr>\n<td style=\"width: 50%;\">Cicle formatiu de grau mitj\u00e0 d&#8217;instal\u00b7lacions el\u00e8ctriques i autom\u00e0tiques<\/td>\n<td style=\"width: 50%;\"><a href=\"http:\/\/agora.xtec.cat\/insjvfoix\/wp-content\/uploads\/usu394\/2017\/05\/Sol%C2%B7licitud-de-reconeixement-equival%C3%A8ncia-catal%C3%A0-6.pdf\"><img loading=\"lazy\" decoding=\"async\" class=\"alignnone size-full wp-image-1567\" src=\"http:\/\/agora.xtec.cat\/insjvfoix\/wp-content\/uploads\/usu394\/2016\/02\/icono-descarga.jpg\" alt=\"icono-descarga\" width=\"22\" height=\"22\" \/><\/a><a href=\"https:\/\/agora.xtec.cat\/insjvfoix\/wp-content\/uploads\/usu394\/2025\/05\/TRIPTIC_Inst_Electriques_i_Automatiques-CFGM_EE10-v3.pdf\">\u00a0\u00a0Tr\u00edptic<\/a><\/td>\n<\/tr>\n<\/tbody>\n<\/table>\n<p><iframe loading=\"lazy\" title=\"YouTube video player\" src=\"https:\/\/www.youtube.com\/embed\/yTDKxonlPRI?si=RjCWiVrgXpqzgXO8\" width=\"560\" height=\"315\" frameborder=\"0\" allowfullscreen=\"allowfullscreen\"><\/iframe>.<\/p>\n<table style=\"border-collapse: collapse; width: 100%;\">\n<tbody>\n<tr>\n<td style=\"width: 50%;\">Cicle formatiu de grau superior d&#8217;automatitzaci\u00f3 i rob\u00f2tica industrial<\/td>\n<td style=\"width: 50%;\"><a href=\"http:\/\/agora.xtec.cat\/insjvfoix\/wp-content\/uploads\/usu394\/2017\/05\/Sol%C2%B7licitud-de-reconeixement-equival%C3%A8ncia-catal%C3%A0-6.pdf\"><img loading=\"lazy\" decoding=\"async\" class=\"alignnone size-full wp-image-1567\" src=\"http:\/\/agora.xtec.cat\/insjvfoix\/wp-content\/uploads\/usu394\/2016\/02\/icono-descarga.jpg\" alt=\"icono-descarga\" width=\"22\" height=\"22\" \/><\/a><a href=\"https:\/\/agora.xtec.cat\/insjvfoix\/wp-content\/uploads\/usu394\/2025\/05\/TRIPTIC_Automatitzacio-i-Robotica-Industrial_CFGS_EEB0-v3.pdf\">\u00a0\u00a0Tr\u00edptic<\/a><\/td>\n<\/tr>\n<\/tbody>\n<\/table>\n<p>&nbsp;<\/p>\n<p><iframe loading=\"lazy\" title=\"YouTube video player\" src=\"https:\/\/www.youtube.com\/embed\/aR4uukTp8pg?si=Ii3rbpJ05f65Tt7R\" width=\"560\" height=\"315\" frameborder=\"0\" allowfullscreen=\"allowfullscreen\"><\/iframe><\/p>\n","protected":false},"excerpt":{"rendered":"<p>&nbsp; Cicle formatiu de grau mitj\u00e0 d&#8217;instal\u00b7lacions el\u00e8ctriques i autom\u00e0tiques \u00a0\u00a0Tr\u00edptic . Cicle formatiu de grau superior d&#8217;automatitzaci\u00f3 i rob\u00f2tica industrial \u00a0\u00a0Tr\u00edptic &nbsp;<\/p>\n","protected":false},"author":1,"featured_media":0,"parent":0,"menu_order":0,"comment_status":"closed","ping_status":"closed","template":"","meta":{"_bbp_topic_count":0,"_bbp_reply_count":0,"_bbp_total_topic_count":0,"_bbp_total_reply_count":0,"_bbp_voice_count":0,"_bbp_anonymous_reply_count":0,"_bbp_topic_count_hidden":0,"_bbp_reply_count_hidden":0,"_bbp_forum_subforum_count":0,"site-sidebar-layout":"default","site-content-layout":"","ast-site-content-layout":"","site-content-style":"default","site-sidebar-style":"default","ast-global-header-display":"","ast-banner-title-visibility":"","ast-main-header-display":"","ast-hfb-above-header-display":"","ast-hfb-below-header-display":"","ast-hfb-mobile-header-display":"","site-post-title":"","ast-breadcrumbs-content":"","ast-featured-img":"","footer-sml-layout":"","theme-transparent-header-meta":"","adv-header-id-meta":"","stick-header-meta":"","header-above-stick-meta":"","header-main-stick-meta":"","header-below-stick-meta":"","astra-migrate-meta-layouts":"default","ast-page-background-enabled":"default","ast-page-background-meta":{"desktop":{"background-color":"var(--ast-global-color-5)","background-image":"","background-repeat":"repeat","background-position":"center center","background-size":"auto","background-attachment":"scroll","background-type":"","background-media":"","overlay-type":"","overlay-color":"","overlay-opacity":"","overlay-gradient":""},"tablet":{"background-color":"","background-image":"","background-repeat":"repeat","background-position":"center center","background-size":"auto","background-attachment":"scroll","background-type":"","background-media":"","overlay-type":"","overlay-color":"","overlay-opacity":"","overlay-gradient":""},"mobile":{"background-color":"","background-image":"","background-repeat":"repeat","background-position":"center center","background-size":"auto","background-attachment":"scroll","background-type":"","background-media":"","overlay-type":"","overlay-color":"","overlay-opacity":"","overlay-gradient":""}},"ast-content-background-meta":{"desktop":{"background-color":"var(--ast-global-color-4)","background-image":"","background-repeat":"repeat","background-position":"center center","background-size":"auto","background-attachment":"scroll","background-type":"","background-media":"","overlay-type":"","overlay-color":"","overlay-opacity":"","overlay-gradient":""},"tablet":{"background-color":"var(--ast-global-color-4)","background-image":"","background-repeat":"repeat","background-position":"center center","background-size":"auto","background-attachment":"scroll","background-type":"","background-media":"","overlay-type":"","overlay-color":"","overlay-opacity":"","overlay-gradient":""},"mobile":{"background-color":"var(--ast-global-color-4)","background-image":"","background-repeat":"repeat","background-position":"center center","background-size":"auto","background-attachment":"scroll","background-type":"","background-media":"","overlay-type":"","overlay-color":"","overlay-opacity":"","overlay-gradient":""}},"footnotes":""},"class_list":["post-12619","page","type-page","status-publish","hentry"],"post_mailing_queue_ids":[],"_links":{"self":[{"href":"https:\/\/agora.xtec.cat\/insjvfoix\/wp-json\/wp\/v2\/pages\/12619","targetHints":{"allow":["GET"]}}],"collection":[{"href":"https:\/\/agora.xtec.cat\/insjvfoix\/wp-json\/wp\/v2\/pages"}],"about":[{"href":"https:\/\/agora.xtec.cat\/insjvfoix\/wp-json\/wp\/v2\/types\/page"}],"author":[{"embeddable":true,"href":"https:\/\/agora.xtec.cat\/insjvfoix\/wp-json\/wp\/v2\/users\/1"}],"replies":[{"embeddable":true,"href":"https:\/\/agora.xtec.cat\/insjvfoix\/wp-json\/wp\/v2\/comments?post=12619"}],"version-history":[{"count":6,"href":"https:\/\/agora.xtec.cat\/insjvfoix\/wp-json\/wp\/v2\/pages\/12619\/revisions"}],"predecessor-version":[{"id":12750,"href":"https:\/\/agora.xtec.cat\/insjvfoix\/wp-json\/wp\/v2\/pages\/12619\/revisions\/12750"}],"wp:attachment":[{"href":"https:\/\/agora.xtec.cat\/insjvfoix\/wp-json\/wp\/v2\/media?parent=12619"}],"curies":[{"name":"wp","href":"https:\/\/api.w.org\/{rel}","templated":true}]}}