{"id":12300,"date":"2025-02-28T17:33:07","date_gmt":"2025-02-28T16:33:07","guid":{"rendered":"https:\/\/agora.xtec.cat\/insjvfoix\/?page_id=12300"},"modified":"2026-04-08T13:07:38","modified_gmt":"2026-04-08T11:07:38","slug":"preinscripcio-i-matricula-curs-2024-2025-batxillerat","status":"publish","type":"page","link":"https:\/\/agora.xtec.cat\/insjvfoix\/secretaria\/preinscripcio-i-matricula-curs-2024-2025-batxillerat\/","title":{"rendered":"Preinscripci\u00f3 i matr\u00edcula (curs 2026-2027) Batxillerat"},"content":{"rendered":"\n<p>Quant als terminis de preinscripci\u00f3 i matr\u00edcula del curs 2026-2027, les dates que cal tenir en compte s\u00f3n les seg\u00fcents:<\/p>\n\n\n\n<p><a href=\"https:\/\/agora.xtec.cat\/insjvfoix\/wp-content\/uploads\/usu394\/2026\/02\/Instruccio_preinscripcio_BTX_26_27.pdf\">Guia de preinscripci\u00f3 a Batxillerat per a alumnat extern del centre<\/a><\/p>\n\n\n\n<figure class=\"wp-block-table\"><table class=\"has-fixed-layout\"><tbody><tr><td>ESTUDIS<\/td><td>PREINSCRIPCI\u00d3<\/td><td>MATR\u00cdCULA<\/td><\/tr><tr><td><a href=\"https:\/\/preinscripcio.gencat.cat\/ca\/estudis\/batxillerat\/inici\/\" target=\"_blank\" rel=\"noopener\">BATXILLERAT<\/a><\/td><td>Del 9 al 16 d&#8217;abril (l&#8217;alumnat del centre t\u00e9 <strong>pla\u00e7a reservada<\/strong>).<\/td><td>Del 18 al 30 de juny<\/td><\/tr><\/tbody><\/table><\/figure>\n\n\n\n<p><strong>Preinscripci\u00f3 i matriculaci\u00f3 de l&#8217;alumnat que el curs vinent far\u00e0 1r de Batxillerat.<\/strong><\/p>\n\n\n\n<p>(L&#8217;alumnat que fa 4t d&#8217;ESO al centre, no cal que faci aquest tr\u00e0mit)<\/p>\n\n\n\n<p><strong>Dates rellevants<\/strong><\/p>\n\n\n\n<figure class=\"wp-block-table\"><table class=\"has-fixed-layout\"><tbody><tr><td><a href=\"https:\/\/agora.xtec.cat\/insjvfoix\/wp-content\/uploads\/usu394\/2026\/04\/INFORME_OFERTA_OME_INFORME_OFERTA.pdf\">Publicaci\u00f3 de l&#8217;oferta inicial de places<\/a><\/td><td>8 d&#8217;abril<\/td><\/tr><tr><td><strong>Presentaci\u00f3&nbsp;i\/o modificaci\u00f3&nbsp;de sol\u00b7licituds&nbsp;<\/strong>&nbsp;<\/td><td><strong>Del&nbsp;9 al 16&nbsp;d\u2019abril<\/strong>&nbsp;<\/td><\/tr><tr><td>Presentaci\u00f3 de documentaci\u00f3&nbsp;<\/td><td>Fins&nbsp;el 17&nbsp;d\u2019abril&nbsp;<\/td><\/tr><tr><td><strong>Publicaci\u00f3 de&nbsp;la llista de sol\u00b7licituds amb la puntuaci\u00f3&nbsp;provisional<\/strong>&nbsp;<\/td><td><strong>14&nbsp;de maig<\/strong>&nbsp;<\/td><\/tr><tr><td>Presentaci\u00f3 de reclamacions&nbsp;al barem provisional&nbsp;<\/td><td>Del&nbsp;14&nbsp;al 20&nbsp;de maig&nbsp;<\/td><\/tr><tr><td><strong>Publicaci\u00f3&nbsp;de la llista&nbsp;amb&nbsp;la puntuaci\u00f3 un cop&nbsp;resoltes les reclamacions<\/strong>&nbsp;<\/td><td><strong>26&nbsp;de maig<\/strong>&nbsp;<\/td><\/tr><tr><td>Sorteig&nbsp;<\/td><td>26&nbsp;de maig&nbsp;<\/td><\/tr><tr><td><strong>Publicaci\u00f3 de la llista ordenada<\/strong>&nbsp;<\/td><td><strong>29&nbsp;de maig<\/strong>&nbsp;<\/td><\/tr><tr><td>Publicaci\u00f3 oferta final&nbsp;<\/td><td>17&nbsp;de juny&nbsp;<\/td><\/tr><tr><td>Publicaci\u00f3 de la llista d\u2019admesos i la llista d\u2019espera&nbsp;<\/td><td>17&nbsp;de juny<\/td><\/tr><tr><td>Per\u00edode per interposar reclamacions a les llistes d&#8217;alumnes amb pla\u00e7a assignada davant la comissi\u00f3 de&nbsp;garanties d&#8217;admissi\u00f3&nbsp;(CGA)&nbsp;<\/td><td>Del 17 al 19 de juny&nbsp;<\/td><\/tr><tr><td><strong>Per\u00edode de matr\u00edcula<\/strong><\/td><td><strong>Del 18 al 30 de juny<\/strong>&nbsp;<\/td><\/tr><\/tbody><\/table><\/figure>\n\n\n\n<p><\/p>\n","protected":false},"excerpt":{"rendered":"<p>Quant als terminis de preinscripci\u00f3 i matr\u00edcula del curs 2026-2027, les dates que cal tenir en compte s\u00f3n les seg\u00fcents: Guia de preinscripci\u00f3 a Batxillerat per a alumnat extern del centre ESTUDIS PREINSCRIPCI\u00d3 MATR\u00cdCULA BATXILLERAT Del 9 al 16 d&#8217;abril (l&#8217;alumnat del centre t\u00e9 pla\u00e7a reservada). Del 18 al 30 de juny Preinscripci\u00f3 i matriculaci\u00f3 [&hellip;]<\/p>\n","protected":false},"author":1,"featured_media":0,"parent":81,"menu_order":0,"comment_status":"closed","ping_status":"closed","template":"","meta":{"_bbp_topic_count":0,"_bbp_reply_count":0,"_bbp_total_topic_count":0,"_bbp_total_reply_count":0,"_bbp_voice_count":0,"_bbp_anonymous_reply_count":0,"_bbp_topic_count_hidden":0,"_bbp_reply_count_hidden":0,"_bbp_forum_subforum_count":0,"site-sidebar-layout":"default","site-content-layout":"","ast-site-content-layout":"default","site-content-style":"default","site-sidebar-style":"default","ast-global-header-display":"","ast-banner-title-visibility":"","ast-main-header-display":"","ast-hfb-above-header-display":"","ast-hfb-below-header-display":"","ast-hfb-mobile-header-display":"","site-post-title":"","ast-breadcrumbs-content":"","ast-featured-img":"","footer-sml-layout":"","theme-transparent-header-meta":"","adv-header-id-meta":"","stick-header-meta":"","header-above-stick-meta":"","header-main-stick-meta":"","header-below-stick-meta":"","astra-migrate-meta-layouts":"set","ast-page-background-enabled":"default","ast-page-background-meta":{"desktop":{"background-color":"var(--ast-global-color-5)","background-image":"","background-repeat":"repeat","background-position":"center center","background-size":"auto","background-attachment":"scroll","background-type":"","background-media":"","overlay-type":"","overlay-color":"","overlay-opacity":"","overlay-gradient":""},"tablet":{"background-color":"","background-image":"","background-repeat":"repeat","background-position":"center center","background-size":"auto","background-attachment":"scroll","background-type":"","background-media":"","overlay-type":"","overlay-color":"","overlay-opacity":"","overlay-gradient":""},"mobile":{"background-color":"","background-image":"","background-repeat":"repeat","background-position":"center center","background-size":"auto","background-attachment":"scroll","background-type":"","background-media":"","overlay-type":"","overlay-color":"","overlay-opacity":"","overlay-gradient":""}},"ast-content-background-meta":{"desktop":{"background-color":"var(--ast-global-color-4)","background-image":"","background-repeat":"repeat","background-position":"center center","background-size":"auto","background-attachment":"scroll","background-type":"","background-media":"","overlay-type":"","overlay-color":"","overlay-opacity":"","overlay-gradient":""},"tablet":{"background-color":"var(--ast-global-color-4)","background-image":"","background-repeat":"repeat","background-position":"center center","background-size":"auto","background-attachment":"scroll","background-type":"","background-media":"","overlay-type":"","overlay-color":"","overlay-opacity":"","overlay-gradient":""},"mobile":{"background-color":"var(--ast-global-color-4)","background-image":"","background-repeat":"repeat","background-position":"center center","background-size":"auto","background-attachment":"scroll","background-type":"","background-media":"","overlay-type":"","overlay-color":"","overlay-opacity":"","overlay-gradient":""}},"footnotes":""},"class_list":["post-12300","page","type-page","status-publish","hentry"],"post_mailing_queue_ids":[],"_links":{"self":[{"href":"https:\/\/agora.xtec.cat\/insjvfoix\/wp-json\/wp\/v2\/pages\/12300","targetHints":{"allow":["GET"]}}],"collection":[{"href":"https:\/\/agora.xtec.cat\/insjvfoix\/wp-json\/wp\/v2\/pages"}],"about":[{"href":"https:\/\/agora.xtec.cat\/insjvfoix\/wp-json\/wp\/v2\/types\/page"}],"author":[{"embeddable":true,"href":"https:\/\/agora.xtec.cat\/insjvfoix\/wp-json\/wp\/v2\/users\/1"}],"replies":[{"embeddable":true,"href":"https:\/\/agora.xtec.cat\/insjvfoix\/wp-json\/wp\/v2\/comments?post=12300"}],"version-history":[{"count":6,"href":"https:\/\/agora.xtec.cat\/insjvfoix\/wp-json\/wp\/v2\/pages\/12300\/revisions"}],"predecessor-version":[{"id":13386,"href":"https:\/\/agora.xtec.cat\/insjvfoix\/wp-json\/wp\/v2\/pages\/12300\/revisions\/13386"}],"up":[{"embeddable":true,"href":"https:\/\/agora.xtec.cat\/insjvfoix\/wp-json\/wp\/v2\/pages\/81"}],"wp:attachment":[{"href":"https:\/\/agora.xtec.cat\/insjvfoix\/wp-json\/wp\/v2\/media?parent=12300"}],"curies":[{"name":"wp","href":"https:\/\/api.w.org\/{rel}","templated":true}]}}