{"id":11636,"date":"2024-06-10T14:31:10","date_gmt":"2024-06-10T12:31:10","guid":{"rendered":"https:\/\/agora.xtec.cat\/insjvfoix\/?page_id=11636"},"modified":"2026-04-20T08:44:09","modified_gmt":"2026-04-20T06:44:09","slug":"preinscripcio-i-matricula-curs-2024-2025-cicles-formatius","status":"publish","type":"page","link":"https:\/\/agora.xtec.cat\/insjvfoix\/secretaria\/preinscripcio-i-matricula-curs-2024-2025-cicles-formatius\/","title":{"rendered":"Preinscripci\u00f3 i matr\u00edcula (curs 2026-2027) Cicles Formatius"},"content":{"rendered":"<p>Quant als terminis de preinscripci\u00f3 i matr\u00edcula del curs 2026-2027, les dates que cal tenir en compte s\u00f3n les seg\u00fcents:<\/p>\n<p><a href=\"https:\/\/agora.xtec.cat\/insjvfoix\/wp-content\/uploads\/usu394\/2026\/04\/Instruccio_preinscripcio_CFM_26_27.pdf\">Instruccions preinscripcions CFGM<\/a><\/p>\n<p><a href=\"https:\/\/agora.xtec.cat\/insjvfoix\/wp-content\/uploads\/usu394\/2026\/04\/Instruccio_preinscripcio_CFS_26_27.pdf\">Instruccions preinscripcions CFGS<\/a><\/p>\n<table style=\"border-collapse: collapse; width: 100%;\">\n<tbody>\n<tr>\n<td style=\"width: 33.3333%;\">ESTUDIS<\/td>\n<td style=\"width: 33.3333%;\">PREINSCRIPCI\u00d3<\/td>\n<td style=\"width: 33.3333%;\">MATR\u00cdCULA<\/td>\n<\/tr>\n<tr>\n<td style=\"width: 33.3333%;\"><a href=\"https:\/\/preinscripcio.gencat.cat\/ca\/estudis\/fp-grau-mitja\/inici\/\" target=\"_blank\" rel=\"noopener\">CFGM<\/a><\/td>\n<td style=\"width: 33.3333%;\">Del 26 de maig al 1r de juny<\/td>\n<td style=\"width: 33.3333%;\">De l&#8217;10 al 14 de juliol (Confirmaci\u00f3 1a assignaci\u00f3)\n<p>Del 24 al 28 de juliol (Confirmaci\u00f3 2a assignaci\u00f3)<\/p>\n<\/td>\n<\/tr>\n<tr>\n<td style=\"width: 33.3333%;\"><a href=\"https:\/\/preinscripcio.gencat.cat\/ca\/estudis\/fp-grau-superior\/inici\/\" target=\"_blank\" rel=\"noopener\">CFGS<\/a><\/td>\n<td style=\"width: 33.3333%;\">Del 26 de maig al 1r de juny<\/td>\n<td style=\"width: 33.3333%;\">De l&#8217;10 al 14 de juliol (Confirmaci\u00f3 1a assignaci\u00f3)\n<p>Del 24 al 28 de juliol (Confirmaci\u00f3 2a assignaci\u00f3)<\/p>\n<\/td>\n<\/tr>\n<\/tbody>\n<\/table>\n<p><strong>CFGM<\/strong><\/p>\n<ul>\n<li>Cicles de formaci\u00f3 professional de grau mitj\u00e0. Publicaci\u00f3 de l&#8217;oferta inicial de places.<\/li>\n<li>Publicaci\u00f3 de la llista de sol\u00b7licituds que han demanat el centre i l&#8217;ensenyament en primera petici\u00f3 amb la puntuaci\u00f3 provisional. 29 de juny;<\/li>\n<li>Publicaci\u00f3 de la llista de sol\u00b7licituds que han demanat el centre i l&#8217;ensenyament en primera petici\u00f3 amb la puntuaci\u00f3 resoltes les reclamacions. 7 de juliol.<\/li>\n<li>Publicaci\u00f3 de l&#8217;oferta definitiva de places. 10 de juliol<\/li>\n<li>Alumnes assignats al centre en primera tanda. 10 de juliol.<\/li>\n<li>Alumnes assignats al centre en segona tanda. 24 de juliol.<\/li>\n<\/ul>\n<p>Matr\u00edcula de continu\u00eftat: del 25 de juny al 3 de juliol<\/p>\n<p><strong>CFGS<\/strong><\/p>\n<ul>\n<li>Cicles de formaci\u00f3 professional de grau superior. Publicaci\u00f3 de l&#8217;oferta inicial de places.<\/li>\n<li>Publicaci\u00f3 de la llista de sol\u00b7licituds que han demanat el centre i l&#8217;ensenyament en primera petici\u00f3 amb la puntuaci\u00f3 provisional. 29 de juny;<\/li>\n<li>Publicaci\u00f3 de la llista de sol\u00b7licituds que han demanat el centre i l&#8217;ensenyament en primera petici\u00f3 amb la puntuaci\u00f3 resoltes les reclamacions. 7 de juliol.<\/li>\n<li>Publicaci\u00f3 de l&#8217;oferta definitiva de places. 10 de juliol<\/li>\n<li>Alumnes assignats al centre en primera tanda. 10 de juliol.<\/li>\n<li>Alumnes assignats al centre en segona tanda. 24 de juliol.<\/li>\n<\/ul>\n<p>Matr\u00edcula de continu\u00eftat: del 25 de juny al 3 de juliol<\/p>\n\n\n<p><\/p>\n\n\n\n<p><\/p>\n","protected":false},"excerpt":{"rendered":"<p>Quant als terminis de preinscripci\u00f3 i matr\u00edcula del curs 2026-2027, les dates que cal tenir en compte s\u00f3n les seg\u00fcents: Instruccions preinscripcions CFGM Instruccions preinscripcions CFGS ESTUDIS PREINSCRIPCI\u00d3 MATR\u00cdCULA CFGM Del 26 de maig al 1r de juny De l&#8217;10 al 14 de juliol (Confirmaci\u00f3 1a assignaci\u00f3) Del 24 al 28 de juliol (Confirmaci\u00f3 2a [&hellip;]<\/p>\n","protected":false},"author":1,"featured_media":0,"parent":81,"menu_order":0,"comment_status":"closed","ping_status":"closed","template":"","meta":{"_bbp_topic_count":0,"_bbp_reply_count":0,"_bbp_total_topic_count":0,"_bbp_total_reply_count":0,"_bbp_voice_count":0,"_bbp_anonymous_reply_count":0,"_bbp_topic_count_hidden":0,"_bbp_reply_count_hidden":0,"_bbp_forum_subforum_count":0,"site-sidebar-layout":"default","site-content-layout":"","ast-site-content-layout":"default","site-content-style":"default","site-sidebar-style":"default","ast-global-header-display":"","ast-banner-title-visibility":"","ast-main-header-display":"","ast-hfb-above-header-display":"","ast-hfb-below-header-display":"","ast-hfb-mobile-header-display":"","site-post-title":"","ast-breadcrumbs-content":"","ast-featured-img":"","footer-sml-layout":"","theme-transparent-header-meta":"","adv-header-id-meta":"","stick-header-meta":"","header-above-stick-meta":"","header-main-stick-meta":"","header-below-stick-meta":"","astra-migrate-meta-layouts":"set","ast-page-background-enabled":"default","ast-page-background-meta":{"desktop":{"background-color":"var(--ast-global-color-5)","background-image":"","background-repeat":"repeat","background-position":"center center","background-size":"auto","background-attachment":"scroll","background-type":"","background-media":"","overlay-type":"","overlay-color":"","overlay-opacity":"","overlay-gradient":""},"tablet":{"background-color":"","background-image":"","background-repeat":"repeat","background-position":"center center","background-size":"auto","background-attachment":"scroll","background-type":"","background-media":"","overlay-type":"","overlay-color":"","overlay-opacity":"","overlay-gradient":""},"mobile":{"background-color":"","background-image":"","background-repeat":"repeat","background-position":"center center","background-size":"auto","background-attachment":"scroll","background-type":"","background-media":"","overlay-type":"","overlay-color":"","overlay-opacity":"","overlay-gradient":""}},"ast-content-background-meta":{"desktop":{"background-color":"var(--ast-global-color-4)","background-image":"","background-repeat":"repeat","background-position":"center center","background-size":"auto","background-attachment":"scroll","background-type":"","background-media":"","overlay-type":"","overlay-color":"","overlay-opacity":"","overlay-gradient":""},"tablet":{"background-color":"var(--ast-global-color-4)","background-image":"","background-repeat":"repeat","background-position":"center center","background-size":"auto","background-attachment":"scroll","background-type":"","background-media":"","overlay-type":"","overlay-color":"","overlay-opacity":"","overlay-gradient":""},"mobile":{"background-color":"var(--ast-global-color-4)","background-image":"","background-repeat":"repeat","background-position":"center center","background-size":"auto","background-attachment":"scroll","background-type":"","background-media":"","overlay-type":"","overlay-color":"","overlay-opacity":"","overlay-gradient":""}},"footnotes":""},"class_list":["post-11636","page","type-page","status-publish","hentry"],"post_mailing_queue_ids":[],"_links":{"self":[{"href":"https:\/\/agora.xtec.cat\/insjvfoix\/wp-json\/wp\/v2\/pages\/11636","targetHints":{"allow":["GET"]}}],"collection":[{"href":"https:\/\/agora.xtec.cat\/insjvfoix\/wp-json\/wp\/v2\/pages"}],"about":[{"href":"https:\/\/agora.xtec.cat\/insjvfoix\/wp-json\/wp\/v2\/types\/page"}],"author":[{"embeddable":true,"href":"https:\/\/agora.xtec.cat\/insjvfoix\/wp-json\/wp\/v2\/users\/1"}],"replies":[{"embeddable":true,"href":"https:\/\/agora.xtec.cat\/insjvfoix\/wp-json\/wp\/v2\/comments?post=11636"}],"version-history":[{"count":6,"href":"https:\/\/agora.xtec.cat\/insjvfoix\/wp-json\/wp\/v2\/pages\/11636\/revisions"}],"predecessor-version":[{"id":13411,"href":"https:\/\/agora.xtec.cat\/insjvfoix\/wp-json\/wp\/v2\/pages\/11636\/revisions\/13411"}],"up":[{"embeddable":true,"href":"https:\/\/agora.xtec.cat\/insjvfoix\/wp-json\/wp\/v2\/pages\/81"}],"wp:attachment":[{"href":"https:\/\/agora.xtec.cat\/insjvfoix\/wp-json\/wp\/v2\/media?parent=11636"}],"curies":[{"name":"wp","href":"https:\/\/api.w.org\/{rel}","templated":true}]}}