{"id":13,"date":"2014-09-12T11:05:02","date_gmt":"2014-09-12T11:05:02","guid":{"rendered":"http:\/\/agora.xtec.cat\/insjrubioiors\/?page_id=13"},"modified":"2026-02-23T14:14:46","modified_gmt":"2026-02-23T13:14:46","slug":"avis","status":"publish","type":"page","link":"https:\/\/agora.xtec.cat\/insjrubioiors\/","title":{"rendered":"INSTITUT JOAQUIM RUBI\u00d3 I ORS"},"content":{"rendered":"<p>&nbsp;<\/p>\n<h3 style=\"text-align: center;\"><span style=\"color: #ff6600;\"><strong>PORTES OBERTES A L&#8217;ESO\u00a0<\/strong><\/span><\/h3>\n<p>Dates de presentaci\u00f3 sol\u00b7licituds per la preinscripci\u00f3 del curs 26-27: ESO: del 6 al 18 de mar\u00e7 de 2026<\/p>\n<p><a href=\"https:\/\/agora.xtec.cat\/insjrubioiors\/wp-content\/uploads\/usu2340\/2026\/01\/Post-de-Facebook-Oferta-de-Empleo-Vacante-de-Marketing-Profesional-Amarillo-y-Azul.png\"><img loading=\"lazy\" decoding=\"async\" class=\"aligncenter size-medium wp-image-2701\" src=\"https:\/\/agora.xtec.cat\/insjrubioiors\/wp-content\/uploads\/usu2340\/2026\/01\/Post-de-Facebook-Oferta-de-Empleo-Vacante-de-Marketing-Profesional-Amarillo-y-Azul-300x251.png\" alt=\"\" width=\"300\" height=\"251\" srcset=\"https:\/\/agora.xtec.cat\/insjrubioiors\/wp-content\/uploads\/usu2340\/2026\/01\/Post-de-Facebook-Oferta-de-Empleo-Vacante-de-Marketing-Profesional-Amarillo-y-Azul-300x251.png 300w, https:\/\/agora.xtec.cat\/insjrubioiors\/wp-content\/uploads\/usu2340\/2026\/01\/Post-de-Facebook-Oferta-de-Empleo-Vacante-de-Marketing-Profesional-Amarillo-y-Azul-768x644.png 768w, https:\/\/agora.xtec.cat\/insjrubioiors\/wp-content\/uploads\/usu2340\/2026\/01\/Post-de-Facebook-Oferta-de-Empleo-Vacante-de-Marketing-Profesional-Amarillo-y-Azul.png 940w\" sizes=\"auto, (max-width: 300px) 100vw, 300px\" \/><\/a><\/p>\n<h3 style=\"text-align: center;\"><span style=\"color: #ff6600;\">PORTES OBERTES BATXILLERAT<\/span><\/h3>\n<p>Dates de presentaci\u00f3 sol\u00b7licituds per la preinscripci\u00f3 del curs 26-27: BATXILLERAT: Del 9 al 16 d&#8217;abril de 2026<\/p>\n<p><a href=\"https:\/\/agora.xtec.cat\/insjrubioiors\/wp-content\/uploads\/usu2340\/2026\/02\/Anade-algo-de-texto.png\"><img loading=\"lazy\" decoding=\"async\" class=\"aligncenter wp-image-2763\" src=\"https:\/\/agora.xtec.cat\/insjrubioiors\/wp-content\/uploads\/usu2340\/2026\/02\/Anade-algo-de-texto-300x169.png\" alt=\"\" width=\"453\" height=\"255\" srcset=\"https:\/\/agora.xtec.cat\/insjrubioiors\/wp-content\/uploads\/usu2340\/2026\/02\/Anade-algo-de-texto-300x169.png 300w, https:\/\/agora.xtec.cat\/insjrubioiors\/wp-content\/uploads\/usu2340\/2026\/02\/Anade-algo-de-texto-1024x576.png 1024w, https:\/\/agora.xtec.cat\/insjrubioiors\/wp-content\/uploads\/usu2340\/2026\/02\/Anade-algo-de-texto-768x432.png 768w, https:\/\/agora.xtec.cat\/insjrubioiors\/wp-content\/uploads\/usu2340\/2026\/02\/Anade-algo-de-texto-1536x864.png 1536w, https:\/\/agora.xtec.cat\/insjrubioiors\/wp-content\/uploads\/usu2340\/2026\/02\/Anade-algo-de-texto.png 1920w\" sizes=\"auto, (max-width: 453px) 100vw, 453px\" \/><\/a><\/p>\n<h5 style=\"text-align: center;\"><strong style=\"font-family: inherit; color: #ff6600; font-size: 1.6875em;\">VOLS CON\u00c8IXER M\u00c9S DEL RUBI\u00d3?\u00a0<\/strong><\/h5>\n<!--[if lt IE 9]><script>document.createElement('video');<\/script><![endif]-->\n\t<div class=\"wp-playlist wp-video-playlist wp-playlist-light\">\n\t\t<video controls=\"controls\" preload=\"none\" width=\"640\"\n\t\t height=\"362\"\t><\/video>\n\t<div class=\"wp-playlist-next\"><\/div>\n\t<div class=\"wp-playlist-prev\"><\/div>\n\t<noscript>\n\t<ol>\n\t\t<li><a href='https:\/\/agora.xtec.cat\/insjrubioiors\/wp-content\/uploads\/usu2340\/2025\/03\/05c33b1d-4b98-407b-9d2c-5856632a6134-1-1_590iNQrL-2.mp4'>RUBI\u00d3 1<\/a><\/li>\t<\/ol>\n\t<\/noscript>\n\t<script type=\"application\/json\" class=\"wp-playlist-script\">{\"type\":\"video\",\"tracklist\":true,\"tracknumbers\":true,\"images\":true,\"artists\":true,\"tracks\":[{\"src\":\"https:\\\/\\\/agora.xtec.cat\\\/insjrubioiors\\\/wp-content\\\/uploads\\\/usu2340\\\/2025\\\/03\\\/05c33b1d-4b98-407b-9d2c-5856632a6134-1-1_590iNQrL-2.mp4\",\"type\":\"video\\\/mp4\",\"title\":\"RUBI\\u00d3 1\",\"caption\":\"\",\"description\":\"\",\"meta\":{\"length_formatted\":\"3:56\"},\"dimensions\":{\"original\":{\"width\":848,\"height\":480},\"resized\":{\"width\":640,\"height\":362}},\"image\":{\"src\":\"https:\\\/\\\/agora.xtec.cat\\\/insjrubioiors\\\/wp-includes\\\/images\\\/media\\\/video.svg\",\"width\":48,\"height\":64},\"thumb\":{\"src\":\"https:\\\/\\\/agora.xtec.cat\\\/insjrubioiors\\\/wp-includes\\\/images\\\/media\\\/video.svg\",\"width\":48,\"height\":64}}]}<\/script>\n<\/div>\n\t\n<h2 style=\"text-align: center;\"><\/h2>\n<h2 style=\"text-align: center;\"><strong><!----comment node----><!--a=1--><\/strong><\/h2>\n<h2 style=\"text-align: center;\"><a href=\"https:\/\/drive.google.com\/file\/d\/11PIwrTF8S7txLqxya-ziAHDsq2ggh6Pk\/view?usp=sharing\"><strong>LLISTAT LLIBRES CURS 2025-2026<\/strong><\/a><\/h2>\n<p><a href=\"https:\/\/drive.google.com\/file\/d\/11PIwrTF8S7txLqxya-ziAHDsq2ggh6Pk\/view?usp=sharing\"><img loading=\"lazy\" decoding=\"async\" class=\"aligncenter size-medium wp-image-2457\" src=\"https:\/\/agora.xtec.cat\/insjrubioiors\/wp-content\/uploads\/usu2340\/2025\/06\/Libros-de-texto-gratis-1-1-300x169.jpg\" alt=\"\" width=\"300\" height=\"169\" srcset=\"https:\/\/agora.xtec.cat\/insjrubioiors\/wp-content\/uploads\/usu2340\/2025\/06\/Libros-de-texto-gratis-1-1-300x169.jpg 300w, https:\/\/agora.xtec.cat\/insjrubioiors\/wp-content\/uploads\/usu2340\/2025\/06\/Libros-de-texto-gratis-1-1-768x432.jpg 768w, https:\/\/agora.xtec.cat\/insjrubioiors\/wp-content\/uploads\/usu2340\/2025\/06\/Libros-de-texto-gratis-1-1.jpg 800w\" sizes=\"auto, (max-width: 300px) 100vw, 300px\" \/><\/a><\/p>\n<p><!----comment node----><!--a=1--><\/p>\n<p><!----comment node----><!--a=1--><\/p>\n<p><!----comment node----><!--a=1--><\/p>\n","protected":false},"excerpt":{"rendered":"<p>&nbsp; PORTES OBERTES A L&#8217;ESO\u00a0 Dates de presentaci\u00f3 sol\u00b7licituds per la preinscripci\u00f3 del curs 26-27: ESO: del 6 al 18 de mar\u00e7 de 2026 PORTES OBERTES BATXILLERAT Dates de presentaci\u00f3 sol\u00b7licituds per la preinscripci\u00f3 del curs 26-27: BATXILLERAT: Del 9 al 16 d&#8217;abril de 2026 VOLS CON\u00c8IXER M\u00c9S DEL RUBI\u00d3?\u00a0 LLISTAT LLIBRES CURS 2025-2026<\/p>\n","protected":false},"author":1,"featured_media":0,"parent":7,"menu_order":0,"comment_status":"closed","ping_status":"closed","template":"","meta":{"_bbp_topic_count":0,"_bbp_reply_count":0,"_bbp_total_topic_count":0,"_bbp_total_reply_count":0,"_bbp_voice_count":0,"_bbp_anonymous_reply_count":0,"_bbp_topic_count_hidden":0,"_bbp_reply_count_hidden":0,"_bbp_forum_subforum_count":0,"site-sidebar-layout":"default","site-content-layout":"","ast-site-content-layout":"default","site-content-style":"default","site-sidebar-style":"default","ast-global-header-display":"","ast-banner-title-visibility":"","ast-main-header-display":"","ast-hfb-above-header-display":"","ast-hfb-below-header-display":"","ast-hfb-mobile-header-display":"","site-post-title":"","ast-breadcrumbs-content":"","ast-featured-img":"","footer-sml-layout":"","theme-transparent-header-meta":"default","adv-header-id-meta":"","stick-header-meta":"","header-above-stick-meta":"","header-main-stick-meta":"","header-below-stick-meta":"","astra-migrate-meta-layouts":"set","ast-page-background-enabled":"default","ast-page-background-meta":{"desktop":{"background-color":"var(--ast-global-color-4)","background-image":"","background-repeat":"repeat","background-position":"center center","background-size":"auto","background-attachment":"scroll","background-type":"","background-media":"","overlay-type":"","overlay-color":"","overlay-opacity":"","overlay-gradient":""},"tablet":{"background-color":"","background-image":"","background-repeat":"repeat","background-position":"center center","background-size":"auto","background-attachment":"scroll","background-type":"","background-media":"","overlay-type":"","overlay-color":"","overlay-opacity":"","overlay-gradient":""},"mobile":{"background-color":"","background-image":"","background-repeat":"repeat","background-position":"center center","background-size":"auto","background-attachment":"scroll","background-type":"","background-media":"","overlay-type":"","overlay-color":"","overlay-opacity":"","overlay-gradient":""}},"ast-content-background-meta":{"desktop":{"background-color":"var(--ast-global-color-5)","background-image":"","background-repeat":"repeat","background-position":"center center","background-size":"auto","background-attachment":"scroll","background-type":"","background-media":"","overlay-type":"","overlay-color":"","overlay-opacity":"","overlay-gradient":""},"tablet":{"background-color":"var(--ast-global-color-5)","background-image":"","background-repeat":"repeat","background-position":"center center","background-size":"auto","background-attachment":"scroll","background-type":"","background-media":"","overlay-type":"","overlay-color":"","overlay-opacity":"","overlay-gradient":""},"mobile":{"background-color":"var(--ast-global-color-5)","background-image":"","background-repeat":"repeat","background-position":"center center","background-size":"auto","background-attachment":"scroll","background-type":"","background-media":"","overlay-type":"","overlay-color":"","overlay-opacity":"","overlay-gradient":""}},"footnotes":""},"class_list":["post-13","page","type-page","status-publish","hentry"],"post_mailing_queue_ids":[],"_links":{"self":[{"href":"https:\/\/agora.xtec.cat\/insjrubioiors\/wp-json\/wp\/v2\/pages\/13","targetHints":{"allow":["GET"]}}],"collection":[{"href":"https:\/\/agora.xtec.cat\/insjrubioiors\/wp-json\/wp\/v2\/pages"}],"about":[{"href":"https:\/\/agora.xtec.cat\/insjrubioiors\/wp-json\/wp\/v2\/types\/page"}],"author":[{"embeddable":true,"href":"https:\/\/agora.xtec.cat\/insjrubioiors\/wp-json\/wp\/v2\/users\/1"}],"replies":[{"embeddable":true,"href":"https:\/\/agora.xtec.cat\/insjrubioiors\/wp-json\/wp\/v2\/comments?post=13"}],"version-history":[{"count":7,"href":"https:\/\/agora.xtec.cat\/insjrubioiors\/wp-json\/wp\/v2\/pages\/13\/revisions"}],"predecessor-version":[{"id":2768,"href":"https:\/\/agora.xtec.cat\/insjrubioiors\/wp-json\/wp\/v2\/pages\/13\/revisions\/2768"}],"up":[{"embeddable":true,"href":"https:\/\/agora.xtec.cat\/insjrubioiors\/wp-json\/wp\/v2\/pages\/7"}],"wp:attachment":[{"href":"https:\/\/agora.xtec.cat\/insjrubioiors\/wp-json\/wp\/v2\/media?parent=13"}],"curies":[{"name":"wp","href":"https:\/\/api.w.org\/{rel}","templated":true}]}}