{"id":65,"date":"2014-09-18T10:12:22","date_gmt":"2014-09-18T08:12:22","guid":{"rendered":"http:\/\/agora.xtec.cat\/insjosepvallverdu\/?page_id=65"},"modified":"2019-12-17T12:59:14","modified_gmt":"2019-12-17T11:59:14","slug":"mediacio","status":"publish","type":"page","link":"https:\/\/agora.xtec.cat\/insjosepvallverdu\/serveis\/mediacio\/","title":{"rendered":"Mediaci\u00f3"},"content":{"rendered":"<p><b>La mediaci\u00f3 escolar a l\u2019INS JOSEP VALLVERD\u00da<\/b><\/p>\n<p><b>1.- <\/b><b>Qu\u00e8 \u00e9s la mediaci\u00f3 escolar<\/b><b>:<\/b><\/p>\n<p><b>Concepte<\/b><span style=\"font-weight: 400;\">: \u201cLa mediaci\u00f3 \u00e9s una eina de pacificaci\u00f3 social en la qual hi participen, de forma volunt\u00e0ria, els implicats en un conflicte, amb la intenci\u00f3 de solucionar-lo\u201d.<\/span><\/p>\n<p><b>2.- <\/b><b>El servei de mediaci\u00f3 en el nostre centre<\/b><b>:<\/b><\/p>\n<ol>\n<li style=\"list-style-type: none;\">\n<ol>\n<li style=\"font-weight: 400;\"><span style=\"font-weight: 400;\">Estar\u00e0 format per un grup d\u2019alumnes i un professor coordinador.<\/span><\/li>\n<li style=\"font-weight: 400;\"><span style=\"font-weight: 400;\">En cada mediaci\u00f3 intervindran 2 alumnes com a mediadors.<\/span><\/li>\n<li style=\"font-weight: 400;\"><span style=\"font-weight: 400;\">En algunes mediacions pot intervenir junt amb els alumnes el coordinador.<\/span><\/li>\n<\/ol>\n<\/li>\n<\/ol>\n<p><b>3.-<\/b> <b>La mediaci\u00f3 \u00e9s una alternativa al<\/b> <b>procediment sancionador<\/b><b>:<\/b><\/p>\n<p><span style=\"font-weight: 400;\">El procediment sancionador \u00e9s:\u00a0 l\u2019expedient disciplinari, amb el qual\u00a0 s\u2019imposa una sanci\u00f3 a aquell\/a alumne\/a que ha infringit alguna norma de les que figuren a les NOFC.<\/span><\/p>\n<p><span style=\"font-weight: 400;\">L\u2019alumne\/a pot triar entre el procediment sancionador o anar a mediaci\u00f3.<\/span><\/p>\n<p><b>4.- <\/b><b>Difer\u00e8ncies amb les sancions<\/b><b>:<\/b><\/p>\n<p><span style=\"font-weight: 400;\">A difer\u00e8ncia del procediment sancionador, la mediaci\u00f3 no t\u00e9 com a objecte sancionar\u00a0 un\/a alumne\/a que ha com\u00e8s una infracci\u00f3, sin\u00f3 aconseguir que ell\/a matei\/a reconegui que la seva actuaci\u00f3 no ha estat correcta i assumeixi la responsabilitat dels seus actes.<\/span><\/p>\n<p><b>5.- <\/b><b>En un proc\u00e9s de mediaci\u00f3 hi intervenen tres persones<\/b><b>:<\/b><\/p>\n<ul>\n<li style=\"font-weight: 400;\"><b>Els mediadors<\/b><span style=\"font-weight: 400;\"> que ajuden a tirar endavant el proc\u00e9s.\u00a0<\/span><\/li>\n<li style=\"font-weight: 400;\"><b>La persona\/es que ha ocasionat algun dany, <\/b><span style=\"font-weight: 400;\">i que volunt\u00e0riament vol que s\u2019arregli el conflicte a trav\u00e9s de la mediaci\u00f3 en lloc de seguir el\u00a0 procediment sancionador habitual.<\/span><\/li>\n<li style=\"font-weight: 400;\"><b>La persona\/es perjudicada,<\/b><span style=\"font-weight: 400;\"> la qual tamb\u00e9 ha d\u2019acceptar participar en el proc\u00e9s de mediaci\u00f3.<\/span><\/li>\n<\/ul>\n<p><b>6.- <\/b><b>Com es fa la mediaci\u00f3<\/b><b>?<\/b><\/p>\n<p><span style=\"font-weight: 400;\">El proc\u00e9s de mediaci\u00f3 ha de quedar enllestit el m\u00e9s aviat possible.\u00a0<\/span><\/p>\n<ul>\n<li style=\"list-style-type: none;\">\n<ul>\n<li style=\"font-weight: 400;\"><span style=\"font-weight: 400;\">Quan es demana una mediaci\u00f3, el coordinador\/a del servei de mediaci\u00f3 del centre demana, normalment, a dos alumnes que facin la mediaci\u00f3.<\/span><\/li>\n<li style=\"font-weight: 400;\"><span style=\"font-weight: 400;\">Aquests fixaran dia i hora per trobar-se amb els alumnes implicats.<\/span><\/li>\n<li style=\"font-weight: 400;\"><span style=\"font-weight: 400;\">La reuni\u00f3 comen\u00e7a explicant cada alumne, i per ordre, qu\u00e8 ha passat i despr\u00e9s els dos alumnes proposaran possibles solucions.<\/span><\/li>\n<li style=\"font-weight: 400;\"><span style=\"font-weight: 400;\">Els mediadors es limiten a escoltar, preguntar, aclarir i demanar que arribin a un acord.<\/span><\/li>\n<li style=\"font-weight: 400;\"><span style=\"font-weight: 400;\">S\u2019acaba la mediaci\u00f3 quan els alumnes han arribat a un acord.<\/span><\/li>\n<li style=\"font-weight: 400;\"><span style=\"font-weight: 400;\">L\u2019acord s\u2019ha de complir.<\/span><\/li>\n<li style=\"font-weight: 400;\"><span style=\"font-weight: 400;\">Si no s\u2019arriba a un acord, es passar\u00e0 el conflicte a la Comissi\u00f3 de Conviv\u00e8ncia.<\/span><\/li>\n<\/ul>\n<\/li>\n<\/ul>\n<p><b>7.- <\/b><b>Situacions en qu\u00e8 es pot donar la mediaci\u00f3<\/b><b>:<\/b><\/p>\n<ul>\n<li style=\"font-weight: 400;\"><span style=\"font-weight: 400;\">En conflictes entre alumnes, per exemple, insults, empentes, etc.<\/span><\/li>\n<li style=\"font-weight: 400;\"><span style=\"font-weight: 400;\">En conductes d\u2019alumnes que s\u00f3n contr\u00e0ries a les normes de conviv\u00e8ncia i que danyin\u00a0 altres persones.<\/span><\/li>\n<\/ul>\n<p><b>8.- <\/b><b>Situacions en qu\u00e8 no es pot donar la mediaci\u00f3<\/b><b>:<\/b><\/p>\n<ul>\n<li style=\"font-weight: 400;\"><span style=\"font-weight: 400;\">Quan hi ha viol\u00e8ncia\u00a0 o intimidaci\u00f3 greu.<\/span><\/li>\n<li style=\"font-weight: 400;\"><span style=\"font-weight: 400;\">Quan hi ha reiteraci\u00f3 en conductes contr\u00e0ries a les normes.<\/span><\/li>\n<li style=\"font-weight: 400;\"><span style=\"font-weight: 400;\">Quan ja s\u2019ha utilitzat amb aquell alumne la mediaci\u00f3 en 2 conflictes anteriors.<\/span><\/li>\n<\/ul>\n","protected":false},"excerpt":{"rendered":"<p>La mediaci\u00f3 escolar a l\u2019INS JOSEP VALLVERD\u00da<br \/>\n1.- Qu\u00e8 \u00e9s la mediaci\u00f3 escolar:<br \/>\nConcepte: \u201cLa mediaci\u00f3 \u00e9s una eina de pacificaci\u00f3 social en la qual hi participen, de forma volunt\u00e0ria, els implicats en un conflicte, amb la intenci\u00f3 de solucionar-lo\u201d.<br \/>\n2.- El servei de mediaci\u00f3 en el nostre&hellip;  <a href=\"https:\/\/agora.xtec.cat\/insjosepvallverdu\/serveis\/mediacio\/\" title=\"Read Mediaci\u00f3\">Llegeix m\u00e9s\u00bb<\/a><\/p>\n","protected":false},"author":1,"featured_media":0,"parent":63,"menu_order":10,"comment_status":"closed","ping_status":"closed","template":"page-templates\/side-menu.php","meta":{"_bbp_topic_count":0,"_bbp_reply_count":0,"_bbp_total_topic_count":0,"_bbp_total_reply_count":0,"_bbp_voice_count":0,"_bbp_anonymous_reply_count":0,"_bbp_topic_count_hidden":0,"_bbp_reply_count_hidden":0,"_bbp_forum_subforum_count":0,"footnotes":""},"class_list":["post-65","page","type-page","status-publish","hentry"],"post_mailing_queue_ids":[],"_links":{"self":[{"href":"https:\/\/agora.xtec.cat\/insjosepvallverdu\/wp-json\/wp\/v2\/pages\/65","targetHints":{"allow":["GET"]}}],"collection":[{"href":"https:\/\/agora.xtec.cat\/insjosepvallverdu\/wp-json\/wp\/v2\/pages"}],"about":[{"href":"https:\/\/agora.xtec.cat\/insjosepvallverdu\/wp-json\/wp\/v2\/types\/page"}],"author":[{"embeddable":true,"href":"https:\/\/agora.xtec.cat\/insjosepvallverdu\/wp-json\/wp\/v2\/users\/1"}],"replies":[{"embeddable":true,"href":"https:\/\/agora.xtec.cat\/insjosepvallverdu\/wp-json\/wp\/v2\/comments?post=65"}],"version-history":[{"count":2,"href":"https:\/\/agora.xtec.cat\/insjosepvallverdu\/wp-json\/wp\/v2\/pages\/65\/revisions"}],"predecessor-version":[{"id":15259,"href":"https:\/\/agora.xtec.cat\/insjosepvallverdu\/wp-json\/wp\/v2\/pages\/65\/revisions\/15259"}],"up":[{"embeddable":true,"href":"https:\/\/agora.xtec.cat\/insjosepvallverdu\/wp-json\/wp\/v2\/pages\/63"}],"wp:attachment":[{"href":"https:\/\/agora.xtec.cat\/insjosepvallverdu\/wp-json\/wp\/v2\/media?parent=65"}],"curies":[{"name":"wp","href":"https:\/\/api.w.org\/{rel}","templated":true}]}}