{"id":43,"date":"2014-09-17T16:45:07","date_gmt":"2014-09-17T16:45:07","guid":{"rendered":"http:\/\/agora.xtec.cat\/insjosepvallverdu\/?page_id=43"},"modified":"2019-10-28T12:32:46","modified_gmt":"2019-10-28T11:32:46","slug":"consell-escolar","status":"publish","type":"page","link":"https:\/\/agora.xtec.cat\/insjosepvallverdu\/linstitut\/consell-escolar\/","title":{"rendered":"Consell escolar"},"content":{"rendered":"<h2><strong>CORRESPON AL CONSELL ESCOLAR LES FUNCIONS SEG\u00dcENTS: <\/strong><\/h2>\n<ul>\n<li>Participar en l&#8217;aprovaci\u00f3 del projecte educatiu i les seves modificacions. El consell escolar ha de ser consultat pel director de manera preceptiva per valorar la proposta del projecte educatiu i manifestar el seu suport amb una majoria de les tres cinquenes parts dels membres.<\/li>\n<li>Participar en l&#8217;aprovaci\u00f3 de la programaci\u00f3 general anual, de les normes de funcionament i de la gesti\u00f3 econ\u00f2mica del centre. El consell escolar ha de ser consultat de manera preceptiva per valorar cada una de les propostes i manifestar el seu suport per majoria simple dels membres.<\/li>\n<li>Avaluar l&#8217;aplicaci\u00f3 del projecte educatiu i de les seves modificacions aix\u00ed com de la resta de documents de gesti\u00f3 del centre.<\/li>\n<li>Aprovar les propostes d&#8217;acords de coresponsabilitat, convenis i altres acords de col\u00b7laboraci\u00f3 del centre amb entitats i institucions.<\/li>\n<li>Intervenir en el procediment d&#8217;admissi\u00f3 d&#8217;alumnes.<\/li>\n<li>Participar en el procediment de selecci\u00f3 i en la proposta de cessament del director o directora.<\/li>\n<li>Intervenir en la resoluci\u00f3 dels conflictes i, si escau, revisar les sancions als alumnes.<\/li>\n<li>Aprovar les directrius per a la programaci\u00f3 d&#8217;activitats escolars complement\u00e0ries i d&#8217;activitats extraescolars, i avaluar-ne el desenvolupament.<\/li>\n<li>Participar en les an\u00e0lisis i les avaluacions del funcionament general del centre i con\u00e8ixer l&#8217;evoluci\u00f3 del rendiment escolar.<\/li>\n<li>Aprovar els criteris de col\u00b7laboraci\u00f3 amb altres centres i amb l&#8217;entorn.<\/li>\n<li>Qualsevol altre que li sigui atribu\u00efda per les normes legals o reglament\u00e0ries.<\/li>\n<\/ul>\n<p>&nbsp;<\/p>\n<h2>FUNCIONAMENT<\/h2>\n<p>El consell escolar ha d&#8217;aprovar les seves normes de funcionament. En all\u00f2 que no estigui previst s&#8217;han d&#8217;aplicar les normes reguladores dels \u00f2rgans col\u00b7legiats de l&#8217;Administraci\u00f3 de la Generalitat.<\/p>\n<p>El consell escolar del centre es reuneix preceptivament una vegada al trimestre i sempre que el convoca el director o directora del centre o ho sol\u00b7licita al menys un ter\u00e7 de les seves persones membres. A m\u00e9s, s&#8217;ha de fer una reuni\u00f3 a principi de curs i una altra a la seva finalitzaci\u00f3.<\/p>\n<p>El consell escolar actua normalment en ple. Es poden constituir comissions espec\u00edfiques d\u2019estudi i informaci\u00f3, a les quals, en tot cas, s\u2019hi ha d\u2019incorporar la direcci\u00f3 del centre, o en la seva representaci\u00f3, un altre \u00f2rgan\u00a0unipersonal de direcci\u00f3,\u00a0un professor o professora, i un alumne o alumna o un representant o una representant de les mares i els pares. Els centres de titularitat p\u00fablica, a m\u00e9s, hi ha d&#8217;haver preceptivament\u00a0una\u00a0comissi\u00f3 econ\u00f2mica\u00a0que supervisa la gesti\u00f3 econ\u00f2mica del centre.<\/p>\n<p>&nbsp;<\/p>\n<h2><strong>Composici\u00f3 del Consell Escolar a 11 de desembre de 2018<\/strong><\/h2>\n<table style=\"width: 680px; height: 1505px;\">\n<tbody>\n<tr>\n<td style=\"width: 277px;\"><span style=\"font-weight: 400;\">Antonieta Bernat Ib\u00e1\u00f1ez<\/span><\/td>\n<td style=\"width: 395px;\"><span style=\"font-weight: 400;\">Presidenta<\/span><\/td>\n<\/tr>\n<tr>\n<td style=\"width: 277px;\"><span style=\"font-weight: 400;\">Josep Agust\u00ed Segarra<\/span><\/td>\n<td style=\"width: 395px;\"><span style=\"font-weight: 400;\">Secretari<\/span><\/td>\n<\/tr>\n<tr>\n<td style=\"width: 277px;\"><span style=\"font-weight: 400;\">M. Carme Calder\u00f3 Massana<\/span><\/td>\n<td style=\"width: 395px;\"><span style=\"font-weight: 400;\">Cap d\u2019estudis<\/span><\/td>\n<\/tr>\n<tr>\n<td style=\"width: 277px;\"><span style=\"font-weight: 400;\">Teresa Capdevila Bellmunt<\/span><\/td>\n<td style=\"width: 395px;\"><span style=\"font-weight: 400;\">Representant sector professorat<\/span><\/td>\n<\/tr>\n<tr>\n<td style=\"width: 277px;\"><span style=\"font-weight: 400;\">Maite Granell Si\u00f3<\/span><\/td>\n<td style=\"width: 395px;\"><span style=\"font-weight: 400;\">Representant sector professorat<\/span><\/td>\n<\/tr>\n<tr>\n<td style=\"width: 277px;\"><span style=\"font-weight: 400;\">Francesc Guasch Esteller<\/span><\/td>\n<td style=\"width: 395px;\"><span style=\"font-weight: 400;\">Representant sector professorat<\/span><\/td>\n<\/tr>\n<tr>\n<td style=\"width: 277px;\"><span style=\"font-weight: 400;\">Noem\u00ed Jumbert Arau<\/span><\/td>\n<td style=\"width: 395px;\"><span style=\"font-weight: 400;\">Representant sector professorat<\/span><\/td>\n<\/tr>\n<tr>\n<td style=\"width: 277px;\"><span style=\"font-weight: 400;\">M. Carme Montserrat Josa<\/span><\/td>\n<td style=\"width: 395px;\"><span style=\"font-weight: 400;\">Representant sector professorat<\/span><\/td>\n<\/tr>\n<tr>\n<td style=\"width: 277px;\"><span style=\"font-weight: 400;\">Ramon Roca Mart\u00ednez<\/span><\/td>\n<td style=\"width: 395px;\"><span style=\"font-weight: 400;\">Representant sector professorat<\/span><\/td>\n<\/tr>\n<tr>\n<td style=\"width: 277px;\"><span style=\"font-weight: 400;\">Francesc Solans Barber\u00e0<\/span><\/td>\n<td style=\"width: 395px;\"><span style=\"font-weight: 400;\">Representant sector professorat<\/span><\/td>\n<\/tr>\n<tr>\n<td style=\"width: 277px;\"><span style=\"font-weight: 400;\">S\u00edlvia Mateus Capdevila<\/span><\/td>\n<td style=\"width: 395px;\"><span style=\"font-weight: 400;\">Representant sector professorat<\/span><\/td>\n<\/tr>\n<tr>\n<td style=\"width: 277px;\"><span style=\"font-weight: 400;\">Ivan S\u00e1nchez Clivill\u00e9<\/span><\/td>\n<td style=\"width: 395px;\"><span style=\"font-weight: 400;\">Representant sector alumnat<\/span><\/td>\n<\/tr>\n<tr>\n<td style=\"width: 277px;\"><span style=\"font-weight: 400;\">Pau Josep Domenech Callau<\/span><\/td>\n<td style=\"width: 395px;\"><span style=\"font-weight: 400;\">Representant sector alumnat<\/span><\/td>\n<\/tr>\n<tr>\n<td style=\"width: 277px;\"><span style=\"font-weight: 400;\">Abril Pairada de la Fuente<\/span><\/td>\n<td style=\"width: 395px;\"><span style=\"font-weight: 400;\">Representant sector alumnat<\/span><\/td>\n<\/tr>\n<tr>\n<td style=\"width: 277px;\"><span style=\"font-weight: 400;\">Mariona Roset Pons<\/span><\/td>\n<td style=\"width: 395px;\"><span style=\"font-weight: 400;\">Representant sector alumnat<\/span><\/td>\n<\/tr>\n<tr>\n<td style=\"width: 277px;\"><span style=\"font-weight: 400;\">Sussana Aubach Sans<\/span><\/td>\n<td style=\"width: 395px;\"><span style=\"font-weight: 400;\">Representant sector pares i mares<\/span><\/td>\n<\/tr>\n<tr>\n<td style=\"width: 277px;\"><span style=\"font-weight: 400;\">M\u00f2nica Cifuentes Monn\u00e9<\/span><\/td>\n<td style=\"width: 395px;\"><span style=\"font-weight: 400;\">Representant sector pares i mares<\/span><\/td>\n<\/tr>\n<tr>\n<td style=\"width: 277px;\"><span style=\"font-weight: 400;\">Ester Ru\u00e9 Gasol<\/span><\/td>\n<td style=\"width: 395px;\"><span style=\"font-weight: 400;\">Representant sector pares i mares<\/span><\/td>\n<\/tr>\n<tr>\n<td style=\"width: 277px;\"><span style=\"font-weight: 400;\">Mireia Nav\u00e9s Baiget<\/span><\/td>\n<td style=\"width: 395px;\"><span style=\"font-weight: 400;\">Representant sector pares i mares<\/span><\/td>\n<\/tr>\n<tr>\n<td style=\"width: 277px;\"><span style=\"font-weight: 400;\">Joan Triquell Navarrete<\/span><\/td>\n<td style=\"width: 395px;\"><span style=\"font-weight: 400;\">Representant AMPA<\/span><\/td>\n<\/tr>\n<tr>\n<td style=\"width: 277px;\"><span style=\"font-weight: 400;\">Marina Mesa Farr\u00e9<\/span><\/td>\n<td style=\"width: 395px;\"><span style=\"font-weight: 400;\">Representant sector PAE (Personal Atenci\u00f3 Educativa complement\u00e0ria<\/span><\/td>\n<\/tr>\n<tr>\n<td style=\"width: 277px;\"><span style=\"font-weight: 400;\">Maria Antonia Forteza Gras<\/span><\/td>\n<td style=\"width: 395px;\"><span style=\"font-weight: 400;\">Representant sector PAS (Personal Administraci\u00f3 i Serveis<\/span><\/td>\n<\/tr>\n<tr>\n<td style=\"width: 277px;\"><span style=\"font-weight: 400;\">Maria Fust\u00e9 Marsal<\/span><\/td>\n<td style=\"width: 395px;\"><span style=\"font-weight: 400;\">Regidor o representant Ajuntament<\/span><\/td>\n<\/tr>\n<tr>\n<td style=\"width: 277px;\"><span style=\"font-weight: 400;\">Montse Ruiz Iglesias<\/span><\/td>\n<td style=\"width: 395px;\"><span style=\"font-weight: 400;\">Representant organitzacions empresarials<\/span><\/td>\n<\/tr>\n<\/tbody>\n<\/table>\n","protected":false},"excerpt":{"rendered":"<p>CORRESPON AL CONSELL ESCOLAR LES FUNCIONS SEG\u00dcENTS: <\/p>\n<ul>\n<li>Participar en l&#8217;aprovaci\u00f3 del projecte educatiu i les seves modificacions. El consell escolar ha de ser consultat pel director de manera preceptiva per valorar la proposta del projecte educatiu i manifestar el seu suport amb una majoria de&hellip;  <a href=\"https:\/\/agora.xtec.cat\/insjosepvallverdu\/linstitut\/consell-escolar\/\" title=\"Read Consell escolar\">Llegeix m\u00e9s\u00bb<\/a><br \/>\n","protected":false},"author":1,"featured_media":0,"parent":19,"menu_order":40,"comment_status":"closed","ping_status":"closed","template":"page-templates\/side-menu.php","meta":{"_bbp_topic_count":0,"_bbp_reply_count":0,"_bbp_total_topic_count":0,"_bbp_total_reply_count":0,"_bbp_voice_count":0,"_bbp_anonymous_reply_count":0,"_bbp_topic_count_hidden":0,"_bbp_reply_count_hidden":0,"_bbp_forum_subforum_count":0,"footnotes":""},"class_list":["post-43","page","type-page","status-publish","hentry"],"post_mailing_queue_ids":[],"_links":{"self":[{"href":"https:\/\/agora.xtec.cat\/insjosepvallverdu\/wp-json\/wp\/v2\/pages\/43","targetHints":{"allow":["GET"]}}],"collection":[{"href":"https:\/\/agora.xtec.cat\/insjosepvallverdu\/wp-json\/wp\/v2\/pages"}],"about":[{"href":"https:\/\/agora.xtec.cat\/insjosepvallverdu\/wp-json\/wp\/v2\/types\/page"}],"author":[{"embeddable":true,"href":"https:\/\/agora.xtec.cat\/insjosepvallverdu\/wp-json\/wp\/v2\/users\/1"}],"replies":[{"embeddable":true,"href":"https:\/\/agora.xtec.cat\/insjosepvallverdu\/wp-json\/wp\/v2\/comments?post=43"}],"version-history":[{"count":3,"href":"https:\/\/agora.xtec.cat\/insjosepvallverdu\/wp-json\/wp\/v2\/pages\/43\/revisions"}],"predecessor-version":[{"id":15142,"href":"https:\/\/agora.xtec.cat\/insjosepvallverdu\/wp-json\/wp\/v2\/pages\/43\/revisions\/15142"}],"up":[{"embeddable":true,"href":"https:\/\/agora.xtec.cat\/insjosepvallverdu\/wp-json\/wp\/v2\/pages\/19"}],"wp:attachment":[{"href":"https:\/\/agora.xtec.cat\/insjosepvallverdu\/wp-json\/wp\/v2\/media?parent=43"}],"curies":[{"name":"wp","href":"https:\/\/api.w.org\/{rel}","templated":true}]}}