{"id":27,"date":"2014-09-17T16:24:03","date_gmt":"2014-09-17T16:24:03","guid":{"rendered":"http:\/\/agora.xtec.cat\/insjosepvallverdu\/?page_id=27"},"modified":"2020-11-17T19:47:22","modified_gmt":"2020-11-17T18:47:22","slug":"historia","status":"publish","type":"page","link":"https:\/\/agora.xtec.cat\/insjosepvallverdu\/linstitut\/historia\/","title":{"rendered":"Hist\u00f2ria"},"content":{"rendered":"<p><a href=\"https:\/\/agora.xtec.cat\/insjosepvallverdu\/wp-content\/uploads\/usu1806\/2020\/07\/foto_8.jpg\"><img loading=\"lazy\" decoding=\"async\" class=\"aligncenter size-full wp-image-15650\" src=\"https:\/\/agora.xtec.cat\/insjosepvallverdu\/wp-content\/uploads\/usu1806\/2020\/07\/foto_8.jpg\" alt=\"\" width=\"1220\" height=\"821\" srcset=\"https:\/\/agora.xtec.cat\/insjosepvallverdu\/wp-content\/uploads\/usu1806\/2020\/07\/foto_8.jpg 1220w, https:\/\/agora.xtec.cat\/insjosepvallverdu\/wp-content\/uploads\/usu1806\/2020\/07\/foto_8-300x202.jpg 300w, https:\/\/agora.xtec.cat\/insjosepvallverdu\/wp-content\/uploads\/usu1806\/2020\/07\/foto_8-768x517.jpg 768w, https:\/\/agora.xtec.cat\/insjosepvallverdu\/wp-content\/uploads\/usu1806\/2020\/07\/foto_8-1024x689.jpg 1024w\" sizes=\"auto, (max-width: 1220px) 100vw, 1220px\" \/><\/a><\/p>\n<p>En primer lloc, el dia 28 de juliol de 1980, per una ordre ministerial es creava l\u2019Institut Nacional de Batxillerat Mixt de les Borges Blanques, -BOE n\u00fam. 224, de 17 de setembre de 1980.<\/p>\n<p>D\u2019altra banda, a la capital de les Garrigues, ja feia temps que funcionava una secci\u00f3 delegada de Formaci\u00f3 Professional \u2013branca El\u00e8ctrica i Administrativa- que depenia de l\u2019IES Escola del treball de Lleida. Aquesta secci\u00f3, el mes de desembre de 1981, es transform\u00e0, gr\u00e0cies a un decret de la conselleria d\u2019ensenyament de la Generalitat, en l\u2019Institut Formaci\u00f3 Professional \u2013DOG n\u00fam. 190 de 13 de gener de 1982-. S\u2019hi afegir\u00e0 el primer grau de la branca de Metall. Aquest Institut de F.P. s\u2019ubic\u00e0 a l\u2019edifici en qu\u00e8 s\u2019impartia el Batxillerat, amb directiva pr\u00f2pia i pressupostos independents, llevat de les despeses de caire comunitari. Aix\u00ed, passaren 10 anys d\u2019intensa activitat i dedicaci\u00f3.<\/p>\n<p>Amb el temps, la confecci\u00f3 per part de l\u2019administraci\u00f3 de nous mapes escolars i el desig de racionalitzar els recursos de car\u00e0cter p\u00fablic aconsellaren la fusi\u00f3 de les dues entitats en un \u00fanic centre educatiu: l\u2019Institut d\u2019Educaci\u00f3 Secund\u00e0ria (IES).<\/p>\n<p>Amb el decret de 28 d\u2019agost de 1989, es creava l\u2019IES de les Borges Blanques com a resultat de la uni\u00f3 d l\u2019Institut de Batxillerat \u201cJosep Vallverd\u00fa\u201d i de l\u2019Institut de Formaci\u00f3 Professional \u2013DOG n\u00fam. 1194, de 15 de setembre de 1989-.<\/p>\n<p>El 14 de mar\u00e7 de 1990, el Conseller d\u2019Ensenyament va resoldre, oficialment, concedir, a l\u2019IES de les Borges, la denominaci\u00f3 espec\u00edfica de \u201cJosep Vallverd\u00fa\u201d \u2013DOG n\u00fam. 1274, de 30 de mar\u00e7 de 1990-.<\/p>\n<p>D\u2019aleshores en\u00e7\u00e0, l\u2019activitat docent s\u2019ha anat desenvolupant amb el tarann\u00e0 propi d\u2019un centre p\u00fablic d\u2019ensenyament secundari, de primer, amb els antics plans d\u2019estudi \u2013el BUP, el COU, la FP i l\u2019inici dels primers cursos de Formaci\u00f3 Ocupacional-; i, m\u00e9s tard, amb la incorporaci\u00f3, gradual, de l\u2019ESO, el Batxillerat i els CFGM i CFGS. Amb el desplegament d\u2019aquests plans d\u2019estudi, es comen\u00e7ava una \u201cnova\u201d \u201cera\u201d a l\u2019Institut.<\/p>\n<p>Aix\u00ed doncs, s\u2019han formulat nous programes, nous objectius, noves estrat\u00e8gies per a atendre les noves demandes i saber canalitzar els nous curr\u00edculums que genera la implantaci\u00f3 i l\u2019organitzaci\u00f3 d\u2019aquests nous estudis.<\/p>\n<p>Per descobrir la hist\u00f2ria de l&#8217;institut, no us perdeu la s\u00e8rie d&#8217;articles que el seu lloc web publica en ocasi\u00f3 del 40\u00e8 aniversari del centre. Podeu trobar-los en el seg\u00fcent <a href=\"https:\/\/agora.xtec.cat\/insjosepvallverdu\/tag\/40-anys-del-vallverdu\/\" target=\"_blank\" rel=\"noopener noreferrer\">enlla\u00e7<\/a>.<\/p>\n","protected":false},"excerpt":{"rendered":"<p><a href=\"https:\/\/agora.xtec.cat\/insjosepvallverdu\/wp-content\/uploads\/usu1806\/2020\/07\/foto_8.jpg\"><\/a><br \/>\nEn primer lloc, el dia 28 de juliol de 1980, per una ordre ministerial es creava l\u2019Institut Nacional de Batxillerat Mixt de les Borges Blanques, -BOE n\u00fam. 224, de 17 de setembre de 1980.<br \/>\nD\u2019altra banda, a la capital de les Garrigues, ja feia temps&hellip;  <a href=\"https:\/\/agora.xtec.cat\/insjosepvallverdu\/linstitut\/historia\/\" title=\"Read Hist\u00f2ria\">Llegeix m\u00e9s\u00bb<\/a><\/p>\n","protected":false},"author":1,"featured_media":0,"parent":19,"menu_order":20,"comment_status":"closed","ping_status":"closed","template":"page-templates\/side-menu.php","meta":{"_bbp_topic_count":0,"_bbp_reply_count":0,"_bbp_total_topic_count":0,"_bbp_total_reply_count":0,"_bbp_voice_count":0,"_bbp_anonymous_reply_count":0,"_bbp_topic_count_hidden":0,"_bbp_reply_count_hidden":0,"_bbp_forum_subforum_count":0,"footnotes":""},"class_list":["post-27","page","type-page","status-publish","hentry"],"post_mailing_queue_ids":[],"_links":{"self":[{"href":"https:\/\/agora.xtec.cat\/insjosepvallverdu\/wp-json\/wp\/v2\/pages\/27","targetHints":{"allow":["GET"]}}],"collection":[{"href":"https:\/\/agora.xtec.cat\/insjosepvallverdu\/wp-json\/wp\/v2\/pages"}],"about":[{"href":"https:\/\/agora.xtec.cat\/insjosepvallverdu\/wp-json\/wp\/v2\/types\/page"}],"author":[{"embeddable":true,"href":"https:\/\/agora.xtec.cat\/insjosepvallverdu\/wp-json\/wp\/v2\/users\/1"}],"replies":[{"embeddable":true,"href":"https:\/\/agora.xtec.cat\/insjosepvallverdu\/wp-json\/wp\/v2\/comments?post=27"}],"version-history":[{"count":3,"href":"https:\/\/agora.xtec.cat\/insjosepvallverdu\/wp-json\/wp\/v2\/pages\/27\/revisions"}],"predecessor-version":[{"id":15847,"href":"https:\/\/agora.xtec.cat\/insjosepvallverdu\/wp-json\/wp\/v2\/pages\/27\/revisions\/15847"}],"up":[{"embeddable":true,"href":"https:\/\/agora.xtec.cat\/insjosepvallverdu\/wp-json\/wp\/v2\/pages\/19"}],"wp:attachment":[{"href":"https:\/\/agora.xtec.cat\/insjosepvallverdu\/wp-json\/wp\/v2\/media?parent=27"}],"curies":[{"name":"wp","href":"https:\/\/api.w.org\/{rel}","templated":true}]}}