{"id":17376,"date":"2024-06-26T19:28:15","date_gmt":"2024-06-26T17:28:15","guid":{"rendered":"https:\/\/agora.xtec.cat\/insjosepvallverdu\/?page_id=17376"},"modified":"2024-09-06T09:49:39","modified_gmt":"2024-09-06T07:49:39","slug":"memoria-anual-de-centre","status":"publish","type":"page","link":"https:\/\/agora.xtec.cat\/insjosepvallverdu\/linstitut\/normes-dorganitzacio-i-funcionament\/memoria-anual-de-centre\/","title":{"rendered":"MEM\u00d2RIA ANUAL DE CENTRE"},"content":{"rendered":"<p>En el seg\u00fcent document hi trobareu la Mem\u00f2ria anual de l&#8217;Institut Josep Vallverd\u00fa corresponent al curs 2023-24:<\/p>\n<p><a href=\"https:\/\/agora.xtec.cat\/insjosepvallverdu\/wp-content\/uploads\/usu1806\/2024\/09\/MEMORIA-CURS-23-24.pdf\">Mem\u00f2ria anual de centre del curs acad\u00e8mic 2023-24<\/a><\/p>\n","protected":false},"excerpt":{"rendered":"<p>En el seg\u00fcent document hi trobareu la Mem\u00f2ria anual de l&#8217;Institut Josep Vallverd\u00fa corresponent al curs 2023-24:<br \/>\n<a href=\"https:\/\/agora.xtec.cat\/insjosepvallverdu\/wp-content\/uploads\/usu1806\/2024\/09\/MEMORIA-CURS-23-24.pdf\">Mem\u00f2ria anual de centre del curs acad\u00e8mic 2023-24<\/a><\/p>\n","protected":false},"author":8,"featured_media":0,"parent":49,"menu_order":0,"comment_status":"closed","ping_status":"closed","template":"","meta":{"_bbp_topic_count":0,"_bbp_reply_count":0,"_bbp_total_topic_count":0,"_bbp_total_reply_count":0,"_bbp_voice_count":0,"_bbp_anonymous_reply_count":0,"_bbp_topic_count_hidden":0,"_bbp_reply_count_hidden":0,"_bbp_forum_subforum_count":0,"footnotes":""},"class_list":["post-17376","page","type-page","status-publish","hentry"],"post_mailing_queue_ids":[],"_links":{"self":[{"href":"https:\/\/agora.xtec.cat\/insjosepvallverdu\/wp-json\/wp\/v2\/pages\/17376","targetHints":{"allow":["GET"]}}],"collection":[{"href":"https:\/\/agora.xtec.cat\/insjosepvallverdu\/wp-json\/wp\/v2\/pages"}],"about":[{"href":"https:\/\/agora.xtec.cat\/insjosepvallverdu\/wp-json\/wp\/v2\/types\/page"}],"author":[{"embeddable":true,"href":"https:\/\/agora.xtec.cat\/insjosepvallverdu\/wp-json\/wp\/v2\/users\/8"}],"replies":[{"embeddable":true,"href":"https:\/\/agora.xtec.cat\/insjosepvallverdu\/wp-json\/wp\/v2\/comments?post=17376"}],"version-history":[{"count":3,"href":"https:\/\/agora.xtec.cat\/insjosepvallverdu\/wp-json\/wp\/v2\/pages\/17376\/revisions"}],"predecessor-version":[{"id":17386,"href":"https:\/\/agora.xtec.cat\/insjosepvallverdu\/wp-json\/wp\/v2\/pages\/17376\/revisions\/17386"}],"up":[{"embeddable":true,"href":"https:\/\/agora.xtec.cat\/insjosepvallverdu\/wp-json\/wp\/v2\/pages\/49"}],"wp:attachment":[{"href":"https:\/\/agora.xtec.cat\/insjosepvallverdu\/wp-json\/wp\/v2\/media?parent=17376"}],"curies":[{"name":"wp","href":"https:\/\/api.w.org\/{rel}","templated":true}]}}