{"id":16955,"date":"2023-03-29T09:54:46","date_gmt":"2023-03-29T07:54:46","guid":{"rendered":"https:\/\/agora.xtec.cat\/insjosepvallverdu\/?page_id=16955"},"modified":"2025-04-01T21:09:33","modified_gmt":"2025-04-01T19:09:33","slug":"cfgm-atencio-a-persones-en-situacio-de-dependencia","status":"publish","type":"page","link":"https:\/\/agora.xtec.cat\/insjosepvallverdu\/estudis\/cicles-formatius\/cfgm-atencio-a-persones-en-situacio-de-dependencia\/","title":{"rendered":"CFGM ATENCI\u00d3 A PERSONES EN SITUACI\u00d3 DE DEPEND\u00c8NCIA"},"content":{"rendered":"<p>&nbsp;<\/p>\n<p><a href=\"https:\/\/agora.xtec.cat\/insjosepvallverdu\/wp-content\/uploads\/usu1806\/2024\/02\/vallverdu-dependencia-web.jpg\"><img loading=\"lazy\" decoding=\"async\" class=\"aligncenter size-full wp-image-17210\" src=\"https:\/\/agora.xtec.cat\/insjosepvallverdu\/wp-content\/uploads\/usu1806\/2024\/02\/vallverdu-dependencia-web.jpg\" alt=\"\" width=\"1000\" height=\"300\" srcset=\"https:\/\/agora.xtec.cat\/insjosepvallverdu\/wp-content\/uploads\/usu1806\/2024\/02\/vallverdu-dependencia-web.jpg 1000w, https:\/\/agora.xtec.cat\/insjosepvallverdu\/wp-content\/uploads\/usu1806\/2024\/02\/vallverdu-dependencia-web-300x90.jpg 300w, https:\/\/agora.xtec.cat\/insjosepvallverdu\/wp-content\/uploads\/usu1806\/2024\/02\/vallverdu-dependencia-web-768x230.jpg 768w\" sizes=\"auto, (max-width: 1000px) 100vw, 1000px\" \/><\/a><\/p>\n<table style=\"width: 100%; height: 769px;\">\n<tbody>\n<tr style=\"height: 57px;\">\n<td style=\"height: 57px; width: 12.8354%;\"><b>T\u00cdTOL<\/b><\/td>\n<td style=\"height: 57px; width: 86.5845%;\"><a href=\"https:\/\/triaeducativa.gencat.cat\/ca\/estudis\/?atencio-persones-situacio-dependencia&amp;p_id=1570\"><b>T\u00c8CNIC\/A EN ATENCI\u00d3 A PERSONES EN SITUACI\u00d3 DE DEPEND\u00c8NCIA<\/b><\/a><\/td>\n<\/tr>\n<tr style=\"height: 49px;\">\n<td style=\"height: 49px; width: 12.8354%;\"><b>FAM\u00cdLIA PROFESSIONAL<\/b><\/td>\n<td style=\"height: 49px; width: 86.5845%;\"><b>Serveis socioculturals i a la comunitat<\/b><\/td>\n<\/tr>\n<tr style=\"height: 33px;\">\n<td style=\"height: 33px; width: 12.8354%;\"><b>DURADA<\/b><\/td>\n<td style=\"height: 33px; width: 86.5845%;\"><b>2000 h <\/b><span style=\"font-weight: 400;\">(<\/span><b>515 h d&#8217;estada a l&#8217;empresa<\/b><span style=\"font-weight: 400;\">), que es distribueixen en 2 cursos acad\u00e8mics.<\/span><\/td>\n<\/tr>\n<tr style=\"height: 49px;\">\n<td style=\"height: 49px; width: 12.8354%;\"><b>COMPET\u00c8NCIA GENERAL<\/b><\/td>\n<td style=\"height: 49px; width: 86.5845%;\"><b>Atendre les persones en situaci\u00f3 de depend\u00e8ncia, en l\u2019\u00e0mbit domiciliari i institucional, per tal de mantenir i millorar la seva qualitat de vida, fent activitats assistencials, no sanit\u00e0ries, psicosocials i de suport a la gesti\u00f3 dom\u00e8stica, aplicant mesures i normes de prevenci\u00f3 i seguretat i derivant a altres serveis quan sigui necessari.<\/b><\/td>\n<\/tr>\n<tr style=\"height: 616px;\">\n<td style=\"height: 345px; width: 12.8354%;\"><b>M\u00d2DULS PROFESSIONALS<\/b><\/td>\n<td style=\"height: 345px; width: 86.5845%;\">\n<ul class=\"llista-especial\">\n<li>Organitzaci\u00f3 de l&#8217;atenci\u00f3 a les persones en situaci\u00f3 de depend\u00e8ncia<\/li>\n<li>Destreses socials<\/li>\n<li>Caracter\u00edstiques i necessitats de les persones en situaci\u00f3 de depend\u00e8ncia<\/li>\n<li>Atenci\u00f3 i suport psicosocial<\/li>\n<li>Suport en la comunicaci\u00f3<\/li>\n<li>Suport domiciliari<\/li>\n<li>Atenci\u00f3 sanit\u00e0ria<\/li>\n<li>Atenci\u00f3 higi\u00e8nica<\/li>\n<li>Teleassist\u00e8ncia<\/li>\n<li>Primers Auxilis<\/li>\n<li>Catal\u00e0\/Aran\u00e8s Professional<\/li>\n<li>Angl\u00e8s professional<\/li>\n<li>Digitalitzaci\u00f3 aplicada als sectors productius<\/li>\n<li>Sostenibilitat aplicada al sistema productiu<\/li>\n<li>Itinerari personal per a l&#8217;ocupabilitat I<\/li>\n<li>Itinerari personal per a l&#8217;ocupabilitat II<\/li>\n<li>Projecte intermodular<\/li>\n<li>M\u00f2dul professional optatiu<\/li>\n<\/ul>\n<\/td>\n<\/tr>\n<tr style=\"height: 236px;\">\n<td style=\"height: 236px; width: 12.8354%;\"><b>PRINCIPALS OCUPACIONS I\u00a0 <\/b><b>LLOCS DE TREBALL<\/b><\/td>\n<td style=\"height: 236px; width: 86.5845%;\">\n<ul>\n<li aria-level=\"1\"><b>assistent o assistenta de persones en situaci\u00f3 de depend\u00e8ncia en institucions i\/o domicilis<\/b><\/li>\n<li aria-level=\"1\"><b>governant i subgovernant o governanta i subgovernanta de persones en situaci\u00f3 de depend\u00e8ncia en institucions<\/b><\/li>\n<li aria-level=\"1\"><b>auxiliar responsable de planta de resid\u00e8ncies de persones grans i persones amb discapacitat<\/b><\/li>\n<li aria-level=\"1\"><b>auxiliar d&#8217;ajuda a domicili<\/b><\/li>\n<li aria-level=\"1\"><b>assistent o assistenta d&#8217;atenci\u00f3 domicili\u00e0ria<\/b><\/li>\n<li aria-level=\"1\"><b>treballador o treballadora familiar<\/b><\/li>\n<li aria-level=\"1\"><b>auxiliar d&#8217;educaci\u00f3 especial<\/b><\/li>\n<li aria-level=\"1\"><b>assistent o assistenta personal<\/b><\/li>\n<li aria-level=\"1\"><b>teleoperador o teleoperadora de teleassist\u00e8ncia<\/b><\/li>\n<\/ul>\n<\/td>\n<\/tr>\n<\/tbody>\n<\/table>\n","protected":false},"excerpt":{"rendered":"<p>&nbsp;<br \/>\n<a href=\"https:\/\/agora.xtec.cat\/insjosepvallverdu\/wp-content\/uploads\/usu1806\/2024\/02\/vallverdu-dependencia-web.jpg\"><\/a><\/p>\n<p>T\u00cdTOL<br \/>\n<a href=\"https:\/\/triaeducativa.gencat.cat\/ca\/estudis\/?atencio-persones-situacio-dependencia&amp;p_id=1570\">T\u00c8CNIC\/A EN ATENCI\u00d3 A PERSONES EN SITUACI\u00d3 DE DEPEND\u00c8NCIA<\/a><\/p>\n<p>FAM\u00cdLIA PROFESSIONAL<br \/>\nServeis socioculturals i a la comunitat<\/p>\n<p>DURADA<br \/>\n2000 h (515 h d&#8217;estada a l&#8217;empresa), que es distribueixen en 2 cursos acad\u00e8mics.<\/p>\n<p>COMPET\u00c8NCIA GENERAL<br \/>\nAtendre les persones en situaci\u00f3 de depend\u00e8ncia, en l\u2019\u00e0mbit domiciliari i institucional, per tal de&hellip;  <a href=\"https:\/\/agora.xtec.cat\/insjosepvallverdu\/estudis\/cicles-formatius\/cfgm-atencio-a-persones-en-situacio-de-dependencia\/\" title=\"Read CFGM ATENCI\u00d3 A PERSONES EN SITUACI\u00d3 DE DEPEND\u00c8NCIA\">Llegeix m\u00e9s\u00bb<\/a><\/p>\n","protected":false},"author":8,"featured_media":0,"parent":15144,"menu_order":0,"comment_status":"closed","ping_status":"closed","template":"","meta":{"_bbp_topic_count":0,"_bbp_reply_count":0,"_bbp_total_topic_count":0,"_bbp_total_reply_count":0,"_bbp_voice_count":0,"_bbp_anonymous_reply_count":0,"_bbp_topic_count_hidden":0,"_bbp_reply_count_hidden":0,"_bbp_forum_subforum_count":0,"footnotes":""},"class_list":["post-16955","page","type-page","status-publish","hentry"],"post_mailing_queue_ids":[],"_links":{"self":[{"href":"https:\/\/agora.xtec.cat\/insjosepvallverdu\/wp-json\/wp\/v2\/pages\/16955","targetHints":{"allow":["GET"]}}],"collection":[{"href":"https:\/\/agora.xtec.cat\/insjosepvallverdu\/wp-json\/wp\/v2\/pages"}],"about":[{"href":"https:\/\/agora.xtec.cat\/insjosepvallverdu\/wp-json\/wp\/v2\/types\/page"}],"author":[{"embeddable":true,"href":"https:\/\/agora.xtec.cat\/insjosepvallverdu\/wp-json\/wp\/v2\/users\/8"}],"replies":[{"embeddable":true,"href":"https:\/\/agora.xtec.cat\/insjosepvallverdu\/wp-json\/wp\/v2\/comments?post=16955"}],"version-history":[{"count":4,"href":"https:\/\/agora.xtec.cat\/insjosepvallverdu\/wp-json\/wp\/v2\/pages\/16955\/revisions"}],"predecessor-version":[{"id":17558,"href":"https:\/\/agora.xtec.cat\/insjosepvallverdu\/wp-json\/wp\/v2\/pages\/16955\/revisions\/17558"}],"up":[{"embeddable":true,"href":"https:\/\/agora.xtec.cat\/insjosepvallverdu\/wp-json\/wp\/v2\/pages\/15144"}],"wp:attachment":[{"href":"https:\/\/agora.xtec.cat\/insjosepvallverdu\/wp-json\/wp\/v2\/media?parent=16955"}],"curies":[{"name":"wp","href":"https:\/\/api.w.org\/{rel}","templated":true}]}}