{"id":16810,"date":"2022-11-07T11:44:03","date_gmt":"2022-11-07T10:44:03","guid":{"rendered":"https:\/\/agora.xtec.cat\/insjosepvallverdu\/?page_id=16810"},"modified":"2024-06-26T19:23:14","modified_gmt":"2024-06-26T17:23:14","slug":"pga-2022-23","status":"publish","type":"page","link":"https:\/\/agora.xtec.cat\/insjosepvallverdu\/pga-2022-23\/","title":{"rendered":"PROGRAMACI\u00d3 GENERAL ANUAL (PGA)"},"content":{"rendered":"<p>La Programaci\u00f3 General Anual (PGA) de l&#8217;Institut Josep Vallverd\u00fa recull els objectius de millora i tots els aspectes relacionats amb l&#8217;organitzaci\u00f3 i el funcionament del centre. Podeu consultar-la en el seg\u00fcent enlla\u00e7:<\/p>\n<p><a href=\"https:\/\/agora.xtec.cat\/insjosepvallverdu\/wp-content\/uploads\/usu1806\/2024\/06\/PGA-23-24-1.pdf\">Programaci\u00f3 General Anual (PGA) pel curs 2023-24.<\/a><\/p>\n","protected":false},"excerpt":{"rendered":"<p>La Programaci\u00f3 General Anual (PGA) de l&#8217;Institut Josep Vallverd\u00fa recull els objectius de millora i tots els aspectes relacionats amb l&#8217;organitzaci\u00f3 i el funcionament del centre. Podeu consultar-la en el seg\u00fcent enlla\u00e7:<br \/>\n<a href=\"https:\/\/agora.xtec.cat\/insjosepvallverdu\/wp-content\/uploads\/usu1806\/2024\/06\/PGA-23-24-1.pdf\">Programaci\u00f3 General Anual (PGA) pel curs 2023-24.<\/a><\/p>\n","protected":false},"author":8,"featured_media":0,"parent":0,"menu_order":0,"comment_status":"closed","ping_status":"closed","template":"","meta":{"_bbp_topic_count":0,"_bbp_reply_count":0,"_bbp_total_topic_count":0,"_bbp_total_reply_count":0,"_bbp_voice_count":0,"_bbp_anonymous_reply_count":0,"_bbp_topic_count_hidden":0,"_bbp_reply_count_hidden":0,"_bbp_forum_subforum_count":0,"footnotes":""},"class_list":["post-16810","page","type-page","status-publish","hentry"],"post_mailing_queue_ids":[],"_links":{"self":[{"href":"https:\/\/agora.xtec.cat\/insjosepvallverdu\/wp-json\/wp\/v2\/pages\/16810","targetHints":{"allow":["GET"]}}],"collection":[{"href":"https:\/\/agora.xtec.cat\/insjosepvallverdu\/wp-json\/wp\/v2\/pages"}],"about":[{"href":"https:\/\/agora.xtec.cat\/insjosepvallverdu\/wp-json\/wp\/v2\/types\/page"}],"author":[{"embeddable":true,"href":"https:\/\/agora.xtec.cat\/insjosepvallverdu\/wp-json\/wp\/v2\/users\/8"}],"replies":[{"embeddable":true,"href":"https:\/\/agora.xtec.cat\/insjosepvallverdu\/wp-json\/wp\/v2\/comments?post=16810"}],"version-history":[{"count":5,"href":"https:\/\/agora.xtec.cat\/insjosepvallverdu\/wp-json\/wp\/v2\/pages\/16810\/revisions"}],"predecessor-version":[{"id":17373,"href":"https:\/\/agora.xtec.cat\/insjosepvallverdu\/wp-json\/wp\/v2\/pages\/16810\/revisions\/17373"}],"wp:attachment":[{"href":"https:\/\/agora.xtec.cat\/insjosepvallverdu\/wp-json\/wp\/v2\/media?parent=16810"}],"curies":[{"name":"wp","href":"https:\/\/api.w.org\/{rel}","templated":true}]}}