{"id":16749,"date":"2022-06-29T12:22:26","date_gmt":"2022-06-29T10:22:26","guid":{"rendered":"https:\/\/agora.xtec.cat\/insjosepvallverdu\/?page_id=16749"},"modified":"2022-06-29T12:22:26","modified_gmt":"2022-06-29T10:22:26","slug":"estrategia-digital-de-centre-edc","status":"publish","type":"page","link":"https:\/\/agora.xtec.cat\/insjosepvallverdu\/estrategia-digital-de-centre-edc\/","title":{"rendered":"ESTRAT\u00c8GIA DIGITAL DE CENTRE (EDC)"},"content":{"rendered":"<p>En el seg\u00fcent enlla\u00e7 trobareu el document que recull l&#8217;<a href=\"https:\/\/sites.google.com\/xtec.cat\/edcinsjv\/edc\" target=\"_blank\" rel=\"noopener\"><strong>Estrat\u00e8gia Digital de Centre (EDC) de l&#8217;Institut Josep Vallverd\u00fa<\/strong><\/a>.<\/p>\n","protected":false},"excerpt":{"rendered":"<p>En el seg\u00fcent enlla\u00e7 trobareu el document que recull l&#8217;<a href=\"https:\/\/sites.google.com\/xtec.cat\/edcinsjv\/edc\" target=\"_blank\" rel=\"noopener\">Estrat\u00e8gia Digital de Centre (EDC) de l&#8217;Institut Josep Vallverd\u00fa<\/a>.<\/p>\n","protected":false},"author":8,"featured_media":0,"parent":0,"menu_order":0,"comment_status":"closed","ping_status":"closed","template":"","meta":{"_bbp_topic_count":0,"_bbp_reply_count":0,"_bbp_total_topic_count":0,"_bbp_total_reply_count":0,"_bbp_voice_count":0,"_bbp_anonymous_reply_count":0,"_bbp_topic_count_hidden":0,"_bbp_reply_count_hidden":0,"_bbp_forum_subforum_count":0,"footnotes":""},"class_list":["post-16749","page","type-page","status-publish","hentry"],"post_mailing_queue_ids":[],"_links":{"self":[{"href":"https:\/\/agora.xtec.cat\/insjosepvallverdu\/wp-json\/wp\/v2\/pages\/16749","targetHints":{"allow":["GET"]}}],"collection":[{"href":"https:\/\/agora.xtec.cat\/insjosepvallverdu\/wp-json\/wp\/v2\/pages"}],"about":[{"href":"https:\/\/agora.xtec.cat\/insjosepvallverdu\/wp-json\/wp\/v2\/types\/page"}],"author":[{"embeddable":true,"href":"https:\/\/agora.xtec.cat\/insjosepvallverdu\/wp-json\/wp\/v2\/users\/8"}],"replies":[{"embeddable":true,"href":"https:\/\/agora.xtec.cat\/insjosepvallverdu\/wp-json\/wp\/v2\/comments?post=16749"}],"version-history":[{"count":1,"href":"https:\/\/agora.xtec.cat\/insjosepvallverdu\/wp-json\/wp\/v2\/pages\/16749\/revisions"}],"predecessor-version":[{"id":16751,"href":"https:\/\/agora.xtec.cat\/insjosepvallverdu\/wp-json\/wp\/v2\/pages\/16749\/revisions\/16751"}],"wp:attachment":[{"href":"https:\/\/agora.xtec.cat\/insjosepvallverdu\/wp-json\/wp\/v2\/media?parent=16749"}],"curies":[{"name":"wp","href":"https:\/\/api.w.org\/{rel}","templated":true}]}}