{"id":16726,"date":"2022-06-27T12:08:03","date_gmt":"2022-06-27T10:08:03","guid":{"rendered":"https:\/\/agora.xtec.cat\/insjosepvallverdu\/?page_id=16726"},"modified":"2024-11-12T16:22:59","modified_gmt":"2024-11-12T15:22:59","slug":"gep","status":"publish","type":"page","link":"https:\/\/agora.xtec.cat\/insjosepvallverdu\/gep\/","title":{"rendered":"Generaci\u00f3 Pluriling\u00fce (GEP)"},"content":{"rendered":"<p><span style=\"font-weight: 400;\">El nostre institut va comen\u00e7ar durant el curs acad\u00e8mic 21-22\u00a0 a participar en el programa<a href=\"https:\/\/sites.google.com\/insjv.cat\/insjv-gep\/\" target=\"_blank\" rel=\"noopener\"><strong> \u201c<\/strong><\/a><\/span><a href=\"https:\/\/sites.google.com\/insjv.cat\/insjv-gep\/\" target=\"_blank\" rel=\"noopener\"><b>Generaci\u00f3 Pluriling\u00fce\u00a0 (GEP): aprendre lleng\u00fces estrangeres a trav\u00e9s de les mat\u00e8ries\u201d.<\/b><\/a><\/p>\n<p><span style=\"font-weight: 400;\">Aquest programa promou augmentar la compet\u00e8ncia comunicativa\u00a0 de l\u2019alumnat en les lleng\u00fces estrangeres curriculars incrementant el grau d\u2019exposici\u00f3 a aquestes lleng\u00fces. El nostre objectiu en implementar el programa \u00e9s millorar la compet\u00e8ncia en llengua anglesa del nostre alumnat, afavorint el seu creixement acad\u00e8mic, i en l\u2019adquisici\u00f3 d\u2019estrat\u00e8gies per a un aprenentatge aut\u00f2nom.<\/span><\/p>\n<p><span style=\"font-weight: 400;\">El nostre projecte educatiu de centre t\u00e9 com a un dels prop\u00f2sits promoure una educaci\u00f3 pluriling\u00fce i intercultural, que reforci el desenvolupament del repertori ling\u00fc\u00edstic de l\u2019alumnat i que contribueixi a la seva capacitaci\u00f3 per interactuar amb un entorn global.<\/span><\/p>\n<p><span style=\"font-weight: 400;\">El projecte t\u00e9 una duraci\u00f3 de tres anys i aquest curs 21-22 tres docents participen de la formaci\u00f3 GEP 1.<\/span><\/p>\n<p><span style=\"font-weight: 400;\">Durant aquest primer any el centre est\u00e0 realitzant diferents accions:<\/span><\/p>\n<ul>\n<li style=\"font-weight: 400;\" aria-level=\"1\"><span style=\"font-weight: 400;\">Ha organitzat un <\/span><a href=\"https:\/\/docs.google.com\/document\/d\/1iXDJc2pdeGgG60usNfSYKu3CGuS7PK-_xdn7xTYZ_FE\/edit?usp=sharing\"><b>grup impulsor<\/b><\/a> <span style=\"font-weight: 400;\">per tal de planificar, fer\u00a0 el seguiment i avaluar el projecte.<\/span><\/li>\n<li style=\"font-weight: 400;\" aria-level=\"1\"><span style=\"font-weight: 400;\">Participar en la formaci\u00f3 corresponent.<\/span><\/li>\n<li style=\"font-weight: 400;\" aria-level=\"1\"><span style=\"font-weight: 400;\">Preparar i implementar 9\u00a0 sessions de l\u2019assignatura de f\u00edsica i qu\u00edmica en un grup de 4t d\u2019ESO utilitzant aquesta metodologia. D\u2019aquesta manera implementem a l\u2019aula els coneixements obtinguts durant la formaci\u00f3.<\/span><\/li>\n<li style=\"font-weight: 400;\" aria-level=\"1\"><span style=\"font-weight: 400;\">Comen\u00e7ar a dissenyar un pla d\u2019acci\u00f3 que tindr\u00e0 en compte objectius, an\u00e0lisi de la realitat, professorat implicat, recursos, planificaci\u00f3 temporal, estrat\u00e8gies i mecanismes per fer el seguiment i l\u2019avaluaci\u00f3.<\/span><\/li>\n<li style=\"font-weight: 400;\" aria-level=\"1\"><span style=\"font-weight: 400;\">Els grups de 2n d\u2019ESO ja han comen\u00e7at el curs fent l\u2019escalfament en angl\u00e8s, gr\u00e0cies al fet que el professor ja tenia la formaci\u00f3 pr\u00e8via.<\/span><\/li>\n<\/ul>\n<p>&nbsp;<\/p>\n<p><b>Grup impulsor GEP<\/b><\/p>\n<p><span style=\"font-weight: 400;\">Maria Maj\u00f3s (coordinadora)\u00a0<\/span><\/p>\n<p><span style=\"font-weight: 400;\">David Dominguez\u00a0<\/span><\/p>\n<p><span style=\"font-weight: 400;\">Noemi Jumbert\u00a0\u00a0<\/span><\/p>\n<p><span style=\"font-weight: 400;\">\u2026\u2026\u2026\u2026\u2026\u2026\u2026\u2026\u2026\u2026\u2026\u2026\u2026\u2026\u2026\u2026\u2026\u2026\u2026\u2026\u2026\u2026\u2026<\/span><\/p>\n<p><b>Daniel Negrillo<\/b> <span style=\"font-weight: 400;\">\u00a0\u00a0<\/span><\/p>\n<p><b>Gemma Ingl\u00e9s<\/b><span style=\"font-weight: 400;\">\u00a0<\/span><\/p>\n<p><b>Maragda Peguero\u00a0<\/b><\/p>\n<p><span style=\"font-weight: 400;\">Teresa Capdevila\u00a0<\/span><\/p>\n<p><span style=\"font-weight: 400;\">Maite Granell\u00a0<\/span><\/p>\n<p><span style=\"font-weight: 400;\">Cristina Xifr\u00e9\u00a0<\/span><\/p>\n<p><span style=\"font-weight: 400;\">Laura Huguet\u00a0<\/span><\/p>\n<p><span style=\"font-weight: 400;\">Anna Terrats\u00a0<\/span><\/p>\n<p><span style=\"font-weight: 400;\">Meritxell Masip\u00a0<\/span><\/p>\n","protected":false},"excerpt":{"rendered":"<p>El nostre institut va comen\u00e7ar durant el curs acad\u00e8mic 21-22\u00a0 a participar en el programa<a href=\"https:\/\/sites.google.com\/insjv.cat\/insjv-gep\/\" target=\"_blank\" rel=\"noopener\"> \u201c<\/a><a href=\"https:\/\/sites.google.com\/insjv.cat\/insjv-gep\/\" target=\"_blank\" rel=\"noopener\">Generaci\u00f3 Pluriling\u00fce\u00a0 (GEP): aprendre lleng\u00fces estrangeres a trav\u00e9s de les mat\u00e8ries\u201d.<\/a><br \/>\nAquest programa promou augmentar la compet\u00e8ncia comunicativa\u00a0 de l\u2019alumnat en les lleng\u00fces estrangeres curriculars&hellip;  <a href=\"https:\/\/agora.xtec.cat\/insjosepvallverdu\/gep\/\" title=\"Read Generaci\u00f3 Pluriling\u00fce (GEP)\">Llegeix m\u00e9s\u00bb<\/a><\/p>\n","protected":false},"author":8,"featured_media":0,"parent":0,"menu_order":0,"comment_status":"closed","ping_status":"closed","template":"","meta":{"_bbp_topic_count":0,"_bbp_reply_count":0,"_bbp_total_topic_count":0,"_bbp_total_reply_count":0,"_bbp_voice_count":0,"_bbp_anonymous_reply_count":0,"_bbp_topic_count_hidden":0,"_bbp_reply_count_hidden":0,"_bbp_forum_subforum_count":0,"footnotes":""},"class_list":["post-16726","page","type-page","status-publish","hentry"],"post_mailing_queue_ids":[],"_links":{"self":[{"href":"https:\/\/agora.xtec.cat\/insjosepvallverdu\/wp-json\/wp\/v2\/pages\/16726","targetHints":{"allow":["GET"]}}],"collection":[{"href":"https:\/\/agora.xtec.cat\/insjosepvallverdu\/wp-json\/wp\/v2\/pages"}],"about":[{"href":"https:\/\/agora.xtec.cat\/insjosepvallverdu\/wp-json\/wp\/v2\/types\/page"}],"author":[{"embeddable":true,"href":"https:\/\/agora.xtec.cat\/insjosepvallverdu\/wp-json\/wp\/v2\/users\/8"}],"replies":[{"embeddable":true,"href":"https:\/\/agora.xtec.cat\/insjosepvallverdu\/wp-json\/wp\/v2\/comments?post=16726"}],"version-history":[{"count":4,"href":"https:\/\/agora.xtec.cat\/insjosepvallverdu\/wp-json\/wp\/v2\/pages\/16726\/revisions"}],"predecessor-version":[{"id":17418,"href":"https:\/\/agora.xtec.cat\/insjosepvallverdu\/wp-json\/wp\/v2\/pages\/16726\/revisions\/17418"}],"wp:attachment":[{"href":"https:\/\/agora.xtec.cat\/insjosepvallverdu\/wp-json\/wp\/v2\/media?parent=16726"}],"curies":[{"name":"wp","href":"https:\/\/api.w.org\/{rel}","templated":true}]}}