{"id":16671,"date":"2022-05-24T09:16:06","date_gmt":"2022-05-24T07:16:06","guid":{"rendered":"https:\/\/agora.xtec.cat\/insjosepvallverdu\/?page_id=16671"},"modified":"2025-04-01T21:06:10","modified_gmt":"2025-04-01T19:06:10","slug":"pfi-manteniment-i-reparacio-de-vehicles-de-mobilitat-personal","status":"publish","type":"page","link":"https:\/\/agora.xtec.cat\/insjosepvallverdu\/estudis\/cicles-formatius\/pfi-manteniment-i-reparacio-de-vehicles-de-mobilitat-personal\/","title":{"rendered":"PFI Manteniment i reparaci\u00f3 de vehicles de mobilitat personal"},"content":{"rendered":"<table>\n<tbody>\n<tr>\n<td><b>T\u00cdTOL<\/b><\/td>\n<td><a href=\"https:\/\/triaeducativa.gencat.cat\/ca\/estudis?auxiliar-manteniment-reparacio-vehicles-mobilitat-personal&amp;p_id=5091\"><b>AUXILIAR DE MANTENIMENT I REPARACI\u00d3 DE MOBILITAT PERSONAL<\/b><\/a><\/td>\n<\/tr>\n<tr>\n<td><b>FAM\u00cdLIA PROFESSIONAL<\/b><\/td>\n<td><b>Transport i manteniment de vehicles<\/b><\/td>\n<\/tr>\n<tr>\n<td><b>DURADA<\/b><\/td>\n<td><b>1000 h <\/b><span style=\"font-weight: 400;\">(<strong>200 h d&#8217;estada a l&#8217;empresa<\/strong><\/span><span style=\"font-weight: 400;\">), que es distribueixen en 1 curs acad\u00e8mic.<\/span><\/td>\n<\/tr>\n<tr>\n<td><b>COMPET\u00c8NCIA GENERAL<\/b><\/td>\n<td><b>Realitzar operacions de manteniment electromec\u00e0nic de vehicles de mobilitat personal (bicicletes, tricicles, quadricicles, patinets, entre altres), desmuntant i muntant elements mec\u00e0nics, el\u00e8ctrics i electr\u00f2nics aplicant les t\u00e8cniques requerides, operant amb la qualitat indicada i observant les normes de prevenci\u00f3 de riscos laborals i protecci\u00f3 mediambiental corresponents.<\/b><\/td>\n<\/tr>\n<tr>\n<td><b>M\u00d2DULS<\/b><\/td>\n<td><strong>M\u00f2duls de formaci\u00f3 professional (inclouen 200 hores d&#8217;estada formativa a l&#8217;empresa)<\/strong><\/p>\n<ul class=\"llista-especial\">\n<li>Equips El\u00e8ctrics i Electr\u00f2nics<\/li>\n<li>Operacions de\u00a0Manteniment Mec\u00e0nica de Vehicles de Mobilitat Personal<\/li>\n<li>Muntatge i Manteniment de Sistemes de Tracci\u00f3 de\u00a0Vehicles de Mobilitat Personal<\/li>\n<li>Gesti\u00f3 de Magatzem<\/li>\n<li>Formaci\u00f3 B\u00e0sica en Prevenci\u00f3 de Riscos Laborals<\/li>\n<li>Projecte<\/li>\n<\/ul>\n<p><strong>M\u00f2duls de formaci\u00f3 general<\/strong><\/p>\n<ul class=\"llista-especial\">\n<li>Estrat\u00e8gies i Eines de Comunicaci\u00f3<\/li>\n<li>Entorn Social i Territorial<\/li>\n<li>Estrat\u00e8gies i Eines Matem\u00e0tiques<\/li>\n<li>Incorporaci\u00f3 al M\u00f3n Professional<\/li>\n<\/ul>\n<p><strong>Tutoria, seguiment i orientaci\u00f3 personalitzada<\/strong><\/td>\n<\/tr>\n<tr>\n<td><b>PRINCIPALS OCUPACIONS I\u00a0<\/b><\/p>\n<p><b>LLOCS DE TREBALL<\/b><\/td>\n<td>\n<ul>\n<li aria-level=\"1\"><b>Ajudant de comer\u00e7 especialitzat en vehicles de mobilitat personal.<\/b><\/li>\n<li aria-level=\"1\"><b>Operari o oper\u00e0ria de taller de reparaci\u00f3 de vehicles de mobilitat personal.<\/b><\/li>\n<li aria-level=\"1\"><b>Operari o oper\u00e0ria en empresa de lloguer de vehicles de mobilitat personal.<\/b><\/li>\n<li aria-level=\"1\"><b>Operari o oper\u00e0ria en empresa de transport urb\u00e0 de vehicles de mobilitat personal.<\/b><\/li>\n<li aria-level=\"1\"><b>Auxiliar de taller en empresa de fabricaci\u00f3 de vehicles de mobilitat personal.<\/b><\/li>\n<li aria-level=\"1\"><b>Auxiliar de magatzem de recanvis.<\/b><\/li>\n<\/ul>\n<\/td>\n<\/tr>\n<\/tbody>\n<\/table>\n<p><strong>Tr\u00edptic informatiu:<\/strong><\/p>\n<p><a href=\"https:\/\/agora.xtec.cat\/insjosepvallverdu\/wp-content\/uploads\/usu1806\/2023\/03\/PFI-de-manteniment-I-reparacio-de-vehicles-de-mobilitat-personal-web.pdf\">Tr\u00edptic informatiu del PFI Manteniment i reparaci\u00f3 de vehicles de mobilitat personal<\/a><\/p>\n","protected":false},"excerpt":{"rendered":"<p>T\u00cdTOL<br \/>\n<a href=\"https:\/\/triaeducativa.gencat.cat\/ca\/estudis?auxiliar-manteniment-reparacio-vehicles-mobilitat-personal&amp;p_id=5091\">AUXILIAR DE MANTENIMENT I REPARACI\u00d3 DE MOBILITAT PERSONAL<\/a><\/p>\n<p>FAM\u00cdLIA PROFESSIONAL<br \/>\nTransport i manteniment de vehicles<\/p>\n<p>DURADA<br \/>\n1000 h (200 h d&#8217;estada a l&#8217;empresa), que es distribueixen en 1 curs acad\u00e8mic.<\/p>\n<p>COMPET\u00c8NCIA GENERAL<br \/>\nRealitzar operacions de manteniment electromec\u00e0nic de vehicles de mobilitat personal (bicicletes, tricicles, quadricicles, patinets, entre altres), desmuntant i&hellip;  <a href=\"https:\/\/agora.xtec.cat\/insjosepvallverdu\/estudis\/cicles-formatius\/pfi-manteniment-i-reparacio-de-vehicles-de-mobilitat-personal\/\" title=\"Read PFI Manteniment i reparaci\u00f3 de vehicles de mobilitat personal\">Llegeix m\u00e9s\u00bb<\/a><\/p>\n","protected":false},"author":8,"featured_media":0,"parent":15144,"menu_order":0,"comment_status":"closed","ping_status":"closed","template":"","meta":{"_bbp_topic_count":0,"_bbp_reply_count":0,"_bbp_total_topic_count":0,"_bbp_total_reply_count":0,"_bbp_voice_count":0,"_bbp_anonymous_reply_count":0,"_bbp_topic_count_hidden":0,"_bbp_reply_count_hidden":0,"_bbp_forum_subforum_count":0,"footnotes":""},"class_list":["post-16671","page","type-page","status-publish","hentry"],"post_mailing_queue_ids":[],"_links":{"self":[{"href":"https:\/\/agora.xtec.cat\/insjosepvallverdu\/wp-json\/wp\/v2\/pages\/16671","targetHints":{"allow":["GET"]}}],"collection":[{"href":"https:\/\/agora.xtec.cat\/insjosepvallverdu\/wp-json\/wp\/v2\/pages"}],"about":[{"href":"https:\/\/agora.xtec.cat\/insjosepvallverdu\/wp-json\/wp\/v2\/types\/page"}],"author":[{"embeddable":true,"href":"https:\/\/agora.xtec.cat\/insjosepvallverdu\/wp-json\/wp\/v2\/users\/8"}],"replies":[{"embeddable":true,"href":"https:\/\/agora.xtec.cat\/insjosepvallverdu\/wp-json\/wp\/v2\/comments?post=16671"}],"version-history":[{"count":7,"href":"https:\/\/agora.xtec.cat\/insjosepvallverdu\/wp-json\/wp\/v2\/pages\/16671\/revisions"}],"predecessor-version":[{"id":17554,"href":"https:\/\/agora.xtec.cat\/insjosepvallverdu\/wp-json\/wp\/v2\/pages\/16671\/revisions\/17554"}],"up":[{"embeddable":true,"href":"https:\/\/agora.xtec.cat\/insjosepvallverdu\/wp-json\/wp\/v2\/pages\/15144"}],"wp:attachment":[{"href":"https:\/\/agora.xtec.cat\/insjosepvallverdu\/wp-json\/wp\/v2\/media?parent=16671"}],"curies":[{"name":"wp","href":"https:\/\/api.w.org\/{rel}","templated":true}]}}