{"id":16644,"date":"2022-05-23T16:57:01","date_gmt":"2022-05-23T14:57:01","guid":{"rendered":"https:\/\/agora.xtec.cat\/insjosepvallverdu\/?page_id=16644"},"modified":"2025-04-01T21:08:24","modified_gmt":"2025-04-01T19:08:24","slug":"cfgs-administracio-i-finances","status":"publish","type":"page","link":"https:\/\/agora.xtec.cat\/insjosepvallverdu\/estudis\/cicles-formatius\/cfgs-administracio-i-finances\/","title":{"rendered":"CFGS Administraci\u00f3 i finances"},"content":{"rendered":"<p><a href=\"https:\/\/agora.xtec.cat\/insjosepvallverdu\/wp-content\/uploads\/usu1806\/2022\/05\/administraciofinances-josep-vallverdu-web-1.jpg\"><img loading=\"lazy\" decoding=\"async\" class=\"aligncenter size-full wp-image-16660\" src=\"https:\/\/agora.xtec.cat\/insjosepvallverdu\/wp-content\/uploads\/usu1806\/2022\/05\/administraciofinances-josep-vallverdu-web-1.jpg\" alt=\"\" width=\"1000\" height=\"300\" srcset=\"https:\/\/agora.xtec.cat\/insjosepvallverdu\/wp-content\/uploads\/usu1806\/2022\/05\/administraciofinances-josep-vallverdu-web-1.jpg 1000w, https:\/\/agora.xtec.cat\/insjosepvallverdu\/wp-content\/uploads\/usu1806\/2022\/05\/administraciofinances-josep-vallverdu-web-1-300x90.jpg 300w, https:\/\/agora.xtec.cat\/insjosepvallverdu\/wp-content\/uploads\/usu1806\/2022\/05\/administraciofinances-josep-vallverdu-web-1-768x230.jpg 768w\" sizes=\"auto, (max-width: 1000px) 100vw, 1000px\" \/><\/a><\/p>\n<table>\n<tbody>\n<tr>\n<td><b>T\u00cdTOL<\/b><\/td>\n<td><a href=\"https:\/\/triaeducativa.gencat.cat\/ca\/estudis\/?administracio-finances&amp;p_id=1630\"><b>T\u00c8CNIC\/A SUPERIOR EN ADMINISTRACI\u00d3 I FINANCES<\/b><\/a><\/td>\n<\/tr>\n<tr>\n<td><b>FAM\u00cdLIA PROFESSIONAL<\/b><\/td>\n<td><b>Administraci\u00f3 i gesti\u00f3<\/b><\/td>\n<\/tr>\n<tr>\n<td><b>DURADA<\/b><\/td>\n<td><b>2000 h <\/b><span style=\"font-weight: 400;\">(<\/span><span style=\"font-weight: 400;\"><b>515 h d&#8217;estada a l&#8217;empresa<\/b><\/span><span style=\"font-weight: 400;\">), que es distribueixen en 2 cursos acad\u00e8mics.<\/span><\/td>\n<\/tr>\n<tr>\n<td><b>COMPET\u00c8NCIA GENERAL<\/b><\/td>\n<td><b>Organitzar i executar les operacions de gesti\u00f3 i administraci\u00f3 en els processos comercials, laborals, comptables, fiscals i financers d&#8217;una empresa p\u00fablica o privada, aplicant la normativa vigent i els protocols de gesti\u00f3 de qualitat, gestionant la informaci\u00f3, assegurant la satisfacci\u00f3 del client i\/o usuari i actuant segons les normes de prevenci\u00f3 de riscos laborals i protecci\u00f3 mediambiental.<\/b><\/td>\n<\/tr>\n<tr>\n<td><b>M\u00d2DULS PROFESSIONALS<\/b><\/td>\n<td>\n<ul class=\"llista-especial\">\n<li>Gesti\u00f3 de la documentaci\u00f3 jur\u00eddica i empresarial<\/li>\n<li>Recursos humans i responsabilitat social corporativa<\/li>\n<li>Ofim\u00e0tica i proc\u00e9s de la informaci\u00f3<\/li>\n<li>Proc\u00e9s integral de l&#8217;activitat empresarial<\/li>\n<li>Comunicaci\u00f3 i atenci\u00f3 al client<\/li>\n<li>Gesti\u00f3 de recursos humans<\/li>\n<li>Gesti\u00f3 financera<\/li>\n<li>Comptabilitat i fiscalitat<\/li>\n<li>Gesti\u00f3 log\u00edstica i comercial<\/li>\n<li>Simulaci\u00f3 empresarial<\/li>\n<li>Catal\u00e0 professional<\/li>\n<li>Angl\u00e8s professional<\/li>\n<li>Digitalitzaci\u00f3 aplicada als sectors productius<\/li>\n<li>Sostenibilitat aplicada al sistema productiu<\/li>\n<li>Itinerari personal per a l&#8217;ocupabilitat I<\/li>\n<li>Itinerari personal per a l&#8217;ocupabilitat II<\/li>\n<li>Projecte intermodular d&#8217;administraci\u00f3 i finances<\/li>\n<li>M\u00f2dul professional optatiu<\/li>\n<\/ul>\n<\/td>\n<\/tr>\n<tr>\n<td><b>PRINCIPALS OCUPA<\/b><b>CIONS I\u00a0<\/b><b>LLOCS DE TREBALL<\/b><\/td>\n<td>\n<ul>\n<li><b>administratiu o administrativa d&#8217;oficina;<\/b><\/li>\n<li aria-level=\"1\"><b>administratiu o administrativa comercial;<\/b><\/li>\n<li aria-level=\"1\"><b>administratiu financer o administrativa financera;<\/b><\/li>\n<li aria-level=\"1\"><b>administratiu o administrativa comptable;<\/b><\/li>\n<li aria-level=\"1\"><b>administratiu o administrativa de log\u00edstica;<\/b><\/li>\n<li aria-level=\"1\"><b>administratiu o administrativa de banca i d&#8217;assegurances;<\/b><\/li>\n<li aria-level=\"1\"><b>administratiu o administrativa de recursos humans;<\/b><\/li>\n<li aria-level=\"1\"><b>administratiu o administrativa de l&#8217;administraci\u00f3 p\u00fablica;<\/b><\/li>\n<li aria-level=\"1\"><b>administratiu o administrativa d&#8217;assessories jur\u00eddiques, comptables, laborals, fiscals o gestories;<\/b><\/li>\n<li aria-level=\"1\"><b>t\u00e8cnic o t\u00e8cnica en gesti\u00f3 de cobraments;<\/b><\/li>\n<li aria-level=\"1\"><b>responsable d&#8217;atenci\u00f3 al client.<\/b><\/li>\n<\/ul>\n<\/td>\n<\/tr>\n<\/tbody>\n<\/table>\n<h3>Tr\u00edptic informatiu:<\/h3>\n<p><a href=\"https:\/\/agora.xtec.cat\/insjosepvallverdu\/wp-content\/uploads\/usu1806\/2022\/05\/triptic-gestio-administrativa-grau-superior-web.pdf\">Tr\u00edptic informatiu del CFGS d&#8217;Administraci\u00f3 i Finances<\/a><\/p>\n<p>Aquest cicle compta amb la col\u00b7laboraci\u00f3 de<\/p>\n<p><a href=\"https:\/\/agora.xtec.cat\/insjosepvallverdu\/wp-content\/uploads\/usu1806\/2019\/10\/logoFSE.jpg\"><img loading=\"lazy\" decoding=\"async\" class=\"alignleft size-full wp-image-15139\" src=\"https:\/\/agora.xtec.cat\/insjosepvallverdu\/wp-content\/uploads\/usu1806\/2019\/10\/logoFSE.jpg\" sizes=\"auto, (max-width: 624px) 100vw, 624px\" srcset=\"https:\/\/agora.xtec.cat\/insjosepvallverdu\/wp-content\/uploads\/usu1806\/2019\/10\/logoFSE.jpg 624w, https:\/\/agora.xtec.cat\/insjosepvallverdu\/wp-content\/uploads\/usu1806\/2019\/10\/logoFSE-300x41.jpg 300w\" alt=\"\" width=\"624\" height=\"86\" \/><\/a><\/p>\n","protected":false},"excerpt":{"rendered":"<p><a href=\"https:\/\/agora.xtec.cat\/insjosepvallverdu\/wp-content\/uploads\/usu1806\/2022\/05\/administraciofinances-josep-vallverdu-web-1.jpg\"><\/a><\/p>\n<p>T\u00cdTOL<br \/>\n<a href=\"https:\/\/triaeducativa.gencat.cat\/ca\/estudis\/?administracio-finances&amp;p_id=1630\">T\u00c8CNIC\/A SUPERIOR EN ADMINISTRACI\u00d3 I FINANCES<\/a><\/p>\n<p>FAM\u00cdLIA PROFESSIONAL<br \/>\nAdministraci\u00f3 i gesti\u00f3<\/p>\n<p>DURADA<br \/>\n2000 h (515 h d&#8217;estada a l&#8217;empresa), que es distribueixen en 2 cursos acad\u00e8mics.<\/p>\n<p>COMPET\u00c8NCIA GENERAL<br \/>\nOrganitzar i executar les operacions de gesti\u00f3 i administraci\u00f3 en els processos comercials, laborals, comptables, fiscals i financers d&#8217;una empresa p\u00fablica&hellip;  <a href=\"https:\/\/agora.xtec.cat\/insjosepvallverdu\/estudis\/cicles-formatius\/cfgs-administracio-i-finances\/\" title=\"Read CFGS Administraci\u00f3 i finances\">Llegeix m\u00e9s\u00bb<\/a><\/p>\n","protected":false},"author":8,"featured_media":0,"parent":15144,"menu_order":0,"comment_status":"closed","ping_status":"closed","template":"","meta":{"_bbp_topic_count":0,"_bbp_reply_count":0,"_bbp_total_topic_count":0,"_bbp_total_reply_count":0,"_bbp_voice_count":0,"_bbp_anonymous_reply_count":0,"_bbp_topic_count_hidden":0,"_bbp_reply_count_hidden":0,"_bbp_forum_subforum_count":0,"footnotes":""},"class_list":["post-16644","page","type-page","status-publish","hentry"],"post_mailing_queue_ids":[],"_links":{"self":[{"href":"https:\/\/agora.xtec.cat\/insjosepvallverdu\/wp-json\/wp\/v2\/pages\/16644","targetHints":{"allow":["GET"]}}],"collection":[{"href":"https:\/\/agora.xtec.cat\/insjosepvallverdu\/wp-json\/wp\/v2\/pages"}],"about":[{"href":"https:\/\/agora.xtec.cat\/insjosepvallverdu\/wp-json\/wp\/v2\/types\/page"}],"author":[{"embeddable":true,"href":"https:\/\/agora.xtec.cat\/insjosepvallverdu\/wp-json\/wp\/v2\/users\/8"}],"replies":[{"embeddable":true,"href":"https:\/\/agora.xtec.cat\/insjosepvallverdu\/wp-json\/wp\/v2\/comments?post=16644"}],"version-history":[{"count":6,"href":"https:\/\/agora.xtec.cat\/insjosepvallverdu\/wp-json\/wp\/v2\/pages\/16644\/revisions"}],"predecessor-version":[{"id":17557,"href":"https:\/\/agora.xtec.cat\/insjosepvallverdu\/wp-json\/wp\/v2\/pages\/16644\/revisions\/17557"}],"up":[{"embeddable":true,"href":"https:\/\/agora.xtec.cat\/insjosepvallverdu\/wp-json\/wp\/v2\/pages\/15144"}],"wp:attachment":[{"href":"https:\/\/agora.xtec.cat\/insjosepvallverdu\/wp-json\/wp\/v2\/media?parent=16644"}],"curies":[{"name":"wp","href":"https:\/\/api.w.org\/{rel}","templated":true}]}}