{"id":16095,"date":"2021-03-18T22:54:07","date_gmt":"2021-03-18T21:54:07","guid":{"rendered":"http:\/\/agora.xtec.cat\/insjosepvallverdu\/?page_id=16095"},"modified":"2021-11-26T08:58:28","modified_gmt":"2021-11-26T07:58:28","slug":"empresa","status":"publish","type":"page","link":"https:\/\/agora.xtec.cat\/insjosepvallverdu\/empresa\/","title":{"rendered":"Empresa"},"content":{"rendered":"<p>La Formaci\u00f3 Professional de l&#8217;Institut Josep Vallverd\u00fa es realitza en col\u00b7laboraci\u00f3 amb diverses empreses que s\u00f3n tot un referent a la comarca de les Garrigues en els seus respectius \u00e0mbits d&#8217;actuaci\u00f3.<\/p>\n<p>Una bona mostra de la cooperaci\u00f3 que l&#8217;\u00e0mbit educatiu promou amb el sector empresarial \u00e9s la Formaci\u00f3 Professional Dual, una modalitat que combina les sessions acad\u00e8miques a l&#8217;institut amb un volum important de pr\u00e0ctiques remunerades en empreses de refer\u00e8ncia a la comarca.<\/p>\n<p>Podeu fer una prospecci\u00f3 dels cicles en modalitat dual que es realitzen a l&#8217;Institut Josep Vallverd\u00fa fent un cop d&#8217;ull als seg\u00fcents v\u00eddeos:<\/p>\n<p><iframe loading=\"lazy\" title=\"FP DUAL INSTITUT JOSEP VALLVERD\u00da\" width=\"500\" height=\"281\" src=\"https:\/\/www.youtube.com\/embed\/K58OCMiCRDg?start=1&#038;feature=oembed\" frameborder=\"0\" allow=\"accelerometer; autoplay; clipboard-write; encrypted-media; gyroscope; picture-in-picture; web-share\" referrerpolicy=\"strict-origin-when-cross-origin\" allowfullscreen><\/iframe><\/p>\n<p><iframe loading=\"lazy\" title=\"FP DUAL A L&#039;INSTITUT JOSEP VALLVERD\u00da\" width=\"500\" height=\"281\" src=\"https:\/\/www.youtube.com\/embed\/X4SmQVcn6tE?feature=oembed\" frameborder=\"0\" allow=\"accelerometer; autoplay; clipboard-write; encrypted-media; gyroscope; picture-in-picture; web-share\" referrerpolicy=\"strict-origin-when-cross-origin\" allowfullscreen><\/iframe><\/p>\n","protected":false},"excerpt":{"rendered":"<p>La Formaci\u00f3 Professional de l&#8217;Institut Josep Vallverd\u00fa es realitza en col\u00b7laboraci\u00f3 amb diverses empreses que s\u00f3n tot un referent a la comarca de les Garrigues en els seus respectius \u00e0mbits d&#8217;actuaci\u00f3.<br \/>\nUna bona mostra de la cooperaci\u00f3 que l&#8217;\u00e0mbit educatiu promou amb el sector empresarial \u00e9s&hellip;  <a href=\"https:\/\/agora.xtec.cat\/insjosepvallverdu\/empresa\/\" title=\"Read Empresa\">Llegeix m\u00e9s\u00bb<\/a><\/p>\n","protected":false},"author":8,"featured_media":0,"parent":0,"menu_order":0,"comment_status":"closed","ping_status":"closed","template":"","meta":{"_bbp_topic_count":0,"_bbp_reply_count":0,"_bbp_total_topic_count":0,"_bbp_total_reply_count":0,"_bbp_voice_count":0,"_bbp_anonymous_reply_count":0,"_bbp_topic_count_hidden":0,"_bbp_reply_count_hidden":0,"_bbp_forum_subforum_count":0,"footnotes":""},"class_list":["post-16095","page","type-page","status-publish","hentry"],"post_mailing_queue_ids":[],"_links":{"self":[{"href":"https:\/\/agora.xtec.cat\/insjosepvallverdu\/wp-json\/wp\/v2\/pages\/16095","targetHints":{"allow":["GET"]}}],"collection":[{"href":"https:\/\/agora.xtec.cat\/insjosepvallverdu\/wp-json\/wp\/v2\/pages"}],"about":[{"href":"https:\/\/agora.xtec.cat\/insjosepvallverdu\/wp-json\/wp\/v2\/types\/page"}],"author":[{"embeddable":true,"href":"https:\/\/agora.xtec.cat\/insjosepvallverdu\/wp-json\/wp\/v2\/users\/8"}],"replies":[{"embeddable":true,"href":"https:\/\/agora.xtec.cat\/insjosepvallverdu\/wp-json\/wp\/v2\/comments?post=16095"}],"version-history":[{"count":3,"href":"https:\/\/agora.xtec.cat\/insjosepvallverdu\/wp-json\/wp\/v2\/pages\/16095\/revisions"}],"predecessor-version":[{"id":16464,"href":"https:\/\/agora.xtec.cat\/insjosepvallverdu\/wp-json\/wp\/v2\/pages\/16095\/revisions\/16464"}],"wp:attachment":[{"href":"https:\/\/agora.xtec.cat\/insjosepvallverdu\/wp-json\/wp\/v2\/media?parent=16095"}],"curies":[{"name":"wp","href":"https:\/\/api.w.org\/{rel}","templated":true}]}}