{"id":15432,"date":"2020-03-11T10:34:38","date_gmt":"2020-03-11T09:34:38","guid":{"rendered":"http:\/\/agora.xtec.cat\/insjosepvallverdu\/?page_id=15432"},"modified":"2020-05-14T17:17:52","modified_gmt":"2020-05-14T15:17:52","slug":"preinscripcio-2020","status":"publish","type":"page","link":"https:\/\/agora.xtec.cat\/insjosepvallverdu\/preinscripcio-2020\/","title":{"rendered":"PREINSCRIPCI\u00d3  2020"},"content":{"rendered":"<h2>PREINSCRIPCI\u00d3 2020<\/h2>\n<p>&nbsp;<\/p>\n<h2>Preinscripci\u00f3 a secund\u00e0ria obligat\u00f2ria<\/h2>\n<p>Nom\u00e9s es pot presentar una sol\u00b7licitud\u00a0de preinscripci\u00f3 per alumne o alumna per\u00f2 s&#8217;hi poden\u00a0indicar peticions d&#8217;admissi\u00f3 en diversos centres (10 com a m\u00e0xim i per ordre de prefer\u00e8ncia). La presentaci\u00f3 de m\u00e9s d&#8217;una sol\u00b7licitud comporta la invalidaci\u00f3 dels drets de prioritat que puguin correspondre.<\/p>\n<p>Per fer la preinscripci\u00f3 us far\u00e0 falta<\/p>\n<ul>\n<li>el codi identificador de l&#8217;alumne\/a (IDALU). El podeu demanar al vostre centre actual, o per internet anant a<strong><a title=\"Ves al web\" href=\"http:\/\/ensenyament.gencat.cat\/ca\/tramits\/tramits-temes\/identificador-alumne\" target=\"_blank\" rel=\"noopener noreferrer\"> consultar en l\u00ednia al web del Departament.<\/a><\/strong><\/li>\n<li>el <strong>codi oficial de l\u2019Institut Josep Vallverd\u00fa 25006525.<\/strong><\/li>\n<\/ul>\n<h3>La preinscripci\u00f3 es podr\u00e0 fer de 2 maneres:<\/h3>\n<h3><strong>1. Preinscripci\u00f3 telem\u00e0tica <em>amb suport inform\u00e0tic <\/em><\/strong>(del 13 al 22 de maig de 2020)<\/h3>\n<ul>\n<li style=\"list-style-type: none;\">\n<ul>\n<li>Acc\u00e9s directe al\u00a0<a href=\"http:\/\/ensenyament.gencat.cat\/ca\/tramits\/tramits-temes\/20483-obligatoris?category=74447ed8-a82c-11e3-a972-000c29052e2c&amp;moda=1\" target=\"_blank\" rel=\"noopener noreferrer\">formulari de sol\u00b7licitud telem\u00e0tica<\/a>.<\/li>\n<li><strong>Documentaci\u00f3 a presentar:\u00a0<\/strong>\n<ul>\n<li>El model de sol\u00b7licitud que cal utilitzar \u00e9s la <strong>sol\u00b7licitud amb suport inform\u00e0tic<\/strong> (encara no est\u00e0 disponible) . S&#8217;hi pot accedir mitjan\u00e7ant <strong>un ordinador, una tauleta t\u00e0ctil o un tel\u00e8fon m\u00f2bil<\/strong>. Una vegada enviades telem\u00e0ticament les dades s&#8217;obt\u00e9 el resguard de la sol\u00b7licitud. Aquest resguard s&#8217;ha d\u2019enviar per correu electr\u00f2nic a la b\u00fastia electr\u00f2nica oficial del centre demanat en primera opci\u00f3. En el nostre cas <a href=\"mailto:c5006525@xtec.cat\">c5006525@xtec.cat<\/a><\/li>\n<li>Juntament amb el resguard de la sol\u00b7licitud de preinscripci\u00f3 cal presentar, en tots els casos, una c\u00f2pia de la documentaci\u00f3\u00a0<strong>escanejada o fotografiada<\/strong>\u00a0seg\u00fcent:\n<ul class=\"llista-especial\">\n<li>El llibre de fam\u00edlia o altres documents relatius a la filiaci\u00f3. Si l&#8217;alumne o alumna est\u00e0 en situaci\u00f3 d&#8217;acolliment, la resoluci\u00f3 d&#8217;acolliment en fam\u00edlia o instituci\u00f3, del Departament de Treball, Afers Socials i Fam\u00edlies.<\/li>\n<li>El DNI de la persona sol\u00b7licitant (pare, mare, tutor o tutora o guardador o guardadora de fet) o, si el sol\u00b7licitant \u00e9s estranger, de la targeta de resid\u00e8ncia on consta el NIE o el passaport. Si es tracta d&#8217;estrangers comunitaris, document d&#8217;identitat del pa\u00eds d&#8217;origen.<\/li>\n<li>El DNI de l&#8217;alumne o alumna major de 14 anys o si t\u00e9 DNI tot i ser menor de 14 anys.<br \/>\nDe forma extraordin\u00e0ria, les dades d&#8217;identificaci\u00f3 o de filiaci\u00f3 dels alumnes estrangers tamb\u00e9 es poden acreditar amb el document d&#8217;identitat, el llibre de fam\u00edlia del pa\u00eds d&#8217;origen o la documentaci\u00f3 alternativa que la persona pugui aportar. El director o directora o la persona titular del centre la valorar\u00e0 i deixar\u00e0 const\u00e0ncia per escrit de la decisi\u00f3 adoptada.<\/li>\n<li>Les persones que a la sol\u00b7licitud han al\u00b7legat el compliment d&#8217;un o m\u00e9s\u00a0<strong><a title=\"criteris de prioritat\" href=\"http:\/\/queestudiar.gencat.cat\/ca\/preinscripcio\/estudis\/obligatoris\/documentacio\/\" target=\"_blank\" rel=\"noopener noreferrer\">criteris de prioritat<\/a><\/strong>\u00a0han de presentar la\u00a0<strong><a title=\"documentaci\u00f3\" href=\"http:\/\/queestudiar.gencat.cat\/ca\/preinscripcio\/estudis\/obligatoris\/documentacio\/\" target=\"_blank\" rel=\"noopener noreferrer\">documentaci\u00f3 escanejada o fotografiada<\/a><\/strong> que els acredita.<br \/>\n<h4>\u00a0Important:<\/h4>\n<ul class=\"llista-especial\">\n<li><strong>El centre ha de respondre per correu confirmant la recepci\u00f3 de la sol\u00b7licitud i la documentaci\u00f3, com a justificant de la formalitzaci\u00f3<\/strong> de la sol\u00b7licitud de preinscripci\u00f3.\n<div><\/div>\n<\/li>\n<\/ul>\n<\/li>\n<\/ul>\n<\/li>\n<\/ul>\n<\/li>\n<\/ul>\n<\/li>\n<\/ul>\n<h3><strong>2. Preinscripci\u00f3 presencial<\/strong> (del 19 al 22 de maig de 2020) amb cita pr\u00e8via<\/h3>\n<ul>\n<li style=\"list-style-type: none;\">\n<ul>\n<li>La preinscripci\u00f3 presencial nom\u00e9s ser\u00e0 per a casos excepcionals de fam\u00edlies que no puguin fer la inscripci\u00f3 online amb suport inform\u00e0tic<\/li>\n<li><a title=\"Sol\u00b7licitud de preinscripci\u00f3\" href=\"http:\/\/ensenyament.gencat.cat\/web\/shared\/OVT\/Departaments\/ENS\/TramitOVT\/preinscripcio\/obligatoris\/A42.pdf\">Sol\u00b7licitud de preinscripci\u00f3<img decoding=\"async\" class=\"icon-corrector\" src=\"http:\/\/ensenyament.gencat.cat\/web\/resources\/fwkResponsives\/common\/img\/NG_ico_pdf.png\" alt=\"pdf icon\" \/><span class=\"doc-size\">[695,08 kB ]<\/span><\/a><\/li>\n<li><span style=\"font-weight: 400;\">Per demanar cita pr\u00e8via caldr\u00e0 fer-ho <\/span><a href=\"https:\/\/aplicacions.gestioeducativa.gencat.cat\/pls\/apex\/f?p=CITA_PREVIA:4::::4:P4_TIPUS_CALENDARI,P4_DOMINI:01_Oblig,25006525\"><span style=\"font-weight: 400;\">en aquesta adre\u00e7a que el Departament d\u2019Educaci\u00f3 ha\u00a0 posat disposici\u00f3 dels centres<\/span><\/a><span style=\"font-weight: 400;\"> i els usuaris, o per tel\u00e8fon al 973142700 a partir del dilluns 18 i fins al 22 de maig de les 9 i fins a les 14 hores.<\/span><\/li>\n<li>Juntament amb la sol\u00b7licitud de preinscripci\u00f3 cal presentar, en tots els casos, l&#8217;original i fotoc\u00f2pia de la documentaci\u00f3 \u00a0seg\u00fcent:\n<ul class=\"llista-especial\">\n<li>El llibre de fam\u00edlia o altres documents relatius a la filiaci\u00f3. Si l&#8217;alumne o alumna est\u00e0 en situaci\u00f3 d&#8217;acolliment, la resoluci\u00f3 d&#8217;acolliment en fam\u00edlia o instituci\u00f3, del Departament de Treball, Afers Socials i Fam\u00edlies.<\/li>\n<li>El DNI de la persona sol\u00b7licitant (pare, mare, tutor o tutora o guardador o guardadora de fet) o, si el sol\u00b7licitant \u00e9s estranger, de la targeta de resid\u00e8ncia on consta el NIE o el passaport. Si es tracta d&#8217;estrangers comunitaris, document d&#8217;identitat del pa\u00eds d&#8217;origen.<\/li>\n<li>El DNI de l&#8217;alumne o alumna major de 14 anys o si t\u00e9 DNI tot i ser menor de 14 anys.<br \/>\nDe forma extraordin\u00e0ria, les dades d&#8217;identificaci\u00f3 o de filiaci\u00f3 dels alumnes estrangers tamb\u00e9 es poden acreditar amb el document d&#8217;identitat, el llibre de fam\u00edlia del pa\u00eds d&#8217;origen o la documentaci\u00f3 alternativa que la persona pugui aportar. El director o directora o la persona titular del centre la valorar\u00e0 i deixar\u00e0 const\u00e0ncia per escrit de la decisi\u00f3 adoptada.<\/li>\n<li>Les persones que a la sol\u00b7licitud han al\u00b7legat el compliment d&#8217;un o m\u00e9s\u00a0<strong>criteris de prioritat<\/strong> han de presentar la original\u00a0que els acredita.<\/li>\n<\/ul>\n<\/li>\n<\/ul>\n<\/li>\n<\/ul>\n<div id=\"acordio-tramits-1\" class=\"panel-collapse collapse in\">\n<div class=\"panel-body\" role=\"region\" aria-labelledby=\"acordioTerminis\">\n<p>&nbsp;<\/p>\n<\/div>\n<\/div>\n<p>&nbsp;<\/p>\n<h3><strong>Documentaci\u00f3 acreditativa dels criteris de prioritat <\/strong><\/h3>\n<ul>\n<li style=\"list-style-type: none;\">\n<ul>\n<li>\n<h4>Per a la preinscripci\u00f3 telem\u00e0tica, documentaci\u00f3 escanejada o fotografiada enviada al <a href=\"mailto:c5006525@xtec.cat\">c5006525@xtec.cat<\/a> amb la resta de documentaci\u00f3.<\/h4>\n<\/li>\n<li>\n<h4>Per a la preinscripci\u00f3 presencial, documentaci\u00f3 original i fotoc\u00f2pia.<\/h4>\n<\/li>\n<\/ul>\n<\/li>\n<\/ul>\n<p>&nbsp;<\/p>\n<ul>\n<li><strong>Criteri espec\u00edfic<\/strong>, adscripci\u00f3 al centre sol\u00b7licitat (no cal documentaci\u00f3).<\/li>\n<\/ul>\n<ul>\n<li><strong>Criteris generals:<\/strong><\/li>\n<\/ul>\n<table style=\"width: 651px;\">\n<tbody>\n<tr>\n<td style=\"width: 206px;\" width=\"206\">Germans\/germanes al centre o pares\/mares que hi treballin<\/td>\n<td style=\"width: 87px;\" width=\"87\"><\/td>\n<td style=\"width: 358px;\" width=\"316\"><\/td>\n<\/tr>\n<tr>\n<td style=\"width: 206px;\" width=\"206\">Proximitat del domicili<\/td>\n<td style=\"width: 87px;\" width=\"87\"><\/td>\n<td style=\"width: 358px;\" width=\"316\">DNI\/NIE<\/td>\n<\/tr>\n<tr>\n<td style=\"width: 206px;\" width=\"206\">Lloc de treball<\/td>\n<td style=\"width: 87px;\" width=\"87\"><\/td>\n<td style=\"width: 358px;\" width=\"316\">Contracte laboral<\/td>\n<\/tr>\n<tr>\n<td style=\"width: 206px;\" width=\"206\">Renda anual<\/td>\n<td style=\"width: 87px;\" width=\"87\"><\/td>\n<td style=\"width: 358px;\" width=\"316\">Acreditaci\u00f3 de ser beneficiari o benefici\u00e0ria de la prestaci\u00f3 econ\u00f2mica de la renda garantida de ciutadania.<\/td>\n<\/tr>\n<tr>\n<td style=\"width: 206px;\" width=\"206\">Discapacitat igual o superior al 33%\u00a0 de l\u2019alumne\/a, pare\/mare o germ\u00e0\/na<\/td>\n<td style=\"width: 87px;\" width=\"87\"><\/td>\n<td style=\"width: 358px;\" width=\"316\">-Certificat o\u00a0 targeta acreditativa de la discapacitat.<\/p>\n<p>&#8211; Document acreditatiu de ser beneficiari o \u00a0\u00a0benefici\u00e0ria d\u2019una pensi\u00f3 d\u2019incapacitat permanent de grau total o de gran invalidesa.<\/p>\n<p>&nbsp;<\/td>\n<\/tr>\n<\/tbody>\n<\/table>\n<p><strong style=\"font-family: inherit; font-size: 1em;\">Criteris complementaris:<\/strong><\/p>\n<ul>\n<li style=\"list-style-type: none;\">\n<ul>\n<li>Fam\u00edlia nombrosa o monoparental. Llibre de fam\u00edlia nombrosa o monoparental vigent.<\/li>\n<\/ul>\n<\/li>\n<\/ul>\n<p>.<\/p>\n","protected":false},"excerpt":{"rendered":"<p>PREINSCRIPCI\u00d3 2020<br \/>\n&nbsp;<br \/>\nPreinscripci\u00f3 a secund\u00e0ria obligat\u00f2ria<br \/>\nNom\u00e9s es pot presentar una sol\u00b7licitud\u00a0de preinscripci\u00f3 per alumne o alumna per\u00f2 s&#8217;hi poden\u00a0indicar peticions d&#8217;admissi\u00f3 en diversos centres (10 com a m\u00e0xim i per ordre de prefer\u00e8ncia). La presentaci\u00f3 de m\u00e9s d&#8217;una sol\u00b7licitud comporta la invalidaci\u00f3 dels drets de prioritat&hellip;  <a href=\"https:\/\/agora.xtec.cat\/insjosepvallverdu\/preinscripcio-2020\/\" title=\"Read PREINSCRIPCI\u00d3  2020\">Llegeix m\u00e9s\u00bb<\/a><\/p>\n","protected":false},"author":7,"featured_media":0,"parent":0,"menu_order":0,"comment_status":"closed","ping_status":"closed","template":"","meta":{"_bbp_topic_count":0,"_bbp_reply_count":0,"_bbp_total_topic_count":0,"_bbp_total_reply_count":0,"_bbp_voice_count":0,"_bbp_anonymous_reply_count":0,"_bbp_topic_count_hidden":0,"_bbp_reply_count_hidden":0,"_bbp_forum_subforum_count":0,"footnotes":""},"class_list":["post-15432","page","type-page","status-publish","hentry"],"post_mailing_queue_ids":[],"_links":{"self":[{"href":"https:\/\/agora.xtec.cat\/insjosepvallverdu\/wp-json\/wp\/v2\/pages\/15432","targetHints":{"allow":["GET"]}}],"collection":[{"href":"https:\/\/agora.xtec.cat\/insjosepvallverdu\/wp-json\/wp\/v2\/pages"}],"about":[{"href":"https:\/\/agora.xtec.cat\/insjosepvallverdu\/wp-json\/wp\/v2\/types\/page"}],"author":[{"embeddable":true,"href":"https:\/\/agora.xtec.cat\/insjosepvallverdu\/wp-json\/wp\/v2\/users\/7"}],"replies":[{"embeddable":true,"href":"https:\/\/agora.xtec.cat\/insjosepvallverdu\/wp-json\/wp\/v2\/comments?post=15432"}],"version-history":[{"count":4,"href":"https:\/\/agora.xtec.cat\/insjosepvallverdu\/wp-json\/wp\/v2\/pages\/15432\/revisions"}],"predecessor-version":[{"id":15574,"href":"https:\/\/agora.xtec.cat\/insjosepvallverdu\/wp-json\/wp\/v2\/pages\/15432\/revisions\/15574"}],"wp:attachment":[{"href":"https:\/\/agora.xtec.cat\/insjosepvallverdu\/wp-json\/wp\/v2\/media?parent=15432"}],"curies":[{"name":"wp","href":"https:\/\/api.w.org\/{rel}","templated":true}]}}