{"id":15365,"date":"2020-02-17T09:30:55","date_gmt":"2020-02-17T08:30:55","guid":{"rendered":"http:\/\/agora.xtec.cat\/insjosepvallverdu\/?page_id=15365"},"modified":"2020-02-24T08:30:37","modified_gmt":"2020-02-24T07:30:37","slug":"llicencies-permisos-i-altres-docs-professorat","status":"publish","type":"page","link":"https:\/\/agora.xtec.cat\/insjosepvallverdu\/llicencies-permisos-i-altres-docs-professorat\/","title":{"rendered":"Llic\u00e8ncies, permisos i altres DOCS (professorat)"},"content":{"rendered":"<p><a href=\"https:\/\/agora.xtec.cat\/insjosepvallverdu\/wp-content\/uploads\/usu1806\/2020\/02\/formularis_professorat.jpeg\"><img loading=\"lazy\" decoding=\"async\" class=\"size-full wp-image-15374 alignleft\" src=\"https:\/\/agora.xtec.cat\/insjosepvallverdu\/wp-content\/uploads\/usu1806\/2020\/02\/formularis_professorat.jpeg\" alt=\"\" width=\"80\" height=\"80\" \/><\/a>Recull dels formularis de sol\u00b7licituds per al personal docent del Departament d&#8217;Ensenyament. Per fer una sol\u00b7licitud, descarregueu el formulari al vostre ordinador, empleneu els camps i, despr\u00e9s de completar totes les dades, imprimiu-lo. Les sol\u00b7licituds s<strong>&#8216;han de tramitar als\u00a0<\/strong><a title=\"V\u00e9s a Serveis territorials\" href=\"http:\/\/educacio.gencat.cat\/portal\/page\/portal\/EducacioIntranet\/Inici\/ElDepartament\/AreesTerritorials\"><strong>serveis territorials\u00a0<\/strong><\/a><strong>corresponents o al\u00a0<\/strong><strong><a title=\"Obre finestra nova \" href=\"http:\/\/www.edubcn.cat\/ca\/\" target=\"_blank\" rel=\"noopener noreferrer\">Consorci d&#8217;Educaci\u00f3 de Barcelona<\/a>, o a les direccions dels centres educatius.<\/strong><\/p>\n<p>(<a href=\"http:\/\/educacio.gencat.cat\/portal\/page\/portal\/EducacioIntranet\/Inici\/ServeisPersonal\/TramitsPersonalDocent\" target=\"_blank\" rel=\"noopener noreferrer\">Enlla\u00e7 portaldecentres\/serveixalpersonal\/<\/a>)<\/p>\n<p>&nbsp;<\/p>\n<p>Si voleu acreditacions de Perfils professionals aqu\u00ed teniu la informaci\u00f3 necess\u00e0ria aix\u00ed com les sol\u00b7licituds necess\u00e0ries.<\/p>\n<ul>\n<li><a href=\"https:\/\/www.edubcn.cat\/rcs_gene\/extra\/05_acreditacio_perfils_professionals\/A594_exper_docent.pdf\">Sol\u00b7licitud d&#8217;acreditaci\u00f3 per experi\u00e8ncia docent<\/a>. PDF (A594)<\/li>\n<\/ul>\n<p><strong>Models de certificats:<\/strong><\/p>\n<ul>\n<li><a href=\"https:\/\/www.edubcn.cat\/rcs_gene\/extra\/05_acreditacio_perfils_professionals\/A249_2_especialitats.pdf\">Doc\u00e8ncia de dues especialitats docents<\/a>, PDF (A249)<\/li>\n<li><a href=\"https:\/\/www.edubcn.cat\/rcs_gene\/extra\/05_acreditacio_perfils_professionals\/A244_competencia_digital.pdf\">Compet\u00e8ncia digital docent<\/a>, PDF (A244)<\/li>\n<li><a href=\"https:\/\/www.edubcn.cat\/rcs_gene\/extra\/05_acreditacio_perfils_professionals\/A245_gestio_projectes.pdf\">Gesti\u00f3 de projectes i serveis de formaci\u00f3 professional inicial i\/o ensenyaments de r\u00e8gim especial<\/a>, PDF (A245)<\/li>\n<li><a href=\"https:\/\/www.edubcn.cat\/rcs_gene\/extra\/05_acreditacio_perfils_professionals\/A246_lectura_i_biblio.pdf\">Lectura i biblioteca escolar<\/a>, PDF (A246)<\/li>\n<li><a href=\"https:\/\/www.edubcn.cat\/rcs_gene\/extra\/05_acreditacio_perfils_professionals\/A247_immersio_ling.pdf\">Immersi\u00f3 i suport ling\u00fc\u00edstic<\/a>, PDF (A247)<\/li>\n<li><a href=\"https:\/\/www.edubcn.cat\/rcs_gene\/extra\/05_acreditacio_perfils_professionals\/A248_visual.pdf\">Educaci\u00f3 visual i pl\u00e0stica<\/a>, PDF (A248)<\/li>\n<li><a href=\"https:\/\/www.edubcn.cat\/rcs_gene\/extra\/05_acreditacio_perfils_professionals\/A250_metodologies.pdf\">Metodologies amb enfocament globalitzat<\/a>, PDF (A250)<\/li>\n<\/ul>\n<p>b)\u00a0<strong>Acreditaci\u00f3 per titulaci\u00f3 acad\u00e8mica oficial<\/strong>:<\/p>\n<ul>\n<li><a href=\"https:\/\/www.edubcn.cat\/rcs_gene\/extra\/05_acreditacio_perfils_professionals\/A593_titulacio.pdf\">Sol\u00b7licitud d&#8217;acreditaci\u00f3 per titulaci\u00f3,<\/a>\u00a0PDF (A593)<\/li>\n<\/ul>\n<p>c)\u00a0<strong>Acreditaci\u00f3 per activitats de formaci\u00f3 i innovaci\u00f3<\/strong>:<\/p>\n<p><strong><a href=\"https:\/\/aplicacions.gestioeducativa.gencat.cat\/pls\/apex\/f?p=2017002:500\" target=\"_blank\" rel=\"noopener noreferrer\">Acc\u00e9s a l&#8217;aplicaci\u00f3 (cal introduir l&#8217;usuari i contrasenya GICAR (ATRI)<\/a><\/strong><\/p>\n","protected":false},"excerpt":{"rendered":"<p><a href=\"https:\/\/agora.xtec.cat\/insjosepvallverdu\/wp-content\/uploads\/usu1806\/2020\/02\/formularis_professorat.jpeg\"><\/a>Recull dels formularis de sol\u00b7licituds per al personal docent del Departament d&#8217;Ensenyament. Per fer una sol\u00b7licitud, descarregueu el formulari al vostre ordinador, empleneu els camps i, despr\u00e9s de completar totes les dades, imprimiu-lo. Les sol\u00b7licituds s&#8216;han de tramitar als\u00a0<a title=\"V\u00e9s a Serveis territorials\" href=\"http:\/\/educacio.gencat.cat\/portal\/page\/portal\/EducacioIntranet\/Inici\/ElDepartament\/AreesTerritorials\">serveis&hellip;  <a href=\"https:\/\/agora.xtec.cat\/insjosepvallverdu\/llicencies-permisos-i-altres-docs-professorat\/\" title=\"Read Llic\u00e8ncies, permisos i altres DOCS (professorat)\">Llegeix m\u00e9s\u00bb<\/a><\/p>\n","protected":false},"author":1,"featured_media":0,"parent":0,"menu_order":0,"comment_status":"closed","ping_status":"closed","template":"","meta":{"_bbp_topic_count":0,"_bbp_reply_count":0,"_bbp_total_topic_count":0,"_bbp_total_reply_count":0,"_bbp_voice_count":0,"_bbp_anonymous_reply_count":0,"_bbp_topic_count_hidden":0,"_bbp_reply_count_hidden":0,"_bbp_forum_subforum_count":0,"footnotes":""},"class_list":["post-15365","page","type-page","status-publish","hentry"],"post_mailing_queue_ids":[],"_links":{"self":[{"href":"https:\/\/agora.xtec.cat\/insjosepvallverdu\/wp-json\/wp\/v2\/pages\/15365","targetHints":{"allow":["GET"]}}],"collection":[{"href":"https:\/\/agora.xtec.cat\/insjosepvallverdu\/wp-json\/wp\/v2\/pages"}],"about":[{"href":"https:\/\/agora.xtec.cat\/insjosepvallverdu\/wp-json\/wp\/v2\/types\/page"}],"author":[{"embeddable":true,"href":"https:\/\/agora.xtec.cat\/insjosepvallverdu\/wp-json\/wp\/v2\/users\/1"}],"replies":[{"embeddable":true,"href":"https:\/\/agora.xtec.cat\/insjosepvallverdu\/wp-json\/wp\/v2\/comments?post=15365"}],"version-history":[{"count":3,"href":"https:\/\/agora.xtec.cat\/insjosepvallverdu\/wp-json\/wp\/v2\/pages\/15365\/revisions"}],"predecessor-version":[{"id":15380,"href":"https:\/\/agora.xtec.cat\/insjosepvallverdu\/wp-json\/wp\/v2\/pages\/15365\/revisions\/15380"}],"wp:attachment":[{"href":"https:\/\/agora.xtec.cat\/insjosepvallverdu\/wp-json\/wp\/v2\/media?parent=15365"}],"curies":[{"name":"wp","href":"https:\/\/api.w.org\/{rel}","templated":true}]}}