{"id":15069,"date":"2019-09-19T16:57:58","date_gmt":"2019-09-19T14:57:58","guid":{"rendered":"http:\/\/agora.xtec.cat\/insjosepvallverdu\/?page_id=15069"},"modified":"2025-11-04T12:09:57","modified_gmt":"2025-11-04T11:09:57","slug":"consell-escolar","status":"publish","type":"page","link":"https:\/\/agora.xtec.cat\/insjosepvallverdu\/consell-escolar\/","title":{"rendered":"Consell Escolar"},"content":{"rendered":"<p><a href=\"https:\/\/agora.xtec.cat\/insjosepvallverdu\/wp-content\/uploads\/usu1806\/2019\/09\/consellescolar.jpg\"><img loading=\"lazy\" decoding=\"async\" class=\"aligncenter size-full wp-image-15074\" src=\"https:\/\/agora.xtec.cat\/insjosepvallverdu\/wp-content\/uploads\/usu1806\/2019\/09\/consellescolar.jpg\" alt=\"\" width=\"800\" height=\"556\" srcset=\"https:\/\/agora.xtec.cat\/insjosepvallverdu\/wp-content\/uploads\/usu1806\/2019\/09\/consellescolar.jpg 800w, https:\/\/agora.xtec.cat\/insjosepvallverdu\/wp-content\/uploads\/usu1806\/2019\/09\/consellescolar-300x209.jpg 300w, https:\/\/agora.xtec.cat\/insjosepvallverdu\/wp-content\/uploads\/usu1806\/2019\/09\/consellescolar-768x534.jpg 768w\" sizes=\"auto, (max-width: 800px) 100vw, 800px\" \/><\/a><\/p>\n<p>Durant aquest mes de novembre de 2025\u00a0 hi ha prevista prevista la renovaci\u00f3 parcial dels membres del Consell Escolar de l&#8217;Institut Josep Vallverd\u00fa en els sectors de l&#8217;alumnat, de le fam\u00edlies, del professorat i del personal PAS i PAE.<\/p>\n<p>Per tal que tingueu tota la informaci\u00f3 necess\u00e0ria per participar en aquest proc\u00e9s de renovaci\u00f3, publiquem els seg\u00fcents documents:<\/p>\n<p><a href=\"https:\/\/agora.xtec.cat\/insjosepvallverdu\/wp-content\/uploads\/usu1806\/2025\/11\/Calendari-renovacio-consell-ESCOLAR-25-26.pdf\">Calendari del proc\u00e9s electoral<\/a><\/p>\n<p><a href=\"https:\/\/agora.xtec.cat\/insjosepvallverdu\/wp-content\/uploads\/usu1806\/2025\/11\/Convocatoria-ELECCIONS-CONSELL-2025sig.pdf\">Convocat\u00f2ria de les eleccions<\/a><\/p>\n<p><a href=\"https:\/\/agora.xtec.cat\/insjosepvallverdu\/wp-content\/uploads\/usu1806\/2025\/11\/Document-de-presentacio-de-candidatura-per-a-la-renovacio-del-consell-escolar-Novembre-2025.docx\">Model per presentar candidatura com a membre del Consell Escolar<\/a><\/p>\n<p>Un cop publicats aquests documents, us animem a participar activament en el proc\u00e9s, donada la import\u00e0ncia d&#8217;aquest \u00f2rgan de govern dins del nostre centre.<\/p>\n<p>Les candidatures es poden fer arribar presencialment a la secretaria, o al correu electr\u00f2nic del centre.<\/p>\n","protected":false},"excerpt":{"rendered":"<p><a href=\"https:\/\/agora.xtec.cat\/insjosepvallverdu\/wp-content\/uploads\/usu1806\/2019\/09\/consellescolar.jpg\"><\/a><br \/>\nDurant aquest mes de novembre de 2025\u00a0 hi ha prevista prevista la renovaci\u00f3 parcial dels membres del Consell Escolar de l&#8217;Institut Josep Vallverd\u00fa en els sectors de l&#8217;alumnat, de le fam\u00edlies, del professorat i del personal PAS i PAE.<br \/>\nPer tal que tingueu tota la&hellip;  <a href=\"https:\/\/agora.xtec.cat\/insjosepvallverdu\/consell-escolar\/\" title=\"Read Consell Escolar\">Llegeix m\u00e9s\u00bb<\/a><\/p>\n","protected":false},"author":8,"featured_media":0,"parent":0,"menu_order":0,"comment_status":"closed","ping_status":"closed","template":"","meta":{"_bbp_topic_count":0,"_bbp_reply_count":0,"_bbp_total_topic_count":0,"_bbp_total_reply_count":0,"_bbp_voice_count":0,"_bbp_anonymous_reply_count":0,"_bbp_topic_count_hidden":0,"_bbp_reply_count_hidden":0,"_bbp_forum_subforum_count":0,"footnotes":""},"class_list":["post-15069","page","type-page","status-publish","hentry"],"post_mailing_queue_ids":[],"_links":{"self":[{"href":"https:\/\/agora.xtec.cat\/insjosepvallverdu\/wp-json\/wp\/v2\/pages\/15069","targetHints":{"allow":["GET"]}}],"collection":[{"href":"https:\/\/agora.xtec.cat\/insjosepvallverdu\/wp-json\/wp\/v2\/pages"}],"about":[{"href":"https:\/\/agora.xtec.cat\/insjosepvallverdu\/wp-json\/wp\/v2\/types\/page"}],"author":[{"embeddable":true,"href":"https:\/\/agora.xtec.cat\/insjosepvallverdu\/wp-json\/wp\/v2\/users\/8"}],"replies":[{"embeddable":true,"href":"https:\/\/agora.xtec.cat\/insjosepvallverdu\/wp-json\/wp\/v2\/comments?post=15069"}],"version-history":[{"count":4,"href":"https:\/\/agora.xtec.cat\/insjosepvallverdu\/wp-json\/wp\/v2\/pages\/15069\/revisions"}],"predecessor-version":[{"id":17738,"href":"https:\/\/agora.xtec.cat\/insjosepvallverdu\/wp-json\/wp\/v2\/pages\/15069\/revisions\/17738"}],"wp:attachment":[{"href":"https:\/\/agora.xtec.cat\/insjosepvallverdu\/wp-json\/wp\/v2\/media?parent=15069"}],"curies":[{"name":"wp","href":"https:\/\/api.w.org\/{rel}","templated":true}]}}