{"id":15064,"date":"2019-09-19T16:53:30","date_gmt":"2019-09-19T14:53:30","guid":{"rendered":"http:\/\/agora.xtec.cat\/insjosepvallverdu\/?page_id=15064"},"modified":"2025-03-20T10:09:50","modified_gmt":"2025-03-20T09:09:50","slug":"aportacions-de-les-families","status":"publish","type":"page","link":"https:\/\/agora.xtec.cat\/insjosepvallverdu\/aportacions-de-les-families\/","title":{"rendered":"Aportacions de les fam\u00edlies"},"content":{"rendered":"<p>D&#8217;acord amb les mesures adoptades pels \u00f2rgans del centre, les aportacions de les fam\u00edlies a l&#8217;Institut Josep Vallverd\u00fa per al vigent curs acad\u00e8mic s\u00f3n les seg\u00fcents:<\/p>\n<ul>\n<li style=\"list-style-type: none;\">\n<ul>\n<li style=\"list-style-type: none;\">\n<ul>\n<li style=\"list-style-type: none;\">\n<ul>\n<li><strong>Pels cursos corresponents al primer cicle de l&#8217;ESO (1r i 2n)<\/strong>: 45\u20ac en concepte de material escolar.<\/li>\n<\/ul>\n<\/li>\n<\/ul>\n<\/li>\n<\/ul>\n<\/li>\n<\/ul>\n<ul>\n<li style=\"list-style-type: none;\">\n<ul>\n<li style=\"list-style-type: none;\">\n<ul>\n<li style=\"list-style-type: none;\">\n<ul>\n<li><strong>Pels cursos corresponents al segon cicle de l&#8217;ESO (3r i 4t) i al batxillerat i als cicles formatius de grau mitj\u00e0:<\/strong> 45\u20ac en concepte de material escolar i 1,12\u20ac corresponents a l&#8217;asseguran\u00e7a escolar obligat\u00f2ria.<\/li>\n<\/ul>\n<\/li>\n<\/ul>\n<\/li>\n<\/ul>\n<\/li>\n<\/ul>\n<p>&nbsp;<\/p>\n","protected":false},"excerpt":{"rendered":"<p>D&#8217;acord amb les mesures adoptades pels \u00f2rgans del centre, les aportacions de les fam\u00edlies a l&#8217;Institut Josep Vallverd\u00fa per al vigent curs acad\u00e8mic s\u00f3n les seg\u00fcents:<\/p>\n<ul>\n<li style=\"list-style-type: none;\">\n<ul>\n<li style=\"list-style-type: none;\">\n<ul>\n<li style=\"list-style-type: none;\">\n<ul>\n<li>Pels cursos corresponents al primer cicle de l&#8217;ESO (1r i 2n): 45\u20ac en concepte&hellip;  <a href=\"https:\/\/agora.xtec.cat\/insjosepvallverdu\/aportacions-de-les-families\/\" title=\"Read Aportacions de les fam\u00edlies\">Llegeix m\u00e9s\u00bb<\/a><br \/>\n","protected":false},"author":8,"featured_media":0,"parent":0,"menu_order":0,"comment_status":"closed","ping_status":"closed","template":"","meta":{"_bbp_topic_count":0,"_bbp_reply_count":0,"_bbp_total_topic_count":0,"_bbp_total_reply_count":0,"_bbp_voice_count":0,"_bbp_anonymous_reply_count":0,"_bbp_topic_count_hidden":0,"_bbp_reply_count_hidden":0,"_bbp_forum_subforum_count":0,"footnotes":""},"class_list":["post-15064","page","type-page","status-publish","hentry"],"post_mailing_queue_ids":[],"_links":{"self":[{"href":"https:\/\/agora.xtec.cat\/insjosepvallverdu\/wp-json\/wp\/v2\/pages\/15064","targetHints":{"allow":["GET"]}}],"collection":[{"href":"https:\/\/agora.xtec.cat\/insjosepvallverdu\/wp-json\/wp\/v2\/pages"}],"about":[{"href":"https:\/\/agora.xtec.cat\/insjosepvallverdu\/wp-json\/wp\/v2\/types\/page"}],"author":[{"embeddable":true,"href":"https:\/\/agora.xtec.cat\/insjosepvallverdu\/wp-json\/wp\/v2\/users\/8"}],"replies":[{"embeddable":true,"href":"https:\/\/agora.xtec.cat\/insjosepvallverdu\/wp-json\/wp\/v2\/comments?post=15064"}],"version-history":[{"count":4,"href":"https:\/\/agora.xtec.cat\/insjosepvallverdu\/wp-json\/wp\/v2\/pages\/15064\/revisions"}],"predecessor-version":[{"id":17524,"href":"https:\/\/agora.xtec.cat\/insjosepvallverdu\/wp-json\/wp\/v2\/pages\/15064\/revisions\/17524"}],"wp:attachment":[{"href":"https:\/\/agora.xtec.cat\/insjosepvallverdu\/wp-json\/wp\/v2\/media?parent=15064"}],"curies":[{"name":"wp","href":"https:\/\/api.w.org\/{rel}","templated":true}]}}