{"id":15031,"date":"2019-09-01T19:59:09","date_gmt":"2019-09-01T17:59:09","guid":{"rendered":"http:\/\/agora.xtec.cat\/insjosepvallverdu\/?page_id=15031"},"modified":"2025-06-26T10:51:09","modified_gmt":"2025-06-26T08:51:09","slug":"llibres","status":"publish","type":"page","link":"https:\/\/agora.xtec.cat\/insjosepvallverdu\/secretaria\/llibres\/","title":{"rendered":"LLIBRES DE TEXT"},"content":{"rendered":"<p><a href=\"https:\/\/agora.xtec.cat\/insjosepvallverdu\/wp-content\/uploads\/usu1806\/2021\/06\/llibres.jpg\"><img loading=\"lazy\" decoding=\"async\" class=\"aligncenter size-full wp-image-16330\" src=\"https:\/\/agora.xtec.cat\/insjosepvallverdu\/wp-content\/uploads\/usu1806\/2021\/06\/llibres.jpg\" alt=\"\" width=\"768\" height=\"432\" srcset=\"https:\/\/agora.xtec.cat\/insjosepvallverdu\/wp-content\/uploads\/usu1806\/2021\/06\/llibres.jpg 768w, https:\/\/agora.xtec.cat\/insjosepvallverdu\/wp-content\/uploads\/usu1806\/2021\/06\/llibres-300x169.jpg 300w\" sizes=\"auto, (max-width: 768px) 100vw, 768px\" \/><\/a><\/p>\n<p>En aquesta p\u00e0gina, trobareu tota la informaci\u00f3 necess\u00e0ria per tal de procedir a la<strong> compra dels llibres de text de l&#8217;alumnat de l&#8217;Institut Josep Vallverd\u00fa pel curs acad\u00e8mic 2025-26<\/strong>.<\/p>\n<p><span style=\"color: #ff0000;\"><strong>ATENCI\u00d3: Cal tenir present que les fam\u00edlies de l&#8217;alumnat que el curs vinent s&#8217;incorpora al centre per cursar 1r d&#8217;ESO ha d&#8217;esperar a fer qualsevol compra a la reuni\u00f3 del proper 2 de juliol de 2025 on se&#8217;ls facilitar\u00e0 la informaci\u00f3 pertinent.<\/strong><\/span><\/p>\n<p>Com sabeu, les diferents mat\u00e8ries que s&#8217;imparteixen a l&#8217;institut utilitzen llibres digitals o b\u00e9 llibres en paper. <strong>Per tal de saber quins s\u00f3n els llibres de cada curs, podeu consultar el seg\u00fcent document<\/strong> (\u00e9s un arxiu en format excel i els llibres de cada curs apareixen a les seves diferents pestanyes, que trobareu a la part inferior del document):<\/p>\n<p><a href=\"https:\/\/docs.google.com\/spreadsheets\/d\/1ybEATLal06RThWCiwgIeVmLQoylM-l28iB3IAmyArc0\/edit?usp=sharing\" target=\"_blank\" rel=\"noopener\"><strong>Llistat de llibres pel curs acad\u00e8mic 2025-26 pels diferents cursos d&#8217;ESO, Batxillerat i Cicles Formatius de l&#8217;Institut Josep Vallverd\u00fa<\/strong><\/a><\/p>\n<p><strong>Els llibres digitals s&#8217;han de comprar a la llibreria digital Iddink<\/strong>. L&#8217;enlla\u00e7 per accedir a aquesta llibreria virtual \u00e9s el seg\u00fcent:<\/p>\n<p><a href=\"http:\/\/www.iddink.cat\" target=\"_blank\" rel=\"noopener noreferrer\">Llibreria digital Iddink<\/a><\/p>\n<p>Aquesta llibreria tamb\u00e9 permet la compra per tel\u00e8fon trucant al n\u00famero 93 238 88 33.<\/p>\n<p>Les instruccions per comprar en aquesta llibreria s\u00f3n les seg\u00fcents:<\/p>\n<p><a href=\"https:\/\/docs.google.com\/document\/d\/12Bv5OWTeyWoSPoS5QEd7mlQ7dBS7sDwYyzmUKRh_Pfs\/edit\" target=\"_blank\" rel=\"noopener\"><strong>Instruccions per a la compra de llibres a la llibreria digital Iddink<\/strong><\/a><\/p>\n<p>Tal i com s&#8217;indica en aquestes mateixes instruccions, el <strong>codi de compra del nostre centre \u00e9s 681JV1.<\/strong><\/p>\n<p>Enguany, la Generalitat de Catalunya facilita a les fam\u00edlies de l&#8217;alumnat d&#8217;ESO un val escolar que es pot utilitzar per adquirir llibres i material escolar tant a la llibreria Iddink com en les llibreries i els establiments tradicionals de venda de material escolar. Trobareu tota la informaci\u00f3 sobre aquest val escolar en <a href=\"https:\/\/drive.google.com\/file\/d\/1iaTCWr5NToYNiLk_B_jEei0AJ-ZFEAqO\/view\" target=\"_blank\" rel=\"noopener\"><strong>aquest enlla\u00e7.<\/strong><\/a><\/p>\n<p>Pel que fa als <strong>llibres de text en paper, es poden comprar en una llibreria tradicional, com, per exemple, la llibreria Quaderns de les Borges Blanques o similars, i tamb\u00e9 a la lliberia digital Iddink<\/strong>.<\/p>\n<p><a href=\"http:\/\/www.iddink.cat\" target=\"_blank\" rel=\"noopener noreferrer\">Llibreria digital Iddink<\/a><\/p>\n<p>Cal tenir present que la llibreria digital Iddink permet l\u2019opci\u00f3 de comprar <strong>ecoBooks<\/strong> (a un preu for\u00e7a m\u00e9s econ\u00f2mic per\u00f2 amb el comprom\u00eds de retornar el llibre en bon estat a final de curs) dins d\u2019un projecte de reutilitzaci\u00f3, encaminat a fomentar la responsabilitat, solidaritat\u00a0 i sostenibilitat. D\u2019aquesta manera els alumnes tenen m\u00e9s cura del material escolar en un projecte que preserva el medi ambient.<\/p>\n<p><strong>El divendres 4 de juliol de 2025, els responsables de la llibreria Iddink seran a l&#8217;Institut Josep Vallverd\u00fa, de 10:30h a 14h i de 15h a 17:30h, per recollir els Ecobooks del curs anterior i ajudar aquelles fam\u00edlies que ho necessitin a realitzar les seves comandes.<\/strong><\/p>\n<p>Per tal de con\u00e8ixer una mica m\u00e9s el funcionament de la llibreria digital Iddink us passem els enlla\u00e7os a diversos v\u00eddeos que expliquen diferents q\u00fcestions que poden ser del vostre inter\u00e8s:<\/p>\n<p><strong><a href=\"https:\/\/vimeo.com\/346361089\" target=\"_blank\" rel=\"noopener noreferrer\">Presentaci\u00f3 de la llibreria Iddink<\/a><\/strong><\/p>\n<p><a href=\"https:\/\/vimeo.com\/manage\/videos\/721037983\" target=\"_blank\" rel=\"noopener\"><strong>Com fer una comanda a Iddink<\/strong><\/a><\/p>\n<p><strong><a href=\"https:\/\/vimeo.com\/45076699\" target=\"_blank\" rel=\"noopener noreferrer\">Com tractar els ecoBooks<\/a><\/strong><\/p>\n<p><strong><a href=\"https:\/\/vimeo.com\/437081582\" target=\"_blank\" rel=\"noopener noreferrer\">Com retornar els ecoBooks<\/a><\/strong><\/p>\n<p>Aix\u00ed mateix, podeu recuperar la carta enviada a les fam\u00edlies amb la informaci\u00f3 sobre la compra de llibres (que cont\u00e9, essencialment, la mateixa informaci\u00f3 que s&#8217;exposa en aquesta p\u00e0gina) en aquest enlla\u00e7:<\/p>\n<p><a href=\"https:\/\/docs.google.com\/document\/d\/10TkIbqrlyr0qOhDlgYwS17vFuNiROnEz\/edit?usp=sharing&amp;ouid=101463260008394254459&amp;rtpof=true&amp;sd=true\" target=\"_blank\" rel=\"noopener\"><strong>Carta a les fam\u00edlies de l&#8217;Institut Josep Vallverd\u00fa sobre la compra de llibres pel curs 2025-26<\/strong><\/a><\/p>\n<p>Tamb\u00e9 us adjuntem el fullet\u00f3 explicatiu on trobareu detallat el proc\u00e9s de compra de llibres per a l&#8217;Institut Josep Vallverd\u00fa:<\/p>\n<p><a href=\"https:\/\/drive.google.com\/file\/d\/15cCol8iq8cFXHxil8k8NnaTws550623M\/view\" target=\"_blank\" rel=\"noopener\"><strong>Fullet\u00f3 amb l&#8217;explicaci\u00f3 sobre com comprar els llibres de l&#8217;Institut Josep Vallverd\u00fa<\/strong><\/a><\/p>\n<p>A m\u00e9s, cal tenir present que <strong>l&#8217;alumnat que cursa Educaci\u00f3 Visual i Pl\u00e0stica (mat\u00e8ria obligat\u00f2ria a 1r i 2n d&#8217;ESO i optativa a 4t d&#8217;ESO) ha de tenir el seg\u00fcent material<\/strong> per realitzar les activitats pr\u00f2pies de l&#8217;assignatura:<\/p>\n<ul>\n<li><span style=\"color: #000000;\">40-50 l\u00e0mines DIN A-4 (Paper Basik 130 gr &#8211; sense requadre)<\/span><\/li>\n<li><span style=\"color: #000000;\">Carpeta b\u00e0sica A4<br \/>\n<\/span><\/li>\n<li><span style=\"color: #000000;\">1 llapis 2HB<\/span><\/li>\n<li><span style=\"color: #000000;\">1 llapis 3B o 4B<\/span><\/li>\n<li><span style=\"color: #000000;\">Llapis\u00a0de mines 0&#8217;5<\/span><\/li>\n<li><span style=\"color: #000000;\">Comp\u00e0s<\/span><\/li>\n<li><span style=\"color: #000000;\">Joc d&#8217;escaire i cartab\u00f3<\/span><\/li>\n<li><span style=\"color: #000000;\">Regle numerat<\/span><\/li>\n<li><span style=\"color: #000000;\">Transportador d&#8217;angles<\/span><\/li>\n<li><span style=\"color: #000000;\">Estil\u00f2grafs de 0&#8217;2, 0&#8217;4 i 0&#8217;8 (2n d&#8217;ESO)<\/span><\/li>\n<li><span style=\"color: #000000;\">2 p<span style=\"font-family: tahoma, sans-serif;\">inzells, un del 2-3 i un altre del 6-8<\/span><\/span><\/li>\n<li><span style=\"color: #000000;\">Temperes\u00a0b\u00e0siques: Magenta, Cyan i groc mig. Blanc i negre<\/span><\/li>\n<li><span style=\"color: #000000;\">Drap de cot\u00f3 i potet per a l&#8217;aigua<\/span><\/li>\n<li>Goma blanca<\/li>\n<li>Pega<\/li>\n<li>Tisores<\/li>\n<li>Llapis de colors de fusta<\/li>\n<li>Retoladors<\/li>\n<\/ul>\n","protected":false},"excerpt":{"rendered":"<p><a href=\"https:\/\/agora.xtec.cat\/insjosepvallverdu\/wp-content\/uploads\/usu1806\/2021\/06\/llibres.jpg\"><\/a><br \/>\nEn aquesta p\u00e0gina, trobareu tota la informaci\u00f3 necess\u00e0ria per tal de procedir a la compra dels llibres de text de l&#8217;alumnat de l&#8217;Institut Josep Vallverd\u00fa pel curs acad\u00e8mic 2025-26.<br \/>\nATENCI\u00d3: Cal tenir present que les fam\u00edlies de l&#8217;alumnat que el curs vinent s&#8217;incorpora al centre&hellip;  <a href=\"https:\/\/agora.xtec.cat\/insjosepvallverdu\/secretaria\/llibres\/\" title=\"Read LLIBRES DE TEXT\">Llegeix m\u00e9s\u00bb<\/a><\/p>\n","protected":false},"author":1,"featured_media":0,"parent":81,"menu_order":0,"comment_status":"closed","ping_status":"closed","template":"","meta":{"_bbp_topic_count":0,"_bbp_reply_count":0,"_bbp_total_topic_count":0,"_bbp_total_reply_count":0,"_bbp_voice_count":0,"_bbp_anonymous_reply_count":0,"_bbp_topic_count_hidden":0,"_bbp_reply_count_hidden":0,"_bbp_forum_subforum_count":0,"footnotes":""},"class_list":["post-15031","page","type-page","status-publish","hentry"],"post_mailing_queue_ids":[],"_links":{"self":[{"href":"https:\/\/agora.xtec.cat\/insjosepvallverdu\/wp-json\/wp\/v2\/pages\/15031","targetHints":{"allow":["GET"]}}],"collection":[{"href":"https:\/\/agora.xtec.cat\/insjosepvallverdu\/wp-json\/wp\/v2\/pages"}],"about":[{"href":"https:\/\/agora.xtec.cat\/insjosepvallverdu\/wp-json\/wp\/v2\/types\/page"}],"author":[{"embeddable":true,"href":"https:\/\/agora.xtec.cat\/insjosepvallverdu\/wp-json\/wp\/v2\/users\/1"}],"replies":[{"embeddable":true,"href":"https:\/\/agora.xtec.cat\/insjosepvallverdu\/wp-json\/wp\/v2\/comments?post=15031"}],"version-history":[{"count":7,"href":"https:\/\/agora.xtec.cat\/insjosepvallverdu\/wp-json\/wp\/v2\/pages\/15031\/revisions"}],"predecessor-version":[{"id":17649,"href":"https:\/\/agora.xtec.cat\/insjosepvallverdu\/wp-json\/wp\/v2\/pages\/15031\/revisions\/17649"}],"up":[{"embeddable":true,"href":"https:\/\/agora.xtec.cat\/insjosepvallverdu\/wp-json\/wp\/v2\/pages\/81"}],"wp:attachment":[{"href":"https:\/\/agora.xtec.cat\/insjosepvallverdu\/wp-json\/wp\/v2\/media?parent=15031"}],"curies":[{"name":"wp","href":"https:\/\/api.w.org\/{rel}","templated":true}]}}