{"id":14496,"date":"2019-01-29T11:58:52","date_gmt":"2019-01-29T10:58:52","guid":{"rendered":"http:\/\/agora.xtec.cat\/insjosepvallverdu\/?page_id=14496"},"modified":"2019-01-29T12:06:28","modified_gmt":"2019-01-29T11:06:28","slug":"carta-de-compromis-educatiu","status":"publish","type":"page","link":"https:\/\/agora.xtec.cat\/insjosepvallverdu\/linstitut\/normes-dorganitzacio-i-funcionament\/carta-de-compromis-educatiu\/","title":{"rendered":"CARTA DE COMPROM\u00cdS EDUCATIU"},"content":{"rendered":"<p>La carta de comprom\u00eds educatiu \u00e9s un document que t\u00e9 com a finalitat potenciar la comunicaci\u00f3, la participaci\u00f3, la implicaci\u00f3, el comprom\u00eds i la corresponsabilitat entre els centres i les fam\u00edlies en l&#8217;educaci\u00f3 d&#8217;infants i joves.<\/p>\n<p>&nbsp;<\/p>\n<p>&nbsp;<\/p>\n<p><a href=\"https:\/\/drive.google.com\/file\/d\/1djgYjY8V2eA0S-uYTQeyL6kaJ9vdosZZ\/view?usp=sharing\"><img loading=\"lazy\" decoding=\"async\" class=\"size-full wp-image-14239 aligncenter\" src=\"https:\/\/agora.xtec.cat\/insjosepvallverdu\/wp-content\/uploads\/usu1806\/2018\/11\/pdfins-150x150-1.jpg\" alt=\"\" width=\"150\" height=\"150\" \/><\/a><\/p>\n","protected":false},"excerpt":{"rendered":"<p>La carta de comprom\u00eds educatiu \u00e9s un document que t\u00e9 com a finalitat potenciar la comunicaci\u00f3, la participaci\u00f3, la implicaci\u00f3, el comprom\u00eds i la corresponsabilitat entre els centres i les fam\u00edlies en l&#8217;educaci\u00f3 d&#8217;infants i joves.<br \/>\n&nbsp;<br \/>\n&nbsp;<br \/>\n<a href=\"https:\/\/drive.google.com\/file\/d\/1djgYjY8V2eA0S-uYTQeyL6kaJ9vdosZZ\/view?usp=sharing\"><\/a><\/p>\n","protected":false},"author":7,"featured_media":0,"parent":49,"menu_order":0,"comment_status":"closed","ping_status":"closed","template":"","meta":{"_bbp_topic_count":0,"_bbp_reply_count":0,"_bbp_total_topic_count":0,"_bbp_total_reply_count":0,"_bbp_voice_count":0,"_bbp_anonymous_reply_count":0,"_bbp_topic_count_hidden":0,"_bbp_reply_count_hidden":0,"_bbp_forum_subforum_count":0,"footnotes":""},"class_list":["post-14496","page","type-page","status-publish","hentry"],"post_mailing_queue_ids":[],"_links":{"self":[{"href":"https:\/\/agora.xtec.cat\/insjosepvallverdu\/wp-json\/wp\/v2\/pages\/14496","targetHints":{"allow":["GET"]}}],"collection":[{"href":"https:\/\/agora.xtec.cat\/insjosepvallverdu\/wp-json\/wp\/v2\/pages"}],"about":[{"href":"https:\/\/agora.xtec.cat\/insjosepvallverdu\/wp-json\/wp\/v2\/types\/page"}],"author":[{"embeddable":true,"href":"https:\/\/agora.xtec.cat\/insjosepvallverdu\/wp-json\/wp\/v2\/users\/7"}],"replies":[{"embeddable":true,"href":"https:\/\/agora.xtec.cat\/insjosepvallverdu\/wp-json\/wp\/v2\/comments?post=14496"}],"version-history":[{"count":4,"href":"https:\/\/agora.xtec.cat\/insjosepvallverdu\/wp-json\/wp\/v2\/pages\/14496\/revisions"}],"predecessor-version":[{"id":15172,"href":"https:\/\/agora.xtec.cat\/insjosepvallverdu\/wp-json\/wp\/v2\/pages\/14496\/revisions\/15172"}],"up":[{"embeddable":true,"href":"https:\/\/agora.xtec.cat\/insjosepvallverdu\/wp-json\/wp\/v2\/pages\/49"}],"wp:attachment":[{"href":"https:\/\/agora.xtec.cat\/insjosepvallverdu\/wp-json\/wp\/v2\/media?parent=14496"}],"curies":[{"name":"wp","href":"https:\/\/api.w.org\/{rel}","templated":true}]}}