{"id":14236,"date":"2018-11-22T12:04:24","date_gmt":"2018-11-22T11:04:24","guid":{"rendered":"http:\/\/agora.xtec.cat\/insjosepvallverdu\/?page_id=14236"},"modified":"2019-01-11T08:27:21","modified_gmt":"2019-01-11T07:27:21","slug":"plc","status":"publish","type":"page","link":"https:\/\/agora.xtec.cat\/insjosepvallverdu\/linstitut\/normes-dorganitzacio-i-funcionament\/plc\/","title":{"rendered":"PLC"},"content":{"rendered":"<p>El PROJECTE LING\u00dc\u00cdSTIC DE CENTRE \u00e9s un document que partint d\u2019una reflexi\u00f3 interna del centre, recull les decisions preses a partir d\u2019aquesta an\u00e0lisi en relaci\u00f3 a l\u2019ensenyament i l\u2019aprenentatge de les lleng\u00fces i que t\u00e9 com a objectiu donar coher\u00e8ncia a la manera d\u2019adquirir-les. \u00c9s un document de reflexi\u00f3 i de presa de decisions que incideix en tots els contextos comunicatius dels centres: aula, centre i entorn.<\/p>\n<p><a href=\"https:\/\/drive.google.com\/open?id=1IM-hltTvdN-I0abgP-4eo1Y5_3l9S-DB\"><img loading=\"lazy\" decoding=\"async\" class=\"size-full wp-image-14239\" src=\"https:\/\/agora.xtec.cat\/insjosepvallverdu\/wp-content\/uploads\/usu1806\/2018\/11\/pdfins-150x150-1.jpg\" alt=\"\" width=\"150\" height=\"150\" \/><\/a><\/p>\n","protected":false},"excerpt":{"rendered":"<p>El PROJECTE LING\u00dc\u00cdSTIC DE CENTRE \u00e9s un document que partint d\u2019una reflexi\u00f3 interna del centre, recull les decisions preses a partir d\u2019aquesta an\u00e0lisi en relaci\u00f3 a l\u2019ensenyament i l\u2019aprenentatge de les lleng\u00fces i que t\u00e9 com a objectiu donar coher\u00e8ncia a la manera d\u2019adquirir-les. \u00c9s&hellip;  <a href=\"https:\/\/agora.xtec.cat\/insjosepvallverdu\/linstitut\/normes-dorganitzacio-i-funcionament\/plc\/\" title=\"Read PLC\">Llegeix m\u00e9s\u00bb<\/a><\/p>\n","protected":false},"author":7,"featured_media":0,"parent":49,"menu_order":0,"comment_status":"closed","ping_status":"closed","template":"","meta":{"_bbp_topic_count":0,"_bbp_reply_count":0,"_bbp_total_topic_count":0,"_bbp_total_reply_count":0,"_bbp_voice_count":0,"_bbp_anonymous_reply_count":0,"_bbp_topic_count_hidden":0,"_bbp_reply_count_hidden":0,"_bbp_forum_subforum_count":0,"footnotes":""},"class_list":["post-14236","page","type-page","status-publish","hentry"],"post_mailing_queue_ids":[],"_links":{"self":[{"href":"https:\/\/agora.xtec.cat\/insjosepvallverdu\/wp-json\/wp\/v2\/pages\/14236","targetHints":{"allow":["GET"]}}],"collection":[{"href":"https:\/\/agora.xtec.cat\/insjosepvallverdu\/wp-json\/wp\/v2\/pages"}],"about":[{"href":"https:\/\/agora.xtec.cat\/insjosepvallverdu\/wp-json\/wp\/v2\/types\/page"}],"author":[{"embeddable":true,"href":"https:\/\/agora.xtec.cat\/insjosepvallverdu\/wp-json\/wp\/v2\/users\/7"}],"replies":[{"embeddable":true,"href":"https:\/\/agora.xtec.cat\/insjosepvallverdu\/wp-json\/wp\/v2\/comments?post=14236"}],"version-history":[{"count":3,"href":"https:\/\/agora.xtec.cat\/insjosepvallverdu\/wp-json\/wp\/v2\/pages\/14236\/revisions"}],"predecessor-version":[{"id":14362,"href":"https:\/\/agora.xtec.cat\/insjosepvallverdu\/wp-json\/wp\/v2\/pages\/14236\/revisions\/14362"}],"up":[{"embeddable":true,"href":"https:\/\/agora.xtec.cat\/insjosepvallverdu\/wp-json\/wp\/v2\/pages\/49"}],"wp:attachment":[{"href":"https:\/\/agora.xtec.cat\/insjosepvallverdu\/wp-json\/wp\/v2\/media?parent=14236"}],"curies":[{"name":"wp","href":"https:\/\/api.w.org\/{rel}","templated":true}]}}