{"id":13862,"date":"2018-10-03T16:54:40","date_gmt":"2018-10-03T14:54:40","guid":{"rendered":"http:\/\/agora.xtec.cat\/insjosepvallverdu\/?page_id=13862"},"modified":"2025-04-01T21:07:42","modified_gmt":"2025-04-01T19:07:42","slug":"cfgm-gestio-administrativa","status":"publish","type":"page","link":"https:\/\/agora.xtec.cat\/insjosepvallverdu\/departaments-didactics\/cfgm-gestio-administrativa\/","title":{"rendered":"CFGM Gesti\u00f3 administrativa"},"content":{"rendered":"<p><a href=\"https:\/\/agora.xtec.cat\/insjosepvallverdu\/wp-content\/uploads\/usu1806\/2022\/05\/administratiu-josep-vallverdu-borgesblanques-web-06.jpg\"><img loading=\"lazy\" decoding=\"async\" class=\"aligncenter wp-image-16649 size-full\" src=\"https:\/\/agora.xtec.cat\/insjosepvallverdu\/wp-content\/uploads\/usu1806\/2022\/05\/administratiu-josep-vallverdu-borgesblanques-web-06.jpg\" alt=\"\" width=\"1000\" height=\"300\" srcset=\"https:\/\/agora.xtec.cat\/insjosepvallverdu\/wp-content\/uploads\/usu1806\/2022\/05\/administratiu-josep-vallverdu-borgesblanques-web-06.jpg 1000w, https:\/\/agora.xtec.cat\/insjosepvallverdu\/wp-content\/uploads\/usu1806\/2022\/05\/administratiu-josep-vallverdu-borgesblanques-web-06-300x90.jpg 300w, https:\/\/agora.xtec.cat\/insjosepvallverdu\/wp-content\/uploads\/usu1806\/2022\/05\/administratiu-josep-vallverdu-borgesblanques-web-06-768x230.jpg 768w\" sizes=\"auto, (max-width: 1000px) 100vw, 1000px\" \/><\/a><\/p>\n<table>\n<tbody>\n<tr>\n<td><b>T\u00cdTOL<\/b><\/td>\n<td><a href=\"https:\/\/triaeducativa.gencat.cat\/ca\/estudis\/?gestio-administrativa&amp;p_id=49\"><b>T\u00c8CNIC\/A EN GESTI\u00d3 ADMINISTRATIVA<\/b><\/a><\/td>\n<\/tr>\n<tr>\n<td><b>FAM\u00cdLIA PROFESSIONAL<\/b><\/td>\n<td><b>Administraci\u00f3 i gesti\u00f3<\/b><\/td>\n<\/tr>\n<tr>\n<td><b>DURADA<\/b><\/td>\n<td><b>2000 h <\/b><span style=\"font-weight: 400;\">(<\/span><b>515 h d&#8217;estada a l&#8217;empresa)<\/b><span style=\"font-weight: 400;\">, que es distribueixen en 2 cursos acad\u00e8mics.<\/span><\/td>\n<\/tr>\n<tr>\n<td><b>COMPET\u00c8NCIA GENERAL<\/b><\/td>\n<td><span style=\"font-weight: 400;\">Realitzar <\/span><b>activitats de suport administratiu en l&#8217;\u00e0mbit laboral, comptable, comercial, financer i fiscal,<\/b><span style=\"font-weight: 400;\"> aix\u00ed com d&#8217;<\/span><b>atenci\u00f3 al client\/usuari<\/b><span style=\"font-weight: 400;\">, tant en<\/span><b> empreses p\u00fabliques <\/b><span style=\"font-weight: 400;\">com en <\/span><b>empreses privades<\/b><span style=\"font-weight: 400;\">, aplicant la<\/span><b> normativa vigent<\/b><span style=\"font-weight: 400;\"> i <\/span><b>protocols de qualitat<\/b><span style=\"font-weight: 400;\">, assegurant la <\/span><b>satisfacci\u00f3 del client<\/b><span style=\"font-weight: 400;\"> i actuant segons les <\/span><b>normes de prevenci\u00f3 de riscos laborals i de protecci\u00f3 ambiental.<\/b><\/td>\n<\/tr>\n<tr>\n<td><b>M\u00d2DULS PROFESSIONALS<\/b><\/td>\n<td>\n<ul class=\"llista-especial\">\n<li>Comunicaci\u00f3 empresarial i atenci\u00f3 al client<\/li>\n<li>Operacions administratives de compravenda<\/li>\n<li>Empresa i Administraci\u00f3<\/li>\n<li>Tractament inform\u00e0tic de la informaci\u00f3<\/li>\n<li>T\u00e8cnica comptable<\/li>\n<li>Operacions administratives de recursos humans<\/li>\n<li>Tractament de la documentaci\u00f3 comptable<\/li>\n<li>Empresa a l&#8217;aula<\/li>\n<li>Operacions auxiliars de gesti\u00f3 de tresoreria<\/li>\n<li>Catal\u00e0\/aran\u00e8s professional<\/li>\n<li>Angl\u00e8s professional<\/li>\n<li>Digitalitzaci\u00f3 aplicada als sectors productius<\/li>\n<li>Sostenibilitat aplicada al sistema productiu<\/li>\n<li>Itinerari personal per a l&#8217;ocupabilitat I<\/li>\n<li>Itinerari personal per a l&#8217;ocupabilitat II<\/li>\n<li>Projecte intermodular<\/li>\n<li>M\u00f2dul professional optatiu<\/li>\n<\/ul>\n<\/td>\n<\/tr>\n<tr>\n<td><b>PRINCIPALS OCUPACIONS I\u00a0<\/b><b>LLOCS DE TREBALL<\/b><\/td>\n<td>\n<ul>\n<li aria-level=\"1\"><b>Personal auxiliar administratiu.\u00a0<\/b><\/li>\n<li aria-level=\"1\"><b>Personal ajudant d\u2019oficina.\u00a0<\/b><\/li>\n<li aria-level=\"1\"><b>Personal auxiliar administratiu de cobraments i pagaments.<\/b><\/li>\n<li aria-level=\"1\"><b>Personal administratiu comercial.\u00a0<\/b><\/li>\n<li aria-level=\"1\"><b>Personal auxiliar administratiu de gesti\u00f3 de personal.\u00a0<\/b><\/li>\n<li aria-level=\"1\"><b>Personal auxiliar administratiu de les administracions p\u00fabliques.\u00a0<\/b><\/li>\n<li aria-level=\"1\"><b>Recepcionista.\u00a0<\/b><\/li>\n<li aria-level=\"1\"><b>Personal empleat d\u2019atenci\u00f3 al client.\u00a0<\/b><\/li>\n<li aria-level=\"1\"><b>Personal empleat de tresoreria.\u00a0<\/b><\/li>\n<li aria-level=\"1\"><b>Personal empleat de mitjans de pagament.<\/b><\/li>\n<\/ul>\n<\/td>\n<\/tr>\n<\/tbody>\n<\/table>\n<h3><span style=\"font-weight: 400;\">Tr\u00edptic informatiu:<\/span><\/h3>\n<p><a href=\"https:\/\/agora.xtec.cat\/insjosepvallverdu\/wp-content\/uploads\/usu1806\/2021\/02\/triptic-gestio-administrativa-ok.pdf\">Tr\u00edptic informatiu del CFGM de Gesti\u00f3 Administrativa<\/a><\/p>\n<h3><\/h3>\n","protected":false},"excerpt":{"rendered":"<p><a href=\"https:\/\/agora.xtec.cat\/insjosepvallverdu\/wp-content\/uploads\/usu1806\/2022\/05\/administratiu-josep-vallverdu-borgesblanques-web-06.jpg\"><\/a><\/p>\n<p>T\u00cdTOL<br \/>\n<a href=\"https:\/\/triaeducativa.gencat.cat\/ca\/estudis\/?gestio-administrativa&amp;p_id=49\">T\u00c8CNIC\/A EN GESTI\u00d3 ADMINISTRATIVA<\/a><\/p>\n<p>FAM\u00cdLIA PROFESSIONAL<br \/>\nAdministraci\u00f3 i gesti\u00f3<\/p>\n<p>DURADA<br \/>\n2000 h (515 h d&#8217;estada a l&#8217;empresa), que es distribueixen en 2 cursos acad\u00e8mics.<\/p>\n<p>COMPET\u00c8NCIA GENERAL<br \/>\nRealitzar activitats de suport administratiu en l&#8217;\u00e0mbit laboral, comptable, comercial, financer i fiscal, aix\u00ed com d&#8217;atenci\u00f3 al client\/usuari, tant en empreses p\u00fabliques com&hellip;  <a href=\"https:\/\/agora.xtec.cat\/insjosepvallverdu\/departaments-didactics\/cfgm-gestio-administrativa\/\" title=\"Read CFGM Gesti\u00f3 administrativa\">Llegeix m\u00e9s\u00bb<\/a><\/p>\n","protected":false},"author":1,"featured_media":0,"parent":13833,"menu_order":0,"comment_status":"closed","ping_status":"closed","template":"","meta":{"_bbp_topic_count":0,"_bbp_reply_count":0,"_bbp_total_topic_count":0,"_bbp_total_reply_count":0,"_bbp_voice_count":0,"_bbp_anonymous_reply_count":0,"_bbp_topic_count_hidden":0,"_bbp_reply_count_hidden":0,"_bbp_forum_subforum_count":0,"footnotes":""},"class_list":["post-13862","page","type-page","status-publish","hentry"],"post_mailing_queue_ids":[],"_links":{"self":[{"href":"https:\/\/agora.xtec.cat\/insjosepvallverdu\/wp-json\/wp\/v2\/pages\/13862","targetHints":{"allow":["GET"]}}],"collection":[{"href":"https:\/\/agora.xtec.cat\/insjosepvallverdu\/wp-json\/wp\/v2\/pages"}],"about":[{"href":"https:\/\/agora.xtec.cat\/insjosepvallverdu\/wp-json\/wp\/v2\/types\/page"}],"author":[{"embeddable":true,"href":"https:\/\/agora.xtec.cat\/insjosepvallverdu\/wp-json\/wp\/v2\/users\/1"}],"replies":[{"embeddable":true,"href":"https:\/\/agora.xtec.cat\/insjosepvallverdu\/wp-json\/wp\/v2\/comments?post=13862"}],"version-history":[{"count":7,"href":"https:\/\/agora.xtec.cat\/insjosepvallverdu\/wp-json\/wp\/v2\/pages\/13862\/revisions"}],"predecessor-version":[{"id":17556,"href":"https:\/\/agora.xtec.cat\/insjosepvallverdu\/wp-json\/wp\/v2\/pages\/13862\/revisions\/17556"}],"up":[{"embeddable":true,"href":"https:\/\/agora.xtec.cat\/insjosepvallverdu\/wp-json\/wp\/v2\/pages\/13833"}],"wp:attachment":[{"href":"https:\/\/agora.xtec.cat\/insjosepvallverdu\/wp-json\/wp\/v2\/media?parent=13862"}],"curies":[{"name":"wp","href":"https:\/\/api.w.org\/{rel}","templated":true}]}}