{"id":13858,"date":"2018-10-03T16:53:44","date_gmt":"2018-10-03T14:53:44","guid":{"rendered":"http:\/\/agora.xtec.cat\/insjosepvallverdu\/?page_id=13858"},"modified":"2023-03-29T12:44:59","modified_gmt":"2023-03-29T10:44:59","slug":"cfgm-dolis-i-vins-i-cfgs-industries-alimentaries-especialitat-olis-doliva","status":"publish","type":"page","link":"https:\/\/agora.xtec.cat\/insjosepvallverdu\/departaments-didactics\/cfgm-dolis-i-vins-i-cfgs-industries-alimentaries-especialitat-olis-doliva\/","title":{"rendered":"CFGM Olis d&#8217;oliva i vins"},"content":{"rendered":"<p><a href=\"https:\/\/agora.xtec.cat\/insjosepvallverdu\/wp-content\/uploads\/usu1806\/2022\/05\/olis-i-vins-josep-vallverdu-borgesblanques-web-01.jpg\"><img loading=\"lazy\" decoding=\"async\" class=\"aligncenter size-full wp-image-16653\" src=\"https:\/\/agora.xtec.cat\/insjosepvallverdu\/wp-content\/uploads\/usu1806\/2022\/05\/olis-i-vins-josep-vallverdu-borgesblanques-web-01.jpg\" alt=\"\" width=\"1000\" height=\"300\" srcset=\"https:\/\/agora.xtec.cat\/insjosepvallverdu\/wp-content\/uploads\/usu1806\/2022\/05\/olis-i-vins-josep-vallverdu-borgesblanques-web-01.jpg 1000w, https:\/\/agora.xtec.cat\/insjosepvallverdu\/wp-content\/uploads\/usu1806\/2022\/05\/olis-i-vins-josep-vallverdu-borgesblanques-web-01-300x90.jpg 300w, https:\/\/agora.xtec.cat\/insjosepvallverdu\/wp-content\/uploads\/usu1806\/2022\/05\/olis-i-vins-josep-vallverdu-borgesblanques-web-01-768x230.jpg 768w\" sizes=\"auto, (max-width: 1000px) 100vw, 1000px\" \/><\/a><\/p>\n<table>\n<tbody>\n<tr>\n<td><b>T\u00cdTOL<\/b><\/td>\n<td><b>T\u00c8CNIC\/A EN OLIS D\u2019OLIVA I VINS<\/b><\/td>\n<\/tr>\n<tr>\n<td><b>FAM\u00cdLIA PROFESSIONAL<\/b><\/td>\n<td><b>Ind\u00fastries aliment\u00e0ries<\/b><\/td>\n<\/tr>\n<tr>\n<td><b>DURADA<\/b><\/td>\n<td><b>2000 h <\/b><span style=\"font-weight: 400;\">(<\/span><b>383h en centres de treball <\/b><span style=\"font-weight: 400;\">dins el m\u00f2dul professional de Formaci\u00f3 en centres de treball), que es distribueixen en 2 cursos acad\u00e8mics.<\/span><\/td>\n<\/tr>\n<tr>\n<td><b>COMPET\u00c8NCIA GENERAL<\/b><\/td>\n<td><b>Elaborar i envasar olis d\u2019oliva, vins i altres begudes<\/b><span style=\"font-weight: 400;\"> d\u2019acord amb els <\/span><b>plans de producci\u00f3 i qualitat,<\/b><span style=\"font-weight: 400;\"> efectuant el <\/span><b>manteniment de primer nivell dels equips<\/b><span style=\"font-weight: 400;\">, aplicant la <\/span><b>legislaci\u00f3 vigent d\u2019higiene i de seguretat aliment\u00e0ria, de protecci\u00f3 ambiental i de prevenci\u00f3 de riscos laborals.<\/b><\/td>\n<\/tr>\n<tr>\n<td><b>M\u00d2DULS PROFESSIONALS<\/b><\/td>\n<td><b>MP1 Extracci\u00f3 d\u2019olis d\u2019oliva<\/b><\/p>\n<p><b>MP2 Elaboraci\u00f3 de vins<\/b><\/p>\n<p><b>MP3 Condicionament d\u2019olis d\u2019oliva<\/b><\/p>\n<p><b>MP4 Elaboraci\u00f3 d\u2019altres begudes i derivats<\/b><\/p>\n<p><b>MP5 Seguretat i higiene en la manipulaci\u00f3 d\u2019aliments<\/b><\/p>\n<p><b>MP6 Principis de manteniment electromec\u00e0nic<\/b><\/p>\n<p><b>MP7 Venda i comercialitzaci\u00f3 de productes alimentaris.<\/b><\/p>\n<p><b>MP8 Operacions i control de magatzem en la ind\u00fastria aliment\u00e0ria.<\/b><\/p>\n<p><b>MP9 Mat\u00e8ries primeres i productes en la ind\u00fastria ole\u00edcola, vin\u00edcola i d&#8217;altres begudes.<\/b><\/p>\n<p><b>MP10 An\u00e0lisi sensorial<\/b><\/p>\n<p><b>MP11 Formaci\u00f3 i orientaci\u00f3 laboral.<\/b><\/p>\n<p><b>MP12 Empresa i iniciativa emprenedora<\/b><\/p>\n<p><b>MP13 Angl\u00e8s t\u00e8cnic<\/b><\/p>\n<p><b>MP14 S\u00edntesi<\/b><\/p>\n<p><b>MP15 Formaci\u00f3 en centres de treball.<\/b><\/td>\n<\/tr>\n<tr>\n<td><b>PRINCIPALS OCUPACIONS I\u00a0<\/b><b>LLOCS DE TREBALL<\/b><\/td>\n<td>\n<ul>\n<li aria-level=\"1\"><b>Personal cellerer, elaborador de vins, caves, sidra i altres begudes i derivats.\u00a0<\/b><\/li>\n<li aria-level=\"1\"><b>Personal mestre d\u2019alm\u00e0ssera, extractora i refinament d\u2019olis d\u2019oliva.\u00a0<\/b><\/li>\n<li aria-level=\"1\"><b>Recepcionistes de mat\u00e8ries primeres.\u00a0<\/b><\/li>\n<li aria-level=\"1\"><b>Personal operador de secci\u00f3 d\u2019embotellament i\/o d\u2019envasament.\u00a0<\/b><\/li>\n<li aria-level=\"1\"><b>Auxiliars de laboratori en alm\u00e0sseres i cellers.<\/b><\/li>\n<li aria-level=\"1\"><b>Auxiliars de control de qualitat en alm\u00e0sseres i cellers.\u00a0<\/b><\/li>\n<li aria-level=\"1\"><b>Comercials d\u2019alm\u00e0sseres i cellers.\u00a0<\/b><\/li>\n<\/ul>\n<\/td>\n<\/tr>\n<\/tbody>\n<\/table>\n<p><span style=\"font-weight: 400;\">El curs 2013-14 l\u2019Institut Josep Vallverd\u00fa, a fi i efecte d\u2019ampliar la seva oferta formativa i responent a la necessitat del territori de les Garrigues en particular i de Catalunya en general, va endegar el CFGM d\u2019Olis d\u2019oliva i vins, per poder formar professionals del sector de l\u2019oli i del vi i cobrir la demanda del sector de professionals qualificats per treballar a les alm\u00e0sseres i els cellers.<\/span><\/p>\n<p><span style=\"font-weight: 400;\">\u00c9s per aix\u00f2 que l\u2019Institut es va dotar d\u2019un grup de professors especialitats en cada una de les \u00e0rees de coneixement relacionades amb l\u2019olivera i la vinya, aix\u00ed com en tots els processos productius relacionats amb l\u2019oli i els vins fins a arribar a la seva comercialitzaci\u00f3.<\/span><\/p>\n<p><span style=\"font-weight: 400;\">El treball docent dels nostres professors posa l\u2019accent en els sistemes productius actuals tant d\u2019oli com de vi, comen\u00e7ant pels fonaments te\u00f2rics i consolidant-los amb pr\u00e0ctiques a les nostres plantes taller, on es realitzen produccions de vi, cervesa, licors i oli. Gr\u00e0cies a aquestes pr\u00e0ctiques els nostres alumnes adquireixen tots els coneixements necessaris per afrontar amb \u00e8xit la incorporaci\u00f3 al mercat laboral.<\/span><\/p>\n<p>Podeu trobar la informaci\u00f3 general referida a aquest cicle formatiu al seg\u00fcent enlla\u00e7 del lloc web\u00a0<a href=\"https:\/\/triaeducativa.gencat.cat\/ca\/fp\/gm\/families-professionals\/industries-alimentaries\/?p_id=91&amp;estudi\">Triaeducativa.gencat.cat<\/a><\/p>\n<h3><span style=\"font-weight: 400;\">Tr\u00edptic informatiu:<\/span><\/h3>\n<p><a href=\"https:\/\/agora.xtec.cat\/insjosepvallverdu\/wp-content\/uploads\/usu1806\/2021\/02\/triptic-olis-i-vins-ok.pdf\">Tr\u00edptic informatiu del CFGM d&#8217;Olis d&#8217;oliva i vins<\/a><\/p>\n<p>Aquest cicle compta amb la col\u00b7laboraci\u00f3 de<\/p>\n<p><a href=\"https:\/\/agora.xtec.cat\/insjosepvallverdu\/wp-content\/uploads\/usu1806\/2019\/10\/logoFSE.jpg\"><img loading=\"lazy\" decoding=\"async\" class=\"alignleft size-full wp-image-15139\" src=\"https:\/\/agora.xtec.cat\/insjosepvallverdu\/wp-content\/uploads\/usu1806\/2019\/10\/logoFSE.jpg\" alt=\"\" width=\"624\" height=\"86\" srcset=\"https:\/\/agora.xtec.cat\/insjosepvallverdu\/wp-content\/uploads\/usu1806\/2019\/10\/logoFSE.jpg 624w, https:\/\/agora.xtec.cat\/insjosepvallverdu\/wp-content\/uploads\/usu1806\/2019\/10\/logoFSE-300x41.jpg 300w\" sizes=\"auto, (max-width: 624px) 100vw, 624px\" \/><\/a><\/p>\n","protected":false},"excerpt":{"rendered":"<p><a href=\"https:\/\/agora.xtec.cat\/insjosepvallverdu\/wp-content\/uploads\/usu1806\/2022\/05\/olis-i-vins-josep-vallverdu-borgesblanques-web-01.jpg\"><\/a><\/p>\n<p>T\u00cdTOL<br \/>\nT\u00c8CNIC\/A EN OLIS D\u2019OLIVA I VINS<\/p>\n<p>FAM\u00cdLIA PROFESSIONAL<br \/>\nInd\u00fastries aliment\u00e0ries<\/p>\n<p>DURADA<br \/>\n2000 h (383h en centres de treball dins el m\u00f2dul professional de Formaci\u00f3 en centres de treball), que es distribueixen en 2 cursos acad\u00e8mics.<\/p>\n<p>COMPET\u00c8NCIA GENERAL<br \/>\nElaborar i envasar olis d\u2019oliva, vins i altres begudes d\u2019acord amb els plans&hellip;  <a href=\"https:\/\/agora.xtec.cat\/insjosepvallverdu\/departaments-didactics\/cfgm-dolis-i-vins-i-cfgs-industries-alimentaries-especialitat-olis-doliva\/\" title=\"Read CFGM Olis d&#8217;oliva i vins\">Llegeix m\u00e9s\u00bb<\/a><\/p>\n","protected":false},"author":1,"featured_media":0,"parent":13833,"menu_order":0,"comment_status":"closed","ping_status":"closed","template":"","meta":{"_bbp_topic_count":0,"_bbp_reply_count":0,"_bbp_total_topic_count":0,"_bbp_total_reply_count":0,"_bbp_voice_count":0,"_bbp_anonymous_reply_count":0,"_bbp_topic_count_hidden":0,"_bbp_reply_count_hidden":0,"_bbp_forum_subforum_count":0,"footnotes":""},"class_list":["post-13858","page","type-page","status-publish","hentry"],"post_mailing_queue_ids":[],"_links":{"self":[{"href":"https:\/\/agora.xtec.cat\/insjosepvallverdu\/wp-json\/wp\/v2\/pages\/13858","targetHints":{"allow":["GET"]}}],"collection":[{"href":"https:\/\/agora.xtec.cat\/insjosepvallverdu\/wp-json\/wp\/v2\/pages"}],"about":[{"href":"https:\/\/agora.xtec.cat\/insjosepvallverdu\/wp-json\/wp\/v2\/types\/page"}],"author":[{"embeddable":true,"href":"https:\/\/agora.xtec.cat\/insjosepvallverdu\/wp-json\/wp\/v2\/users\/1"}],"replies":[{"embeddable":true,"href":"https:\/\/agora.xtec.cat\/insjosepvallverdu\/wp-json\/wp\/v2\/comments?post=13858"}],"version-history":[{"count":3,"href":"https:\/\/agora.xtec.cat\/insjosepvallverdu\/wp-json\/wp\/v2\/pages\/13858\/revisions"}],"predecessor-version":[{"id":16975,"href":"https:\/\/agora.xtec.cat\/insjosepvallverdu\/wp-json\/wp\/v2\/pages\/13858\/revisions\/16975"}],"up":[{"embeddable":true,"href":"https:\/\/agora.xtec.cat\/insjosepvallverdu\/wp-json\/wp\/v2\/pages\/13833"}],"wp:attachment":[{"href":"https:\/\/agora.xtec.cat\/insjosepvallverdu\/wp-json\/wp\/v2\/media?parent=13858"}],"curies":[{"name":"wp","href":"https:\/\/api.w.org\/{rel}","templated":true}]}}