{"id":13856,"date":"2018-10-03T16:53:22","date_gmt":"2018-10-03T14:53:22","guid":{"rendered":"http:\/\/agora.xtec.cat\/insjosepvallverdu\/?page_id=13856"},"modified":"2020-11-16T09:46:00","modified_gmt":"2020-11-16T08:46:00","slug":"matematiques","status":"publish","type":"page","link":"https:\/\/agora.xtec.cat\/insjosepvallverdu\/departaments-didactics\/matematiques\/","title":{"rendered":"\u00c0mbit Matem\u00e0tic"},"content":{"rendered":"<p><a href=\"https:\/\/agora.xtec.cat\/insjosepvallverdu\/wp-content\/uploads\/usu1806\/2019\/01\/matem\u00e0tica.jpg\">\r\n\t<div class=\"slideshow_container slideshow_container_style-light\" style=\" \" data-slideshow-id=\"14530\" data-style-name=\"style-light\" data-style-version=\"2.3.1\" >\r\n\r\n\t\t\t\t\t<div class=\"slideshow_loading_icon\"><\/div>\r\n\t\t\r\n\t\t<div class=\"slideshow_content\" style=\"display: none;\">\r\n\r\n\t\t\t<div class=\"slideshow_view\">\r\n\t\t\t\t<div class=\"slideshow_slide slideshow_slide_image\">\r\n\t\t\t\t\t\t\t\t\t\t\t<img src=\"https:\/\/agora.xtec.cat\/insjosepvallverdu\/wp-content\/uploads\/usu1806\/2019\/02\/mate01.jpg\" alt=\"mate01\" width=\"1209\" height=\"431\" \/>\r\n\t\t\t\t\t\t\t\t\t\t<div class=\"slideshow_description_box slideshow_transparent\">\r\n\t\t\t\t\t\t<div class=\"slideshow_title\">mate01<\/div>\t\t\t\t\t\t\t\t\t\t\t<\/div>\r\n\t\t\t\t<\/div>\r\n\r\n\t\t\t\t\t\t<div style=\"clear: both;\"><\/div><\/div><div class=\"slideshow_view\">\r\n\t\t\t\t<div class=\"slideshow_slide slideshow_slide_image\">\r\n\t\t\t\t\t\t\t\t\t\t\t<img src=\"https:\/\/agora.xtec.cat\/insjosepvallverdu\/wp-content\/uploads\/usu1806\/2019\/02\/mate02.jpg\" alt=\"Jpeg\" width=\"1209\" height=\"431\" \/>\r\n\t\t\t\t\t\t\t\t\t\t<div class=\"slideshow_description_box slideshow_transparent\">\r\n\t\t\t\t\t\t<div class=\"slideshow_title\">Jpeg<\/div>\t\t\t\t\t\t\t\t\t\t\t<\/div>\r\n\t\t\t\t<\/div>\r\n\r\n\t\t\t\t\t\t<div style=\"clear: both;\"><\/div><\/div><div class=\"slideshow_view\">\r\n\t\t\t\t<div class=\"slideshow_slide slideshow_slide_image\">\r\n\t\t\t\t\t\t\t\t\t\t\t<img src=\"https:\/\/agora.xtec.cat\/insjosepvallverdu\/wp-content\/uploads\/usu1806\/2019\/02\/mate03.jpg\" alt=\"Jpeg\" width=\"1209\" height=\"431\" \/>\r\n\t\t\t\t\t\t\t\t\t\t<div class=\"slideshow_description_box slideshow_transparent\">\r\n\t\t\t\t\t\t<div class=\"slideshow_title\">Jpeg<\/div>\t\t\t\t\t\t\t\t\t\t\t<\/div>\r\n\t\t\t\t<\/div>\r\n\r\n\t\t\t\t\t\t<div style=\"clear: both;\"><\/div><\/div>\r\n\t\t<\/div>\r\n\r\n\t\t<div class=\"slideshow_controlPanel slideshow_transparent\" style=\"display: none;\"><ul><li class=\"slideshow_togglePlay\" data-play-text=\"Visualitza\" data-pause-text=\"Pausa\"><\/li><\/ul><\/div>\r\n\r\n\t\t<div class=\"slideshow_button slideshow_previous slideshow_transparent\" role=\"button\" data-previous-text=\"Anterior\" style=\"display: none;\"><\/div>\r\n\t\t<div class=\"slideshow_button slideshow_next slideshow_transparent\" role=\"button\" data-next-text=\"Seg\u00fcent\" style=\"display: none;\"><\/div>\r\n\r\n\t\t<div class=\"slideshow_pagination\" style=\"display: none;\" data-go-to-text=\"V\u00e9s a la diapositiva\"><div class=\"slideshow_pagination_center\"><\/div><\/div>\r\n\r\n\t\t<!-- WordPress Slideshow Version 2.3.1 -->\r\n\r\n\t\t\t<\/div>\r\n\r\n<\/a><\/p>\n<p><span style=\"font-weight: 400;\">El professorat del departament de Matem\u00e0tiques de l\u2019INS Josep Vallverd\u00fa treballa de forma col\u00b7legiada per tal que el nostre alumnat aconsegueixi l\u2019assoliment dels objectius generals i les compet\u00e8ncies b\u00e0siques en cada una de les seves etapes educatives.<\/span><\/p>\n<p><span style=\"font-weight: 400;\">Aquest assoliment s\u2019aconsegueix mitjan\u00e7ant els continguts matem\u00e0tics treballats de maneres diferents.<\/span><span style=\"font-weight: 400;\"> En un curr\u00edculum de matem\u00e0tiques basat en compet\u00e8ncies b\u00e0siques m\u00e9s enll\u00e0 dels blocs de continguts tradicionals (numeraci\u00f3 i c\u00e0lcul; canvi i relacions; espai i forma; mesura; estad\u00edstica i atzar), adquireixen una especial import\u00e0ncia els processos que es desenvolupen al llarg de tot el treball matem\u00e0tic (resoluci\u00f3 de problemes; raonament i prova; connexions; comunicaci\u00f3 i representaci\u00f3).<\/span><\/p>\n<p><span style=\"font-weight: 400;\">L&#8217;ensenyament de la matem\u00e0tica a trav\u00e9s de la resoluci\u00f3 de problemes situa l&#8217;estudiant en una posici\u00f3 sovint inc\u00f2moda que for\u00e7a la seva capacitat aut\u00f2noma. Les estrat\u00e8gies heur\u00edstiques, que sovint no garanteixen efectivitat de resoluci\u00f3, permeten afrontar cada problema tot for\u00e7ant el pensament cr\u00edtic i creatiu de l&#8217;alumnat. El tipus de raonament que generen aquestes estrat\u00e8gies ser\u00e0 d&#8217;utilitat per a l&#8217;alumne\/a m\u00e9s enll\u00e0 de l&#8217;aula de matem\u00e0tiques. Aquest ensenyament de la \u00a0matem\u00e0tica est\u00e0 molt relacionat amb la capacitat d\u2019emprar les tecnologies en general i la tecnologia inform\u00e0tica en particular. <\/span><\/p>\n<p><span style=\"font-weight: 400;\">En un m\u00f3n en canvi constant, l&#8217;ensenyament de la matem\u00e0tica ha de seguir camins en els quals l&#8217;elecci\u00f3 sigui inevitable, la correcci\u00f3 un h\u00e0bit i l&#8217;error un motiu per a l&#8217;aprenentatge.<\/span><\/p>\n<h3><span style=\"font-weight: 400;\">Cap de Departament:<\/span><\/h3>\n<p><span style=\"font-weight: 400;\">Montserrat Puig Soler<\/span><\/p>\n<h3><span style=\"font-weight: 400;\">Professorat del curs 2020-21:<\/span><\/h3>\n<p>Montse Fit\u00e9<br \/>\nMeritxell Masip<br \/>\nMontse Puig<br \/>\nNat\u00e0lia Tierz<\/p>\n<h3><span style=\"font-weight: 400;\">Blogs i enlla\u00e7os del departament:<\/span><\/h3>\n<ul>\n<li style=\"font-weight: 400;\"><a href=\"https:\/\/scm.iec.cat\/#\"><span style=\"font-weight: 400;\">Societat Catalana de Matem\u00e0tiques<\/span><\/a><\/li>\n<li style=\"font-weight: 400;\"><a href=\"http:\/\/associaciolleimat.blogspot.com\/\"><span style=\"font-weight: 400;\">Associaci\u00f3 Lleimat<\/span><\/a><\/li>\n<li style=\"font-weight: 400;\"><a href=\"http:\/\/fm.feemcat.org\/\"><span style=\"font-weight: 400;\">Fem Matem\u00e0tiques<\/span><\/a><\/li>\n<li style=\"font-weight: 400;\"><a href=\"http:\/\/www.cangur.org\/\"><span style=\"font-weight: 400;\">Cangur<\/span><\/a><\/li>\n<li style=\"font-weight: 400;\"><a href=\"http:\/\/www.cangur.org\/esprint\/\"><span style=\"font-weight: 400;\">Problemes a l\u2019esprint<\/span><\/a><\/li>\n<\/ul>\n<h3><span style=\"font-weight: 400;\">Reconeixements i premis:<\/span><\/h3>\n<p><span style=\"font-weight: 400;\">Aquest Departament did\u00e0ctic est\u00e0 especialment orgull\u00f3s de la participaci\u00f3 dels alumnes en diversos concursos i activitats de caire matem\u00e0tic, entre els quals destaca:<\/span><\/p>\n<ul>\n<li style=\"font-weight: 400;\"><span style=\"font-weight: 400;\">La Prova Cangur.<\/span><\/li>\n<li style=\"font-weight: 400;\"><span style=\"font-weight: 400;\">El concurs Fem Matem\u00e0tiques.<\/span><\/li>\n<li style=\"font-weight: 400;\"><span style=\"font-weight: 400;\">L\u2019activitat Problemes a l\u2019esprint.<\/span><\/li>\n<li style=\"font-weight: 400;\"><span style=\"font-weight: 400;\">El DiMatLleida 2019.<\/span><\/li>\n<\/ul>\n<p>&nbsp;<\/p>\n","protected":false},"excerpt":{"rendered":"<p><a href=\"https:\/\/agora.xtec.cat\/insjosepvallverdu\/wp-content\/uploads\/usu1806\/2019\/01\/matem\u00e0tica.jpg\"><\/p>\n<p>\t\t\t\t\t\tmate01\t\t\t\t\t\t\t\t\t\t\t<\/p>\n<p>\t\t\t\t\t\tJpeg\t\t\t\t\t\t\t\t\t\t\t<\/p>\n<p>\t\t\t\t\t\tJpeg\t\t\t\t\t\t\t\t\t\t\t<\/p>\n<ul>\n<li class=\"slideshow_togglePlay\" data-play-text=\"Visualitza\" data-pause-text=\"Pausa\"><\/li>\n<\/ul>\n<p><\/a><br \/>\nEl professorat del departament de Matem\u00e0tiques de l\u2019INS Josep Vallverd\u00fa treballa de forma col\u00b7legiada per tal que el nostre alumnat aconsegueixi l\u2019assoliment dels objectius generals i les compet\u00e8ncies b\u00e0siques en cada una de les seves etapes educatives.<br \/>\nAquest assoliment s\u2019aconsegueix mitjan\u00e7ant els&hellip;  <a href=\"https:\/\/agora.xtec.cat\/insjosepvallverdu\/departaments-didactics\/matematiques\/\" title=\"Read \u00c0mbit Matem\u00e0tic\">Llegeix m\u00e9s\u00bb<\/a><\/p>\n","protected":false},"author":1,"featured_media":0,"parent":13833,"menu_order":0,"comment_status":"closed","ping_status":"closed","template":"","meta":{"_bbp_topic_count":0,"_bbp_reply_count":0,"_bbp_total_topic_count":0,"_bbp_total_reply_count":0,"_bbp_voice_count":0,"_bbp_anonymous_reply_count":0,"_bbp_topic_count_hidden":0,"_bbp_reply_count_hidden":0,"_bbp_forum_subforum_count":0,"footnotes":""},"class_list":["post-13856","page","type-page","status-publish","hentry"],"post_mailing_queue_ids":[],"_links":{"self":[{"href":"https:\/\/agora.xtec.cat\/insjosepvallverdu\/wp-json\/wp\/v2\/pages\/13856","targetHints":{"allow":["GET"]}}],"collection":[{"href":"https:\/\/agora.xtec.cat\/insjosepvallverdu\/wp-json\/wp\/v2\/pages"}],"about":[{"href":"https:\/\/agora.xtec.cat\/insjosepvallverdu\/wp-json\/wp\/v2\/types\/page"}],"author":[{"embeddable":true,"href":"https:\/\/agora.xtec.cat\/insjosepvallverdu\/wp-json\/wp\/v2\/users\/1"}],"replies":[{"embeddable":true,"href":"https:\/\/agora.xtec.cat\/insjosepvallverdu\/wp-json\/wp\/v2\/comments?post=13856"}],"version-history":[{"count":3,"href":"https:\/\/agora.xtec.cat\/insjosepvallverdu\/wp-json\/wp\/v2\/pages\/13856\/revisions"}],"predecessor-version":[{"id":15814,"href":"https:\/\/agora.xtec.cat\/insjosepvallverdu\/wp-json\/wp\/v2\/pages\/13856\/revisions\/15814"}],"up":[{"embeddable":true,"href":"https:\/\/agora.xtec.cat\/insjosepvallverdu\/wp-json\/wp\/v2\/pages\/13833"}],"wp:attachment":[{"href":"https:\/\/agora.xtec.cat\/insjosepvallverdu\/wp-json\/wp\/v2\/media?parent=13856"}],"curies":[{"name":"wp","href":"https:\/\/api.w.org\/{rel}","templated":true}]}}