{"id":13854,"date":"2018-10-03T16:53:07","date_gmt":"2018-10-03T14:53:07","guid":{"rendered":"http:\/\/agora.xtec.cat\/insjosepvallverdu\/?page_id=13854"},"modified":"2020-11-16T10:13:01","modified_gmt":"2020-11-16T09:13:01","slug":"ambit-artistic-ef","status":"publish","type":"page","link":"https:\/\/agora.xtec.cat\/insjosepvallverdu\/departaments-didactics\/ambit-artistic-ef\/","title":{"rendered":"\u00c0mbit Art\u00edstic i d&#8217;Educaci\u00f3 F\u00edsica"},"content":{"rendered":"\r\n\t<div class=\"slideshow_container slideshow_container_style-light\" style=\"height: 365px; \" data-slideshow-id=\"15020\" data-style-name=\"style-light\" data-style-version=\"2.3.1\" >\r\n\r\n\t\t\t\t\t<div class=\"slideshow_loading_icon\"><\/div>\r\n\t\t\r\n\t\t<div class=\"slideshow_content\" style=\"display: none;\">\r\n\r\n\t\t\t<div class=\"slideshow_view\">\r\n\t\t\t\t<div class=\"slideshow_slide slideshow_slide_image\">\r\n\t\t\t\t\t\t\t\t\t\t\t<img src=\"https:\/\/agora.xtec.cat\/insjosepvallverdu\/wp-content\/uploads\/usu1806\/2019\/07\/btt.jpg\" alt=\"btt\" width=\"1024\" height=\"365\" \/>\r\n\t\t\t\t\t\t\t\t\t\t<div class=\"slideshow_description_box slideshow_transparent\">\r\n\t\t\t\t\t\t<div class=\"slideshow_title\">btt<\/div>\t\t\t\t\t\t\t\t\t\t\t<\/div>\r\n\t\t\t\t<\/div>\r\n\r\n\t\t\t\t\t\t<div style=\"clear: both;\"><\/div><\/div><div class=\"slideshow_view\">\r\n\t\t\t\t<div class=\"slideshow_slide slideshow_slide_image\">\r\n\t\t\t\t\t\t\t\t\t\t\t<img src=\"https:\/\/agora.xtec.cat\/insjosepvallverdu\/wp-content\/uploads\/usu1806\/2019\/07\/esport.jpg\" alt=\"esport\" width=\"1024\" height=\"365\" \/>\r\n\t\t\t\t\t\t\t\t\t\t<div class=\"slideshow_description_box slideshow_transparent\">\r\n\t\t\t\t\t\t<div class=\"slideshow_title\">esport<\/div>\t\t\t\t\t\t\t\t\t\t\t<\/div>\r\n\t\t\t\t<\/div>\r\n\r\n\t\t\t\t\t\t<div style=\"clear: both;\"><\/div><\/div><div class=\"slideshow_view\">\r\n\t\t\t\t<div class=\"slideshow_slide slideshow_slide_image\">\r\n\t\t\t\t\t\t\t\t\t\t\t<img src=\"https:\/\/agora.xtec.cat\/insjosepvallverdu\/wp-content\/uploads\/usu1806\/2019\/07\/art08-1.jpg\" alt=\"art08\" width=\"1024\" height=\"365\" \/>\r\n\t\t\t\t\t\t\t\t\t\t<div class=\"slideshow_description_box slideshow_transparent\">\r\n\t\t\t\t\t\t<div class=\"slideshow_title\">art08<\/div>\t\t\t\t\t\t\t\t\t\t\t<\/div>\r\n\t\t\t\t<\/div>\r\n\r\n\t\t\t\t\t\t<div style=\"clear: both;\"><\/div><\/div><div class=\"slideshow_view\">\r\n\t\t\t\t<div class=\"slideshow_slide slideshow_slide_image\">\r\n\t\t\t\t\t\t\t\t\t\t\t<img src=\"https:\/\/agora.xtec.cat\/insjosepvallverdu\/wp-content\/uploads\/usu1806\/2019\/07\/corals2019.jpg\" alt=\"corals2019\" width=\"1024\" height=\"365\" \/>\r\n\t\t\t\t\t\t\t\t\t\t<div class=\"slideshow_description_box slideshow_transparent\">\r\n\t\t\t\t\t\t<div class=\"slideshow_title\">corals2019<\/div>\t\t\t\t\t\t\t\t\t\t\t<\/div>\r\n\t\t\t\t<\/div>\r\n\r\n\t\t\t\t\t\t<div style=\"clear: both;\"><\/div><\/div><div class=\"slideshow_view\">\r\n\t\t\t\t<div class=\"slideshow_slide slideshow_slide_image\">\r\n\t\t\t\t\t\t\t\t\t\t\t<img src=\"https:\/\/agora.xtec.cat\/insjosepvallverdu\/wp-content\/uploads\/usu1806\/2019\/07\/art15-1.jpg\" alt=\"art15\" width=\"1024\" height=\"365\" \/>\r\n\t\t\t\t\t\t\t\t\t\t<div class=\"slideshow_description_box slideshow_transparent\">\r\n\t\t\t\t\t\t<div class=\"slideshow_title\">art15<\/div>\t\t\t\t\t\t\t\t\t\t\t<\/div>\r\n\t\t\t\t<\/div>\r\n\r\n\t\t\t\t\t\t<div style=\"clear: both;\"><\/div><\/div>\r\n\t\t<\/div>\r\n\r\n\t\t<div class=\"slideshow_controlPanel slideshow_transparent\" style=\"display: none;\"><ul><li class=\"slideshow_togglePlay\" data-play-text=\"Visualitza\" data-pause-text=\"Pausa\"><\/li><\/ul><\/div>\r\n\r\n\t\t<div class=\"slideshow_button slideshow_previous slideshow_transparent\" role=\"button\" data-previous-text=\"Anterior\" style=\"display: none;\"><\/div>\r\n\t\t<div class=\"slideshow_button slideshow_next slideshow_transparent\" role=\"button\" data-next-text=\"Seg\u00fcent\" style=\"display: none;\"><\/div>\r\n\r\n\t\t<div class=\"slideshow_pagination\" style=\"display: none;\" data-go-to-text=\"V\u00e9s a la diapositiva\"><div class=\"slideshow_pagination_center\"><\/div><\/div>\r\n\r\n\t\t<!-- WordPress Slideshow Version 2.3.1 -->\r\n\r\n\t\t\t<\/div>\r\n\r\n\n<p>El departament el formen les dues mat\u00e8ries de l\u2019\u00e0mbit art\u00edstic que recull el curr\u00edculum de l\u2019ESO, com s\u00f3n l\u2019Educaci\u00f3 Visual i pl\u00e0stica i l\u2019Educaci\u00f3 Musical i la mat\u00e8ria d\u2019Educaci\u00f3 F\u00edsica.<\/p>\n<p>S\u00f3n assignatures que ajuden al creixement integral de la persona, tant f\u00edsicament com art\u00edstic.<br \/>\nEs treballa de manera coordinada per tal d\u2019anar acompanyant al nostre alumnat en el seu desenvolupament f\u00edsic, fomentant la pr\u00e0ctica de l\u2019exercici com a eina de benestar i salut, l\u2019escolta i pr\u00e0ctica musical com a mitj\u00e0 d\u2019expressi\u00f3, comunicaci\u00f3 i gaudi, i l\u2019educaci\u00f3 visual i pl\u00e0stica tamb\u00e9 com a mitj\u00e0 d\u2019expressi\u00f3, potenciant l\u2019an\u00e0lisi d\u2019imatges i el proc\u00e9s creatiu en tot tipus de produccions .<\/p>\n<p>L\u2019educaci\u00f3 art\u00edstica posa l\u2019\u00e8mfasi en l\u2019educaci\u00f3 vivencial, per tal d\u2019anar creixent com a persones integrades en la societat, amb capacitat per analitzar l\u2018entorn, acceptar i respectar les diferents manifestacions art\u00edstiques i poder gaudir de la seva contemplaci\u00f3 i la seva pr\u00e0ctica.<br \/>\nL\u2019educaci\u00f3 F\u00edsica aporta una dimensi\u00f3 integral en l\u2019educaci\u00f3 per la globalitat.<\/p>\n<p>L\u2019alumne ha de saber ser, saber estar i saber fer, integrant valors, actituds i valorant la import\u00e0ncia de treballar en grup respectant la diversitat i traient profit dels punts forts de cada company.<\/p>\n<p>Com a metodologia es combinen activitats pr\u00e0ctiques individuals i de grup; anal\u00edtiques i de reflexi\u00f3, incorporant el treball amb noves tecnologies, treball per projectes, activitats transversals amb diferents mat\u00e8ries, etc.<\/p>\n<h2>Mat\u00e8ries que s\u2019imparteixen:<\/h2>\n<ul>\n<li>Educaci\u00f3 F\u00edsica<\/li>\n<li>M\u00fasica<\/li>\n<li>Educaci\u00f3 Visual i Pl\u00e0stica<\/li>\n<\/ul>\n<h2>ACTIVITATS:<\/h2>\n<h3>Ed. F\u00edsica:<\/h3>\n<ul>\n<li>Jornades esportives: dos dies d\u2019esport al centre, amb partits i competicions per equips.<\/li>\n<li>Tennis Taula<\/li>\n<li>Esquiada<\/li>\n<li>Ruta BTT l\u2019Horta de Sant Joan<\/li>\n<\/ul>\n<h3>M\u00fasica:<\/h3>\n<ul>\n<li>Participaci\u00f3 en la Trobada de Corals de Secund\u00e0ria organitzada pel departament d\u2019Educaci\u00f3.<\/li>\n<\/ul>\n<h2>Cap departament:<\/h2>\n<p>Teresa M. Coca<\/p>\n<h2>Professorat del curs 2020-21:<\/h2>\n<p>Laura Felip<br \/>\nManel Chavarri<br \/>\nAnna Lloveras<br \/>\nH\u00e8ctor Miaranau<br \/>\nDani Negrillo<\/p>\n<h2>Criteris d\u2019avaluaci\u00f3 i qualificaci\u00f3:<\/h2>\n<p><span style=\"font-weight: 400;\">\u00c0MBIT DE L\u2019EDUCACI\u00d3\u00a0 <\/span><a href=\"https:\/\/docs.google.com\/document\/d\/1JkgTp02FjlEoYgXQmcooiPxUfDOs7wCD4Khd6zRgYCo\/edit?usp=sharing\"><span style=\"font-weight: 400;\">M\u00daSICAL \/ VISUAL I PL\u00c0STICA \/ <\/span><\/a><\/p>\n<p><a href=\"https:\/\/docs.google.com\/document\/d\/1JkgTp02FjlEoYgXQmcooiPxUfDOs7wCD4Khd6zRgYCo\/edit?usp=sharing\"><span style=\"font-weight: 400;\">i de l&#8217; EDUCACI\u00d3 F\u00cdSICA<\/span><\/a><\/p>\n<h2>Web del Departament d&#8217;Educaci\u00f3 F\u00edsica:<\/h2>\n<p><a href=\"https:\/\/sites.google.com\/view\/eldepartamentdef\/inici\">EL DEPARTAMENT D&#8217;EF<\/a><\/p>\n","protected":false},"excerpt":{"rendered":"<p>\t\t\t\t\t\tbtt\t\t\t\t\t\t\t\t\t\t\t<\/p>\n<p>\t\t\t\t\t\tesport\t\t\t\t\t\t\t\t\t\t\t<\/p>\n<p>\t\t\t\t\t\tart08\t\t\t\t\t\t\t\t\t\t\t<\/p>\n<p>\t\t\t\t\t\tcorals2019\t\t\t\t\t\t\t\t\t\t\t<\/p>\n<p>\t\t\t\t\t\tart15\t\t\t\t\t\t\t\t\t\t\t<\/p>\n<ul>\n<li class=\"slideshow_togglePlay\" data-play-text=\"Visualitza\" data-pause-text=\"Pausa\"><\/li>\n<\/ul>\n<p>El departament el formen les dues mat\u00e8ries de l\u2019\u00e0mbit art\u00edstic que recull el curr\u00edculum de l\u2019ESO, com s\u00f3n l\u2019Educaci\u00f3 Visual i pl\u00e0stica i l\u2019Educaci\u00f3 Musical i la mat\u00e8ria d\u2019Educaci\u00f3 F\u00edsica.<br \/>\nS\u00f3n assignatures que ajuden al creixement integral de la persona, tant f\u00edsicament com&hellip;  <a href=\"https:\/\/agora.xtec.cat\/insjosepvallverdu\/departaments-didactics\/ambit-artistic-ef\/\" title=\"Read \u00c0mbit Art\u00edstic i d&#8217;Educaci\u00f3 F\u00edsica\">Llegeix m\u00e9s\u00bb<\/a><\/p>\n","protected":false},"author":1,"featured_media":0,"parent":13833,"menu_order":0,"comment_status":"closed","ping_status":"closed","template":"","meta":{"_bbp_topic_count":0,"_bbp_reply_count":0,"_bbp_total_topic_count":0,"_bbp_total_reply_count":0,"_bbp_voice_count":0,"_bbp_anonymous_reply_count":0,"_bbp_topic_count_hidden":0,"_bbp_reply_count_hidden":0,"_bbp_forum_subforum_count":0,"footnotes":""},"class_list":["post-13854","page","type-page","status-publish","hentry"],"post_mailing_queue_ids":[],"_links":{"self":[{"href":"https:\/\/agora.xtec.cat\/insjosepvallverdu\/wp-json\/wp\/v2\/pages\/13854","targetHints":{"allow":["GET"]}}],"collection":[{"href":"https:\/\/agora.xtec.cat\/insjosepvallverdu\/wp-json\/wp\/v2\/pages"}],"about":[{"href":"https:\/\/agora.xtec.cat\/insjosepvallverdu\/wp-json\/wp\/v2\/types\/page"}],"author":[{"embeddable":true,"href":"https:\/\/agora.xtec.cat\/insjosepvallverdu\/wp-json\/wp\/v2\/users\/1"}],"replies":[{"embeddable":true,"href":"https:\/\/agora.xtec.cat\/insjosepvallverdu\/wp-json\/wp\/v2\/comments?post=13854"}],"version-history":[{"count":4,"href":"https:\/\/agora.xtec.cat\/insjosepvallverdu\/wp-json\/wp\/v2\/pages\/13854\/revisions"}],"predecessor-version":[{"id":15833,"href":"https:\/\/agora.xtec.cat\/insjosepvallverdu\/wp-json\/wp\/v2\/pages\/13854\/revisions\/15833"}],"up":[{"embeddable":true,"href":"https:\/\/agora.xtec.cat\/insjosepvallverdu\/wp-json\/wp\/v2\/pages\/13833"}],"wp:attachment":[{"href":"https:\/\/agora.xtec.cat\/insjosepvallverdu\/wp-json\/wp\/v2\/media?parent=13854"}],"curies":[{"name":"wp","href":"https:\/\/api.w.org\/{rel}","templated":true}]}}