{"id":13852,"date":"2018-10-03T16:52:50","date_gmt":"2018-10-03T14:52:50","guid":{"rendered":"http:\/\/agora.xtec.cat\/insjosepvallverdu\/?page_id=13852"},"modified":"2020-11-16T10:14:38","modified_gmt":"2020-11-16T09:14:38","slug":"orientacio-i-diversitat","status":"publish","type":"page","link":"https:\/\/agora.xtec.cat\/insjosepvallverdu\/departaments-didactics\/orientacio-i-diversitat\/","title":{"rendered":"\u00c0mbit d&#8217;Orientaci\u00f3 i Diversitat"},"content":{"rendered":"<p>&nbsp;<\/p>\n<h3>Serveis que s\u2019ofereixen des del Departament:<\/h3>\n<ul>\n<li style=\"font-weight: 400;\">\n<h3><span style=\"font-weight: 400;\">SIEI<\/span><\/h3>\n<\/li>\n<\/ul>\n\r\n\t<div class=\"slideshow_container slideshow_container_style-light\" style=\"height: 365px; \" data-slideshow-id=\"15006\" data-style-name=\"style-light\" data-style-version=\"2.3.1\" >\r\n\r\n\t\t\t\t\t<div class=\"slideshow_loading_icon\"><\/div>\r\n\t\t\r\n\t\t<div class=\"slideshow_content\" style=\"display: none;\">\r\n\r\n\t\t\t<div class=\"slideshow_view\">\r\n\t\t\t\t<div class=\"slideshow_slide slideshow_slide_image\">\r\n\t\t\t\t\t\t\t\t\t\t\t<img src=\"https:\/\/agora.xtec.cat\/insjosepvallverdu\/wp-content\/uploads\/usu1806\/2019\/07\/art01-1.jpg\" alt=\"art01\" width=\"1024\" height=\"365\" \/>\r\n\t\t\t\t\t\t\t\t\t\t<div class=\"slideshow_description_box slideshow_transparent\">\r\n\t\t\t\t\t\t<div class=\"slideshow_title\">art01<\/div>\t\t\t\t\t\t\t\t\t\t\t<\/div>\r\n\t\t\t\t<\/div>\r\n\r\n\t\t\t\t\t\t<div style=\"clear: both;\"><\/div><\/div><div class=\"slideshow_view\">\r\n\t\t\t\t<div class=\"slideshow_slide slideshow_slide_image\">\r\n\t\t\t\t\t\t\t\t\t\t\t<img src=\"https:\/\/agora.xtec.cat\/insjosepvallverdu\/wp-content\/uploads\/usu1806\/2019\/07\/siei01.jpg\" alt=\"siei01\" width=\"1024\" height=\"365\" \/>\r\n\t\t\t\t\t\t\t\t\t\t<div class=\"slideshow_description_box slideshow_transparent\">\r\n\t\t\t\t\t\t<div class=\"slideshow_title\">siei01<\/div>\t\t\t\t\t\t\t\t\t\t\t<\/div>\r\n\t\t\t\t<\/div>\r\n\r\n\t\t\t\t\t\t<div style=\"clear: both;\"><\/div><\/div><div class=\"slideshow_view\">\r\n\t\t\t\t<div class=\"slideshow_slide slideshow_slide_image\">\r\n\t\t\t\t\t\t\t\t\t\t\t<img src=\"https:\/\/agora.xtec.cat\/insjosepvallverdu\/wp-content\/uploads\/usu1806\/2019\/07\/siei03.jpg\" alt=\"siei03\" width=\"1024\" height=\"365\" \/>\r\n\t\t\t\t\t\t\t\t\t\t<div class=\"slideshow_description_box slideshow_transparent\">\r\n\t\t\t\t\t\t<div class=\"slideshow_title\">siei03<\/div>\t\t\t\t\t\t\t\t\t\t\t<\/div>\r\n\t\t\t\t<\/div>\r\n\r\n\t\t\t\t\t\t<div style=\"clear: both;\"><\/div><\/div><div class=\"slideshow_view\">\r\n\t\t\t\t<div class=\"slideshow_slide slideshow_slide_image\">\r\n\t\t\t\t\t\t\t\t\t\t\t<img src=\"https:\/\/agora.xtec.cat\/insjosepvallverdu\/wp-content\/uploads\/usu1806\/2019\/07\/siei02.jpg\" alt=\"siei02\" width=\"1024\" height=\"365\" \/>\r\n\t\t\t\t\t\t\t\t\t\t<div class=\"slideshow_description_box slideshow_transparent\">\r\n\t\t\t\t\t\t<div class=\"slideshow_title\">siei02<\/div>\t\t\t\t\t\t\t\t\t\t\t<\/div>\r\n\t\t\t\t<\/div>\r\n\r\n\t\t\t\t\t\t<div style=\"clear: both;\"><\/div><\/div>\r\n\t\t<\/div>\r\n\r\n\t\t<div class=\"slideshow_controlPanel slideshow_transparent\" style=\"display: none;\"><ul><li class=\"slideshow_togglePlay\" data-play-text=\"Visualitza\" data-pause-text=\"Pausa\"><\/li><\/ul><\/div>\r\n\r\n\t\t<div class=\"slideshow_button slideshow_previous slideshow_transparent\" role=\"button\" data-previous-text=\"Anterior\" style=\"display: none;\"><\/div>\r\n\t\t<div class=\"slideshow_button slideshow_next slideshow_transparent\" role=\"button\" data-next-text=\"Seg\u00fcent\" style=\"display: none;\"><\/div>\r\n\r\n\t\t<div class=\"slideshow_pagination\" style=\"display: none;\" data-go-to-text=\"V\u00e9s a la diapositiva\"><div class=\"slideshow_pagination_center\"><\/div><\/div>\r\n\r\n\t\t<!-- WordPress Slideshow Version 2.3.1 -->\r\n\r\n\t\t\t<\/div>\r\n\r\n\n<p>El suport intensiu per a l\u2019escolaritzaci\u00f3 inclusiva t\u00e9 com a finalitat facilitar l\u2019atenci\u00f3 educativa i promoure la participaci\u00f3 en entorns escolars dels alumnes amb discapacitat intel.lectual i\/o trastorn del desenvolupament, de primer d\u2019ESO fins a quart d\u2019ESO.<br \/>\nPer assolir aquesta finalitat s\u2019apliquen estrat\u00e8gies did\u00e0ctiques i metodol\u00f2giques a l\u2019aula del SIEI i a l\u2019aula ordin\u00e0ria, m\u00e9s innovadores, i que suposen canvis i millores pel que fa a l\u2019atenci\u00f3 dels alumnes amb necessitats educatives especials, com tamb\u00e9 a la resta d\u2019alumnes en general. D\u2019aquesta manera s\u2019enforteix la responsabilitat de tot l\u2019equip docent en l\u2019atenci\u00f3 i l\u2019acompanyament als alumnes i permet avan\u00e7ar en la gesti\u00f3 de la diversitat d\u2019alumnes des d\u2019una perspectiva inclusiva.<\/p>\n<ul>\n<li style=\"font-weight: 400;\">\n<h3><span style=\"font-weight: 400;\">Orientaci\u00f3 educativa<\/span><\/h3>\n<\/li>\n<\/ul>\n<p><a href=\"https:\/\/agora.xtec.cat\/insjosepvallverdu\/wp-content\/uploads\/usu1806\/2019\/07\/orientaci\u00f3.jpg\"><img loading=\"lazy\" decoding=\"async\" class=\"alignnone size-large wp-image-14987\" src=\"https:\/\/agora.xtec.cat\/insjosepvallverdu\/wp-content\/uploads\/usu1806\/2019\/07\/orientaci\u00f3-1024x365.jpg\" alt=\"\" width=\"1024\" height=\"365\" srcset=\"https:\/\/agora.xtec.cat\/insjosepvallverdu\/wp-content\/uploads\/usu1806\/2019\/07\/orientaci\u00f3.jpg 1024w, https:\/\/agora.xtec.cat\/insjosepvallverdu\/wp-content\/uploads\/usu1806\/2019\/07\/orientaci\u00f3-300x107.jpg 300w, https:\/\/agora.xtec.cat\/insjosepvallverdu\/wp-content\/uploads\/usu1806\/2019\/07\/orientaci\u00f3-768x274.jpg 768w\" sizes=\"auto, (max-width: 1024px) 100vw, 1024px\" \/><\/a><\/p>\n<p><span style=\"font-weight: 400;\">El servei d&#8217;orientaci\u00f3 educativa &#8230;<\/span><\/p>\n<p>&nbsp;<\/p>\n<ul>\n<li>\n<h3><span style=\"font-weight: 400;\">Pedagogia terap\u00e8utica \/ Aula de Suport<\/span><\/h3>\n<\/li>\n<\/ul>\n<h3>\r\n\t<div class=\"slideshow_container slideshow_container_style-light\" style=\"height: 365px; \" data-slideshow-id=\"15007\" data-style-name=\"style-light\" data-style-version=\"2.3.1\" >\r\n\r\n\t\t\t\t\t<div class=\"slideshow_loading_icon\"><\/div>\r\n\t\t\r\n\t\t<div class=\"slideshow_content\" style=\"display: none;\">\r\n\r\n\t\t\t<div class=\"slideshow_view\">\r\n\t\t\t\t<div class=\"slideshow_slide slideshow_slide_image\">\r\n\t\t\t\t\t\t\t\t\t\t\t<img src=\"https:\/\/agora.xtec.cat\/insjosepvallverdu\/wp-content\/uploads\/usu1806\/2019\/07\/suport01.jpg\" alt=\"suport01\" width=\"1024\" height=\"365\" \/>\r\n\t\t\t\t\t\t\t\t\t\t<div class=\"slideshow_description_box slideshow_transparent\">\r\n\t\t\t\t\t\t<div class=\"slideshow_title\">suport01<\/div>\t\t\t\t\t\t\t\t\t\t\t<\/div>\r\n\t\t\t\t<\/div>\r\n\r\n\t\t\t\t\t\t<div style=\"clear: both;\"><\/div><\/div><div class=\"slideshow_view\">\r\n\t\t\t\t<div class=\"slideshow_slide slideshow_slide_image\">\r\n\t\t\t\t\t\t\t\t\t\t\t<img src=\"https:\/\/agora.xtec.cat\/insjosepvallverdu\/wp-content\/uploads\/usu1806\/2019\/07\/suport02.jpg\" alt=\"suport02\" width=\"1024\" height=\"365\" \/>\r\n\t\t\t\t\t\t\t\t\t\t<div class=\"slideshow_description_box slideshow_transparent\">\r\n\t\t\t\t\t\t<div class=\"slideshow_title\">suport02<\/div>\t\t\t\t\t\t\t\t\t\t\t<\/div>\r\n\t\t\t\t<\/div>\r\n\r\n\t\t\t\t\t\t<div style=\"clear: both;\"><\/div><\/div>\r\n\t\t<\/div>\r\n\r\n\t\t<div class=\"slideshow_controlPanel slideshow_transparent\" style=\"display: none;\"><ul><li class=\"slideshow_togglePlay\" data-play-text=\"Visualitza\" data-pause-text=\"Pausa\"><\/li><\/ul><\/div>\r\n\r\n\t\t<div class=\"slideshow_button slideshow_previous slideshow_transparent\" role=\"button\" data-previous-text=\"Anterior\" style=\"display: none;\"><\/div>\r\n\t\t<div class=\"slideshow_button slideshow_next slideshow_transparent\" role=\"button\" data-next-text=\"Seg\u00fcent\" style=\"display: none;\"><\/div>\r\n\r\n\t\t<div class=\"slideshow_pagination\" style=\"display: none;\" data-go-to-text=\"V\u00e9s a la diapositiva\"><div class=\"slideshow_pagination_center\"><\/div><\/div>\r\n\r\n\t\t<!-- WordPress Slideshow Version 2.3.1 -->\r\n\r\n\t\t\t<\/div>\r\n\r\n<\/h3>\n<p>Des de l\u2019aula de suport s\u2019atenen alumnes del 1r cicle d\u2019ESO amb dificultats d\u2019aprenentatge en les \u00e0rees instrumentals (Llengua i literatura catalana i castellana, matem\u00e0tiques). Un grup redu\u00eft, 12 alumnes com a m\u00e0xim, que permet atendre els diferents ritmes i nivells d\u2019aprenentatge i personalitzar l\u2019ensenyament a les necessitats individuals amb l\u2019objectiu d\u2019assolir les compet\u00e8ncies dels diferents \u00e0mbits. En general la metodologia utilitzada \u00e9s diversa. Es parteix sempre dels coneixements dels alumnes i amb exemples propers a la seva realitat. La participaci\u00f3 activa de l\u2019alumnat \u00e9s un dels elements clau. Les sessions i els temes s\u2019inicien fent un rep\u00e0s de l\u2019\u00faltim que es va explicar i avan\u00e7ant el que es far\u00e0, deixant, en alguna ocasi\u00f3 perqu\u00e8 se\u2019ls ofereixen alternatives, que decideixin el que els motiva m\u00e9s en aquell moment i d\u2019aquesta manera donar-los la possibilitat de regular-ne ells mateixos el ritme i el tipus de tasca. Es procura, en la mesura del possible, treballar cooperativament, fent que els alumnes s\u2019ajudin entre ells a resoldre o fer les tasques encomanades, doncs d\u2019aquesta manera s\u2019impliquen en el seu proc\u00e9s d\u2019aprenentatge i es motiven positivament.Tamb\u00e9 destacar el car\u00e0cter flexible, \u00e9s a dir, durant el curs es poden presentar variacions en els nois i noies que hi assisteixen, en funci\u00f3 de la valoraci\u00f3 de l\u2019equip psicopedag\u00f2gic i del centre.<\/p>\n<h3><\/h3>\n<h3>Cap de Departament:<\/h3>\n<p>Imma Purroy<\/p>\n<h3>Professorat del curs 2020-21:<\/h3>\n<h4>Orientaci\u00f3<\/h4>\n<p>Imma Purroy<\/p>\n<h4>SIEI<\/h4>\n<p>Helena Frutos<br \/>\nElena Roset<br \/>\nMarina Mesa<\/p>\n<h4>Aula de suport<\/h4>\n<p>Raquel Perell\u00f3<br \/>\nMontse Calatayud<\/p>\n<h4>Aula d&#8217;acollida<\/h4>\n<p>Rosa Gonz\u00e0lez<\/p>\n<h3>Blogs i enlla\u00e7os del departament:<\/h3>\n<p>&nbsp;<\/p>\n<h3>Reconeixements i premis:<\/h3>\n","protected":false},"excerpt":{"rendered":"<p>&nbsp;<br \/>\nServeis que s\u2019ofereixen des del Departament:<\/p>\n<ul>\n<li style=\"font-weight: 400;\">\nSIEI\n<\/li>\n<\/ul>\n<p>\t\t\t\t\t\tart01\t\t\t\t\t\t\t\t\t\t\t<\/p>\n<p>\t\t\t\t\t\tsiei01\t\t\t\t\t\t\t\t\t\t\t<\/p>\n<p>\t\t\t\t\t\tsiei03\t\t\t\t\t\t\t\t\t\t\t<\/p>\n<p>\t\t\t\t\t\tsiei02\t\t\t\t\t\t\t\t\t\t\t<\/p>\n<ul>\n<li class=\"slideshow_togglePlay\" data-play-text=\"Visualitza\" data-pause-text=\"Pausa\"><\/li>\n<\/ul>\n<p>El suport intensiu per a l\u2019escolaritzaci\u00f3 inclusiva t\u00e9 com a finalitat facilitar l\u2019atenci\u00f3 educativa i promoure la participaci\u00f3 en entorns escolars dels alumnes amb discapacitat intel.lectual i\/o trastorn del desenvolupament, de primer d\u2019ESO fins a&hellip;  <a href=\"https:\/\/agora.xtec.cat\/insjosepvallverdu\/departaments-didactics\/orientacio-i-diversitat\/\" title=\"Read \u00c0mbit d&#8217;Orientaci\u00f3 i Diversitat\">Llegeix m\u00e9s\u00bb<\/a><\/p>\n","protected":false},"author":1,"featured_media":0,"parent":13833,"menu_order":0,"comment_status":"closed","ping_status":"closed","template":"","meta":{"_bbp_topic_count":0,"_bbp_reply_count":0,"_bbp_total_topic_count":0,"_bbp_total_reply_count":0,"_bbp_voice_count":0,"_bbp_anonymous_reply_count":0,"_bbp_topic_count_hidden":0,"_bbp_reply_count_hidden":0,"_bbp_forum_subforum_count":0,"footnotes":""},"class_list":["post-13852","page","type-page","status-publish","hentry"],"post_mailing_queue_ids":[],"_links":{"self":[{"href":"https:\/\/agora.xtec.cat\/insjosepvallverdu\/wp-json\/wp\/v2\/pages\/13852","targetHints":{"allow":["GET"]}}],"collection":[{"href":"https:\/\/agora.xtec.cat\/insjosepvallverdu\/wp-json\/wp\/v2\/pages"}],"about":[{"href":"https:\/\/agora.xtec.cat\/insjosepvallverdu\/wp-json\/wp\/v2\/types\/page"}],"author":[{"embeddable":true,"href":"https:\/\/agora.xtec.cat\/insjosepvallverdu\/wp-json\/wp\/v2\/users\/1"}],"replies":[{"embeddable":true,"href":"https:\/\/agora.xtec.cat\/insjosepvallverdu\/wp-json\/wp\/v2\/comments?post=13852"}],"version-history":[{"count":4,"href":"https:\/\/agora.xtec.cat\/insjosepvallverdu\/wp-json\/wp\/v2\/pages\/13852\/revisions"}],"predecessor-version":[{"id":15835,"href":"https:\/\/agora.xtec.cat\/insjosepvallverdu\/wp-json\/wp\/v2\/pages\/13852\/revisions\/15835"}],"up":[{"embeddable":true,"href":"https:\/\/agora.xtec.cat\/insjosepvallverdu\/wp-json\/wp\/v2\/pages\/13833"}],"wp:attachment":[{"href":"https:\/\/agora.xtec.cat\/insjosepvallverdu\/wp-json\/wp\/v2\/media?parent=13852"}],"curies":[{"name":"wp","href":"https:\/\/api.w.org\/{rel}","templated":true}]}}