{"id":13850,"date":"2018-10-03T16:52:27","date_gmt":"2018-10-03T14:52:27","guid":{"rendered":"http:\/\/agora.xtec.cat\/insjosepvallverdu\/?page_id=13850"},"modified":"2020-11-16T10:02:09","modified_gmt":"2020-11-16T09:02:09","slug":"ciencies-socials","status":"publish","type":"page","link":"https:\/\/agora.xtec.cat\/insjosepvallverdu\/departaments-didactics\/ciencies-socials\/","title":{"rendered":"\u00c0mbit Social"},"content":{"rendered":"\r\n\t<div class=\"slideshow_container slideshow_container_style-light\" style=\"height: 300px; \" data-slideshow-id=\"14968\" data-style-name=\"style-light\" data-style-version=\"2.3.1\" >\r\n\r\n\t\t\t\t\t<div class=\"slideshow_loading_icon\"><\/div>\r\n\t\t\r\n\t\t<div class=\"slideshow_content\" style=\"display: none;\">\r\n\r\n\t\t\t<div class=\"slideshow_view\">\r\n\t\t\t\t<div class=\"slideshow_slide slideshow_slide_image\">\r\n\t\t\t\t\t\t\t\t\t\t\t<img src=\"https:\/\/agora.xtec.cat\/insjosepvallverdu\/wp-content\/uploads\/usu1806\/2019\/07\/SOCIALS01.jpg\" alt=\"SOCIALS01\" width=\"1209\" height=\"431\" \/>\r\n\t\t\t\t\t\t\t\t\t\t<div class=\"slideshow_description_box slideshow_transparent\">\r\n\t\t\t\t\t\t<div class=\"slideshow_title\">SOCIALS01<\/div>\t\t\t\t\t\t\t\t\t\t\t<\/div>\r\n\t\t\t\t<\/div>\r\n\r\n\t\t\t\t\t\t<div style=\"clear: both;\"><\/div><\/div><div class=\"slideshow_view\">\r\n\t\t\t\t<div class=\"slideshow_slide slideshow_slide_image\">\r\n\t\t\t\t\t\t\t\t\t\t\t<img src=\"https:\/\/agora.xtec.cat\/insjosepvallverdu\/wp-content\/uploads\/usu1806\/2019\/07\/SOCIALS02.jpg\" alt=\"SOCIALS02\" width=\"1209\" height=\"431\" \/>\r\n\t\t\t\t\t\t\t\t\t\t<div class=\"slideshow_description_box slideshow_transparent\">\r\n\t\t\t\t\t\t<div class=\"slideshow_title\">SOCIALS02<\/div>\t\t\t\t\t\t\t\t\t\t\t<\/div>\r\n\t\t\t\t<\/div>\r\n\r\n\t\t\t\t\t\t<div style=\"clear: both;\"><\/div><\/div><div class=\"slideshow_view\">\r\n\t\t\t\t<div class=\"slideshow_slide slideshow_slide_image\">\r\n\t\t\t\t\t\t\t\t\t\t\t<img src=\"https:\/\/agora.xtec.cat\/insjosepvallverdu\/wp-content\/uploads\/usu1806\/2019\/07\/SOCIALS03.jpg\" alt=\"SOCIALS03\" width=\"1209\" height=\"431\" \/>\r\n\t\t\t\t\t\t\t\t\t\t<div class=\"slideshow_description_box slideshow_transparent\">\r\n\t\t\t\t\t\t<div class=\"slideshow_title\">SOCIALS03<\/div>\t\t\t\t\t\t\t\t\t\t\t<\/div>\r\n\t\t\t\t<\/div>\r\n\r\n\t\t\t\t\t\t<div style=\"clear: both;\"><\/div><\/div><div class=\"slideshow_view\">\r\n\t\t\t\t<div class=\"slideshow_slide slideshow_slide_image\">\r\n\t\t\t\t\t\t\t\t\t\t\t<img src=\"https:\/\/agora.xtec.cat\/insjosepvallverdu\/wp-content\/uploads\/usu1806\/2019\/07\/SOCIALS04.jpg\" alt=\"SOCIALS04\" width=\"1209\" height=\"431\" \/>\r\n\t\t\t\t\t\t\t\t\t\t<div class=\"slideshow_description_box slideshow_transparent\">\r\n\t\t\t\t\t\t<div class=\"slideshow_title\">SOCIALS04<\/div>\t\t\t\t\t\t\t\t\t\t\t<\/div>\r\n\t\t\t\t<\/div>\r\n\r\n\t\t\t\t\t\t<div style=\"clear: both;\"><\/div><\/div>\r\n\t\t<\/div>\r\n\r\n\t\t<div class=\"slideshow_controlPanel slideshow_transparent\" style=\"display: none;\"><ul><li class=\"slideshow_togglePlay\" data-play-text=\"Visualitza\" data-pause-text=\"Pausa\"><\/li><\/ul><\/div>\r\n\r\n\t\t<div class=\"slideshow_button slideshow_previous slideshow_transparent\" role=\"button\" data-previous-text=\"Anterior\" style=\"display: none;\"><\/div>\r\n\t\t<div class=\"slideshow_button slideshow_next slideshow_transparent\" role=\"button\" data-next-text=\"Seg\u00fcent\" style=\"display: none;\"><\/div>\r\n\r\n\t\t<div class=\"slideshow_pagination\" style=\"display: none;\" data-go-to-text=\"V\u00e9s a la diapositiva\"><div class=\"slideshow_pagination_center\"><\/div><\/div>\r\n\r\n\t\t<!-- WordPress Slideshow Version 2.3.1 -->\r\n\r\n\t\t\t<\/div>\r\n\r\n\n<p>El departament de Ci\u00e8ncies Socials de l&#8217;Institut Josep Vallverd\u00fa agrupa la doc\u00e8ncia en l&#8217;\u00e0mbit de coneixement hom\u00f2nim que s&#8217;imparteix al nostre centre. Aix\u00ed, doncs, aquest departament agrupa el professorat de Ci\u00e8ncies Socials (enteses principalment com a Geografia i Hist\u00f2ria), aix\u00ed com tamb\u00e9 de Filosofia i Ciutadania, d&#8217;Hist\u00f2ria de l&#8217;Art, d&#8217;Economia, de Religi\u00f3, i de Cultura i Valors \u00c8tics.<\/p>\n<p>L&#8217;objectiu essencial d&#8217;aquest departament \u00e9s coordinar i impartir la doc\u00e8ncia d&#8217;aquests \u00e0mbits acad\u00e8mics, uns coneixements que estan presents en tots i cadascun dels cursos de l&#8217;Ensenyament Secundari Obligatori i del Batxillerat. M\u00e9s enll\u00e0 de la transmissi\u00f3 dels continguts acad\u00e8mics, tasca principal del departament, aquest pret\u00e8n tamb\u00e9 despertar entre l&#8217;alumnat del centre la curiositat pel m\u00f3n on vivim i per tots aquells fets de naturalesa social que l&#8217;expliquen.<\/p>\n<p>Tot i que en general les diferents mat\u00e8ries vinculades a aquest departament s&#8217;imparteixen a les diferents aules de cada grup-classe, el departament de Ci\u00e8ncies Socials compta amb un espai propi amb un important fons bibliogr\u00e0fic relacionat amb l&#8217;\u00e0mbit social a disposici\u00f3 de tot l&#8217;alumnat del centre.<\/p>\n<h3>Mat\u00e8ries que s\u2019imparteixen des del Departament:<\/h3>\n<p><em>A l&#8217;ESO:<\/em><\/p>\n<ul>\n<li>Ci\u00e8ncies Socials: Geografia i Hist\u00f2ria (de 1r a 4t d&#8217;ESO)<\/li>\n<li>Cultura i valors \u00e8tics (de 1r a 4t d&#8217;ESO)<\/li>\n<li>Religi\u00f3 (de 1r a 4t d&#8217;ESO)<\/li>\n<li>Emprenedoria (3r d&#8217;ESO)<\/li>\n<li>Filosofia (4t d&#8217;ESO)<\/li>\n<li>Servei Comunitari (4t d&#8217;ESO)<\/li>\n<\/ul>\n<p><em>Al Batxillerat:<\/em><\/p>\n<ul>\n<li>Hist\u00f2ria del M\u00f3n Contemporani (1r de Batxillerat)<\/li>\n<li>Hist\u00f2ria (2n de Batxillerat)<\/li>\n<li>Hist\u00f2ria de l&#8217;Art (2n de Batxillerat)<\/li>\n<li>Geografia (2n de Batxillerat)<\/li>\n<li>Filosofia i ciutadania (1r de Batxillerat)<\/li>\n<li>Hist\u00f2ria de la Filosofia (2n de Batxillerat)<\/li>\n<li>Economia (1r de Batxillerat)<\/li>\n<li>Economia de l&#8217;empresa (1r i 2n de Batxillerat)<\/li>\n<\/ul>\n<h3>Cap de Departament:<\/h3>\n<p>Gemma Farr\u00e9<\/p>\n<h3>Professorat del curs 2020-21:<\/h3>\n<p>Irene Calvera<br \/>\nIela de Olmo<br \/>\nDaniel Hern\u00e1ndez<br \/>\nJes\u00fas Codera<br \/>\nEva Morales<br \/>\nRamon Usall<br \/>\nAnna \u00c0lvarez<br \/>\nMaite Pi\u00f1ol<br \/>\nAnna M\u00e0sich<br \/>\nMaite Pi\u00f1ol<\/p>\n<h3>Criteris d&#8217;avaluaci\u00f3 i qualificaci\u00f3:<\/h3>\n<p><span style=\"font-weight: 400;\">\u00c0MBIT DE LES <\/span><a href=\"https:\/\/docs.google.com\/document\/d\/1ZFbfXyD7T8bS91E3eQsfki5nR5EDvLzImGO4KUHBTso\/edit?usp=sharing\"><span style=\"font-weight: 400;\">CI\u00c8NCIES SOCIALS<\/span><\/a><\/p>\n<p><span style=\"font-weight: 400;\">\u00c0MBIT DE CULTURA I VALORS \u00c8TICS.\u00a0<\/span><\/p>\n<ul>\n<li style=\"font-weight: 400;\"><a href=\"https:\/\/docs.google.com\/document\/d\/1RrB35P9bkPlP75pLr4Y9rptzQJnNEBOohDDtOMQOLbU\/edit?usp=sharing\"><span style=\"font-weight: 400;\">CULTURA I VALORS \u00c8TICS<\/span><\/a><\/li>\n<li style=\"font-weight: 400;\"><a href=\"https:\/\/docs.google.com\/document\/d\/1gSoT_bUixGmQ4QUTfwoq4mxnj33dRBuhYmpoGBg5QmE\/edit?usp=sharing\"><span style=\"font-weight: 400;\">RELIGI\u00d3<\/span><\/a><\/li>\n<\/ul>\n<h3>Blogs i enlla\u00e7os del departament:<\/h3>\n<ul>\n<li><a href=\"http:\/\/xtec.gencat.cat\/ca\/recursos\/socials\/\" target=\"_blank\" rel=\"noopener noreferrer\">Recursos did\u00e0ctics de Ci\u00e8ncies Socials (XTEC)<\/a><\/li>\n<\/ul>\n<h3>Reconeixements i premis:<\/h3>\n<p>Al llarg dels darrers cursos acad\u00e8mics, el Departament de Ci\u00e8ncies Socials acumula diferents guardons entre els que cal destacar els que ha obtingut el seu alumnat tant en el Premi a Joves Investigadors de les Garrigues com als treballs de recerca de la Universitat de Lleida. M\u00e9s enll\u00e0 d&#8217;aquestes distincions, tamb\u00e9 podem ressenyar el premi El Peri\u00f2dico al millor diari del primer cicle de l&#8217;ESO, que el departament va obtenir el curs 2008-09, o el tercer premi en el concurs Consum\u00f3polis del curs 2006-07, entre d&#8217;altres.<\/p>\n","protected":false},"excerpt":{"rendered":"<p>\t\t\t\t\t\tSOCIALS01\t\t\t\t\t\t\t\t\t\t\t<\/p>\n<p>\t\t\t\t\t\tSOCIALS02\t\t\t\t\t\t\t\t\t\t\t<\/p>\n<p>\t\t\t\t\t\tSOCIALS03\t\t\t\t\t\t\t\t\t\t\t<\/p>\n<p>\t\t\t\t\t\tSOCIALS04\t\t\t\t\t\t\t\t\t\t\t<\/p>\n<ul>\n<li class=\"slideshow_togglePlay\" data-play-text=\"Visualitza\" data-pause-text=\"Pausa\"><\/li>\n<\/ul>\n<p>El departament de Ci\u00e8ncies Socials de l&#8217;Institut Josep Vallverd\u00fa agrupa la doc\u00e8ncia en l&#8217;\u00e0mbit de coneixement hom\u00f2nim que s&#8217;imparteix al nostre centre. Aix\u00ed, doncs, aquest departament agrupa el professorat de Ci\u00e8ncies Socials (enteses principalment com a Geografia i Hist\u00f2ria), aix\u00ed com tamb\u00e9&hellip;  <a href=\"https:\/\/agora.xtec.cat\/insjosepvallverdu\/departaments-didactics\/ciencies-socials\/\" title=\"Read \u00c0mbit Social\">Llegeix m\u00e9s\u00bb<\/a><\/p>\n","protected":false},"author":1,"featured_media":0,"parent":13833,"menu_order":0,"comment_status":"closed","ping_status":"closed","template":"","meta":{"_bbp_topic_count":0,"_bbp_reply_count":0,"_bbp_total_topic_count":0,"_bbp_total_reply_count":0,"_bbp_voice_count":0,"_bbp_anonymous_reply_count":0,"_bbp_topic_count_hidden":0,"_bbp_reply_count_hidden":0,"_bbp_forum_subforum_count":0,"footnotes":""},"class_list":["post-13850","page","type-page","status-publish","hentry"],"post_mailing_queue_ids":[],"_links":{"self":[{"href":"https:\/\/agora.xtec.cat\/insjosepvallverdu\/wp-json\/wp\/v2\/pages\/13850","targetHints":{"allow":["GET"]}}],"collection":[{"href":"https:\/\/agora.xtec.cat\/insjosepvallverdu\/wp-json\/wp\/v2\/pages"}],"about":[{"href":"https:\/\/agora.xtec.cat\/insjosepvallverdu\/wp-json\/wp\/v2\/types\/page"}],"author":[{"embeddable":true,"href":"https:\/\/agora.xtec.cat\/insjosepvallverdu\/wp-json\/wp\/v2\/users\/1"}],"replies":[{"embeddable":true,"href":"https:\/\/agora.xtec.cat\/insjosepvallverdu\/wp-json\/wp\/v2\/comments?post=13850"}],"version-history":[{"count":4,"href":"https:\/\/agora.xtec.cat\/insjosepvallverdu\/wp-json\/wp\/v2\/pages\/13850\/revisions"}],"predecessor-version":[{"id":15822,"href":"https:\/\/agora.xtec.cat\/insjosepvallverdu\/wp-json\/wp\/v2\/pages\/13850\/revisions\/15822"}],"up":[{"embeddable":true,"href":"https:\/\/agora.xtec.cat\/insjosepvallverdu\/wp-json\/wp\/v2\/pages\/13833"}],"wp:attachment":[{"href":"https:\/\/agora.xtec.cat\/insjosepvallverdu\/wp-json\/wp\/v2\/media?parent=13850"}],"curies":[{"name":"wp","href":"https:\/\/api.w.org\/{rel}","templated":true}]}}