{"id":13848,"date":"2018-10-03T16:51:57","date_gmt":"2018-10-03T14:51:57","guid":{"rendered":"http:\/\/agora.xtec.cat\/insjosepvallverdu\/?page_id=13848"},"modified":"2020-11-16T09:52:40","modified_gmt":"2020-11-16T08:52:40","slug":"ciencies","status":"publish","type":"page","link":"https:\/\/agora.xtec.cat\/insjosepvallverdu\/departaments-didactics\/ciencies\/","title":{"rendered":"\u00c0mbit Cient\u00edfic"},"content":{"rendered":"<p><a href=\"https:\/\/agora.xtec.cat\/insjosepvallverdu\/wp-content\/uploads\/usu1806\/2019\/01\/naturalsweb.jpg\">\r\n\t<div class=\"slideshow_container slideshow_container_style-light\" style=\" \" data-slideshow-id=\"14536\" data-style-name=\"style-light\" data-style-version=\"2.3.1\" >\r\n\r\n\t\t\t\t\t<div class=\"slideshow_loading_icon\"><\/div>\r\n\t\t\r\n\t\t<div class=\"slideshow_content\" style=\"display: none;\">\r\n\r\n\t\t\t<div class=\"slideshow_view\">\r\n\t\t\t\t<div class=\"slideshow_slide slideshow_slide_image\">\r\n\t\t\t\t\t\t\t\t\t\t\t<img src=\"https:\/\/agora.xtec.cat\/insjosepvallverdu\/wp-content\/uploads\/usu1806\/2019\/02\/fiq.jpg\" alt=\"fiq\" width=\"1209\" height=\"431\" \/>\r\n\t\t\t\t\t\t\t\t\t\t<div class=\"slideshow_description_box slideshow_transparent\">\r\n\t\t\t\t\t\t<div class=\"slideshow_title\">fiq<\/div>\t\t\t\t\t\t\t\t\t\t\t<\/div>\r\n\t\t\t\t<\/div>\r\n\r\n\t\t\t\t\t\t<div style=\"clear: both;\"><\/div><\/div><div class=\"slideshow_view\">\r\n\t\t\t\t<div class=\"slideshow_slide slideshow_slide_image\">\r\n\t\t\t\t\t\t\t\t\t\t\t<img src=\"https:\/\/agora.xtec.cat\/insjosepvallverdu\/wp-content\/uploads\/usu1806\/2019\/02\/fiq03.jpg\" alt=\"fiq03\" width=\"1209\" height=\"431\" \/>\r\n\t\t\t\t\t\t\t\t\t\t<div class=\"slideshow_description_box slideshow_transparent\">\r\n\t\t\t\t\t\t<div class=\"slideshow_title\">fiq03<\/div>\t\t\t\t\t\t\t\t\t\t\t<\/div>\r\n\t\t\t\t<\/div>\r\n\r\n\t\t\t\t\t\t<div style=\"clear: both;\"><\/div><\/div><div class=\"slideshow_view\">\r\n\t\t\t\t<div class=\"slideshow_slide slideshow_slide_image\">\r\n\t\t\t\t\t\t\t\t\t\t\t<img src=\"https:\/\/agora.xtec.cat\/insjosepvallverdu\/wp-content\/uploads\/usu1806\/2019\/01\/naturalsweb.jpg\" alt=\"naturalsweb\" width=\"1209\" height=\"431\" \/>\r\n\t\t\t\t\t\t\t\t\t\t<div class=\"slideshow_description_box slideshow_transparent\">\r\n\t\t\t\t\t\t<div class=\"slideshow_title\">naturalsweb<\/div>\t\t\t\t\t\t\t\t\t\t\t<\/div>\r\n\t\t\t\t<\/div>\r\n\r\n\t\t\t\t\t\t<div style=\"clear: both;\"><\/div><\/div>\r\n\t\t<\/div>\r\n\r\n\t\t<div class=\"slideshow_controlPanel slideshow_transparent\" style=\"display: none;\"><ul><li class=\"slideshow_togglePlay\" data-play-text=\"Visualitza\" data-pause-text=\"Pausa\"><\/li><\/ul><\/div>\r\n\r\n\t\t<div class=\"slideshow_button slideshow_previous slideshow_transparent\" role=\"button\" data-previous-text=\"Anterior\" style=\"display: none;\"><\/div>\r\n\t\t<div class=\"slideshow_button slideshow_next slideshow_transparent\" role=\"button\" data-next-text=\"Seg\u00fcent\" style=\"display: none;\"><\/div>\r\n\r\n\t\t<div class=\"slideshow_pagination\" style=\"display: none;\" data-go-to-text=\"V\u00e9s a la diapositiva\"><div class=\"slideshow_pagination_center\"><\/div><\/div>\r\n\r\n\t\t<!-- WordPress Slideshow Version 2.3.1 -->\r\n\r\n\t\t\t<\/div>\r\n\r\n<\/a><\/p>\n<p style=\"text-align: justify;\">Els continguts de les Ci\u00e8ncies de la Naturalesa s\u2019orienten a la construcci\u00f3 de versions elementals dels grans models de la ci\u00e8ncia \u00fatils per conceptualitzar la mat\u00e8ria, l\u2019energia, els \u00e9ssers vius en el medi i els canvis a l\u2019Univers i a la Terra.<br \/>\nAquest coneixement viscut en l\u2019activitat cient\u00edfica a l\u2019aula \u00e9s el que genera les compet\u00e8ncies de pensament cient\u00edfic. Per assolir-lo, els alumnes han de con\u00e8ixer els conceptes, t\u00e8cniques i metodologies de les disciplines cient\u00edfiques que s\u2019especifiquen en els curr\u00edculums.<\/p>\n<h3><strong>Mat\u00e8ries que s\u2019imparteixen des del Departament:<\/strong><\/h3>\n<p>Biologia i Geologia 1r ESO<br \/>\nBiologia i Geologia 3r ESO<br \/>\nBiologia i Geologia 4t ESO (optativa)<br \/>\nBiologia 1r i 2n BATX<br \/>\nCTMA 1r i 2n BATX<br \/>\nF\u00edsica i qu\u00edmica 2n ESO<br \/>\nF\u00edsica i Qu\u00edmica 3r ESO<br \/>\nF\u00edsica i Qu\u00edmica 4t ESO (optativa)<br \/>\nF\u00edsica 1r i 2n BATX<br \/>\nQu\u00edmica 1r i 2n BATX<br \/>\nCMC 1r BATX<\/p>\n<h3><strong>Cap de Departament:<\/strong><\/h3>\n<p>David Dom\u00ednguez<\/p>\n<h3><strong>Professorat:<\/strong><\/h3>\n<p>Marta Borrell<br \/>\nJanet Castro<br \/>\nGemma Ingl\u00e9s<br \/>\nEduard Ses\u00e9<br \/>\nF. Xavier Vallory<\/p>\n<h3><strong>Criteris d&#8217;avaluaci\u00f3 i qualificaci\u00f3:<\/strong><\/h3>\n<p><span style=\"font-weight: 400;\">\u00c0MBIT CIENT\u00cdFICO\/TECNOL\u00d2GIC:\u00a0<\/span><\/p>\n<ul>\n<li style=\"font-weight: 400;\"><a href=\"https:\/\/docs.google.com\/document\/d\/1bRwGNMmXMehld0bMoX1BpRcJZqmx-Mg2ORFbvetXcs0\/edit?usp=sharing\"><span style=\"font-weight: 400;\">BIOLOGIA<\/span><\/a><\/li>\n<li style=\"font-weight: 400;\"><a href=\"https:\/\/docs.google.com\/document\/d\/132DOqaH50D7MsQyZsDUE7ghmJ_k0TJs4k-G-T_59KUw\/edit?usp=sharing\"><span style=\"font-weight: 400;\">F\u00cdSICA I QU\u00cdMICA<\/span><\/a><\/li>\n<\/ul>\n<h3><strong>Blogs i enlla\u00e7os del departament:<\/strong><\/h3>\n<ul>\n<li><a href=\"http:\/\/blog-biologia-geologia.blogspot.com\/\">BLOC<\/a> Biologia de 3r ESO, Professora M.Carme Llobera<\/li>\n<li><a href=\"https:\/\/agora.xtec.cat\/insjosepvallverdu\/portada\/linstitut-josep-vallverdu-safegeix-a-la-celebracio-de-la-setmana-de-la-ciencia-de-2018\/\"><span style=\"font-weight: 400;\"> Dia de la ci\u00e8ncia a les escoles 2018\u00a0<\/span><\/a><\/li>\n<li><a href=\"https:\/\/agora.xtec.cat\/insjosepvallverdu\/portada\/lalumnat-de-fisica-i-quimica-de-linstitut-visita-lobservatori-astronomic-de-pujalt\/\"><span style=\"font-weight: 400;\">Sortida de F\u00edsica_Qu\u00edmica 2n ESO (Observatori de Pujalt)<\/span><\/a><\/li>\n<li><a href=\"https:\/\/agora.xtec.cat\/insjosepvallverdu\/portada\/el-departament-de-ciencies-naturals-organitza-una-sortida-a-lleida-amb-lalumnat-de-4t-deso-per-visitar-larboretum-i-assistir-a-una-xerrada-cientifica-al-caixaforum\/\"><span style=\"font-weight: 400;\">Visita a l&#8217;Arbor\u00e8tum i Caixaf\u00f2rum de Lleida (4t ESO)<\/span><\/a><\/li>\n<li><a href=\"https:\/\/agora.xtec.cat\/insjosepvallverdu\/portada\/tres-exalumnes-de-linstitut-copen-els-guardons-de-ledicio-2019-del-premi-joves-investigadors-de-les-garrigues\/\"><span style=\"font-weight: 400;\">Premis Joves Investigadors de les Garrigues 2018 (Albert Salvad\u00f3)<\/span><\/a><\/li>\n<\/ul>\n<h3><strong>Reconeixements i premis:<\/strong><\/h3>\n<ul>\n<li><a href=\"https:\/\/agora.xtec.cat\/insjosepvallverdu\/noticies\/lalumne-de-linstitut-josep-vallverdu-felipe-martinez-guardonat-amb-el-premi-de-fotografia-bioimatges-de-2017\/\">BIOIMATGES<\/a> premi de fotografia del col\u00b7legi oficial de Bi\u00f2legs de Catalunya<\/li>\n<li><a href=\"https:\/\/agora.xtec.cat\/insjosepvallverdu\/general\/antigaweb\/lice-de-la-uab-i-el-forum-de-joves-talents-de-catalunya-han-seleccionat-2-alumnes-de-1r-batx-cientific-lelia-capdevila-i-el-felipe-martinez\/\">ICE de la UAB i Forum de Joves Talents de Catalunya<\/a> seleccionen 2 alumnes<\/li>\n<li><a href=\"https:\/\/agora.xtec.cat\/insjosepvallverdu\/portada\/lalumne-tarek-ben-hamdouch-de-2n-de-batxillerat-primer-classificat-a-la-fase-lleidatana-de-lolimpiada-de-biologia-de-catalunya\/\">Olimpiada de biologia de Catalunya 2019<\/a>: 1 alumne classificat<\/li>\n<\/ul>\n","protected":false},"excerpt":{"rendered":"<p><a href=\"https:\/\/agora.xtec.cat\/insjosepvallverdu\/wp-content\/uploads\/usu1806\/2019\/01\/naturalsweb.jpg\"><\/p>\n<p>\t\t\t\t\t\tfiq\t\t\t\t\t\t\t\t\t\t\t<\/p>\n<p>\t\t\t\t\t\tfiq03\t\t\t\t\t\t\t\t\t\t\t<\/p>\n<p>\t\t\t\t\t\tnaturalsweb\t\t\t\t\t\t\t\t\t\t\t<\/p>\n<ul>\n<li class=\"slideshow_togglePlay\" data-play-text=\"Visualitza\" data-pause-text=\"Pausa\"><\/li>\n<\/ul>\n<p><\/a><br \/>\nEls continguts de les Ci\u00e8ncies de la Naturalesa s\u2019orienten a la construcci\u00f3 de versions elementals dels grans models de la ci\u00e8ncia \u00fatils per conceptualitzar la mat\u00e8ria, l\u2019energia, els \u00e9ssers vius en el medi i els canvis a l\u2019Univers i a la&hellip;  <a href=\"https:\/\/agora.xtec.cat\/insjosepvallverdu\/departaments-didactics\/ciencies\/\" title=\"Read \u00c0mbit Cient\u00edfic\">Llegeix m\u00e9s\u00bb<\/a><\/p>\n","protected":false},"author":1,"featured_media":0,"parent":13833,"menu_order":0,"comment_status":"closed","ping_status":"closed","template":"","meta":{"_bbp_topic_count":0,"_bbp_reply_count":0,"_bbp_total_topic_count":0,"_bbp_total_reply_count":0,"_bbp_voice_count":0,"_bbp_anonymous_reply_count":0,"_bbp_topic_count_hidden":0,"_bbp_reply_count_hidden":0,"_bbp_forum_subforum_count":0,"footnotes":""},"class_list":["post-13848","page","type-page","status-publish","hentry"],"post_mailing_queue_ids":[],"_links":{"self":[{"href":"https:\/\/agora.xtec.cat\/insjosepvallverdu\/wp-json\/wp\/v2\/pages\/13848","targetHints":{"allow":["GET"]}}],"collection":[{"href":"https:\/\/agora.xtec.cat\/insjosepvallverdu\/wp-json\/wp\/v2\/pages"}],"about":[{"href":"https:\/\/agora.xtec.cat\/insjosepvallverdu\/wp-json\/wp\/v2\/types\/page"}],"author":[{"embeddable":true,"href":"https:\/\/agora.xtec.cat\/insjosepvallverdu\/wp-json\/wp\/v2\/users\/1"}],"replies":[{"embeddable":true,"href":"https:\/\/agora.xtec.cat\/insjosepvallverdu\/wp-json\/wp\/v2\/comments?post=13848"}],"version-history":[{"count":3,"href":"https:\/\/agora.xtec.cat\/insjosepvallverdu\/wp-json\/wp\/v2\/pages\/13848\/revisions"}],"predecessor-version":[{"id":15817,"href":"https:\/\/agora.xtec.cat\/insjosepvallverdu\/wp-json\/wp\/v2\/pages\/13848\/revisions\/15817"}],"up":[{"embeddable":true,"href":"https:\/\/agora.xtec.cat\/insjosepvallverdu\/wp-json\/wp\/v2\/pages\/13833"}],"wp:attachment":[{"href":"https:\/\/agora.xtec.cat\/insjosepvallverdu\/wp-json\/wp\/v2\/media?parent=13848"}],"curies":[{"name":"wp","href":"https:\/\/api.w.org\/{rel}","templated":true}]}}