{"id":13796,"date":"2018-09-27T16:40:26","date_gmt":"2018-09-27T14:40:26","guid":{"rendered":"http:\/\/agora.xtec.cat\/insjosepvallverdu\/?page_id=13796"},"modified":"2020-10-22T17:14:03","modified_gmt":"2020-10-22T15:14:03","slug":"la-directora","status":"publish","type":"page","link":"https:\/\/agora.xtec.cat\/insjosepvallverdu\/linstitut\/la-directora\/","title":{"rendered":"La Directora"},"content":{"rendered":"<p><a href=\"https:\/\/agora.xtec.cat\/insjosepvallverdu\/wp-content\/uploads\/usu1806\/2020\/07\/IMG-20200630-WA0011.jpg\"><img loading=\"lazy\" decoding=\"async\" class=\"aligncenter size-full wp-image-15627\" src=\"https:\/\/agora.xtec.cat\/insjosepvallverdu\/wp-content\/uploads\/usu1806\/2020\/07\/IMG-20200630-WA0011.jpg\" alt=\"\" width=\"1024\" height=\"768\" srcset=\"https:\/\/agora.xtec.cat\/insjosepvallverdu\/wp-content\/uploads\/usu1806\/2020\/07\/IMG-20200630-WA0011.jpg 1024w, https:\/\/agora.xtec.cat\/insjosepvallverdu\/wp-content\/uploads\/usu1806\/2020\/07\/IMG-20200630-WA0011-300x225.jpg 300w, https:\/\/agora.xtec.cat\/insjosepvallverdu\/wp-content\/uploads\/usu1806\/2020\/07\/IMG-20200630-WA0011-768x576.jpg 768w, https:\/\/agora.xtec.cat\/insjosepvallverdu\/wp-content\/uploads\/usu1806\/2020\/07\/IMG-20200630-WA0011-200x150.jpg 200w\" sizes=\"auto, (max-width: 1024px) 100vw, 1024px\" \/><\/a><\/p>\n<p>L&#8217;actual directora de l\u2019institut, N\u00faria Sabat\u00e9 i Aguil\u00e0, en el c\u00e0rrec des de l&#8217;1 de juliol de 2020, va n\u00e8ixer a Lleida, la capital del Segri\u00e0, el 1975, i acumula una llarga traject\u00f2ria docent que l\u2019ha portat a exercir, durant dues d\u00e8cades, com a professora de llengua i literatura francesa tant a l\u2019esenyament secundari com en diverses Escoles Oficials d\u2019Idiomes.<\/p>\n<p>Llicenciada en Filologia Francesa per la Universitat de Lleida, amb un darrer any acad\u00e8mic cursat a la Universit\u00e9 Jean Monnet de Saint-\u00c9tienne, ha estat tamb\u00e9 correctora dels ex\u00e0mens del DELF (els Diplomes d\u2019Estudis en Llengua Francesa) a l\u2019Institut Fran\u00e7ais de Barcelona.<\/p>\n<p>Arribada a l\u2019Institut Josep Vallverd\u00fa a l\u2019inici del curs acad\u00e8mic 2015-2016, abans del c\u00e0rrec de directora va exercir com a cap del seminari de Franc\u00e8s i com a coordinadora d\u2019ESO i de Batxillerat.<\/p>\n<p>Enamorada de Par\u00eds, de la Proven\u00e7a i de la Costa Blava francesa, ha afegit les Garrigues a la seva llista d\u2019indrets predilectes arran de la seva destinaci\u00f3 a l\u2019institut de la comarca. M\u00e9s enll\u00e0 de la seva f\u00edlia per la p\u00e0tria i la llengua de Moli\u00e8re, es confessa apassionada de la novel\u00b7la negra i de la hist\u00f2ria del segle XX.<\/p>\n<p>La professora N\u00faria Sabat\u00e9 \u00e9s la tercera directora de l\u2019Institut Josep Vallverd\u00fa des que, el curs 1989-1990, es van unificar els centres de batxillerat i de formaci\u00f3 professional existents a la capital de les Garrigues, convertint-se aix\u00ed en la successora de Ra\u00fcl Torrent (1989-1990) i d\u2019Antonieta Bernat (1990-2020), curiosament tots dos fil\u00f2legs com ella.<\/p>\n<p>Tot i aix\u00ed, per ser fidels a la hist\u00f2ria que, durant gaireb\u00e9 quatre d\u00e8cades, ha escrit l\u2019institut de les Borges Blanques, caldria contemplar tamb\u00e9 com a directors d\u2019aquest centre a Josep Ramon Toll i a Andreu Molina, directors de l\u2019institut de batxillerat abans de la unificaci\u00f3 amb l\u2019FP, i a Antonio Berenguer, Fructu\u00f3s Ayuso, Teresa Planes, Santi Fern\u00e1ndez i la mateixa Antonieta Bernat, que van liderar l\u2019institut de formaci\u00f3 professional abans de 1989.<\/p>\n","protected":false},"excerpt":{"rendered":"<p><a href=\"https:\/\/agora.xtec.cat\/insjosepvallverdu\/wp-content\/uploads\/usu1806\/2020\/07\/IMG-20200630-WA0011.jpg\"><\/a><br \/>\nL&#8217;actual directora de l\u2019institut, N\u00faria Sabat\u00e9 i Aguil\u00e0, en el c\u00e0rrec des de l&#8217;1 de juliol de 2020, va n\u00e8ixer a Lleida, la capital del Segri\u00e0, el 1975, i acumula una llarga traject\u00f2ria docent que l\u2019ha portat a exercir, durant dues d\u00e8cades, com a&hellip;  <a href=\"https:\/\/agora.xtec.cat\/insjosepvallverdu\/linstitut\/la-directora\/\" title=\"Read La Directora\">Llegeix m\u00e9s\u00bb<\/a><\/p>\n","protected":false},"author":1,"featured_media":0,"parent":19,"menu_order":1,"comment_status":"closed","ping_status":"closed","template":"","meta":{"_bbp_topic_count":0,"_bbp_reply_count":0,"_bbp_total_topic_count":0,"_bbp_total_reply_count":0,"_bbp_voice_count":0,"_bbp_anonymous_reply_count":0,"_bbp_topic_count_hidden":0,"_bbp_reply_count_hidden":0,"_bbp_forum_subforum_count":0,"footnotes":""},"class_list":["post-13796","page","type-page","status-publish","hentry"],"post_mailing_queue_ids":[],"_links":{"self":[{"href":"https:\/\/agora.xtec.cat\/insjosepvallverdu\/wp-json\/wp\/v2\/pages\/13796","targetHints":{"allow":["GET"]}}],"collection":[{"href":"https:\/\/agora.xtec.cat\/insjosepvallverdu\/wp-json\/wp\/v2\/pages"}],"about":[{"href":"https:\/\/agora.xtec.cat\/insjosepvallverdu\/wp-json\/wp\/v2\/types\/page"}],"author":[{"embeddable":true,"href":"https:\/\/agora.xtec.cat\/insjosepvallverdu\/wp-json\/wp\/v2\/users\/1"}],"replies":[{"embeddable":true,"href":"https:\/\/agora.xtec.cat\/insjosepvallverdu\/wp-json\/wp\/v2\/comments?post=13796"}],"version-history":[{"count":3,"href":"https:\/\/agora.xtec.cat\/insjosepvallverdu\/wp-json\/wp\/v2\/pages\/13796\/revisions"}],"predecessor-version":[{"id":15748,"href":"https:\/\/agora.xtec.cat\/insjosepvallverdu\/wp-json\/wp\/v2\/pages\/13796\/revisions\/15748"}],"up":[{"embeddable":true,"href":"https:\/\/agora.xtec.cat\/insjosepvallverdu\/wp-json\/wp\/v2\/pages\/19"}],"wp:attachment":[{"href":"https:\/\/agora.xtec.cat\/insjosepvallverdu\/wp-json\/wp\/v2\/media?parent=13796"}],"curies":[{"name":"wp","href":"https:\/\/api.w.org\/{rel}","templated":true}]}}